{"id":14479,"date":"2025-11-01T07:02:34","date_gmt":"2025-11-01T07:02:34","guid":{"rendered":"https:\/\/ymalko.al\/?post_type=product&#038;p=14479"},"modified":"2026-02-11T09:20:42","modified_gmt":"2026-02-11T09:20:42","slug":"tjegulla-tradicional-pro","status":"publish","type":"product","link":"https:\/\/ymalko.al\/en\/product\/tjegulla-tradicional-pro\/","title":{"rendered":"Traditional PRO"},"content":{"rendered":"<p>Mladost Kontinent PRO tile is a large-format premium tile, the surface of which is refined with engobes of different colors (black, brown and red). It is produced in black, brown and red, each of which comes in two types, matte and glossy. Traditional geometric tile with double grooves and double channels on the upper surface, which provides high mechanical resistance and weather resistance. It is produced in the New Factory with the most modern technology. It is pressed with gypsum molds, during which complete smoothness and a pronounced effect of geometric relief, especially the grooves, are achieved, which allows for exceptional adaptation to the roof and arrangement of tiles on the surface of a flat roof. The tiles have vertical slides, which allows for quick adaptation of the tiles to the roof structure, without expensive and laborious repairs to the roof structure and roof battens. Deep double-row engobed tiles ensure perfect alignment of the tiles on the roof surface. They are produced in the New Tile Production Factory with the most modern technology and equipment. They are pressed with gypsum molds, which gives them perfectly sharp and elegant lines. They are made of high-quality clay with a 50-year durability guarantee. Tradition of excellence.<\/p>","protected":false},"excerpt":{"rendered":"<p>Tjegulla Mladost Kontinent PRO tjegull premium e formatit t\u00eb madh, sip\u00ebrfaqja e s\u00eb cil\u00ebs \u00ebsht\u00eb e rafinuar me engobe t\u00eb ngjyrave t\u00eb ndryshme (e zez\u00eb, kafe dhe e kuqe). Prodhohet n\u00eb ngjyr\u00eb t\u00eb zez\u00eb, kafe dhe t\u00eb kuqe, prej t\u00eb cilave secila vjen n\u00eb dy lloje, mat dhe me shk\u00eblqim. Tjegull gjeometrike Tradicional me brazda [&hellip;]<\/p>\n","protected":false},"featured_media":14500,"template":"","meta":{"_yoast_wpseo_focuskw":"Tjegulla Tradicional PRO","_yoast_wpseo_title":"Tjegulla %%title%% %%page%% %%sep%% %%sitename%%","_yoast_wpseo_metadesc":"Tjegulla Tradicional PRO \u2013 zgjedhje e sigurt p\u00ebr \u00e7ati me stil klasik, rezistenc\u00eb ndaj motit dhe jet\u00ebgjat\u00ebsi t\u00eb lart\u00eb. Info te Ymalko."},"product_brand":[253],"product_cat":[63,64,45,70],"product_tag":[],"class_list":{"0":"post-14479","1":"product","2":"type-product","3":"status-publish","4":"has-post-thumbnail","6":"product_brand-ym1-2","7":"product_cat-cati","8":"product_cat-cati-e-pjerret","9":"product_cat-te-gjitha","10":"product_cat-tjegulla-qeramike","12":"first","13":"instock","14":"shipping-taxable","15":"purchasable","16":"product-type-variable"},"yoast_head":"<!-- This site is optimized with the Yoast SEO plugin v27.5 - https:\/\/yoast.com\/product\/yoast-seo-wordpress\/ -->\n<title>Tjegulla Tradicional PRO - Ymalko Albania<\/title>\n<meta name=\"description\" content=\"Tjegulla Tradicional PRO \u2013 zgjedhje e sigurt p\u00ebr \u00e7ati me stil klasik, rezistenc\u00eb ndaj motit dhe jet\u00ebgjat\u00ebsi t\u00eb lart\u00eb. Info te Ymalko.\" \/>\n<meta name=\"robots\" content=\"index, follow, max-snippet:-1, max-image-preview:large, max-video-preview:-1\" \/>\n<link rel=\"canonical\" href=\"https:\/\/ymalko.al\/en\/product\/tjegulla-tradicional-pro\/\" \/>\n<meta property=\"og:locale\" content=\"en_US\" \/>\n<meta property=\"og:type\" content=\"article\" \/>\n<meta property=\"og:title\" content=\"Tjegulla Tradicional PRO - Ymalko Albania\" \/>\n<meta property=\"og:description\" content=\"Tjegulla Tradicional PRO \u2013 zgjedhje e sigurt p\u00ebr \u00e7ati me stil klasik, rezistenc\u00eb ndaj motit dhe jet\u00ebgjat\u00ebsi t\u00eb lart\u00eb. Info te Ymalko.\" \/>\n<meta property=\"og:url\" content=\"https:\/\/ymalko.al\/en\/product\/tjegulla-tradicional-pro\/\" \/>\n<meta property=\"og:site_name\" content=\"Ymalko Albania\" \/>\n<meta property=\"article:modified_time\" content=\"2026-02-11T09:20:42+00:00\" \/>\n<meta property=\"og:image\" content=\"https:\/\/ymalko.al\/wp-content\/uploads\/2026\/01\/MLADOST-Tradicional-pro-crveni-mat.png\" \/>\n\t<meta property=\"og:image:width\" content=\"1750\" \/>\n\t<meta property=\"og:image:height\" content=\"1750\" \/>\n\t<meta property=\"og:image:type\" content=\"image\/png\" \/>\n<meta name=\"twitter:card\" content=\"summary_large_image\" \/>\n<meta name=\"twitter:label1\" content=\"Est. reading time\" \/>\n\t<meta name=\"twitter:data1\" content=\"2 minutes\" \/>\n<script type=\"application\/ld+json\" class=\"yoast-schema-graph\">{\"@context\":\"https:\\\/\\\/schema.org\",\"@graph\":[{\"@type\":\"WebPage\",\"@id\":\"https:\\\/\\\/ymalko.al\\\/product\\\/tjegulla-tradicional-pro\\\/\",\"url\":\"https:\\\/\\\/ymalko.al\\\/product\\\/tjegulla-tradicional-pro\\\/\",\"name\":\"Tjegulla Tradicional PRO - Ymalko Albania\",\"isPartOf\":{\"@id\":\"https:\\\/\\\/ymalko.al\\\/#website\"},\"primaryImageOfPage\":{\"@id\":\"https:\\\/\\\/ymalko.al\\\/product\\\/tjegulla-tradicional-pro\\\/#primaryimage\"},\"image\":{\"@id\":\"https:\\\/\\\/ymalko.al\\\/product\\\/tjegulla-tradicional-pro\\\/#primaryimage\"},\"thumbnailUrl\":\"https:\\\/\\\/ymalko.al\\\/wp-content\\\/uploads\\\/2026\\\/01\\\/MLADOST-Tradicional-pro-crveni-mat.png\",\"datePublished\":\"2025-11-01T07:02:34+00:00\",\"dateModified\":\"2026-02-11T09:20:42+00:00\",\"description\":\"Tjegulla Tradicional PRO \u2013 zgjedhje e sigurt p\u00ebr \u00e7ati me stil klasik, rezistenc\u00eb ndaj motit dhe jet\u00ebgjat\u00ebsi t\u00eb lart\u00eb. Info te Ymalko.\",\"breadcrumb\":{\"@id\":\"https:\\\/\\\/ymalko.al\\\/product\\\/tjegulla-tradicional-pro\\\/#breadcrumb\"},\"inLanguage\":\"en-US\",\"potentialAction\":[{\"@type\":\"ReadAction\",\"target\":[\"https:\\\/\\\/ymalko.al\\\/product\\\/tjegulla-tradicional-pro\\\/\"]}]},{\"@type\":\"ImageObject\",\"inLanguage\":\"en-US\",\"@id\":\"https:\\\/\\\/ymalko.al\\\/product\\\/tjegulla-tradicional-pro\\\/#primaryimage\",\"url\":\"https:\\\/\\\/ymalko.al\\\/wp-content\\\/uploads\\\/2026\\\/01\\\/MLADOST-Tradicional-pro-crveni-mat.png\",\"contentUrl\":\"https:\\\/\\\/ymalko.al\\\/wp-content\\\/uploads\\\/2026\\\/01\\\/MLADOST-Tradicional-pro-crveni-mat.png\",\"width\":1750,\"height\":1750},{\"@type\":\"BreadcrumbList\",\"@id\":\"https:\\\/\\\/ymalko.al\\\/product\\\/tjegulla-tradicional-pro\\\/#breadcrumb\",\"itemListElement\":[{\"@type\":\"ListItem\",\"position\":1,\"name\":\"Home\",\"item\":\"https:\\\/\\\/ymalko.al\\\/\"},{\"@type\":\"ListItem\",\"position\":2,\"name\":\"Produktet\",\"item\":\"https:\\\/\\\/ymalko.al\\\/produktet\\\/\"},{\"@type\":\"ListItem\",\"position\":3,\"name\":\"Tradicional PRO\"}]},{\"@type\":\"WebSite\",\"@id\":\"https:\\\/\\\/ymalko.al\\\/#website\",\"url\":\"https:\\\/\\\/ymalko.al\\\/\",\"name\":\"Ymalko\",\"description\":\"\",\"publisher\":{\"@id\":\"https:\\\/\\\/ymalko.al\\\/#organization\"},\"potentialAction\":[{\"@type\":\"SearchAction\",\"target\":{\"@type\":\"EntryPoint\",\"urlTemplate\":\"https:\\\/\\\/ymalko.al\\\/?s={search_term_string}\"},\"query-input\":{\"@type\":\"PropertyValueSpecification\",\"valueRequired\":true,\"valueName\":\"search_term_string\"}}],\"inLanguage\":\"en-US\"},{\"@type\":\"Organization\",\"@id\":\"https:\\\/\\\/ymalko.al\\\/#organization\",\"name\":\"Ymalko\",\"url\":\"https:\\\/\\\/ymalko.al\\\/\",\"logo\":{\"@type\":\"ImageObject\",\"inLanguage\":\"en-US\",\"@id\":\"https:\\\/\\\/ymalko.al\\\/#\\\/schema\\\/logo\\\/image\\\/\",\"url\":\"https:\\\/\\\/ymalko.al\\\/wp-content\\\/uploads\\\/2025\\\/10\\\/cropped-cropped-ymalko_mobil_logo-1.jpg\",\"contentUrl\":\"https:\\\/\\\/ymalko.al\\\/wp-content\\\/uploads\\\/2025\\\/10\\\/cropped-cropped-ymalko_mobil_logo-1.jpg\",\"width\":577,\"height\":145,\"caption\":\"Ymalko\"},\"image\":{\"@id\":\"https:\\\/\\\/ymalko.al\\\/#\\\/schema\\\/logo\\\/image\\\/\"}}]}<\/script>\n<!-- \/ Yoast SEO plugin. -->","yoast_head_json":{"title":"Tjegulla Tradicional PRO - Ymalko Albania","description":"Tjegulla Tradicional PRO \u2013 zgjedhje e sigurt p\u00ebr \u00e7ati me stil klasik, rezistenc\u00eb ndaj motit dhe jet\u00ebgjat\u00ebsi t\u00eb lart\u00eb. Info te Ymalko.","robots":{"index":"index","follow":"follow","max-snippet":"max-snippet:-1","max-image-preview":"max-image-preview:large","max-video-preview":"max-video-preview:-1"},"canonical":"https:\/\/ymalko.al\/en\/product\/tjegulla-tradicional-pro\/","og_locale":"en_US","og_type":"article","og_title":"Tjegulla Tradicional PRO - Ymalko Albania","og_description":"Tjegulla Tradicional PRO \u2013 zgjedhje e sigurt p\u00ebr \u00e7ati me stil klasik, rezistenc\u00eb ndaj motit dhe jet\u00ebgjat\u00ebsi t\u00eb lart\u00eb. Info te Ymalko.","og_url":"https:\/\/ymalko.al\/en\/product\/tjegulla-tradicional-pro\/","og_site_name":"Ymalko Albania","article_modified_time":"2026-02-11T09:20:42+00:00","og_image":[{"width":1750,"height":1750,"url":"https:\/\/ymalko.al\/wp-content\/uploads\/2026\/01\/MLADOST-Tradicional-pro-crveni-mat.png","type":"image\/png"}],"twitter_card":"summary_large_image","twitter_misc":{"Est. reading time":"2 minutes"},"schema":{"@context":"https:\/\/schema.org","@graph":[{"@type":"WebPage","@id":"https:\/\/ymalko.al\/product\/tjegulla-tradicional-pro\/","url":"https:\/\/ymalko.al\/product\/tjegulla-tradicional-pro\/","name":"Tjegulla Tradicional PRO - Ymalko Albania","isPartOf":{"@id":"https:\/\/ymalko.al\/#website"},"primaryImageOfPage":{"@id":"https:\/\/ymalko.al\/product\/tjegulla-tradicional-pro\/#primaryimage"},"image":{"@id":"https:\/\/ymalko.al\/product\/tjegulla-tradicional-pro\/#primaryimage"},"thumbnailUrl":"https:\/\/ymalko.al\/wp-content\/uploads\/2026\/01\/MLADOST-Tradicional-pro-crveni-mat.png","datePublished":"2025-11-01T07:02:34+00:00","dateModified":"2026-02-11T09:20:42+00:00","description":"Tjegulla Tradicional PRO \u2013 zgjedhje e sigurt p\u00ebr \u00e7ati me stil klasik, rezistenc\u00eb ndaj motit dhe jet\u00ebgjat\u00ebsi t\u00eb lart\u00eb. Info te Ymalko.","breadcrumb":{"@id":"https:\/\/ymalko.al\/product\/tjegulla-tradicional-pro\/#breadcrumb"},"inLanguage":"en-US","potentialAction":[{"@type":"ReadAction","target":["https:\/\/ymalko.al\/product\/tjegulla-tradicional-pro\/"]}]},{"@type":"ImageObject","inLanguage":"en-US","@id":"https:\/\/ymalko.al\/product\/tjegulla-tradicional-pro\/#primaryimage","url":"https:\/\/ymalko.al\/wp-content\/uploads\/2026\/01\/MLADOST-Tradicional-pro-crveni-mat.png","contentUrl":"https:\/\/ymalko.al\/wp-content\/uploads\/2026\/01\/MLADOST-Tradicional-pro-crveni-mat.png","width":1750,"height":1750},{"@type":"BreadcrumbList","@id":"https:\/\/ymalko.al\/product\/tjegulla-tradicional-pro\/#breadcrumb","itemListElement":[{"@type":"ListItem","position":1,"name":"Home","item":"https:\/\/ymalko.al\/"},{"@type":"ListItem","position":2,"name":"Produktet","item":"https:\/\/ymalko.al\/produktet\/"},{"@type":"ListItem","position":3,"name":"Tradicional PRO"}]},{"@type":"WebSite","@id":"https:\/\/ymalko.al\/#website","url":"https:\/\/ymalko.al\/","name":"Ymalko","description":"","publisher":{"@id":"https:\/\/ymalko.al\/#organization"},"potentialAction":[{"@type":"SearchAction","target":{"@type":"EntryPoint","urlTemplate":"https:\/\/ymalko.al\/?s={search_term_string}"},"query-input":{"@type":"PropertyValueSpecification","valueRequired":true,"valueName":"search_term_string"}}],"inLanguage":"en-US"},{"@type":"Organization","@id":"https:\/\/ymalko.al\/#organization","name":"Ymalko","url":"https:\/\/ymalko.al\/","logo":{"@type":"ImageObject","inLanguage":"en-US","@id":"https:\/\/ymalko.al\/#\/schema\/logo\/image\/","url":"https:\/\/ymalko.al\/wp-content\/uploads\/2025\/10\/cropped-cropped-ymalko_mobil_logo-1.jpg","contentUrl":"https:\/\/ymalko.al\/wp-content\/uploads\/2025\/10\/cropped-cropped-ymalko_mobil_logo-1.jpg","width":577,"height":145,"caption":"Ymalko"},"image":{"@id":"https:\/\/ymalko.al\/#\/schema\/logo\/image\/"}}]}},"jetpack_sharing_enabled":true,"_links":{"self":[{"href":"https:\/\/ymalko.al\/en\/wp-json\/wp\/v2\/product\/14479","targetHints":{"allow":["GET"]}}],"collection":[{"href":"https:\/\/ymalko.al\/en\/wp-json\/wp\/v2\/product"}],"about":[{"href":"https:\/\/ymalko.al\/en\/wp-json\/wp\/v2\/types\/product"}],"version-history":[{"count":2,"href":"https:\/\/ymalko.al\/en\/wp-json\/wp\/v2\/product\/14479\/revisions"}],"predecessor-version":[{"id":14506,"href":"https:\/\/ymalko.al\/en\/wp-json\/wp\/v2\/product\/14479\/revisions\/14506"}],"wp:featuredmedia":[{"embeddable":true,"href":"https:\/\/ymalko.al\/en\/wp-json\/wp\/v2\/media\/14500"}],"wp:attachment":[{"href":"https:\/\/ymalko.al\/en\/wp-json\/wp\/v2\/media?parent=14479"}],"wp:term":[{"taxonomy":"product_brand","embeddable":true,"href":"https:\/\/ymalko.al\/en\/wp-json\/wp\/v2\/product_brand?post=14479"},{"taxonomy":"product_cat","embeddable":true,"href":"https:\/\/ymalko.al\/en\/wp-json\/wp\/v2\/product_cat?post=14479"},{"taxonomy":"product_tag","embeddable":true,"href":"https:\/\/ymalko.al\/en\/wp-json\/wp\/v2\/product_tag?post=14479"}],"curies":[{"name":"wp","href":"https:\/\/api.w.org\/{rel}","templated":true}]}}