{"id":14475,"date":"2026-01-14T13:31:34","date_gmt":"2026-01-14T13:31:34","guid":{"rendered":"https:\/\/ymalko.al\/?post_type=product&#038;p=14475"},"modified":"2026-04-30T08:53:44","modified_gmt":"2026-04-30T08:53:44","slug":"tjegull-ventiluese-pro","status":"publish","type":"product","link":"https:\/\/ymalko.al\/en\/product\/tjegull-ventiluese-pro\/","title":{"rendered":"Ventilating Tile PRO"},"content":{"rendered":"<p>Tjegulla ventiluese Mladost PRO \u00ebsht\u00eb e destinuar p\u00ebr ventilim efikas t\u00eb \u00e7atis\u00eb, p\u00ebrmes s\u00eb cil\u00ebs eliminohet mund\u00ebsia e kondensimit dhe grumbullimit t\u00eb lag\u00ebshtir\u00ebs. Me rafinimin e sip\u00ebrfaqes s\u00eb sip\u00ebrme me engobe, p\u00ebrfitojm\u00eb elemente speciale t\u00eb ngjyrave t\u00eb bukura dhe t\u00eb q\u00ebndrueshme n\u00eb variante mat dhe shk\u00eblqyese. Jet\u00ebgjat\u00ebsia e provuar e sh\u00ebrbimit t\u00eb tjegullave t\u00eb \u00e7atis\u00eb dhe element\u00ebve special\u00eb \u00ebsht\u00eb mbi 50 vjet. P\u00ebrshtatet me t\u00eb gjitha modelet e tjegullave MLADOST PRO dhe p\u00ebr shkak t\u00eb k\u00ebsaj, \u00e7atia do t\u00eb duket vizualisht si nj\u00eb e t\u00ebr\u00ebsi e bukur dhe harmonike. M\u00ebnyra e aplikimit: N\u00eb var\u00ebsi t\u00eb kushteve klimatike dhe kushteve teknike, pjerrt\u00ebsia e \u00e7atis\u00eb \u00ebsht\u00eb projektuar nga 15\u00ba deri n\u00eb 22\u00ba.<\/p>","protected":false},"excerpt":{"rendered":"<p>Tjegulla ventiluese Mladost PRO \u00ebsht\u00eb e destinuar p\u00ebr ventilim efikas t\u00eb \u00e7atis\u00eb, p\u00ebrmes s\u00eb cil\u00ebs eliminohet mund\u00ebsia e kondensimit dhe grumbullimit t\u00eb lag\u00ebshtir\u00ebs. Me rafinimin e sip\u00ebrfaqes s\u00eb sip\u00ebrme me engobe, p\u00ebrfitojm\u00eb elemente speciale t\u00eb ngjyrave t\u00eb bukura dhe t\u00eb q\u00ebndrueshme n\u00eb variante mat dhe shk\u00eblqyese. Jet\u00ebgjat\u00ebsia e provuar e sh\u00ebrbimit t\u00eb tjegullave t\u00eb \u00e7atis\u00eb [&hellip;]<\/p>\n","protected":false},"featured_media":14631,"template":"","meta":{"_yoast_wpseo_focuskw":"tjegull ventiluese PRO","_yoast_wpseo_title":"","_yoast_wpseo_metadesc":""},"product_brand":[253],"product_cat":[63,64,66,45,71,70],"product_tag":[],"class_list":{"0":"post-14475","1":"product","2":"type-product","3":"status-publish","4":"has-post-thumbnail","6":"product_brand-ym1-2","7":"product_cat-cati","8":"product_cat-cati-e-pjerret","9":"product_cat-aksesore-cati","10":"product_cat-te-gjitha","11":"product_cat-tjegulla-ajrosese","12":"product_cat-tjegulla-qeramike","14":"first","15":"instock","16":"shipping-taxable","17":"purchasable","18":"product-type-variable"},"yoast_head":"<!-- This site is optimized with the Yoast SEO plugin v27.5 - https:\/\/yoast.com\/product\/yoast-seo-wordpress\/ -->\n<title>Tjegull Ventiluese PRO | Ymalko Albania<\/title>\n<meta name=\"description\" content=\"BliniTjegull Ventiluese PRO n\u00eb Ymalko Albania. Produkte cil\u00ebsore p\u00ebr nd\u00ebrtim, \u00e7ati, izolim, fasada dhe renovim.\" \/>\n<meta name=\"robots\" content=\"index, follow, max-snippet:-1, max-image-preview:large, max-video-preview:-1\" \/>\n<link rel=\"canonical\" href=\"https:\/\/ymalko.al\/en\/product\/tjegull-ventiluese-pro\/\" \/>\n<meta property=\"og:locale\" content=\"en_US\" \/>\n<meta property=\"og:type\" content=\"article\" \/>\n<meta property=\"og:title\" content=\"Tjegull Ventiluese PRO | Ymalko Albania\" \/>\n<meta property=\"og:description\" content=\"BliniTjegull Ventiluese PRO n\u00eb Ymalko Albania. Produkte cil\u00ebsore p\u00ebr nd\u00ebrtim, \u00e7ati, izolim, fasada dhe renovim.\" \/>\n<meta property=\"og:url\" content=\"https:\/\/ymalko.al\/en\/product\/tjegull-ventiluese-pro\/\" \/>\n<meta property=\"og:site_name\" content=\"Ymalko Albania\" \/>\n<meta property=\"article:modified_time\" content=\"2026-04-30T08:53:44+00:00\" \/>\n<meta property=\"og:image\" content=\"https:\/\/ymalko.al\/wp-content\/uploads\/2026\/01\/Ventilacioni_Crep_Pro_Crveni_mat.png\" \/>\n\t<meta property=\"og:image:width\" content=\"1400\" \/>\n\t<meta property=\"og:image:height\" content=\"1750\" \/>\n\t<meta property=\"og:image:type\" content=\"image\/png\" \/>\n<meta name=\"twitter:card\" content=\"summary_large_image\" \/>\n<meta name=\"twitter:label1\" content=\"Est. reading time\" \/>\n\t<meta name=\"twitter:data1\" content=\"1 minute\" \/>\n<script type=\"application\/ld+json\" class=\"yoast-schema-graph\">{\"@context\":\"https:\\\/\\\/schema.org\",\"@graph\":[{\"@type\":\"WebPage\",\"@id\":\"https:\\\/\\\/ymalko.al\\\/product\\\/tjegull-ventiluese-pro\\\/\",\"url\":\"https:\\\/\\\/ymalko.al\\\/product\\\/tjegull-ventiluese-pro\\\/\",\"name\":\"Tjegull Ventiluese PRO | Ymalko Albania\",\"isPartOf\":{\"@id\":\"https:\\\/\\\/ymalko.al\\\/#website\"},\"primaryImageOfPage\":{\"@id\":\"https:\\\/\\\/ymalko.al\\\/product\\\/tjegull-ventiluese-pro\\\/#primaryimage\"},\"image\":{\"@id\":\"https:\\\/\\\/ymalko.al\\\/product\\\/tjegull-ventiluese-pro\\\/#primaryimage\"},\"thumbnailUrl\":\"https:\\\/\\\/ymalko.al\\\/wp-content\\\/uploads\\\/2026\\\/01\\\/Ventilacioni_Crep_Pro_Crveni_mat.png\",\"datePublished\":\"2026-01-14T13:31:34+00:00\",\"dateModified\":\"2026-04-30T08:53:44+00:00\",\"description\":\"BliniTjegull Ventiluese PRO n\u00eb Ymalko Albania. Produkte cil\u00ebsore p\u00ebr nd\u00ebrtim, \u00e7ati, izolim, fasada dhe renovim.\",\"breadcrumb\":{\"@id\":\"https:\\\/\\\/ymalko.al\\\/product\\\/tjegull-ventiluese-pro\\\/#breadcrumb\"},\"inLanguage\":\"en-US\",\"potentialAction\":[{\"@type\":\"ReadAction\",\"target\":[\"https:\\\/\\\/ymalko.al\\\/product\\\/tjegull-ventiluese-pro\\\/\"]}]},{\"@type\":\"ImageObject\",\"inLanguage\":\"en-US\",\"@id\":\"https:\\\/\\\/ymalko.al\\\/product\\\/tjegull-ventiluese-pro\\\/#primaryimage\",\"url\":\"https:\\\/\\\/ymalko.al\\\/wp-content\\\/uploads\\\/2026\\\/01\\\/Ventilacioni_Crep_Pro_Crveni_mat.png\",\"contentUrl\":\"https:\\\/\\\/ymalko.al\\\/wp-content\\\/uploads\\\/2026\\\/01\\\/Ventilacioni_Crep_Pro_Crveni_mat.png\",\"width\":1400,\"height\":1750},{\"@type\":\"BreadcrumbList\",\"@id\":\"https:\\\/\\\/ymalko.al\\\/product\\\/tjegull-ventiluese-pro\\\/#breadcrumb\",\"itemListElement\":[{\"@type\":\"ListItem\",\"position\":1,\"name\":\"Home\",\"item\":\"https:\\\/\\\/ymalko.al\\\/\"},{\"@type\":\"ListItem\",\"position\":2,\"name\":\"Produktet\",\"item\":\"https:\\\/\\\/ymalko.al\\\/produktet\\\/\"},{\"@type\":\"ListItem\",\"position\":3,\"name\":\"Tjegull Ventiluese PRO\"}]},{\"@type\":\"WebSite\",\"@id\":\"https:\\\/\\\/ymalko.al\\\/#website\",\"url\":\"https:\\\/\\\/ymalko.al\\\/\",\"name\":\"Ymalko\",\"description\":\"\",\"publisher\":{\"@id\":\"https:\\\/\\\/ymalko.al\\\/#organization\"},\"potentialAction\":[{\"@type\":\"SearchAction\",\"target\":{\"@type\":\"EntryPoint\",\"urlTemplate\":\"https:\\\/\\\/ymalko.al\\\/?s={search_term_string}\"},\"query-input\":{\"@type\":\"PropertyValueSpecification\",\"valueRequired\":true,\"valueName\":\"search_term_string\"}}],\"inLanguage\":\"en-US\"},{\"@type\":\"Organization\",\"@id\":\"https:\\\/\\\/ymalko.al\\\/#organization\",\"name\":\"Ymalko\",\"url\":\"https:\\\/\\\/ymalko.al\\\/\",\"logo\":{\"@type\":\"ImageObject\",\"inLanguage\":\"en-US\",\"@id\":\"https:\\\/\\\/ymalko.al\\\/#\\\/schema\\\/logo\\\/image\\\/\",\"url\":\"https:\\\/\\\/ymalko.al\\\/wp-content\\\/uploads\\\/2025\\\/10\\\/cropped-cropped-ymalko_mobil_logo-1.jpg\",\"contentUrl\":\"https:\\\/\\\/ymalko.al\\\/wp-content\\\/uploads\\\/2025\\\/10\\\/cropped-cropped-ymalko_mobil_logo-1.jpg\",\"width\":577,\"height\":145,\"caption\":\"Ymalko\"},\"image\":{\"@id\":\"https:\\\/\\\/ymalko.al\\\/#\\\/schema\\\/logo\\\/image\\\/\"}}]}<\/script>\n<!-- \/ Yoast SEO plugin. -->","yoast_head_json":{"title":"Tjegull Ventiluese PRO | Ymalko Albania","description":"BliniTjegull Ventiluese PRO n\u00eb Ymalko Albania. Produkte cil\u00ebsore p\u00ebr nd\u00ebrtim, \u00e7ati, izolim, fasada dhe renovim.","robots":{"index":"index","follow":"follow","max-snippet":"max-snippet:-1","max-image-preview":"max-image-preview:large","max-video-preview":"max-video-preview:-1"},"canonical":"https:\/\/ymalko.al\/en\/product\/tjegull-ventiluese-pro\/","og_locale":"en_US","og_type":"article","og_title":"Tjegull Ventiluese PRO | Ymalko Albania","og_description":"BliniTjegull Ventiluese PRO n\u00eb Ymalko Albania. Produkte cil\u00ebsore p\u00ebr nd\u00ebrtim, \u00e7ati, izolim, fasada dhe renovim.","og_url":"https:\/\/ymalko.al\/en\/product\/tjegull-ventiluese-pro\/","og_site_name":"Ymalko Albania","article_modified_time":"2026-04-30T08:53:44+00:00","og_image":[{"width":1400,"height":1750,"url":"https:\/\/ymalko.al\/wp-content\/uploads\/2026\/01\/Ventilacioni_Crep_Pro_Crveni_mat.png","type":"image\/png"}],"twitter_card":"summary_large_image","twitter_misc":{"Est. reading time":"1 minute"},"schema":{"@context":"https:\/\/schema.org","@graph":[{"@type":"WebPage","@id":"https:\/\/ymalko.al\/product\/tjegull-ventiluese-pro\/","url":"https:\/\/ymalko.al\/product\/tjegull-ventiluese-pro\/","name":"Tjegull Ventiluese PRO | Ymalko Albania","isPartOf":{"@id":"https:\/\/ymalko.al\/#website"},"primaryImageOfPage":{"@id":"https:\/\/ymalko.al\/product\/tjegull-ventiluese-pro\/#primaryimage"},"image":{"@id":"https:\/\/ymalko.al\/product\/tjegull-ventiluese-pro\/#primaryimage"},"thumbnailUrl":"https:\/\/ymalko.al\/wp-content\/uploads\/2026\/01\/Ventilacioni_Crep_Pro_Crveni_mat.png","datePublished":"2026-01-14T13:31:34+00:00","dateModified":"2026-04-30T08:53:44+00:00","description":"BliniTjegull Ventiluese PRO n\u00eb Ymalko Albania. Produkte cil\u00ebsore p\u00ebr nd\u00ebrtim, \u00e7ati, izolim, fasada dhe renovim.","breadcrumb":{"@id":"https:\/\/ymalko.al\/product\/tjegull-ventiluese-pro\/#breadcrumb"},"inLanguage":"en-US","potentialAction":[{"@type":"ReadAction","target":["https:\/\/ymalko.al\/product\/tjegull-ventiluese-pro\/"]}]},{"@type":"ImageObject","inLanguage":"en-US","@id":"https:\/\/ymalko.al\/product\/tjegull-ventiluese-pro\/#primaryimage","url":"https:\/\/ymalko.al\/wp-content\/uploads\/2026\/01\/Ventilacioni_Crep_Pro_Crveni_mat.png","contentUrl":"https:\/\/ymalko.al\/wp-content\/uploads\/2026\/01\/Ventilacioni_Crep_Pro_Crveni_mat.png","width":1400,"height":1750},{"@type":"BreadcrumbList","@id":"https:\/\/ymalko.al\/product\/tjegull-ventiluese-pro\/#breadcrumb","itemListElement":[{"@type":"ListItem","position":1,"name":"Home","item":"https:\/\/ymalko.al\/"},{"@type":"ListItem","position":2,"name":"Produktet","item":"https:\/\/ymalko.al\/produktet\/"},{"@type":"ListItem","position":3,"name":"Tjegull Ventiluese PRO"}]},{"@type":"WebSite","@id":"https:\/\/ymalko.al\/#website","url":"https:\/\/ymalko.al\/","name":"Ymalko","description":"","publisher":{"@id":"https:\/\/ymalko.al\/#organization"},"potentialAction":[{"@type":"SearchAction","target":{"@type":"EntryPoint","urlTemplate":"https:\/\/ymalko.al\/?s={search_term_string}"},"query-input":{"@type":"PropertyValueSpecification","valueRequired":true,"valueName":"search_term_string"}}],"inLanguage":"en-US"},{"@type":"Organization","@id":"https:\/\/ymalko.al\/#organization","name":"Ymalko","url":"https:\/\/ymalko.al\/","logo":{"@type":"ImageObject","inLanguage":"en-US","@id":"https:\/\/ymalko.al\/#\/schema\/logo\/image\/","url":"https:\/\/ymalko.al\/wp-content\/uploads\/2025\/10\/cropped-cropped-ymalko_mobil_logo-1.jpg","contentUrl":"https:\/\/ymalko.al\/wp-content\/uploads\/2025\/10\/cropped-cropped-ymalko_mobil_logo-1.jpg","width":577,"height":145,"caption":"Ymalko"},"image":{"@id":"https:\/\/ymalko.al\/#\/schema\/logo\/image\/"}}]}},"jetpack_sharing_enabled":true,"_links":{"self":[{"href":"https:\/\/ymalko.al\/en\/wp-json\/wp\/v2\/product\/14475","targetHints":{"allow":["GET"]}}],"collection":[{"href":"https:\/\/ymalko.al\/en\/wp-json\/wp\/v2\/product"}],"about":[{"href":"https:\/\/ymalko.al\/en\/wp-json\/wp\/v2\/types\/product"}],"version-history":[{"count":1,"href":"https:\/\/ymalko.al\/en\/wp-json\/wp\/v2\/product\/14475\/revisions"}],"predecessor-version":[{"id":14476,"href":"https:\/\/ymalko.al\/en\/wp-json\/wp\/v2\/product\/14475\/revisions\/14476"}],"wp:featuredmedia":[{"embeddable":true,"href":"https:\/\/ymalko.al\/en\/wp-json\/wp\/v2\/media\/14631"}],"wp:attachment":[{"href":"https:\/\/ymalko.al\/en\/wp-json\/wp\/v2\/media?parent=14475"}],"wp:term":[{"taxonomy":"product_brand","embeddable":true,"href":"https:\/\/ymalko.al\/en\/wp-json\/wp\/v2\/product_brand?post=14475"},{"taxonomy":"product_cat","embeddable":true,"href":"https:\/\/ymalko.al\/en\/wp-json\/wp\/v2\/product_cat?post=14475"},{"taxonomy":"product_tag","embeddable":true,"href":"https:\/\/ymalko.al\/en\/wp-json\/wp\/v2\/product_tag?post=14475"}],"curies":[{"name":"wp","href":"https:\/\/api.w.org\/{rel}","templated":true}]}}