{"id":14467,"date":"2025-11-01T07:11:33","date_gmt":"2025-11-01T07:11:33","guid":{"rendered":"https:\/\/ymalko.al\/?post_type=product&#038;p=14467"},"modified":"2026-02-11T09:24:30","modified_gmt":"2026-02-11T09:24:30","slug":"tjegulla-mladost-tradicional-natur-pro-12","status":"publish","type":"product","link":"https:\/\/ymalko.al\/en\/product\/tjegulla-mladost-tradicional-natur-pro-12\/","title":{"rendered":"Mladost Traditional NATUR PRO 12"},"content":{"rendered":"<p>Tradicional Natur PRO 12 is an improved version of Tradicional ECO tiles. It features Premium tiles that are produced in the new plant with modern production technology in plaster molds. Tiles with a traditional aesthetic shape, with double grooves and double channels on the upper surface which offers high mechanical resistance and safety against atmospheric conditions. Made of high quality clay with a durability guarantee of 50 years. Design: traditional look produced with new technology Surface effect: simple classic for all generations Technology: produced with the latest technology in plaster molds in which it is pressed, the extraordinary final product which offers a sense of security and durability for future generations Application: can be applied to all types of roofs with slopes from 15 to 45 degrees Warranty: 50 years<\/p>","protected":false},"excerpt":{"rendered":"<p>Tradicional Natur PRO 12 \u00ebsht\u00eb version i p\u00ebrmir\u00ebsuar i tjegullave Tradicional ECO. Paraqet tjegull Premium t\u00eb cilat prodhohen n\u00eb impiantin e ri me teknologji moderne t\u00eb prodhimit n\u00eb kall\u00ebpe all\u00e7ie. Tjegulla me form\u00eb estetike tradicionale, me brazda t\u00eb dyfishta dhe kanale t\u00eb dyfishta n\u00eb sip\u00ebrfaqen e sip\u00ebrme e cila ofron rezistenc\u00eb t\u00eb lart\u00eb mekanike dhe [&hellip;]<\/p>\n","protected":false},"featured_media":14644,"template":"","meta":{"_yoast_wpseo_focuskw":"Tjegulla Mladost Tradicional NATUR PRO 12","_yoast_wpseo_title":"","_yoast_wpseo_metadesc":"Mladost Tradicional NATUR PRO 12 \u2013 tjegull me pamje natyrale, q\u00ebndrueshm\u00ebri t\u00eb lart\u00eb dhe rezistenc\u00eb ndaj motit. Info te Ymalko."},"product_brand":[253],"product_cat":[63,64,45,70],"product_tag":[],"class_list":{"0":"post-14467","1":"product","2":"type-product","3":"status-publish","4":"has-post-thumbnail","6":"product_brand-ym1-2","7":"product_cat-cati","8":"product_cat-cati-e-pjerret","9":"product_cat-te-gjitha","10":"product_cat-tjegulla-qeramike","12":"first","13":"instock","14":"shipping-taxable","15":"product-type-simple"},"yoast_head":"<!-- This site is optimized with the Yoast SEO plugin v27.5 - https:\/\/yoast.com\/product\/yoast-seo-wordpress\/ -->\n<title>Mladost Tradicional NATUR PRO 12 | Ymalko Albania<\/title>\n<meta name=\"description\" content=\"Mladost Tradicional NATUR PRO 12 \u2013 tjegull me pamje natyrale, q\u00ebndrueshm\u00ebri t\u00eb lart\u00eb dhe rezistenc\u00eb ndaj motit. Info te Ymalko.\" \/>\n<meta name=\"robots\" content=\"index, follow, max-snippet:-1, max-image-preview:large, max-video-preview:-1\" \/>\n<link rel=\"canonical\" href=\"https:\/\/ymalko.al\/en\/product\/tjegulla-mladost-tradicional-natur-pro-12\/\" \/>\n<meta property=\"og:locale\" content=\"en_US\" \/>\n<meta property=\"og:type\" content=\"article\" \/>\n<meta property=\"og:title\" content=\"Mladost Tradicional NATUR PRO 12 | Ymalko Albania\" \/>\n<meta property=\"og:description\" content=\"Mladost Tradicional NATUR PRO 12 \u2013 tjegull me pamje natyrale, q\u00ebndrueshm\u00ebri t\u00eb lart\u00eb dhe rezistenc\u00eb ndaj motit. Info te Ymalko.\" \/>\n<meta property=\"og:url\" content=\"https:\/\/ymalko.al\/en\/product\/tjegulla-mladost-tradicional-natur-pro-12\/\" \/>\n<meta property=\"og:site_name\" content=\"Ymalko Albania\" \/>\n<meta property=\"article:modified_time\" content=\"2026-02-11T09:24:30+00:00\" \/>\n<meta property=\"og:image\" content=\"https:\/\/ymalko.al\/wp-content\/uploads\/2026\/01\/MLADOST-Tradicional-natur-pro.png\" \/>\n\t<meta property=\"og:image:width\" content=\"1200\" \/>\n\t<meta property=\"og:image:height\" content=\"1200\" \/>\n\t<meta property=\"og:image:type\" content=\"image\/png\" \/>\n<meta name=\"twitter:card\" content=\"summary_large_image\" \/>\n<meta name=\"twitter:label1\" content=\"Est. reading time\" \/>\n\t<meta name=\"twitter:data1\" content=\"1 minute\" \/>\n<script type=\"application\/ld+json\" class=\"yoast-schema-graph\">{\"@context\":\"https:\\\/\\\/schema.org\",\"@graph\":[{\"@type\":\"WebPage\",\"@id\":\"https:\\\/\\\/ymalko.al\\\/product\\\/tjegulla-mladost-tradicional-natur-pro-12\\\/\",\"url\":\"https:\\\/\\\/ymalko.al\\\/product\\\/tjegulla-mladost-tradicional-natur-pro-12\\\/\",\"name\":\"Mladost Tradicional NATUR PRO 12 | Ymalko Albania\",\"isPartOf\":{\"@id\":\"https:\\\/\\\/ymalko.al\\\/#website\"},\"primaryImageOfPage\":{\"@id\":\"https:\\\/\\\/ymalko.al\\\/product\\\/tjegulla-mladost-tradicional-natur-pro-12\\\/#primaryimage\"},\"image\":{\"@id\":\"https:\\\/\\\/ymalko.al\\\/product\\\/tjegulla-mladost-tradicional-natur-pro-12\\\/#primaryimage\"},\"thumbnailUrl\":\"https:\\\/\\\/ymalko.al\\\/wp-content\\\/uploads\\\/2026\\\/01\\\/MLADOST-Tradicional-natur-pro.png\",\"datePublished\":\"2025-11-01T07:11:33+00:00\",\"dateModified\":\"2026-02-11T09:24:30+00:00\",\"description\":\"Mladost Tradicional NATUR PRO 12 \u2013 tjegull me pamje natyrale, q\u00ebndrueshm\u00ebri t\u00eb lart\u00eb dhe rezistenc\u00eb ndaj motit. Info te Ymalko.\",\"breadcrumb\":{\"@id\":\"https:\\\/\\\/ymalko.al\\\/product\\\/tjegulla-mladost-tradicional-natur-pro-12\\\/#breadcrumb\"},\"inLanguage\":\"en-US\",\"potentialAction\":[{\"@type\":\"ReadAction\",\"target\":[\"https:\\\/\\\/ymalko.al\\\/product\\\/tjegulla-mladost-tradicional-natur-pro-12\\\/\"]}]},{\"@type\":\"ImageObject\",\"inLanguage\":\"en-US\",\"@id\":\"https:\\\/\\\/ymalko.al\\\/product\\\/tjegulla-mladost-tradicional-natur-pro-12\\\/#primaryimage\",\"url\":\"https:\\\/\\\/ymalko.al\\\/wp-content\\\/uploads\\\/2026\\\/01\\\/MLADOST-Tradicional-natur-pro.png\",\"contentUrl\":\"https:\\\/\\\/ymalko.al\\\/wp-content\\\/uploads\\\/2026\\\/01\\\/MLADOST-Tradicional-natur-pro.png\",\"width\":1200,\"height\":1200},{\"@type\":\"BreadcrumbList\",\"@id\":\"https:\\\/\\\/ymalko.al\\\/product\\\/tjegulla-mladost-tradicional-natur-pro-12\\\/#breadcrumb\",\"itemListElement\":[{\"@type\":\"ListItem\",\"position\":1,\"name\":\"Home\",\"item\":\"https:\\\/\\\/ymalko.al\\\/\"},{\"@type\":\"ListItem\",\"position\":2,\"name\":\"Produktet\",\"item\":\"https:\\\/\\\/ymalko.al\\\/produktet\\\/\"},{\"@type\":\"ListItem\",\"position\":3,\"name\":\"Mladost Tradicional NATUR PRO 12\"}]},{\"@type\":\"WebSite\",\"@id\":\"https:\\\/\\\/ymalko.al\\\/#website\",\"url\":\"https:\\\/\\\/ymalko.al\\\/\",\"name\":\"Ymalko\",\"description\":\"\",\"publisher\":{\"@id\":\"https:\\\/\\\/ymalko.al\\\/#organization\"},\"potentialAction\":[{\"@type\":\"SearchAction\",\"target\":{\"@type\":\"EntryPoint\",\"urlTemplate\":\"https:\\\/\\\/ymalko.al\\\/?s={search_term_string}\"},\"query-input\":{\"@type\":\"PropertyValueSpecification\",\"valueRequired\":true,\"valueName\":\"search_term_string\"}}],\"inLanguage\":\"en-US\"},{\"@type\":\"Organization\",\"@id\":\"https:\\\/\\\/ymalko.al\\\/#organization\",\"name\":\"Ymalko\",\"url\":\"https:\\\/\\\/ymalko.al\\\/\",\"logo\":{\"@type\":\"ImageObject\",\"inLanguage\":\"en-US\",\"@id\":\"https:\\\/\\\/ymalko.al\\\/#\\\/schema\\\/logo\\\/image\\\/\",\"url\":\"https:\\\/\\\/ymalko.al\\\/wp-content\\\/uploads\\\/2025\\\/10\\\/cropped-cropped-ymalko_mobil_logo-1.jpg\",\"contentUrl\":\"https:\\\/\\\/ymalko.al\\\/wp-content\\\/uploads\\\/2025\\\/10\\\/cropped-cropped-ymalko_mobil_logo-1.jpg\",\"width\":577,\"height\":145,\"caption\":\"Ymalko\"},\"image\":{\"@id\":\"https:\\\/\\\/ymalko.al\\\/#\\\/schema\\\/logo\\\/image\\\/\"}}]}<\/script>\n<!-- \/ Yoast SEO plugin. -->","yoast_head_json":{"title":"Mladost Tradicional NATUR PRO 12 | Ymalko Albania","description":"Mladost Tradicional NATUR PRO 12 \u2013 tjegull me pamje natyrale, q\u00ebndrueshm\u00ebri t\u00eb lart\u00eb dhe rezistenc\u00eb ndaj motit. Info te Ymalko.","robots":{"index":"index","follow":"follow","max-snippet":"max-snippet:-1","max-image-preview":"max-image-preview:large","max-video-preview":"max-video-preview:-1"},"canonical":"https:\/\/ymalko.al\/en\/product\/tjegulla-mladost-tradicional-natur-pro-12\/","og_locale":"en_US","og_type":"article","og_title":"Mladost Tradicional NATUR PRO 12 | Ymalko Albania","og_description":"Mladost Tradicional NATUR PRO 12 \u2013 tjegull me pamje natyrale, q\u00ebndrueshm\u00ebri t\u00eb lart\u00eb dhe rezistenc\u00eb ndaj motit. Info te Ymalko.","og_url":"https:\/\/ymalko.al\/en\/product\/tjegulla-mladost-tradicional-natur-pro-12\/","og_site_name":"Ymalko Albania","article_modified_time":"2026-02-11T09:24:30+00:00","og_image":[{"width":1200,"height":1200,"url":"https:\/\/ymalko.al\/wp-content\/uploads\/2026\/01\/MLADOST-Tradicional-natur-pro.png","type":"image\/png"}],"twitter_card":"summary_large_image","twitter_misc":{"Est. reading time":"1 minute"},"schema":{"@context":"https:\/\/schema.org","@graph":[{"@type":"WebPage","@id":"https:\/\/ymalko.al\/product\/tjegulla-mladost-tradicional-natur-pro-12\/","url":"https:\/\/ymalko.al\/product\/tjegulla-mladost-tradicional-natur-pro-12\/","name":"Mladost Tradicional NATUR PRO 12 | Ymalko Albania","isPartOf":{"@id":"https:\/\/ymalko.al\/#website"},"primaryImageOfPage":{"@id":"https:\/\/ymalko.al\/product\/tjegulla-mladost-tradicional-natur-pro-12\/#primaryimage"},"image":{"@id":"https:\/\/ymalko.al\/product\/tjegulla-mladost-tradicional-natur-pro-12\/#primaryimage"},"thumbnailUrl":"https:\/\/ymalko.al\/wp-content\/uploads\/2026\/01\/MLADOST-Tradicional-natur-pro.png","datePublished":"2025-11-01T07:11:33+00:00","dateModified":"2026-02-11T09:24:30+00:00","description":"Mladost Tradicional NATUR PRO 12 \u2013 tjegull me pamje natyrale, q\u00ebndrueshm\u00ebri t\u00eb lart\u00eb dhe rezistenc\u00eb ndaj motit. Info te Ymalko.","breadcrumb":{"@id":"https:\/\/ymalko.al\/product\/tjegulla-mladost-tradicional-natur-pro-12\/#breadcrumb"},"inLanguage":"en-US","potentialAction":[{"@type":"ReadAction","target":["https:\/\/ymalko.al\/product\/tjegulla-mladost-tradicional-natur-pro-12\/"]}]},{"@type":"ImageObject","inLanguage":"en-US","@id":"https:\/\/ymalko.al\/product\/tjegulla-mladost-tradicional-natur-pro-12\/#primaryimage","url":"https:\/\/ymalko.al\/wp-content\/uploads\/2026\/01\/MLADOST-Tradicional-natur-pro.png","contentUrl":"https:\/\/ymalko.al\/wp-content\/uploads\/2026\/01\/MLADOST-Tradicional-natur-pro.png","width":1200,"height":1200},{"@type":"BreadcrumbList","@id":"https:\/\/ymalko.al\/product\/tjegulla-mladost-tradicional-natur-pro-12\/#breadcrumb","itemListElement":[{"@type":"ListItem","position":1,"name":"Home","item":"https:\/\/ymalko.al\/"},{"@type":"ListItem","position":2,"name":"Produktet","item":"https:\/\/ymalko.al\/produktet\/"},{"@type":"ListItem","position":3,"name":"Mladost Tradicional NATUR PRO 12"}]},{"@type":"WebSite","@id":"https:\/\/ymalko.al\/#website","url":"https:\/\/ymalko.al\/","name":"Ymalko","description":"","publisher":{"@id":"https:\/\/ymalko.al\/#organization"},"potentialAction":[{"@type":"SearchAction","target":{"@type":"EntryPoint","urlTemplate":"https:\/\/ymalko.al\/?s={search_term_string}"},"query-input":{"@type":"PropertyValueSpecification","valueRequired":true,"valueName":"search_term_string"}}],"inLanguage":"en-US"},{"@type":"Organization","@id":"https:\/\/ymalko.al\/#organization","name":"Ymalko","url":"https:\/\/ymalko.al\/","logo":{"@type":"ImageObject","inLanguage":"en-US","@id":"https:\/\/ymalko.al\/#\/schema\/logo\/image\/","url":"https:\/\/ymalko.al\/wp-content\/uploads\/2025\/10\/cropped-cropped-ymalko_mobil_logo-1.jpg","contentUrl":"https:\/\/ymalko.al\/wp-content\/uploads\/2025\/10\/cropped-cropped-ymalko_mobil_logo-1.jpg","width":577,"height":145,"caption":"Ymalko"},"image":{"@id":"https:\/\/ymalko.al\/#\/schema\/logo\/image\/"}}]}},"jetpack_sharing_enabled":true,"_links":{"self":[{"href":"https:\/\/ymalko.al\/en\/wp-json\/wp\/v2\/product\/14467","targetHints":{"allow":["GET"]}}],"collection":[{"href":"https:\/\/ymalko.al\/en\/wp-json\/wp\/v2\/product"}],"about":[{"href":"https:\/\/ymalko.al\/en\/wp-json\/wp\/v2\/types\/product"}],"version-history":[{"count":2,"href":"https:\/\/ymalko.al\/en\/wp-json\/wp\/v2\/product\/14467\/revisions"}],"predecessor-version":[{"id":14715,"href":"https:\/\/ymalko.al\/en\/wp-json\/wp\/v2\/product\/14467\/revisions\/14715"}],"wp:featuredmedia":[{"embeddable":true,"href":"https:\/\/ymalko.al\/en\/wp-json\/wp\/v2\/media\/14644"}],"wp:attachment":[{"href":"https:\/\/ymalko.al\/en\/wp-json\/wp\/v2\/media?parent=14467"}],"wp:term":[{"taxonomy":"product_brand","embeddable":true,"href":"https:\/\/ymalko.al\/en\/wp-json\/wp\/v2\/product_brand?post=14467"},{"taxonomy":"product_cat","embeddable":true,"href":"https:\/\/ymalko.al\/en\/wp-json\/wp\/v2\/product_cat?post=14467"},{"taxonomy":"product_tag","embeddable":true,"href":"https:\/\/ymalko.al\/en\/wp-json\/wp\/v2\/product_tag?post=14467"}],"curies":[{"name":"wp","href":"https:\/\/api.w.org\/{rel}","templated":true}]}}