{"id":14465,"date":"2025-11-01T07:14:33","date_gmt":"2025-11-01T07:14:33","guid":{"rendered":"https:\/\/ymalko.al\/?post_type=product&#038;p=14465"},"modified":"2026-02-11T09:25:18","modified_gmt":"2026-02-11T09:25:18","slug":"mladost-tradicional-eco","status":"publish","type":"product","link":"https:\/\/ymalko.al\/en\/product\/mladost-tradicional-eco\/","title":{"rendered":"Mladost Traditional ECO"},"content":{"rendered":"<p>Mladost Tradicional ECO brick, a tile with an aesthetically traditional shape, featuring double grooves and double channels on the top surface, which provides high mechanical resistance and protection against weather conditions. They are manufactured from high-quality clay with a 50-year durability guarantee. This combines the traditional use of high-quality ceramic clays, proven for decades in the production of coarse ceramics, with the modern design of architectural products.<\/p>","protected":false},"excerpt":{"rendered":"<p>Tjegulla Mladost Tradicional ECO tjegull me form\u00eb estetike tradicionale, me brazda t\u00eb dyfishta dhe kanale t\u00eb dyfishta n\u00eb sip\u00ebrfaqen e sip\u00ebrme, e cila ofron rezistenc\u00eb t\u00eb lart\u00eb mekanike dhe siguri ndaj kushteve atmosferike. Jan\u00eb prodhuar prej argjile t\u00eb cil\u00ebsis\u00eb s\u00eb lart\u00eb me nj\u00eb garanci q\u00ebndrueshm\u00ebrie prej 50 vitesh. Kombinim i pjes\u00ebs tradicionale t\u00eb p\u00ebrdorimit t\u00eb [&hellip;]<\/p>\n","protected":false},"featured_media":14656,"template":"","meta":{"_yoast_wpseo_focuskw":"Tjegulla Mladost Tradicional ECO","_yoast_wpseo_title":"Tjegulla %%title%% %%page%% %%sep%% %%sitename%%","_yoast_wpseo_metadesc":"Tjegulla Mladost Tradicional ECO \u2013 zgjidhje ekonomike p\u00ebr \u00e7ati me stil klasik, rezistenc\u00eb ndaj motit dhe montim t\u00eb sigurt. Info te Ymalko."},"product_brand":[253],"product_cat":[63,64,45,70],"product_tag":[],"class_list":{"0":"post-14465","1":"product","2":"type-product","3":"status-publish","4":"has-post-thumbnail","6":"product_brand-ym1-2","7":"product_cat-cati","8":"product_cat-cati-e-pjerret","9":"product_cat-te-gjitha","10":"product_cat-tjegulla-qeramike","12":"first","13":"instock","14":"shipping-taxable","15":"product-type-simple"},"yoast_head":"<!-- This site is optimized with the Yoast SEO plugin v27.6 - https:\/\/yoast.com\/product\/yoast-seo-wordpress\/ -->\n<title>Tjegulla Mladost Tradicional ECO - Ymalko Albania<\/title>\n<meta name=\"description\" content=\"Tjegulla Mladost Tradicional ECO \u2013 zgjidhje ekonomike p\u00ebr \u00e7ati me stil klasik, rezistenc\u00eb ndaj motit dhe montim t\u00eb sigurt. Info te Ymalko.\" \/>\n<meta name=\"robots\" content=\"index, follow, max-snippet:-1, max-image-preview:large, max-video-preview:-1\" \/>\n<link rel=\"canonical\" href=\"https:\/\/ymalko.al\/en\/product\/mladost-tradicional-eco\/\" \/>\n<meta property=\"og:locale\" content=\"en_US\" \/>\n<meta property=\"og:type\" content=\"article\" \/>\n<meta property=\"og:title\" content=\"Tjegulla Mladost Tradicional ECO - Ymalko Albania\" \/>\n<meta property=\"og:description\" content=\"Tjegulla Mladost Tradicional ECO \u2013 zgjidhje ekonomike p\u00ebr \u00e7ati me stil klasik, rezistenc\u00eb ndaj motit dhe montim t\u00eb sigurt. Info te Ymalko.\" \/>\n<meta property=\"og:url\" content=\"https:\/\/ymalko.al\/en\/product\/mladost-tradicional-eco\/\" \/>\n<meta property=\"og:site_name\" content=\"Ymalko Albania\" \/>\n<meta property=\"article:modified_time\" content=\"2026-02-11T09:25:18+00:00\" \/>\n<meta property=\"og:image\" content=\"https:\/\/ymalko.al\/wp-content\/uploads\/2026\/01\/MLADOST_Tradicional_Eco-scaled-1.jpg\" \/>\n\t<meta property=\"og:image:width\" content=\"1750\" \/>\n\t<meta property=\"og:image:height\" content=\"1457\" \/>\n\t<meta property=\"og:image:type\" content=\"image\/jpeg\" \/>\n<meta name=\"twitter:card\" content=\"summary_large_image\" \/>\n<meta name=\"twitter:label1\" content=\"Est. reading time\" \/>\n\t<meta name=\"twitter:data1\" content=\"1 minute\" \/>\n<script type=\"application\/ld+json\" class=\"yoast-schema-graph\">{\"@context\":\"https:\\\/\\\/schema.org\",\"@graph\":[{\"@type\":\"WebPage\",\"@id\":\"https:\\\/\\\/ymalko.al\\\/product\\\/mladost-tradicional-eco\\\/\",\"url\":\"https:\\\/\\\/ymalko.al\\\/product\\\/mladost-tradicional-eco\\\/\",\"name\":\"Tjegulla Mladost Tradicional ECO - Ymalko Albania\",\"isPartOf\":{\"@id\":\"https:\\\/\\\/ymalko.al\\\/#website\"},\"primaryImageOfPage\":{\"@id\":\"https:\\\/\\\/ymalko.al\\\/product\\\/mladost-tradicional-eco\\\/#primaryimage\"},\"image\":{\"@id\":\"https:\\\/\\\/ymalko.al\\\/product\\\/mladost-tradicional-eco\\\/#primaryimage\"},\"thumbnailUrl\":\"https:\\\/\\\/ymalko.al\\\/wp-content\\\/uploads\\\/2026\\\/01\\\/MLADOST_Tradicional_Eco-scaled-1.jpg\",\"datePublished\":\"2025-11-01T07:14:33+00:00\",\"dateModified\":\"2026-02-11T09:25:18+00:00\",\"description\":\"Tjegulla Mladost Tradicional ECO \u2013 zgjidhje ekonomike p\u00ebr \u00e7ati me stil klasik, rezistenc\u00eb ndaj motit dhe montim t\u00eb sigurt. Info te Ymalko.\",\"breadcrumb\":{\"@id\":\"https:\\\/\\\/ymalko.al\\\/product\\\/mladost-tradicional-eco\\\/#breadcrumb\"},\"inLanguage\":\"en-US\",\"potentialAction\":[{\"@type\":\"ReadAction\",\"target\":[\"https:\\\/\\\/ymalko.al\\\/product\\\/mladost-tradicional-eco\\\/\"]}]},{\"@type\":\"ImageObject\",\"inLanguage\":\"en-US\",\"@id\":\"https:\\\/\\\/ymalko.al\\\/product\\\/mladost-tradicional-eco\\\/#primaryimage\",\"url\":\"https:\\\/\\\/ymalko.al\\\/wp-content\\\/uploads\\\/2026\\\/01\\\/MLADOST_Tradicional_Eco-scaled-1.jpg\",\"contentUrl\":\"https:\\\/\\\/ymalko.al\\\/wp-content\\\/uploads\\\/2026\\\/01\\\/MLADOST_Tradicional_Eco-scaled-1.jpg\",\"width\":1750,\"height\":1457},{\"@type\":\"BreadcrumbList\",\"@id\":\"https:\\\/\\\/ymalko.al\\\/product\\\/mladost-tradicional-eco\\\/#breadcrumb\",\"itemListElement\":[{\"@type\":\"ListItem\",\"position\":1,\"name\":\"Home\",\"item\":\"https:\\\/\\\/ymalko.al\\\/\"},{\"@type\":\"ListItem\",\"position\":2,\"name\":\"Produktet\",\"item\":\"https:\\\/\\\/ymalko.al\\\/produktet\\\/\"},{\"@type\":\"ListItem\",\"position\":3,\"name\":\"Mladost Tradicional ECO\"}]},{\"@type\":\"WebSite\",\"@id\":\"https:\\\/\\\/ymalko.al\\\/#website\",\"url\":\"https:\\\/\\\/ymalko.al\\\/\",\"name\":\"Ymalko\",\"description\":\"\",\"publisher\":{\"@id\":\"https:\\\/\\\/ymalko.al\\\/#organization\"},\"potentialAction\":[{\"@type\":\"SearchAction\",\"target\":{\"@type\":\"EntryPoint\",\"urlTemplate\":\"https:\\\/\\\/ymalko.al\\\/?s={search_term_string}\"},\"query-input\":{\"@type\":\"PropertyValueSpecification\",\"valueRequired\":true,\"valueName\":\"search_term_string\"}}],\"inLanguage\":\"en-US\"},{\"@type\":\"Organization\",\"@id\":\"https:\\\/\\\/ymalko.al\\\/#organization\",\"name\":\"Ymalko\",\"url\":\"https:\\\/\\\/ymalko.al\\\/\",\"logo\":{\"@type\":\"ImageObject\",\"inLanguage\":\"en-US\",\"@id\":\"https:\\\/\\\/ymalko.al\\\/#\\\/schema\\\/logo\\\/image\\\/\",\"url\":\"https:\\\/\\\/ymalko.al\\\/wp-content\\\/uploads\\\/2025\\\/10\\\/cropped-cropped-ymalko_mobil_logo-1.jpg\",\"contentUrl\":\"https:\\\/\\\/ymalko.al\\\/wp-content\\\/uploads\\\/2025\\\/10\\\/cropped-cropped-ymalko_mobil_logo-1.jpg\",\"width\":577,\"height\":145,\"caption\":\"Ymalko\"},\"image\":{\"@id\":\"https:\\\/\\\/ymalko.al\\\/#\\\/schema\\\/logo\\\/image\\\/\"}}]}<\/script>\n<!-- \/ Yoast SEO plugin. -->","yoast_head_json":{"title":"Tjegulla Mladost Tradicional ECO - Ymalko Albania","description":"Tjegulla Mladost Tradicional ECO \u2013 zgjidhje ekonomike p\u00ebr \u00e7ati me stil klasik, rezistenc\u00eb ndaj motit dhe montim t\u00eb sigurt. Info te Ymalko.","robots":{"index":"index","follow":"follow","max-snippet":"max-snippet:-1","max-image-preview":"max-image-preview:large","max-video-preview":"max-video-preview:-1"},"canonical":"https:\/\/ymalko.al\/en\/product\/mladost-tradicional-eco\/","og_locale":"en_US","og_type":"article","og_title":"Tjegulla Mladost Tradicional ECO - Ymalko Albania","og_description":"Tjegulla Mladost Tradicional ECO \u2013 zgjidhje ekonomike p\u00ebr \u00e7ati me stil klasik, rezistenc\u00eb ndaj motit dhe montim t\u00eb sigurt. Info te Ymalko.","og_url":"https:\/\/ymalko.al\/en\/product\/mladost-tradicional-eco\/","og_site_name":"Ymalko Albania","article_modified_time":"2026-02-11T09:25:18+00:00","og_image":[{"width":1750,"height":1457,"url":"https:\/\/ymalko.al\/wp-content\/uploads\/2026\/01\/MLADOST_Tradicional_Eco-scaled-1.jpg","type":"image\/jpeg"}],"twitter_card":"summary_large_image","twitter_misc":{"Est. reading time":"1 minute"},"schema":{"@context":"https:\/\/schema.org","@graph":[{"@type":"WebPage","@id":"https:\/\/ymalko.al\/product\/mladost-tradicional-eco\/","url":"https:\/\/ymalko.al\/product\/mladost-tradicional-eco\/","name":"Tjegulla Mladost Tradicional ECO - Ymalko Albania","isPartOf":{"@id":"https:\/\/ymalko.al\/#website"},"primaryImageOfPage":{"@id":"https:\/\/ymalko.al\/product\/mladost-tradicional-eco\/#primaryimage"},"image":{"@id":"https:\/\/ymalko.al\/product\/mladost-tradicional-eco\/#primaryimage"},"thumbnailUrl":"https:\/\/ymalko.al\/wp-content\/uploads\/2026\/01\/MLADOST_Tradicional_Eco-scaled-1.jpg","datePublished":"2025-11-01T07:14:33+00:00","dateModified":"2026-02-11T09:25:18+00:00","description":"Tjegulla Mladost Tradicional ECO \u2013 zgjidhje ekonomike p\u00ebr \u00e7ati me stil klasik, rezistenc\u00eb ndaj motit dhe montim t\u00eb sigurt. Info te Ymalko.","breadcrumb":{"@id":"https:\/\/ymalko.al\/product\/mladost-tradicional-eco\/#breadcrumb"},"inLanguage":"en-US","potentialAction":[{"@type":"ReadAction","target":["https:\/\/ymalko.al\/product\/mladost-tradicional-eco\/"]}]},{"@type":"ImageObject","inLanguage":"en-US","@id":"https:\/\/ymalko.al\/product\/mladost-tradicional-eco\/#primaryimage","url":"https:\/\/ymalko.al\/wp-content\/uploads\/2026\/01\/MLADOST_Tradicional_Eco-scaled-1.jpg","contentUrl":"https:\/\/ymalko.al\/wp-content\/uploads\/2026\/01\/MLADOST_Tradicional_Eco-scaled-1.jpg","width":1750,"height":1457},{"@type":"BreadcrumbList","@id":"https:\/\/ymalko.al\/product\/mladost-tradicional-eco\/#breadcrumb","itemListElement":[{"@type":"ListItem","position":1,"name":"Home","item":"https:\/\/ymalko.al\/"},{"@type":"ListItem","position":2,"name":"Produktet","item":"https:\/\/ymalko.al\/produktet\/"},{"@type":"ListItem","position":3,"name":"Mladost Tradicional ECO"}]},{"@type":"WebSite","@id":"https:\/\/ymalko.al\/#website","url":"https:\/\/ymalko.al\/","name":"Ymalko","description":"","publisher":{"@id":"https:\/\/ymalko.al\/#organization"},"potentialAction":[{"@type":"SearchAction","target":{"@type":"EntryPoint","urlTemplate":"https:\/\/ymalko.al\/?s={search_term_string}"},"query-input":{"@type":"PropertyValueSpecification","valueRequired":true,"valueName":"search_term_string"}}],"inLanguage":"en-US"},{"@type":"Organization","@id":"https:\/\/ymalko.al\/#organization","name":"Ymalko","url":"https:\/\/ymalko.al\/","logo":{"@type":"ImageObject","inLanguage":"en-US","@id":"https:\/\/ymalko.al\/#\/schema\/logo\/image\/","url":"https:\/\/ymalko.al\/wp-content\/uploads\/2025\/10\/cropped-cropped-ymalko_mobil_logo-1.jpg","contentUrl":"https:\/\/ymalko.al\/wp-content\/uploads\/2025\/10\/cropped-cropped-ymalko_mobil_logo-1.jpg","width":577,"height":145,"caption":"Ymalko"},"image":{"@id":"https:\/\/ymalko.al\/#\/schema\/logo\/image\/"}}]}},"jetpack_sharing_enabled":true,"_links":{"self":[{"href":"https:\/\/ymalko.al\/en\/wp-json\/wp\/v2\/product\/14465","targetHints":{"allow":["GET"]}}],"collection":[{"href":"https:\/\/ymalko.al\/en\/wp-json\/wp\/v2\/product"}],"about":[{"href":"https:\/\/ymalko.al\/en\/wp-json\/wp\/v2\/types\/product"}],"version-history":[{"count":1,"href":"https:\/\/ymalko.al\/en\/wp-json\/wp\/v2\/product\/14465\/revisions"}],"predecessor-version":[{"id":14466,"href":"https:\/\/ymalko.al\/en\/wp-json\/wp\/v2\/product\/14465\/revisions\/14466"}],"wp:featuredmedia":[{"embeddable":true,"href":"https:\/\/ymalko.al\/en\/wp-json\/wp\/v2\/media\/14656"}],"wp:attachment":[{"href":"https:\/\/ymalko.al\/en\/wp-json\/wp\/v2\/media?parent=14465"}],"wp:term":[{"taxonomy":"product_brand","embeddable":true,"href":"https:\/\/ymalko.al\/en\/wp-json\/wp\/v2\/product_brand?post=14465"},{"taxonomy":"product_cat","embeddable":true,"href":"https:\/\/ymalko.al\/en\/wp-json\/wp\/v2\/product_cat?post=14465"},{"taxonomy":"product_tag","embeddable":true,"href":"https:\/\/ymalko.al\/en\/wp-json\/wp\/v2\/product_tag?post=14465"}],"curies":[{"name":"wp","href":"https:\/\/api.w.org\/{rel}","templated":true}]}}