{"id":14463,"date":"2025-11-01T07:10:33","date_gmt":"2025-11-01T07:10:33","guid":{"rendered":"https:\/\/ymalko.al\/?post_type=product&#038;p=14463"},"modified":"2026-02-11T09:23:58","modified_gmt":"2026-02-11T09:23:58","slug":"mladost-kontinent-natur-pro-12","status":"publish","type":"product","link":"https:\/\/ymalko.al\/en\/product\/mladost-kontinent-natur-pro-12\/","title":{"rendered":"Mladost Kontinent NATUR PRO 12"},"content":{"rendered":"<p>KONTINENT NATUR PRO 12 Kontinent Natur PRO 12 with the Kontinent ECO tile version. Premium tile model produced at the new plant using modern production technology in plaster molds. A combination of the tradition of using high-quality ceramic clays, proven for decades in the production of durable ceramics, with modern design for architectural products. It gives the flat roof an aesthetic effect of light refraction on its slightly concave surface. Made from high-quality clay with a 50-year durability guarantee. Design: a combination of modern and contemporary design. Surface effect: straight, accentuated lines that lend timeless elegance. Technology: produced with the latest technology in plaster molds into which it is pressed, an exceptional final appearance that offers a sense of security and durability for future generations Application: can be applied to all types of roofs with a slope from 15 to 45 degrees Warranty: 50 years<\/p>","protected":false},"excerpt":{"rendered":"<p>KONTINENT NATUR PRO 12 Kontinent Natur PRO 12 me version i tjegull\u00ebs Kontinent ECO. Model tjegullash Premium t\u00eb cilat prodhohen n\u00eb impiantin e ri me teknologjin\u00eb moderne t\u00eb prodhimit n\u00eb kall\u00ebpe all\u00e7ie. Kombinim i tradit\u00ebs t\u00eb p\u00ebrdorimit t\u00eb argjilave qeramike me cil\u00ebsi t\u00eb lart\u00eb t\u00eb provuara prej dekadash p\u00ebr prodhimin e qeramik\u00ebs s\u00eb ashp\u00ebr me [&hellip;]<\/p>\n","protected":false},"featured_media":14643,"template":"","meta":{"_yoast_wpseo_focuskw":"Tjrgulla Mladost Kontinent NATUR PRO 12","_yoast_wpseo_title":"","_yoast_wpseo_metadesc":"Tjegulla Mladost Kontinent NATUR PRO 12 \u2013 pamje natyrale, q\u00ebndrueshm\u00ebri e lart\u00eb dhe rezistenc\u00eb ndaj motit. Info dhe specifika te Ymalko."},"product_brand":[253],"product_cat":[63,64,45,70],"product_tag":[],"class_list":{"0":"post-14463","1":"product","2":"type-product","3":"status-publish","4":"has-post-thumbnail","6":"product_brand-ym1-2","7":"product_cat-cati","8":"product_cat-cati-e-pjerret","9":"product_cat-te-gjitha","10":"product_cat-tjegulla-qeramike","12":"first","13":"instock","14":"shipping-taxable","15":"product-type-simple"},"yoast_head":"<!-- This site is optimized with the Yoast SEO plugin v27.6 - https:\/\/yoast.com\/product\/yoast-seo-wordpress\/ -->\n<title>Mladost Kontinent NATUR PRO 12 | Ymalko Albania<\/title>\n<meta name=\"description\" content=\"Tjegulla Mladost Kontinent NATUR PRO 12 \u2013 pamje natyrale, q\u00ebndrueshm\u00ebri e lart\u00eb dhe rezistenc\u00eb ndaj motit. Info dhe specifika te Ymalko.\" \/>\n<meta name=\"robots\" content=\"index, follow, max-snippet:-1, max-image-preview:large, max-video-preview:-1\" \/>\n<link rel=\"canonical\" href=\"https:\/\/ymalko.al\/en\/product\/mladost-kontinent-natur-pro-12\/\" \/>\n<meta property=\"og:locale\" content=\"en_US\" \/>\n<meta property=\"og:type\" content=\"article\" \/>\n<meta property=\"og:title\" content=\"Mladost Kontinent NATUR PRO 12 | Ymalko Albania\" \/>\n<meta property=\"og:description\" content=\"Tjegulla Mladost Kontinent NATUR PRO 12 \u2013 pamje natyrale, q\u00ebndrueshm\u00ebri e lart\u00eb dhe rezistenc\u00eb ndaj motit. Info dhe specifika te Ymalko.\" \/>\n<meta property=\"og:url\" content=\"https:\/\/ymalko.al\/en\/product\/mladost-kontinent-natur-pro-12\/\" \/>\n<meta property=\"og:site_name\" content=\"Ymalko Albania\" \/>\n<meta property=\"article:modified_time\" content=\"2026-02-11T09:23:58+00:00\" \/>\n<meta property=\"og:image\" content=\"https:\/\/ymalko.al\/wp-content\/uploads\/2026\/01\/MLADOST_Kontinent_Eco-scaled-1.jpg\" \/>\n\t<meta property=\"og:image:width\" content=\"1750\" \/>\n\t<meta property=\"og:image:height\" content=\"1457\" \/>\n\t<meta property=\"og:image:type\" content=\"image\/jpeg\" \/>\n<meta name=\"twitter:card\" content=\"summary_large_image\" \/>\n<meta name=\"twitter:label1\" content=\"Est. reading time\" \/>\n\t<meta name=\"twitter:data1\" content=\"1 minute\" \/>\n<script type=\"application\/ld+json\" class=\"yoast-schema-graph\">{\"@context\":\"https:\\\/\\\/schema.org\",\"@graph\":[{\"@type\":\"WebPage\",\"@id\":\"https:\\\/\\\/ymalko.al\\\/product\\\/mladost-kontinent-natur-pro-12\\\/\",\"url\":\"https:\\\/\\\/ymalko.al\\\/product\\\/mladost-kontinent-natur-pro-12\\\/\",\"name\":\"Mladost Kontinent NATUR PRO 12 | Ymalko Albania\",\"isPartOf\":{\"@id\":\"https:\\\/\\\/ymalko.al\\\/#website\"},\"primaryImageOfPage\":{\"@id\":\"https:\\\/\\\/ymalko.al\\\/product\\\/mladost-kontinent-natur-pro-12\\\/#primaryimage\"},\"image\":{\"@id\":\"https:\\\/\\\/ymalko.al\\\/product\\\/mladost-kontinent-natur-pro-12\\\/#primaryimage\"},\"thumbnailUrl\":\"https:\\\/\\\/ymalko.al\\\/wp-content\\\/uploads\\\/2026\\\/01\\\/MLADOST_Kontinent_Eco-scaled-1.jpg\",\"datePublished\":\"2025-11-01T07:10:33+00:00\",\"dateModified\":\"2026-02-11T09:23:58+00:00\",\"description\":\"Tjegulla Mladost Kontinent NATUR PRO 12 \u2013 pamje natyrale, q\u00ebndrueshm\u00ebri e lart\u00eb dhe rezistenc\u00eb ndaj motit. Info dhe specifika te Ymalko.\",\"breadcrumb\":{\"@id\":\"https:\\\/\\\/ymalko.al\\\/product\\\/mladost-kontinent-natur-pro-12\\\/#breadcrumb\"},\"inLanguage\":\"en-US\",\"potentialAction\":[{\"@type\":\"ReadAction\",\"target\":[\"https:\\\/\\\/ymalko.al\\\/product\\\/mladost-kontinent-natur-pro-12\\\/\"]}]},{\"@type\":\"ImageObject\",\"inLanguage\":\"en-US\",\"@id\":\"https:\\\/\\\/ymalko.al\\\/product\\\/mladost-kontinent-natur-pro-12\\\/#primaryimage\",\"url\":\"https:\\\/\\\/ymalko.al\\\/wp-content\\\/uploads\\\/2026\\\/01\\\/MLADOST_Kontinent_Eco-scaled-1.jpg\",\"contentUrl\":\"https:\\\/\\\/ymalko.al\\\/wp-content\\\/uploads\\\/2026\\\/01\\\/MLADOST_Kontinent_Eco-scaled-1.jpg\",\"width\":1750,\"height\":1457},{\"@type\":\"BreadcrumbList\",\"@id\":\"https:\\\/\\\/ymalko.al\\\/product\\\/mladost-kontinent-natur-pro-12\\\/#breadcrumb\",\"itemListElement\":[{\"@type\":\"ListItem\",\"position\":1,\"name\":\"Home\",\"item\":\"https:\\\/\\\/ymalko.al\\\/\"},{\"@type\":\"ListItem\",\"position\":2,\"name\":\"Produktet\",\"item\":\"https:\\\/\\\/ymalko.al\\\/produktet\\\/\"},{\"@type\":\"ListItem\",\"position\":3,\"name\":\"Mladost Kontinent NATUR PRO 12\"}]},{\"@type\":\"WebSite\",\"@id\":\"https:\\\/\\\/ymalko.al\\\/#website\",\"url\":\"https:\\\/\\\/ymalko.al\\\/\",\"name\":\"Ymalko\",\"description\":\"\",\"publisher\":{\"@id\":\"https:\\\/\\\/ymalko.al\\\/#organization\"},\"potentialAction\":[{\"@type\":\"SearchAction\",\"target\":{\"@type\":\"EntryPoint\",\"urlTemplate\":\"https:\\\/\\\/ymalko.al\\\/?s={search_term_string}\"},\"query-input\":{\"@type\":\"PropertyValueSpecification\",\"valueRequired\":true,\"valueName\":\"search_term_string\"}}],\"inLanguage\":\"en-US\"},{\"@type\":\"Organization\",\"@id\":\"https:\\\/\\\/ymalko.al\\\/#organization\",\"name\":\"Ymalko\",\"url\":\"https:\\\/\\\/ymalko.al\\\/\",\"logo\":{\"@type\":\"ImageObject\",\"inLanguage\":\"en-US\",\"@id\":\"https:\\\/\\\/ymalko.al\\\/#\\\/schema\\\/logo\\\/image\\\/\",\"url\":\"https:\\\/\\\/ymalko.al\\\/wp-content\\\/uploads\\\/2025\\\/10\\\/cropped-cropped-ymalko_mobil_logo-1.jpg\",\"contentUrl\":\"https:\\\/\\\/ymalko.al\\\/wp-content\\\/uploads\\\/2025\\\/10\\\/cropped-cropped-ymalko_mobil_logo-1.jpg\",\"width\":577,\"height\":145,\"caption\":\"Ymalko\"},\"image\":{\"@id\":\"https:\\\/\\\/ymalko.al\\\/#\\\/schema\\\/logo\\\/image\\\/\"}}]}<\/script>\n<!-- \/ Yoast SEO plugin. -->","yoast_head_json":{"title":"Mladost Kontinent NATUR PRO 12 | Ymalko Albania","description":"Tjegulla Mladost Kontinent NATUR PRO 12 \u2013 pamje natyrale, q\u00ebndrueshm\u00ebri e lart\u00eb dhe rezistenc\u00eb ndaj motit. Info dhe specifika te Ymalko.","robots":{"index":"index","follow":"follow","max-snippet":"max-snippet:-1","max-image-preview":"max-image-preview:large","max-video-preview":"max-video-preview:-1"},"canonical":"https:\/\/ymalko.al\/en\/product\/mladost-kontinent-natur-pro-12\/","og_locale":"en_US","og_type":"article","og_title":"Mladost Kontinent NATUR PRO 12 | Ymalko Albania","og_description":"Tjegulla Mladost Kontinent NATUR PRO 12 \u2013 pamje natyrale, q\u00ebndrueshm\u00ebri e lart\u00eb dhe rezistenc\u00eb ndaj motit. Info dhe specifika te Ymalko.","og_url":"https:\/\/ymalko.al\/en\/product\/mladost-kontinent-natur-pro-12\/","og_site_name":"Ymalko Albania","article_modified_time":"2026-02-11T09:23:58+00:00","og_image":[{"width":1750,"height":1457,"url":"https:\/\/ymalko.al\/wp-content\/uploads\/2026\/01\/MLADOST_Kontinent_Eco-scaled-1.jpg","type":"image\/jpeg"}],"twitter_card":"summary_large_image","twitter_misc":{"Est. reading time":"1 minute"},"schema":{"@context":"https:\/\/schema.org","@graph":[{"@type":"WebPage","@id":"https:\/\/ymalko.al\/product\/mladost-kontinent-natur-pro-12\/","url":"https:\/\/ymalko.al\/product\/mladost-kontinent-natur-pro-12\/","name":"Mladost Kontinent NATUR PRO 12 | Ymalko Albania","isPartOf":{"@id":"https:\/\/ymalko.al\/#website"},"primaryImageOfPage":{"@id":"https:\/\/ymalko.al\/product\/mladost-kontinent-natur-pro-12\/#primaryimage"},"image":{"@id":"https:\/\/ymalko.al\/product\/mladost-kontinent-natur-pro-12\/#primaryimage"},"thumbnailUrl":"https:\/\/ymalko.al\/wp-content\/uploads\/2026\/01\/MLADOST_Kontinent_Eco-scaled-1.jpg","datePublished":"2025-11-01T07:10:33+00:00","dateModified":"2026-02-11T09:23:58+00:00","description":"Tjegulla Mladost Kontinent NATUR PRO 12 \u2013 pamje natyrale, q\u00ebndrueshm\u00ebri e lart\u00eb dhe rezistenc\u00eb ndaj motit. Info dhe specifika te Ymalko.","breadcrumb":{"@id":"https:\/\/ymalko.al\/product\/mladost-kontinent-natur-pro-12\/#breadcrumb"},"inLanguage":"en-US","potentialAction":[{"@type":"ReadAction","target":["https:\/\/ymalko.al\/product\/mladost-kontinent-natur-pro-12\/"]}]},{"@type":"ImageObject","inLanguage":"en-US","@id":"https:\/\/ymalko.al\/product\/mladost-kontinent-natur-pro-12\/#primaryimage","url":"https:\/\/ymalko.al\/wp-content\/uploads\/2026\/01\/MLADOST_Kontinent_Eco-scaled-1.jpg","contentUrl":"https:\/\/ymalko.al\/wp-content\/uploads\/2026\/01\/MLADOST_Kontinent_Eco-scaled-1.jpg","width":1750,"height":1457},{"@type":"BreadcrumbList","@id":"https:\/\/ymalko.al\/product\/mladost-kontinent-natur-pro-12\/#breadcrumb","itemListElement":[{"@type":"ListItem","position":1,"name":"Home","item":"https:\/\/ymalko.al\/"},{"@type":"ListItem","position":2,"name":"Produktet","item":"https:\/\/ymalko.al\/produktet\/"},{"@type":"ListItem","position":3,"name":"Mladost Kontinent NATUR PRO 12"}]},{"@type":"WebSite","@id":"https:\/\/ymalko.al\/#website","url":"https:\/\/ymalko.al\/","name":"Ymalko","description":"","publisher":{"@id":"https:\/\/ymalko.al\/#organization"},"potentialAction":[{"@type":"SearchAction","target":{"@type":"EntryPoint","urlTemplate":"https:\/\/ymalko.al\/?s={search_term_string}"},"query-input":{"@type":"PropertyValueSpecification","valueRequired":true,"valueName":"search_term_string"}}],"inLanguage":"en-US"},{"@type":"Organization","@id":"https:\/\/ymalko.al\/#organization","name":"Ymalko","url":"https:\/\/ymalko.al\/","logo":{"@type":"ImageObject","inLanguage":"en-US","@id":"https:\/\/ymalko.al\/#\/schema\/logo\/image\/","url":"https:\/\/ymalko.al\/wp-content\/uploads\/2025\/10\/cropped-cropped-ymalko_mobil_logo-1.jpg","contentUrl":"https:\/\/ymalko.al\/wp-content\/uploads\/2025\/10\/cropped-cropped-ymalko_mobil_logo-1.jpg","width":577,"height":145,"caption":"Ymalko"},"image":{"@id":"https:\/\/ymalko.al\/#\/schema\/logo\/image\/"}}]}},"jetpack_sharing_enabled":true,"_links":{"self":[{"href":"https:\/\/ymalko.al\/en\/wp-json\/wp\/v2\/product\/14463","targetHints":{"allow":["GET"]}}],"collection":[{"href":"https:\/\/ymalko.al\/en\/wp-json\/wp\/v2\/product"}],"about":[{"href":"https:\/\/ymalko.al\/en\/wp-json\/wp\/v2\/types\/product"}],"version-history":[{"count":1,"href":"https:\/\/ymalko.al\/en\/wp-json\/wp\/v2\/product\/14463\/revisions"}],"predecessor-version":[{"id":14464,"href":"https:\/\/ymalko.al\/en\/wp-json\/wp\/v2\/product\/14463\/revisions\/14464"}],"wp:featuredmedia":[{"embeddable":true,"href":"https:\/\/ymalko.al\/en\/wp-json\/wp\/v2\/media\/14643"}],"wp:attachment":[{"href":"https:\/\/ymalko.al\/en\/wp-json\/wp\/v2\/media?parent=14463"}],"wp:term":[{"taxonomy":"product_brand","embeddable":true,"href":"https:\/\/ymalko.al\/en\/wp-json\/wp\/v2\/product_brand?post=14463"},{"taxonomy":"product_cat","embeddable":true,"href":"https:\/\/ymalko.al\/en\/wp-json\/wp\/v2\/product_cat?post=14463"},{"taxonomy":"product_tag","embeddable":true,"href":"https:\/\/ymalko.al\/en\/wp-json\/wp\/v2\/product_tag?post=14463"}],"curies":[{"name":"wp","href":"https:\/\/api.w.org\/{rel}","templated":true}]}}