{"id":14461,"date":"2025-11-01T07:12:32","date_gmt":"2025-11-01T07:12:32","guid":{"rendered":"https:\/\/ymalko.al\/?post_type=product&#038;p=14461"},"modified":"2026-02-11T09:24:55","modified_gmt":"2026-02-11T09:24:55","slug":"tjegulla-mladost-kontinent-eco","status":"publish","type":"product","link":"https:\/\/ymalko.al\/en\/product\/tjegulla-mladost-kontinent-eco\/","title":{"rendered":"Mladost Continent ECO"},"content":{"rendered":"<p>Mladost Kontinent ECO crep is a combination of the traditional use of high-quality ceramic clays, proven for decades in the production of coarse ceramics, with the modern design of architectural products. It gives the impression of a flat roof with the aesthetic effect of light refracting on a slightly concave surface. They are made from high-quality clay with a 50-year durability guarantee.<\/p>","protected":false},"excerpt":{"rendered":"<p>Mladost Kontinent ECO crep \u00ebsht\u00eb nj\u00eb kombinim i pjes\u00ebs tradicionale t\u00eb p\u00ebrdorimit t\u00eb argjilave qeramike me cil\u00ebsi t\u00eb lart\u00eb t\u00eb provuara prej dekadash p\u00ebr prodhimin e qeramik\u00ebs s\u00eb ashp\u00ebr dhe dizajnit modern t\u00eb produkteve arkitekturore. Jep p\u00ebrshtypjen e nj\u00eb \u00e7atie t\u00eb shesht\u00eb me efektin estetik t\u00eb thyerjes s\u00eb drit\u00ebs n\u00eb nj\u00eb sip\u00ebrfaqe paksa konkave. Jan\u00eb [&hellip;]<\/p>\n","protected":false},"featured_media":14655,"template":"","meta":{"_yoast_wpseo_focuskw":"Tjegulla Kontinent ECO","_yoast_wpseo_title":"","_yoast_wpseo_metadesc":"Tjegulla Kontinent ECO \u2013 zgjidhje ekonomike p\u00ebr \u00e7ati t\u00eb q\u00ebndrueshme, me rezistenc\u00eb ndaj motit dhe montim t\u00eb sigurt. Info te Ymalko."},"product_brand":[253],"product_cat":[63,64,45,70],"product_tag":[],"class_list":{"0":"post-14461","1":"product","2":"type-product","3":"status-publish","4":"has-post-thumbnail","6":"product_brand-ym1-2","7":"product_cat-cati","8":"product_cat-cati-e-pjerret","9":"product_cat-te-gjitha","10":"product_cat-tjegulla-qeramike","12":"first","13":"instock","14":"shipping-taxable","15":"product-type-simple"},"yoast_head":"<!-- This site is optimized with the Yoast SEO plugin v27.6 - https:\/\/yoast.com\/product\/yoast-seo-wordpress\/ -->\n<title>Mladost Kontinent ECO | Ymalko Albania<\/title>\n<meta name=\"description\" content=\"Tjegulla Kontinent ECO \u2013 zgjidhje ekonomike p\u00ebr \u00e7ati t\u00eb q\u00ebndrueshme, me rezistenc\u00eb ndaj motit dhe montim t\u00eb sigurt. Info te Ymalko.\" \/>\n<meta name=\"robots\" content=\"index, follow, max-snippet:-1, max-image-preview:large, max-video-preview:-1\" \/>\n<link rel=\"canonical\" href=\"https:\/\/ymalko.al\/en\/product\/tjegulla-mladost-kontinent-eco\/\" \/>\n<meta property=\"og:locale\" content=\"en_US\" \/>\n<meta property=\"og:type\" content=\"article\" \/>\n<meta property=\"og:title\" content=\"Mladost Kontinent ECO | Ymalko Albania\" \/>\n<meta property=\"og:description\" content=\"Tjegulla Kontinent ECO \u2013 zgjidhje ekonomike p\u00ebr \u00e7ati t\u00eb q\u00ebndrueshme, me rezistenc\u00eb ndaj motit dhe montim t\u00eb sigurt. Info te Ymalko.\" \/>\n<meta property=\"og:url\" content=\"https:\/\/ymalko.al\/en\/product\/tjegulla-mladost-kontinent-eco\/\" \/>\n<meta property=\"og:site_name\" content=\"Ymalko Albania\" \/>\n<meta property=\"article:modified_time\" content=\"2026-02-11T09:24:55+00:00\" \/>\n<meta property=\"og:image\" content=\"https:\/\/ymalko.al\/wp-content\/uploads\/2026\/01\/MLADOST_Kontinent_Eco-300x300-1.jpg\" \/>\n\t<meta property=\"og:image:width\" content=\"300\" \/>\n\t<meta property=\"og:image:height\" content=\"300\" \/>\n\t<meta property=\"og:image:type\" content=\"image\/jpeg\" \/>\n<meta name=\"twitter:card\" content=\"summary_large_image\" \/>\n<meta name=\"twitter:label1\" content=\"Est. reading time\" \/>\n\t<meta name=\"twitter:data1\" content=\"1 minute\" \/>\n<script type=\"application\/ld+json\" class=\"yoast-schema-graph\">{\"@context\":\"https:\\\/\\\/schema.org\",\"@graph\":[{\"@type\":\"WebPage\",\"@id\":\"https:\\\/\\\/ymalko.al\\\/product\\\/tjegulla-mladost-kontinent-eco\\\/\",\"url\":\"https:\\\/\\\/ymalko.al\\\/product\\\/tjegulla-mladost-kontinent-eco\\\/\",\"name\":\"Mladost Kontinent ECO | Ymalko Albania\",\"isPartOf\":{\"@id\":\"https:\\\/\\\/ymalko.al\\\/#website\"},\"primaryImageOfPage\":{\"@id\":\"https:\\\/\\\/ymalko.al\\\/product\\\/tjegulla-mladost-kontinent-eco\\\/#primaryimage\"},\"image\":{\"@id\":\"https:\\\/\\\/ymalko.al\\\/product\\\/tjegulla-mladost-kontinent-eco\\\/#primaryimage\"},\"thumbnailUrl\":\"https:\\\/\\\/ymalko.al\\\/wp-content\\\/uploads\\\/2026\\\/01\\\/MLADOST_Kontinent_Eco-300x300-1.jpg\",\"datePublished\":\"2025-11-01T07:12:32+00:00\",\"dateModified\":\"2026-02-11T09:24:55+00:00\",\"description\":\"Tjegulla Kontinent ECO \u2013 zgjidhje ekonomike p\u00ebr \u00e7ati t\u00eb q\u00ebndrueshme, me rezistenc\u00eb ndaj motit dhe montim t\u00eb sigurt. Info te Ymalko.\",\"breadcrumb\":{\"@id\":\"https:\\\/\\\/ymalko.al\\\/product\\\/tjegulla-mladost-kontinent-eco\\\/#breadcrumb\"},\"inLanguage\":\"en-US\",\"potentialAction\":[{\"@type\":\"ReadAction\",\"target\":[\"https:\\\/\\\/ymalko.al\\\/product\\\/tjegulla-mladost-kontinent-eco\\\/\"]}]},{\"@type\":\"ImageObject\",\"inLanguage\":\"en-US\",\"@id\":\"https:\\\/\\\/ymalko.al\\\/product\\\/tjegulla-mladost-kontinent-eco\\\/#primaryimage\",\"url\":\"https:\\\/\\\/ymalko.al\\\/wp-content\\\/uploads\\\/2026\\\/01\\\/MLADOST_Kontinent_Eco-300x300-1.jpg\",\"contentUrl\":\"https:\\\/\\\/ymalko.al\\\/wp-content\\\/uploads\\\/2026\\\/01\\\/MLADOST_Kontinent_Eco-300x300-1.jpg\",\"width\":300,\"height\":300},{\"@type\":\"BreadcrumbList\",\"@id\":\"https:\\\/\\\/ymalko.al\\\/product\\\/tjegulla-mladost-kontinent-eco\\\/#breadcrumb\",\"itemListElement\":[{\"@type\":\"ListItem\",\"position\":1,\"name\":\"Home\",\"item\":\"https:\\\/\\\/ymalko.al\\\/\"},{\"@type\":\"ListItem\",\"position\":2,\"name\":\"Produktet\",\"item\":\"https:\\\/\\\/ymalko.al\\\/produktet\\\/\"},{\"@type\":\"ListItem\",\"position\":3,\"name\":\"Mladost Kontinent ECO\"}]},{\"@type\":\"WebSite\",\"@id\":\"https:\\\/\\\/ymalko.al\\\/#website\",\"url\":\"https:\\\/\\\/ymalko.al\\\/\",\"name\":\"Ymalko\",\"description\":\"\",\"publisher\":{\"@id\":\"https:\\\/\\\/ymalko.al\\\/#organization\"},\"potentialAction\":[{\"@type\":\"SearchAction\",\"target\":{\"@type\":\"EntryPoint\",\"urlTemplate\":\"https:\\\/\\\/ymalko.al\\\/?s={search_term_string}\"},\"query-input\":{\"@type\":\"PropertyValueSpecification\",\"valueRequired\":true,\"valueName\":\"search_term_string\"}}],\"inLanguage\":\"en-US\"},{\"@type\":\"Organization\",\"@id\":\"https:\\\/\\\/ymalko.al\\\/#organization\",\"name\":\"Ymalko\",\"url\":\"https:\\\/\\\/ymalko.al\\\/\",\"logo\":{\"@type\":\"ImageObject\",\"inLanguage\":\"en-US\",\"@id\":\"https:\\\/\\\/ymalko.al\\\/#\\\/schema\\\/logo\\\/image\\\/\",\"url\":\"https:\\\/\\\/ymalko.al\\\/wp-content\\\/uploads\\\/2025\\\/10\\\/cropped-cropped-ymalko_mobil_logo-1.jpg\",\"contentUrl\":\"https:\\\/\\\/ymalko.al\\\/wp-content\\\/uploads\\\/2025\\\/10\\\/cropped-cropped-ymalko_mobil_logo-1.jpg\",\"width\":577,\"height\":145,\"caption\":\"Ymalko\"},\"image\":{\"@id\":\"https:\\\/\\\/ymalko.al\\\/#\\\/schema\\\/logo\\\/image\\\/\"}}]}<\/script>\n<!-- \/ Yoast SEO plugin. -->","yoast_head_json":{"title":"Mladost Kontinent ECO | Ymalko Albania","description":"Tjegulla Kontinent ECO \u2013 zgjidhje ekonomike p\u00ebr \u00e7ati t\u00eb q\u00ebndrueshme, me rezistenc\u00eb ndaj motit dhe montim t\u00eb sigurt. Info te Ymalko.","robots":{"index":"index","follow":"follow","max-snippet":"max-snippet:-1","max-image-preview":"max-image-preview:large","max-video-preview":"max-video-preview:-1"},"canonical":"https:\/\/ymalko.al\/en\/product\/tjegulla-mladost-kontinent-eco\/","og_locale":"en_US","og_type":"article","og_title":"Mladost Kontinent ECO | Ymalko Albania","og_description":"Tjegulla Kontinent ECO \u2013 zgjidhje ekonomike p\u00ebr \u00e7ati t\u00eb q\u00ebndrueshme, me rezistenc\u00eb ndaj motit dhe montim t\u00eb sigurt. Info te Ymalko.","og_url":"https:\/\/ymalko.al\/en\/product\/tjegulla-mladost-kontinent-eco\/","og_site_name":"Ymalko Albania","article_modified_time":"2026-02-11T09:24:55+00:00","og_image":[{"width":300,"height":300,"url":"https:\/\/ymalko.al\/wp-content\/uploads\/2026\/01\/MLADOST_Kontinent_Eco-300x300-1.jpg","type":"image\/jpeg"}],"twitter_card":"summary_large_image","twitter_misc":{"Est. reading time":"1 minute"},"schema":{"@context":"https:\/\/schema.org","@graph":[{"@type":"WebPage","@id":"https:\/\/ymalko.al\/product\/tjegulla-mladost-kontinent-eco\/","url":"https:\/\/ymalko.al\/product\/tjegulla-mladost-kontinent-eco\/","name":"Mladost Kontinent ECO | Ymalko Albania","isPartOf":{"@id":"https:\/\/ymalko.al\/#website"},"primaryImageOfPage":{"@id":"https:\/\/ymalko.al\/product\/tjegulla-mladost-kontinent-eco\/#primaryimage"},"image":{"@id":"https:\/\/ymalko.al\/product\/tjegulla-mladost-kontinent-eco\/#primaryimage"},"thumbnailUrl":"https:\/\/ymalko.al\/wp-content\/uploads\/2026\/01\/MLADOST_Kontinent_Eco-300x300-1.jpg","datePublished":"2025-11-01T07:12:32+00:00","dateModified":"2026-02-11T09:24:55+00:00","description":"Tjegulla Kontinent ECO \u2013 zgjidhje ekonomike p\u00ebr \u00e7ati t\u00eb q\u00ebndrueshme, me rezistenc\u00eb ndaj motit dhe montim t\u00eb sigurt. Info te Ymalko.","breadcrumb":{"@id":"https:\/\/ymalko.al\/product\/tjegulla-mladost-kontinent-eco\/#breadcrumb"},"inLanguage":"en-US","potentialAction":[{"@type":"ReadAction","target":["https:\/\/ymalko.al\/product\/tjegulla-mladost-kontinent-eco\/"]}]},{"@type":"ImageObject","inLanguage":"en-US","@id":"https:\/\/ymalko.al\/product\/tjegulla-mladost-kontinent-eco\/#primaryimage","url":"https:\/\/ymalko.al\/wp-content\/uploads\/2026\/01\/MLADOST_Kontinent_Eco-300x300-1.jpg","contentUrl":"https:\/\/ymalko.al\/wp-content\/uploads\/2026\/01\/MLADOST_Kontinent_Eco-300x300-1.jpg","width":300,"height":300},{"@type":"BreadcrumbList","@id":"https:\/\/ymalko.al\/product\/tjegulla-mladost-kontinent-eco\/#breadcrumb","itemListElement":[{"@type":"ListItem","position":1,"name":"Home","item":"https:\/\/ymalko.al\/"},{"@type":"ListItem","position":2,"name":"Produktet","item":"https:\/\/ymalko.al\/produktet\/"},{"@type":"ListItem","position":3,"name":"Mladost Kontinent ECO"}]},{"@type":"WebSite","@id":"https:\/\/ymalko.al\/#website","url":"https:\/\/ymalko.al\/","name":"Ymalko","description":"","publisher":{"@id":"https:\/\/ymalko.al\/#organization"},"potentialAction":[{"@type":"SearchAction","target":{"@type":"EntryPoint","urlTemplate":"https:\/\/ymalko.al\/?s={search_term_string}"},"query-input":{"@type":"PropertyValueSpecification","valueRequired":true,"valueName":"search_term_string"}}],"inLanguage":"en-US"},{"@type":"Organization","@id":"https:\/\/ymalko.al\/#organization","name":"Ymalko","url":"https:\/\/ymalko.al\/","logo":{"@type":"ImageObject","inLanguage":"en-US","@id":"https:\/\/ymalko.al\/#\/schema\/logo\/image\/","url":"https:\/\/ymalko.al\/wp-content\/uploads\/2025\/10\/cropped-cropped-ymalko_mobil_logo-1.jpg","contentUrl":"https:\/\/ymalko.al\/wp-content\/uploads\/2025\/10\/cropped-cropped-ymalko_mobil_logo-1.jpg","width":577,"height":145,"caption":"Ymalko"},"image":{"@id":"https:\/\/ymalko.al\/#\/schema\/logo\/image\/"}}]}},"jetpack_sharing_enabled":true,"_links":{"self":[{"href":"https:\/\/ymalko.al\/en\/wp-json\/wp\/v2\/product\/14461","targetHints":{"allow":["GET"]}}],"collection":[{"href":"https:\/\/ymalko.al\/en\/wp-json\/wp\/v2\/product"}],"about":[{"href":"https:\/\/ymalko.al\/en\/wp-json\/wp\/v2\/types\/product"}],"version-history":[{"count":1,"href":"https:\/\/ymalko.al\/en\/wp-json\/wp\/v2\/product\/14461\/revisions"}],"predecessor-version":[{"id":14462,"href":"https:\/\/ymalko.al\/en\/wp-json\/wp\/v2\/product\/14461\/revisions\/14462"}],"wp:featuredmedia":[{"embeddable":true,"href":"https:\/\/ymalko.al\/en\/wp-json\/wp\/v2\/media\/14655"}],"wp:attachment":[{"href":"https:\/\/ymalko.al\/en\/wp-json\/wp\/v2\/media?parent=14461"}],"wp:term":[{"taxonomy":"product_brand","embeddable":true,"href":"https:\/\/ymalko.al\/en\/wp-json\/wp\/v2\/product_brand?post=14461"},{"taxonomy":"product_cat","embeddable":true,"href":"https:\/\/ymalko.al\/en\/wp-json\/wp\/v2\/product_cat?post=14461"},{"taxonomy":"product_tag","embeddable":true,"href":"https:\/\/ymalko.al\/en\/wp-json\/wp\/v2\/product_tag?post=14461"}],"curies":[{"name":"wp","href":"https:\/\/api.w.org\/{rel}","templated":true}]}}