{"id":14419,"date":"2025-11-01T07:01:00","date_gmt":"2025-11-01T07:01:00","guid":{"rendered":"https:\/\/ymalko.al\/?post_type=product&#038;p=14419"},"modified":"2026-02-11T09:19:39","modified_gmt":"2026-02-11T09:19:39","slug":"kontinent-pro","status":"publish","type":"product","link":"https:\/\/ymalko.al\/en\/product\/kontinent-pro\/","title":{"rendered":"Continent PRO"},"content":{"rendered":"<p>Mladost Kontinent PRO brick is a premium large-format brick whose surface is refined with engobes in various colors (black, brown, and red). It is produced in black, brown, and red, each of which comes in two finishes, matte and glossy. In proportion to its size, its internal honeycomb structure reduces the overall weight, thereby lessening the load on the roof structure. The tiles feature vertical displacement, allowing for quick fitting into the roof structure without expensive and labor-intensive adjustments to the roof framework or roof battens. Engobe tiles with deep double-folding ensure full coverage of the tiles on the roof surface. They are produced at the New Tile Production Factory using the most modern technology and equipment. They are pressed in plaster molds, which gives them perfectly sharp and elegant lines. They are made from high-quality clay with a 50-year durability guarantee.<\/p>","protected":false},"excerpt":{"rendered":"<p>Tjegulla Mladost Kontinent PRO \u00ebsht\u00eb nj\u00eb tjegull premium e formatit t\u00eb madh, sip\u00ebrfaqja e s\u00eb cil\u00ebs \u00ebsht\u00eb e rafinuar me engobe t\u00eb ngjyrave t\u00eb ndryshme (e zez\u00eb, kafe dhe e kuqe). Prodhohet n\u00eb ngjyr\u00eb t\u00eb zez\u00eb, kafe dhe t\u00eb kuqe, prej t\u00eb cilave secila vjen n\u00eb dy lloje, mat dhe me shk\u00eblqim. N\u00eb proporcjon me [&hellip;]<\/p>\n","protected":false},"featured_media":14481,"template":"","meta":{"_yoast_wpseo_focuskw":"Tjegulla Mladost Kontinent PRO","_yoast_wpseo_title":"Tjegulla %%title%% %%page%% %%sep%% %%sitename%%","_yoast_wpseo_metadesc":"Tjegulla Mladost Kontinent PRO te Ymalko \u2013 stil klasik, jet\u00ebgjat\u00ebsi e lart\u00eb dhe mbrojtje e fort\u00eb p\u00ebr \u00e7atin\u00eb. Informacione dhe specifika."},"product_brand":[253],"product_cat":[63,64,45,70],"product_tag":[],"class_list":{"0":"post-14419","1":"product","2":"type-product","3":"status-publish","4":"has-post-thumbnail","6":"product_brand-ym1-2","7":"product_cat-cati","8":"product_cat-cati-e-pjerret","9":"product_cat-te-gjitha","10":"product_cat-tjegulla-qeramike","12":"first","13":"instock","14":"shipping-taxable","15":"purchasable","16":"product-type-variable"},"yoast_head":"<!-- This site is optimized with the Yoast SEO plugin v27.5 - https:\/\/yoast.com\/product\/yoast-seo-wordpress\/ -->\n<title>Tjegulla Kontinent PRO - Ymalko Albania<\/title>\n<meta name=\"description\" content=\"Tjegulla Mladost Kontinent PRO te Ymalko \u2013 stil klasik, jet\u00ebgjat\u00ebsi e lart\u00eb dhe mbrojtje e fort\u00eb p\u00ebr \u00e7atin\u00eb. Informacione dhe specifika.\" \/>\n<meta name=\"robots\" content=\"index, follow, max-snippet:-1, max-image-preview:large, max-video-preview:-1\" \/>\n<link rel=\"canonical\" href=\"https:\/\/ymalko.al\/en\/product\/kontinent-pro\/\" \/>\n<meta property=\"og:locale\" content=\"en_US\" \/>\n<meta property=\"og:type\" content=\"article\" \/>\n<meta property=\"og:title\" content=\"Tjegulla Kontinent PRO - Ymalko Albania\" \/>\n<meta property=\"og:description\" content=\"Tjegulla Mladost Kontinent PRO te Ymalko \u2013 stil klasik, jet\u00ebgjat\u00ebsi e lart\u00eb dhe mbrojtje e fort\u00eb p\u00ebr \u00e7atin\u00eb. Informacione dhe specifika.\" \/>\n<meta property=\"og:url\" content=\"https:\/\/ymalko.al\/en\/product\/kontinent-pro\/\" \/>\n<meta property=\"og:site_name\" content=\"Ymalko Albania\" \/>\n<meta property=\"article:modified_time\" content=\"2026-02-11T09:19:39+00:00\" \/>\n<meta property=\"og:image\" content=\"https:\/\/ymalko.al\/wp-content\/uploads\/2026\/01\/MLADOST-Kontinent-pro-braon-mat.png\" \/>\n\t<meta property=\"og:image:width\" content=\"1750\" \/>\n\t<meta property=\"og:image:height\" content=\"1750\" \/>\n\t<meta property=\"og:image:type\" content=\"image\/png\" \/>\n<meta name=\"twitter:card\" content=\"summary_large_image\" \/>\n<meta name=\"twitter:label1\" content=\"Est. reading time\" \/>\n\t<meta name=\"twitter:data1\" content=\"1 minute\" \/>\n<script type=\"application\/ld+json\" class=\"yoast-schema-graph\">{\"@context\":\"https:\\\/\\\/schema.org\",\"@graph\":[{\"@type\":\"WebPage\",\"@id\":\"https:\\\/\\\/ymalko.al\\\/product\\\/kontinent-pro\\\/\",\"url\":\"https:\\\/\\\/ymalko.al\\\/product\\\/kontinent-pro\\\/\",\"name\":\"Tjegulla Kontinent PRO - Ymalko Albania\",\"isPartOf\":{\"@id\":\"https:\\\/\\\/ymalko.al\\\/#website\"},\"primaryImageOfPage\":{\"@id\":\"https:\\\/\\\/ymalko.al\\\/product\\\/kontinent-pro\\\/#primaryimage\"},\"image\":{\"@id\":\"https:\\\/\\\/ymalko.al\\\/product\\\/kontinent-pro\\\/#primaryimage\"},\"thumbnailUrl\":\"https:\\\/\\\/ymalko.al\\\/wp-content\\\/uploads\\\/2026\\\/01\\\/MLADOST-Kontinent-pro-braon-mat.png\",\"datePublished\":\"2025-11-01T07:01:00+00:00\",\"dateModified\":\"2026-02-11T09:19:39+00:00\",\"description\":\"Tjegulla Mladost Kontinent PRO te Ymalko \u2013 stil klasik, jet\u00ebgjat\u00ebsi e lart\u00eb dhe mbrojtje e fort\u00eb p\u00ebr \u00e7atin\u00eb. Informacione dhe specifika.\",\"breadcrumb\":{\"@id\":\"https:\\\/\\\/ymalko.al\\\/product\\\/kontinent-pro\\\/#breadcrumb\"},\"inLanguage\":\"en-US\",\"potentialAction\":[{\"@type\":\"ReadAction\",\"target\":[\"https:\\\/\\\/ymalko.al\\\/product\\\/kontinent-pro\\\/\"]}]},{\"@type\":\"ImageObject\",\"inLanguage\":\"en-US\",\"@id\":\"https:\\\/\\\/ymalko.al\\\/product\\\/kontinent-pro\\\/#primaryimage\",\"url\":\"https:\\\/\\\/ymalko.al\\\/wp-content\\\/uploads\\\/2026\\\/01\\\/MLADOST-Kontinent-pro-braon-mat.png\",\"contentUrl\":\"https:\\\/\\\/ymalko.al\\\/wp-content\\\/uploads\\\/2026\\\/01\\\/MLADOST-Kontinent-pro-braon-mat.png\",\"width\":1750,\"height\":1750},{\"@type\":\"BreadcrumbList\",\"@id\":\"https:\\\/\\\/ymalko.al\\\/product\\\/kontinent-pro\\\/#breadcrumb\",\"itemListElement\":[{\"@type\":\"ListItem\",\"position\":1,\"name\":\"Home\",\"item\":\"https:\\\/\\\/ymalko.al\\\/\"},{\"@type\":\"ListItem\",\"position\":2,\"name\":\"Produktet\",\"item\":\"https:\\\/\\\/ymalko.al\\\/produktet\\\/\"},{\"@type\":\"ListItem\",\"position\":3,\"name\":\"Kontinent PRO\"}]},{\"@type\":\"WebSite\",\"@id\":\"https:\\\/\\\/ymalko.al\\\/#website\",\"url\":\"https:\\\/\\\/ymalko.al\\\/\",\"name\":\"Ymalko\",\"description\":\"\",\"publisher\":{\"@id\":\"https:\\\/\\\/ymalko.al\\\/#organization\"},\"potentialAction\":[{\"@type\":\"SearchAction\",\"target\":{\"@type\":\"EntryPoint\",\"urlTemplate\":\"https:\\\/\\\/ymalko.al\\\/?s={search_term_string}\"},\"query-input\":{\"@type\":\"PropertyValueSpecification\",\"valueRequired\":true,\"valueName\":\"search_term_string\"}}],\"inLanguage\":\"en-US\"},{\"@type\":\"Organization\",\"@id\":\"https:\\\/\\\/ymalko.al\\\/#organization\",\"name\":\"Ymalko\",\"url\":\"https:\\\/\\\/ymalko.al\\\/\",\"logo\":{\"@type\":\"ImageObject\",\"inLanguage\":\"en-US\",\"@id\":\"https:\\\/\\\/ymalko.al\\\/#\\\/schema\\\/logo\\\/image\\\/\",\"url\":\"https:\\\/\\\/ymalko.al\\\/wp-content\\\/uploads\\\/2025\\\/10\\\/cropped-cropped-ymalko_mobil_logo-1.jpg\",\"contentUrl\":\"https:\\\/\\\/ymalko.al\\\/wp-content\\\/uploads\\\/2025\\\/10\\\/cropped-cropped-ymalko_mobil_logo-1.jpg\",\"width\":577,\"height\":145,\"caption\":\"Ymalko\"},\"image\":{\"@id\":\"https:\\\/\\\/ymalko.al\\\/#\\\/schema\\\/logo\\\/image\\\/\"}}]}<\/script>\n<!-- \/ Yoast SEO plugin. -->","yoast_head_json":{"title":"Tjegulla Kontinent PRO - Ymalko Albania","description":"Tjegulla Mladost Kontinent PRO te Ymalko \u2013 stil klasik, jet\u00ebgjat\u00ebsi e lart\u00eb dhe mbrojtje e fort\u00eb p\u00ebr \u00e7atin\u00eb. Informacione dhe specifika.","robots":{"index":"index","follow":"follow","max-snippet":"max-snippet:-1","max-image-preview":"max-image-preview:large","max-video-preview":"max-video-preview:-1"},"canonical":"https:\/\/ymalko.al\/en\/product\/kontinent-pro\/","og_locale":"en_US","og_type":"article","og_title":"Tjegulla Kontinent PRO - Ymalko Albania","og_description":"Tjegulla Mladost Kontinent PRO te Ymalko \u2013 stil klasik, jet\u00ebgjat\u00ebsi e lart\u00eb dhe mbrojtje e fort\u00eb p\u00ebr \u00e7atin\u00eb. Informacione dhe specifika.","og_url":"https:\/\/ymalko.al\/en\/product\/kontinent-pro\/","og_site_name":"Ymalko Albania","article_modified_time":"2026-02-11T09:19:39+00:00","og_image":[{"width":1750,"height":1750,"url":"https:\/\/ymalko.al\/wp-content\/uploads\/2026\/01\/MLADOST-Kontinent-pro-braon-mat.png","type":"image\/png"}],"twitter_card":"summary_large_image","twitter_misc":{"Est. reading time":"1 minute"},"schema":{"@context":"https:\/\/schema.org","@graph":[{"@type":"WebPage","@id":"https:\/\/ymalko.al\/product\/kontinent-pro\/","url":"https:\/\/ymalko.al\/product\/kontinent-pro\/","name":"Tjegulla Kontinent PRO - Ymalko Albania","isPartOf":{"@id":"https:\/\/ymalko.al\/#website"},"primaryImageOfPage":{"@id":"https:\/\/ymalko.al\/product\/kontinent-pro\/#primaryimage"},"image":{"@id":"https:\/\/ymalko.al\/product\/kontinent-pro\/#primaryimage"},"thumbnailUrl":"https:\/\/ymalko.al\/wp-content\/uploads\/2026\/01\/MLADOST-Kontinent-pro-braon-mat.png","datePublished":"2025-11-01T07:01:00+00:00","dateModified":"2026-02-11T09:19:39+00:00","description":"Tjegulla Mladost Kontinent PRO te Ymalko \u2013 stil klasik, jet\u00ebgjat\u00ebsi e lart\u00eb dhe mbrojtje e fort\u00eb p\u00ebr \u00e7atin\u00eb. Informacione dhe specifika.","breadcrumb":{"@id":"https:\/\/ymalko.al\/product\/kontinent-pro\/#breadcrumb"},"inLanguage":"en-US","potentialAction":[{"@type":"ReadAction","target":["https:\/\/ymalko.al\/product\/kontinent-pro\/"]}]},{"@type":"ImageObject","inLanguage":"en-US","@id":"https:\/\/ymalko.al\/product\/kontinent-pro\/#primaryimage","url":"https:\/\/ymalko.al\/wp-content\/uploads\/2026\/01\/MLADOST-Kontinent-pro-braon-mat.png","contentUrl":"https:\/\/ymalko.al\/wp-content\/uploads\/2026\/01\/MLADOST-Kontinent-pro-braon-mat.png","width":1750,"height":1750},{"@type":"BreadcrumbList","@id":"https:\/\/ymalko.al\/product\/kontinent-pro\/#breadcrumb","itemListElement":[{"@type":"ListItem","position":1,"name":"Home","item":"https:\/\/ymalko.al\/"},{"@type":"ListItem","position":2,"name":"Produktet","item":"https:\/\/ymalko.al\/produktet\/"},{"@type":"ListItem","position":3,"name":"Kontinent PRO"}]},{"@type":"WebSite","@id":"https:\/\/ymalko.al\/#website","url":"https:\/\/ymalko.al\/","name":"Ymalko","description":"","publisher":{"@id":"https:\/\/ymalko.al\/#organization"},"potentialAction":[{"@type":"SearchAction","target":{"@type":"EntryPoint","urlTemplate":"https:\/\/ymalko.al\/?s={search_term_string}"},"query-input":{"@type":"PropertyValueSpecification","valueRequired":true,"valueName":"search_term_string"}}],"inLanguage":"en-US"},{"@type":"Organization","@id":"https:\/\/ymalko.al\/#organization","name":"Ymalko","url":"https:\/\/ymalko.al\/","logo":{"@type":"ImageObject","inLanguage":"en-US","@id":"https:\/\/ymalko.al\/#\/schema\/logo\/image\/","url":"https:\/\/ymalko.al\/wp-content\/uploads\/2025\/10\/cropped-cropped-ymalko_mobil_logo-1.jpg","contentUrl":"https:\/\/ymalko.al\/wp-content\/uploads\/2025\/10\/cropped-cropped-ymalko_mobil_logo-1.jpg","width":577,"height":145,"caption":"Ymalko"},"image":{"@id":"https:\/\/ymalko.al\/#\/schema\/logo\/image\/"}}]}},"jetpack_sharing_enabled":true,"_links":{"self":[{"href":"https:\/\/ymalko.al\/en\/wp-json\/wp\/v2\/product\/14419","targetHints":{"allow":["GET"]}}],"collection":[{"href":"https:\/\/ymalko.al\/en\/wp-json\/wp\/v2\/product"}],"about":[{"href":"https:\/\/ymalko.al\/en\/wp-json\/wp\/v2\/types\/product"}],"version-history":[{"count":1,"href":"https:\/\/ymalko.al\/en\/wp-json\/wp\/v2\/product\/14419\/revisions"}],"predecessor-version":[{"id":14420,"href":"https:\/\/ymalko.al\/en\/wp-json\/wp\/v2\/product\/14419\/revisions\/14420"}],"wp:featuredmedia":[{"embeddable":true,"href":"https:\/\/ymalko.al\/en\/wp-json\/wp\/v2\/media\/14481"}],"wp:attachment":[{"href":"https:\/\/ymalko.al\/en\/wp-json\/wp\/v2\/media?parent=14419"}],"wp:term":[{"taxonomy":"product_brand","embeddable":true,"href":"https:\/\/ymalko.al\/en\/wp-json\/wp\/v2\/product_brand?post=14419"},{"taxonomy":"product_cat","embeddable":true,"href":"https:\/\/ymalko.al\/en\/wp-json\/wp\/v2\/product_cat?post=14419"},{"taxonomy":"product_tag","embeddable":true,"href":"https:\/\/ymalko.al\/en\/wp-json\/wp\/v2\/product_tag?post=14419"}],"curies":[{"name":"wp","href":"https:\/\/api.w.org\/{rel}","templated":true}]}}