{"id":14409,"date":"2026-01-14T13:31:28","date_gmt":"2026-01-14T13:31:28","guid":{"rendered":"https:\/\/ymalko.al\/?post_type=product&#038;p=14409"},"modified":"2026-04-30T09:02:55","modified_gmt":"2026-04-30T09:02:55","slug":"element-perfundimtare-majtas-pro","status":"publish","type":"product","link":"https:\/\/ymalko.al\/en\/product\/element-perfundimtare-majtas-pro\/","title":{"rendered":"Ending Element Left PRO"},"content":{"rendered":"<p>The final element on the left is a PRO design element that is used in the roof system instead of windbreaks, and together with tiles and other accompanying elements, they form a unique roof whole. By refining the upper surface with engobe, we obtain special elements of beautiful and durable colors in matte and glossy variants. The proven service life of roof tiles and special elements is over 50 years.<\/p>","protected":false},"excerpt":{"rendered":"<p>Elementi p\u00ebrfundimtar\u00eb majtas PRO element dizajni, i cili p\u00ebrdoret n\u00eb sistemin e \u00e7atis\u00eb n\u00eb vend t\u00eb fletave kund\u00ebr er\u00ebs, nd\u00ebrsa me tjegulla dhe elemente t\u00eb tjera shoq\u00ebruese p\u00ebrb\u00ebjn\u00eb nj\u00eb t\u00ebr\u00ebsi unike t\u00eb \u00e7atis\u00eb. Me rafinimin e sip\u00ebrfaqes s\u00eb sip\u00ebrme me engobe, p\u00ebrfitojm\u00eb elemente speciale t\u00eb ngjyrave t\u00eb bukura dhe t\u00eb q\u00ebndrueshme n\u00eb variante mat dhe [&hellip;]<\/p>\n","protected":false},"featured_media":14605,"template":"","meta":{"_yoast_wpseo_focuskw":"element p\u00ebrfundimtar majtas PRO","_yoast_wpseo_title":"","_yoast_wpseo_metadesc":""},"product_brand":[253],"product_cat":[72,63,64,66,45,70],"product_tag":[],"class_list":{"0":"post-14409","1":"product","2":"type-product","3":"status-publish","4":"has-post-thumbnail","6":"product_brand-ym1-2","7":"product_cat-buza-e-catise","8":"product_cat-cati","9":"product_cat-cati-e-pjerret","10":"product_cat-aksesore-cati","11":"product_cat-te-gjitha","12":"product_cat-tjegulla-qeramike","14":"first","15":"instock","16":"shipping-taxable","17":"purchasable","18":"product-type-variable"},"yoast_head":"<!-- This site is optimized with the Yoast SEO plugin v27.5 - https:\/\/yoast.com\/product\/yoast-seo-wordpress\/ -->\n<title>Element P\u00ebrfundimtar\u00eb Majtas PRO | Ymalko Albania<\/title>\n<meta name=\"description\" content=\"BliniElement P\u00ebrfundimtar\u00eb Majtas PRO n\u00eb Ymalko Albania. Produkte cil\u00ebsore p\u00ebr nd\u00ebrtim, \u00e7ati, izolim, fasada dhe renovim.\" \/>\n<meta name=\"robots\" content=\"index, follow, max-snippet:-1, max-image-preview:large, max-video-preview:-1\" \/>\n<link rel=\"canonical\" href=\"https:\/\/ymalko.al\/en\/product\/element-perfundimtare-majtas-pro\/\" \/>\n<meta property=\"og:locale\" content=\"en_US\" \/>\n<meta property=\"og:type\" content=\"article\" \/>\n<meta property=\"og:title\" content=\"Element P\u00ebrfundimtar\u00eb Majtas PRO | Ymalko Albania\" \/>\n<meta property=\"og:description\" content=\"BliniElement P\u00ebrfundimtar\u00eb Majtas PRO n\u00eb Ymalko Albania. Produkte cil\u00ebsore p\u00ebr nd\u00ebrtim, \u00e7ati, izolim, fasada dhe renovim.\" \/>\n<meta property=\"og:url\" content=\"https:\/\/ymalko.al\/en\/product\/element-perfundimtare-majtas-pro\/\" \/>\n<meta property=\"og:site_name\" content=\"Ymalko Albania\" \/>\n<meta property=\"article:modified_time\" content=\"2026-04-30T09:02:55+00:00\" \/>\n<meta property=\"og:image\" content=\"https:\/\/ymalko.al\/wp-content\/uploads\/2026\/01\/Zavrsni_Levi_Pro_Crveni_mat.png\" \/>\n\t<meta property=\"og:image:width\" content=\"1522\" \/>\n\t<meta property=\"og:image:height\" content=\"1750\" \/>\n\t<meta property=\"og:image:type\" content=\"image\/png\" \/>\n<meta name=\"twitter:card\" content=\"summary_large_image\" \/>\n<meta name=\"twitter:label1\" content=\"Est. reading time\" \/>\n\t<meta name=\"twitter:data1\" content=\"1 minute\" \/>\n<script type=\"application\/ld+json\" class=\"yoast-schema-graph\">{\"@context\":\"https:\\\/\\\/schema.org\",\"@graph\":[{\"@type\":\"WebPage\",\"@id\":\"https:\\\/\\\/ymalko.al\\\/product\\\/element-perfundimtare-majtas-pro\\\/\",\"url\":\"https:\\\/\\\/ymalko.al\\\/product\\\/element-perfundimtare-majtas-pro\\\/\",\"name\":\"Element P\u00ebrfundimtar\u00eb Majtas PRO | Ymalko Albania\",\"isPartOf\":{\"@id\":\"https:\\\/\\\/ymalko.al\\\/#website\"},\"primaryImageOfPage\":{\"@id\":\"https:\\\/\\\/ymalko.al\\\/product\\\/element-perfundimtare-majtas-pro\\\/#primaryimage\"},\"image\":{\"@id\":\"https:\\\/\\\/ymalko.al\\\/product\\\/element-perfundimtare-majtas-pro\\\/#primaryimage\"},\"thumbnailUrl\":\"https:\\\/\\\/ymalko.al\\\/wp-content\\\/uploads\\\/2026\\\/01\\\/Zavrsni_Levi_Pro_Crveni_mat.png\",\"datePublished\":\"2026-01-14T13:31:28+00:00\",\"dateModified\":\"2026-04-30T09:02:55+00:00\",\"description\":\"BliniElement P\u00ebrfundimtar\u00eb Majtas PRO n\u00eb Ymalko Albania. Produkte cil\u00ebsore p\u00ebr nd\u00ebrtim, \u00e7ati, izolim, fasada dhe renovim.\",\"breadcrumb\":{\"@id\":\"https:\\\/\\\/ymalko.al\\\/product\\\/element-perfundimtare-majtas-pro\\\/#breadcrumb\"},\"inLanguage\":\"en-US\",\"potentialAction\":[{\"@type\":\"ReadAction\",\"target\":[\"https:\\\/\\\/ymalko.al\\\/product\\\/element-perfundimtare-majtas-pro\\\/\"]}]},{\"@type\":\"ImageObject\",\"inLanguage\":\"en-US\",\"@id\":\"https:\\\/\\\/ymalko.al\\\/product\\\/element-perfundimtare-majtas-pro\\\/#primaryimage\",\"url\":\"https:\\\/\\\/ymalko.al\\\/wp-content\\\/uploads\\\/2026\\\/01\\\/Zavrsni_Levi_Pro_Crveni_mat.png\",\"contentUrl\":\"https:\\\/\\\/ymalko.al\\\/wp-content\\\/uploads\\\/2026\\\/01\\\/Zavrsni_Levi_Pro_Crveni_mat.png\",\"width\":1522,\"height\":1750},{\"@type\":\"BreadcrumbList\",\"@id\":\"https:\\\/\\\/ymalko.al\\\/product\\\/element-perfundimtare-majtas-pro\\\/#breadcrumb\",\"itemListElement\":[{\"@type\":\"ListItem\",\"position\":1,\"name\":\"Home\",\"item\":\"https:\\\/\\\/ymalko.al\\\/\"},{\"@type\":\"ListItem\",\"position\":2,\"name\":\"Produktet\",\"item\":\"https:\\\/\\\/ymalko.al\\\/produktet\\\/\"},{\"@type\":\"ListItem\",\"position\":3,\"name\":\"Element P\u00ebrfundimtar\u00eb Majtas PRO\"}]},{\"@type\":\"WebSite\",\"@id\":\"https:\\\/\\\/ymalko.al\\\/#website\",\"url\":\"https:\\\/\\\/ymalko.al\\\/\",\"name\":\"Ymalko\",\"description\":\"\",\"publisher\":{\"@id\":\"https:\\\/\\\/ymalko.al\\\/#organization\"},\"potentialAction\":[{\"@type\":\"SearchAction\",\"target\":{\"@type\":\"EntryPoint\",\"urlTemplate\":\"https:\\\/\\\/ymalko.al\\\/?s={search_term_string}\"},\"query-input\":{\"@type\":\"PropertyValueSpecification\",\"valueRequired\":true,\"valueName\":\"search_term_string\"}}],\"inLanguage\":\"en-US\"},{\"@type\":\"Organization\",\"@id\":\"https:\\\/\\\/ymalko.al\\\/#organization\",\"name\":\"Ymalko\",\"url\":\"https:\\\/\\\/ymalko.al\\\/\",\"logo\":{\"@type\":\"ImageObject\",\"inLanguage\":\"en-US\",\"@id\":\"https:\\\/\\\/ymalko.al\\\/#\\\/schema\\\/logo\\\/image\\\/\",\"url\":\"https:\\\/\\\/ymalko.al\\\/wp-content\\\/uploads\\\/2025\\\/10\\\/cropped-cropped-ymalko_mobil_logo-1.jpg\",\"contentUrl\":\"https:\\\/\\\/ymalko.al\\\/wp-content\\\/uploads\\\/2025\\\/10\\\/cropped-cropped-ymalko_mobil_logo-1.jpg\",\"width\":577,\"height\":145,\"caption\":\"Ymalko\"},\"image\":{\"@id\":\"https:\\\/\\\/ymalko.al\\\/#\\\/schema\\\/logo\\\/image\\\/\"}}]}<\/script>\n<!-- \/ Yoast SEO plugin. -->","yoast_head_json":{"title":"Element P\u00ebrfundimtar\u00eb Majtas PRO | Ymalko Albania","description":"BliniElement P\u00ebrfundimtar\u00eb Majtas PRO n\u00eb Ymalko Albania. Produkte cil\u00ebsore p\u00ebr nd\u00ebrtim, \u00e7ati, izolim, fasada dhe renovim.","robots":{"index":"index","follow":"follow","max-snippet":"max-snippet:-1","max-image-preview":"max-image-preview:large","max-video-preview":"max-video-preview:-1"},"canonical":"https:\/\/ymalko.al\/en\/product\/element-perfundimtare-majtas-pro\/","og_locale":"en_US","og_type":"article","og_title":"Element P\u00ebrfundimtar\u00eb Majtas PRO | Ymalko Albania","og_description":"BliniElement P\u00ebrfundimtar\u00eb Majtas PRO n\u00eb Ymalko Albania. Produkte cil\u00ebsore p\u00ebr nd\u00ebrtim, \u00e7ati, izolim, fasada dhe renovim.","og_url":"https:\/\/ymalko.al\/en\/product\/element-perfundimtare-majtas-pro\/","og_site_name":"Ymalko Albania","article_modified_time":"2026-04-30T09:02:55+00:00","og_image":[{"width":1522,"height":1750,"url":"https:\/\/ymalko.al\/wp-content\/uploads\/2026\/01\/Zavrsni_Levi_Pro_Crveni_mat.png","type":"image\/png"}],"twitter_card":"summary_large_image","twitter_misc":{"Est. reading time":"1 minute"},"schema":{"@context":"https:\/\/schema.org","@graph":[{"@type":"WebPage","@id":"https:\/\/ymalko.al\/product\/element-perfundimtare-majtas-pro\/","url":"https:\/\/ymalko.al\/product\/element-perfundimtare-majtas-pro\/","name":"Element P\u00ebrfundimtar\u00eb Majtas PRO | Ymalko Albania","isPartOf":{"@id":"https:\/\/ymalko.al\/#website"},"primaryImageOfPage":{"@id":"https:\/\/ymalko.al\/product\/element-perfundimtare-majtas-pro\/#primaryimage"},"image":{"@id":"https:\/\/ymalko.al\/product\/element-perfundimtare-majtas-pro\/#primaryimage"},"thumbnailUrl":"https:\/\/ymalko.al\/wp-content\/uploads\/2026\/01\/Zavrsni_Levi_Pro_Crveni_mat.png","datePublished":"2026-01-14T13:31:28+00:00","dateModified":"2026-04-30T09:02:55+00:00","description":"BliniElement P\u00ebrfundimtar\u00eb Majtas PRO n\u00eb Ymalko Albania. Produkte cil\u00ebsore p\u00ebr nd\u00ebrtim, \u00e7ati, izolim, fasada dhe renovim.","breadcrumb":{"@id":"https:\/\/ymalko.al\/product\/element-perfundimtare-majtas-pro\/#breadcrumb"},"inLanguage":"en-US","potentialAction":[{"@type":"ReadAction","target":["https:\/\/ymalko.al\/product\/element-perfundimtare-majtas-pro\/"]}]},{"@type":"ImageObject","inLanguage":"en-US","@id":"https:\/\/ymalko.al\/product\/element-perfundimtare-majtas-pro\/#primaryimage","url":"https:\/\/ymalko.al\/wp-content\/uploads\/2026\/01\/Zavrsni_Levi_Pro_Crveni_mat.png","contentUrl":"https:\/\/ymalko.al\/wp-content\/uploads\/2026\/01\/Zavrsni_Levi_Pro_Crveni_mat.png","width":1522,"height":1750},{"@type":"BreadcrumbList","@id":"https:\/\/ymalko.al\/product\/element-perfundimtare-majtas-pro\/#breadcrumb","itemListElement":[{"@type":"ListItem","position":1,"name":"Home","item":"https:\/\/ymalko.al\/"},{"@type":"ListItem","position":2,"name":"Produktet","item":"https:\/\/ymalko.al\/produktet\/"},{"@type":"ListItem","position":3,"name":"Element P\u00ebrfundimtar\u00eb Majtas PRO"}]},{"@type":"WebSite","@id":"https:\/\/ymalko.al\/#website","url":"https:\/\/ymalko.al\/","name":"Ymalko","description":"","publisher":{"@id":"https:\/\/ymalko.al\/#organization"},"potentialAction":[{"@type":"SearchAction","target":{"@type":"EntryPoint","urlTemplate":"https:\/\/ymalko.al\/?s={search_term_string}"},"query-input":{"@type":"PropertyValueSpecification","valueRequired":true,"valueName":"search_term_string"}}],"inLanguage":"en-US"},{"@type":"Organization","@id":"https:\/\/ymalko.al\/#organization","name":"Ymalko","url":"https:\/\/ymalko.al\/","logo":{"@type":"ImageObject","inLanguage":"en-US","@id":"https:\/\/ymalko.al\/#\/schema\/logo\/image\/","url":"https:\/\/ymalko.al\/wp-content\/uploads\/2025\/10\/cropped-cropped-ymalko_mobil_logo-1.jpg","contentUrl":"https:\/\/ymalko.al\/wp-content\/uploads\/2025\/10\/cropped-cropped-ymalko_mobil_logo-1.jpg","width":577,"height":145,"caption":"Ymalko"},"image":{"@id":"https:\/\/ymalko.al\/#\/schema\/logo\/image\/"}}]}},"jetpack_sharing_enabled":true,"_links":{"self":[{"href":"https:\/\/ymalko.al\/en\/wp-json\/wp\/v2\/product\/14409","targetHints":{"allow":["GET"]}}],"collection":[{"href":"https:\/\/ymalko.al\/en\/wp-json\/wp\/v2\/product"}],"about":[{"href":"https:\/\/ymalko.al\/en\/wp-json\/wp\/v2\/types\/product"}],"version-history":[{"count":1,"href":"https:\/\/ymalko.al\/en\/wp-json\/wp\/v2\/product\/14409\/revisions"}],"predecessor-version":[{"id":14410,"href":"https:\/\/ymalko.al\/en\/wp-json\/wp\/v2\/product\/14409\/revisions\/14410"}],"wp:featuredmedia":[{"embeddable":true,"href":"https:\/\/ymalko.al\/en\/wp-json\/wp\/v2\/media\/14605"}],"wp:attachment":[{"href":"https:\/\/ymalko.al\/en\/wp-json\/wp\/v2\/media?parent=14409"}],"wp:term":[{"taxonomy":"product_brand","embeddable":true,"href":"https:\/\/ymalko.al\/en\/wp-json\/wp\/v2\/product_brand?post=14409"},{"taxonomy":"product_cat","embeddable":true,"href":"https:\/\/ymalko.al\/en\/wp-json\/wp\/v2\/product_cat?post=14409"},{"taxonomy":"product_tag","embeddable":true,"href":"https:\/\/ymalko.al\/en\/wp-json\/wp\/v2\/product_tag?post=14409"}],"curies":[{"name":"wp","href":"https:\/\/api.w.org\/{rel}","templated":true}]}}