{"id":14395,"date":"2026-01-14T13:31:27","date_gmt":"2026-01-14T13:31:27","guid":{"rendered":"https:\/\/ymalko.al\/?post_type=product&#038;p=14395"},"modified":"2026-04-30T09:03:25","modified_gmt":"2026-04-30T09:03:25","slug":"borembajtes-pro-12","status":"publish","type":"product","link":"https:\/\/ymalko.al\/en\/product\/borembajtes-pro-12\/","title":{"rendered":"Snowplow PRO 12"},"content":{"rendered":"<p>The Mladost PRO 12 snow retainer is a component designed to prevent uncontrolled sliding of snow and ice from the roof surface. The quantity and arrangement should be adapted depending on the roof pitch and climatic zone. Thanks to its double channels and lines, this type of tile provides better roof surface safety, which eliminates factors that could lead to rain penetration due to strong wind and dry snow.<\/p>","protected":false},"excerpt":{"rendered":"<p>Bor\u00ebmbajt\u00ebsi Mladost PRO 12 \u00ebsht\u00eb nj\u00eb element i destinuar p\u00ebr parandalimin e rr\u00ebshqitjes s\u00eb pakontrolluar t\u00eb bor\u00ebs dhe akullit nga sip\u00ebrfaqja e \u00e7atis\u00eb. Sasia dhe rregullimi duhet t\u00eb p\u00ebrshtatet n\u00eb var\u00ebsi t\u00eb pjerrt\u00ebsis\u00eb s\u00eb \u00e7atis\u00eb dhe zon\u00ebs klimatike. Fal\u00eb kanaleve dhe linjave tnaleve dhe linjave t\u00eb dyfishta, ky lloj tjegulle mund\u00ebson sigurin\u00eb m\u00eb t\u00eb mir\u00eb [&hellip;]<\/p>\n","protected":false},"featured_media":14654,"template":"","meta":{"_yoast_wpseo_focuskw":"bor\u00ebmbajt\u00ebs PRO 12","_yoast_wpseo_title":"","_yoast_wpseo_metadesc":""},"product_brand":[253],"product_cat":[63,64,66,81,45],"product_tag":[],"class_list":{"0":"post-14395","1":"product","2":"type-product","3":"status-publish","4":"has-post-thumbnail","6":"product_brand-ym1-2","7":"product_cat-cati","8":"product_cat-cati-e-pjerret","9":"product_cat-aksesore-cati","10":"product_cat-siguria-ndaj-bores","11":"product_cat-te-gjitha","13":"first","14":"instock","15":"shipping-taxable","16":"product-type-simple"},"yoast_head":"<!-- This site is optimized with the Yoast SEO plugin v27.5 - https:\/\/yoast.com\/product\/yoast-seo-wordpress\/ -->\n<title>Bor\u00ebmbajt\u00ebs PRO 12 | Ymalko Albania<\/title>\n<meta name=\"description\" content=\"BliniBor\u00ebmbajt\u00ebs PRO 12 n\u00eb Ymalko Albania. Produkte cil\u00ebsore p\u00ebr nd\u00ebrtim, \u00e7ati, izolim, fasada dhe renovim.\" \/>\n<meta name=\"robots\" content=\"index, follow, max-snippet:-1, max-image-preview:large, max-video-preview:-1\" \/>\n<link rel=\"canonical\" href=\"https:\/\/ymalko.al\/en\/product\/borembajtes-pro-12\/\" \/>\n<meta property=\"og:locale\" content=\"en_US\" \/>\n<meta property=\"og:type\" content=\"article\" \/>\n<meta property=\"og:title\" content=\"Bor\u00ebmbajt\u00ebs PRO 12 | Ymalko Albania\" \/>\n<meta property=\"og:description\" content=\"BliniBor\u00ebmbajt\u00ebs PRO 12 n\u00eb Ymalko Albania. Produkte cil\u00ebsore p\u00ebr nd\u00ebrtim, \u00e7ati, izolim, fasada dhe renovim.\" \/>\n<meta property=\"og:url\" content=\"https:\/\/ymalko.al\/en\/product\/borembajtes-pro-12\/\" \/>\n<meta property=\"og:site_name\" content=\"Ymalko Albania\" \/>\n<meta property=\"article:modified_time\" content=\"2026-04-30T09:03:25+00:00\" \/>\n<meta property=\"og:image\" content=\"https:\/\/ymalko.al\/wp-content\/uploads\/2026\/01\/MLADOST_Snegobran_eco.png\" \/>\n\t<meta property=\"og:image:width\" content=\"1750\" \/>\n\t<meta property=\"og:image:height\" content=\"1750\" \/>\n\t<meta property=\"og:image:type\" content=\"image\/png\" \/>\n<meta name=\"twitter:card\" content=\"summary_large_image\" \/>\n<meta name=\"twitter:label1\" content=\"Est. reading time\" \/>\n\t<meta name=\"twitter:data1\" content=\"1 minute\" \/>\n<script type=\"application\/ld+json\" class=\"yoast-schema-graph\">{\"@context\":\"https:\\\/\\\/schema.org\",\"@graph\":[{\"@type\":\"WebPage\",\"@id\":\"https:\\\/\\\/ymalko.al\\\/product\\\/borembajtes-pro-12\\\/\",\"url\":\"https:\\\/\\\/ymalko.al\\\/product\\\/borembajtes-pro-12\\\/\",\"name\":\"Bor\u00ebmbajt\u00ebs PRO 12 | Ymalko Albania\",\"isPartOf\":{\"@id\":\"https:\\\/\\\/ymalko.al\\\/#website\"},\"primaryImageOfPage\":{\"@id\":\"https:\\\/\\\/ymalko.al\\\/product\\\/borembajtes-pro-12\\\/#primaryimage\"},\"image\":{\"@id\":\"https:\\\/\\\/ymalko.al\\\/product\\\/borembajtes-pro-12\\\/#primaryimage\"},\"thumbnailUrl\":\"https:\\\/\\\/ymalko.al\\\/wp-content\\\/uploads\\\/2026\\\/01\\\/MLADOST_Snegobran_eco.png\",\"datePublished\":\"2026-01-14T13:31:27+00:00\",\"dateModified\":\"2026-04-30T09:03:25+00:00\",\"description\":\"BliniBor\u00ebmbajt\u00ebs PRO 12 n\u00eb Ymalko Albania. Produkte cil\u00ebsore p\u00ebr nd\u00ebrtim, \u00e7ati, izolim, fasada dhe renovim.\",\"breadcrumb\":{\"@id\":\"https:\\\/\\\/ymalko.al\\\/product\\\/borembajtes-pro-12\\\/#breadcrumb\"},\"inLanguage\":\"en-US\",\"potentialAction\":[{\"@type\":\"ReadAction\",\"target\":[\"https:\\\/\\\/ymalko.al\\\/product\\\/borembajtes-pro-12\\\/\"]}]},{\"@type\":\"ImageObject\",\"inLanguage\":\"en-US\",\"@id\":\"https:\\\/\\\/ymalko.al\\\/product\\\/borembajtes-pro-12\\\/#primaryimage\",\"url\":\"https:\\\/\\\/ymalko.al\\\/wp-content\\\/uploads\\\/2026\\\/01\\\/MLADOST_Snegobran_eco.png\",\"contentUrl\":\"https:\\\/\\\/ymalko.al\\\/wp-content\\\/uploads\\\/2026\\\/01\\\/MLADOST_Snegobran_eco.png\",\"width\":1750,\"height\":1750},{\"@type\":\"BreadcrumbList\",\"@id\":\"https:\\\/\\\/ymalko.al\\\/product\\\/borembajtes-pro-12\\\/#breadcrumb\",\"itemListElement\":[{\"@type\":\"ListItem\",\"position\":1,\"name\":\"Home\",\"item\":\"https:\\\/\\\/ymalko.al\\\/\"},{\"@type\":\"ListItem\",\"position\":2,\"name\":\"Produktet\",\"item\":\"https:\\\/\\\/ymalko.al\\\/produktet\\\/\"},{\"@type\":\"ListItem\",\"position\":3,\"name\":\"Bor\u00ebmbajt\u00ebs PRO 12\"}]},{\"@type\":\"WebSite\",\"@id\":\"https:\\\/\\\/ymalko.al\\\/#website\",\"url\":\"https:\\\/\\\/ymalko.al\\\/\",\"name\":\"Ymalko\",\"description\":\"\",\"publisher\":{\"@id\":\"https:\\\/\\\/ymalko.al\\\/#organization\"},\"potentialAction\":[{\"@type\":\"SearchAction\",\"target\":{\"@type\":\"EntryPoint\",\"urlTemplate\":\"https:\\\/\\\/ymalko.al\\\/?s={search_term_string}\"},\"query-input\":{\"@type\":\"PropertyValueSpecification\",\"valueRequired\":true,\"valueName\":\"search_term_string\"}}],\"inLanguage\":\"en-US\"},{\"@type\":\"Organization\",\"@id\":\"https:\\\/\\\/ymalko.al\\\/#organization\",\"name\":\"Ymalko\",\"url\":\"https:\\\/\\\/ymalko.al\\\/\",\"logo\":{\"@type\":\"ImageObject\",\"inLanguage\":\"en-US\",\"@id\":\"https:\\\/\\\/ymalko.al\\\/#\\\/schema\\\/logo\\\/image\\\/\",\"url\":\"https:\\\/\\\/ymalko.al\\\/wp-content\\\/uploads\\\/2025\\\/10\\\/cropped-cropped-ymalko_mobil_logo-1.jpg\",\"contentUrl\":\"https:\\\/\\\/ymalko.al\\\/wp-content\\\/uploads\\\/2025\\\/10\\\/cropped-cropped-ymalko_mobil_logo-1.jpg\",\"width\":577,\"height\":145,\"caption\":\"Ymalko\"},\"image\":{\"@id\":\"https:\\\/\\\/ymalko.al\\\/#\\\/schema\\\/logo\\\/image\\\/\"}}]}<\/script>\n<!-- \/ Yoast SEO plugin. -->","yoast_head_json":{"title":"Bor\u00ebmbajt\u00ebs PRO 12 | Ymalko Albania","description":"BliniBor\u00ebmbajt\u00ebs PRO 12 n\u00eb Ymalko Albania. Produkte cil\u00ebsore p\u00ebr nd\u00ebrtim, \u00e7ati, izolim, fasada dhe renovim.","robots":{"index":"index","follow":"follow","max-snippet":"max-snippet:-1","max-image-preview":"max-image-preview:large","max-video-preview":"max-video-preview:-1"},"canonical":"https:\/\/ymalko.al\/en\/product\/borembajtes-pro-12\/","og_locale":"en_US","og_type":"article","og_title":"Bor\u00ebmbajt\u00ebs PRO 12 | Ymalko Albania","og_description":"BliniBor\u00ebmbajt\u00ebs PRO 12 n\u00eb Ymalko Albania. Produkte cil\u00ebsore p\u00ebr nd\u00ebrtim, \u00e7ati, izolim, fasada dhe renovim.","og_url":"https:\/\/ymalko.al\/en\/product\/borembajtes-pro-12\/","og_site_name":"Ymalko Albania","article_modified_time":"2026-04-30T09:03:25+00:00","og_image":[{"width":1750,"height":1750,"url":"https:\/\/ymalko.al\/wp-content\/uploads\/2026\/01\/MLADOST_Snegobran_eco.png","type":"image\/png"}],"twitter_card":"summary_large_image","twitter_misc":{"Est. reading time":"1 minute"},"schema":{"@context":"https:\/\/schema.org","@graph":[{"@type":"WebPage","@id":"https:\/\/ymalko.al\/product\/borembajtes-pro-12\/","url":"https:\/\/ymalko.al\/product\/borembajtes-pro-12\/","name":"Bor\u00ebmbajt\u00ebs PRO 12 | Ymalko Albania","isPartOf":{"@id":"https:\/\/ymalko.al\/#website"},"primaryImageOfPage":{"@id":"https:\/\/ymalko.al\/product\/borembajtes-pro-12\/#primaryimage"},"image":{"@id":"https:\/\/ymalko.al\/product\/borembajtes-pro-12\/#primaryimage"},"thumbnailUrl":"https:\/\/ymalko.al\/wp-content\/uploads\/2026\/01\/MLADOST_Snegobran_eco.png","datePublished":"2026-01-14T13:31:27+00:00","dateModified":"2026-04-30T09:03:25+00:00","description":"BliniBor\u00ebmbajt\u00ebs PRO 12 n\u00eb Ymalko Albania. Produkte cil\u00ebsore p\u00ebr nd\u00ebrtim, \u00e7ati, izolim, fasada dhe renovim.","breadcrumb":{"@id":"https:\/\/ymalko.al\/product\/borembajtes-pro-12\/#breadcrumb"},"inLanguage":"en-US","potentialAction":[{"@type":"ReadAction","target":["https:\/\/ymalko.al\/product\/borembajtes-pro-12\/"]}]},{"@type":"ImageObject","inLanguage":"en-US","@id":"https:\/\/ymalko.al\/product\/borembajtes-pro-12\/#primaryimage","url":"https:\/\/ymalko.al\/wp-content\/uploads\/2026\/01\/MLADOST_Snegobran_eco.png","contentUrl":"https:\/\/ymalko.al\/wp-content\/uploads\/2026\/01\/MLADOST_Snegobran_eco.png","width":1750,"height":1750},{"@type":"BreadcrumbList","@id":"https:\/\/ymalko.al\/product\/borembajtes-pro-12\/#breadcrumb","itemListElement":[{"@type":"ListItem","position":1,"name":"Home","item":"https:\/\/ymalko.al\/"},{"@type":"ListItem","position":2,"name":"Produktet","item":"https:\/\/ymalko.al\/produktet\/"},{"@type":"ListItem","position":3,"name":"Bor\u00ebmbajt\u00ebs PRO 12"}]},{"@type":"WebSite","@id":"https:\/\/ymalko.al\/#website","url":"https:\/\/ymalko.al\/","name":"Ymalko","description":"","publisher":{"@id":"https:\/\/ymalko.al\/#organization"},"potentialAction":[{"@type":"SearchAction","target":{"@type":"EntryPoint","urlTemplate":"https:\/\/ymalko.al\/?s={search_term_string}"},"query-input":{"@type":"PropertyValueSpecification","valueRequired":true,"valueName":"search_term_string"}}],"inLanguage":"en-US"},{"@type":"Organization","@id":"https:\/\/ymalko.al\/#organization","name":"Ymalko","url":"https:\/\/ymalko.al\/","logo":{"@type":"ImageObject","inLanguage":"en-US","@id":"https:\/\/ymalko.al\/#\/schema\/logo\/image\/","url":"https:\/\/ymalko.al\/wp-content\/uploads\/2025\/10\/cropped-cropped-ymalko_mobil_logo-1.jpg","contentUrl":"https:\/\/ymalko.al\/wp-content\/uploads\/2025\/10\/cropped-cropped-ymalko_mobil_logo-1.jpg","width":577,"height":145,"caption":"Ymalko"},"image":{"@id":"https:\/\/ymalko.al\/#\/schema\/logo\/image\/"}}]}},"jetpack_sharing_enabled":true,"_links":{"self":[{"href":"https:\/\/ymalko.al\/en\/wp-json\/wp\/v2\/product\/14395","targetHints":{"allow":["GET"]}}],"collection":[{"href":"https:\/\/ymalko.al\/en\/wp-json\/wp\/v2\/product"}],"about":[{"href":"https:\/\/ymalko.al\/en\/wp-json\/wp\/v2\/types\/product"}],"version-history":[{"count":1,"href":"https:\/\/ymalko.al\/en\/wp-json\/wp\/v2\/product\/14395\/revisions"}],"predecessor-version":[{"id":14396,"href":"https:\/\/ymalko.al\/en\/wp-json\/wp\/v2\/product\/14395\/revisions\/14396"}],"wp:featuredmedia":[{"embeddable":true,"href":"https:\/\/ymalko.al\/en\/wp-json\/wp\/v2\/media\/14654"}],"wp:attachment":[{"href":"https:\/\/ymalko.al\/en\/wp-json\/wp\/v2\/media?parent=14395"}],"wp:term":[{"taxonomy":"product_brand","embeddable":true,"href":"https:\/\/ymalko.al\/en\/wp-json\/wp\/v2\/product_brand?post=14395"},{"taxonomy":"product_cat","embeddable":true,"href":"https:\/\/ymalko.al\/en\/wp-json\/wp\/v2\/product_cat?post=14395"},{"taxonomy":"product_tag","embeddable":true,"href":"https:\/\/ymalko.al\/en\/wp-json\/wp\/v2\/product_tag?post=14395"}],"curies":[{"name":"wp","href":"https:\/\/api.w.org\/{rel}","templated":true}]}}