{"id":14180,"date":"2025-11-20T12:58:07","date_gmt":"2025-11-20T12:58:07","guid":{"rendered":"https:\/\/ymalko.al\/?post_type=product&#038;p=14180"},"modified":"2026-04-30T09:04:45","modified_gmt":"2026-04-30T09:04:45","slug":"finishexpert","status":"publish","type":"product","link":"https:\/\/ymalko.al\/en\/product\/finishexpert\/","title":{"rendered":"FinishExpert"},"content":{"rendered":"<p>Kiti universal, gati p\u00ebr p\u00ebrdorim<br \/>\nNgjyr\u00eb e bardh\u00eb dhe me struktur\u00eb kremi<br \/>\nI p\u00ebrshtatsh\u00ebm p\u00ebr aplikim manual ose me makin\u00eb<\/p>\n<p>Variante t\u00eb produktit \/ Specifikime teknike<\/p>\n<p>P\u00ebrshkueshm\u00ebria ndaj avullit t\u00eb ujit:<br \/>\nrreth 9<\/p>\n<p>Vlera SD:<br \/>\n0.03 mm (me trash\u00ebsi shtrese 3 mm)<\/p>\n<p>Klasa e absorbimit W:<br \/>\nW1<\/p>\n<p>Trash\u00ebsia maksimale e shtres\u00ebs:<br \/>\n4 mm (n\u00eb nj\u00eb aplikim)<\/p>\n<p>Reagimi ndaj zjarrit:<br \/>\nA1 s1 d0<\/p>\n<p>Trash\u00ebsia minimale:<br \/>\n0 mm<\/p>\n<p>Vlera pH:<br \/>\n8 deri n\u00eb 10<\/p>\n<p>Koha e tharjes:<br \/>\nrreth 3 or\u00eb p\u00ebr trash\u00ebsi 1 mm, n\u00eb 20\u00b0 dhe 50% lag\u00ebshti relative<\/p>\n<p>Consumption:<br \/>\nrreth 1.6 kg\/m\u00b2\/mm<\/p>\n<p>Forca e ngjitjes (t\u00ebrheqjes):<br \/>\n\u2265 0.3 MPa<\/p>\n<p>P\u00ebr\u00e7ueshm\u00ebria termike:<br \/>\n0.82 W\/mK (P = 50%)<\/p>\n<p>Madh\u00ebsia e grimcave:<br \/>\nm\u00eb pak se 0.2 mm<\/p>\n<p>VOC \u2013 Kufiri sipas BE:<br \/>\nLetra A: Kategoria b (Wb); &lt; 30 g\/l<\/p>\n<p>Dend\u00ebsia:<br \/>\n1.6 kg\/dm\u00b3<\/p>","protected":false},"excerpt":{"rendered":"<p>Kiti universal, gati p\u00ebr p\u00ebrdorim Ngjyr\u00eb e bardh\u00eb dhe me struktur\u00eb kremi I p\u00ebrshtatsh\u00ebm p\u00ebr aplikim manual ose me makin\u00eb Variante t\u00eb produktit \/ Specifikime teknike P\u00ebrshkueshm\u00ebria ndaj avullit t\u00eb ujit: rreth 9 Vlera SD: 0.03 mm (me trash\u00ebsi shtrese 3 mm) Klasa e absorbimit W: W1 Trash\u00ebsia maksimale e shtres\u00ebs: 4 mm (n\u00eb nj\u00eb [&hellip;]<\/p>\n","protected":false},"featured_media":14207,"template":"","meta":{"_yoast_wpseo_focuskw":"FinishExpert glet mas\u00eb","_yoast_wpseo_title":"","_yoast_wpseo_metadesc":""},"product_brand":[],"product_cat":[241,45],"product_tag":[],"class_list":{"0":"post-14180","1":"product","2":"type-product","3":"status-publish","4":"has-post-thumbnail","6":"product_cat-gm","7":"product_cat-te-gjitha","9":"first","10":"instock","11":"shipping-taxable","12":"product-type-simple"},"yoast_head":"<!-- This site is optimized with the Yoast SEO plugin v27.5 - https:\/\/yoast.com\/product\/yoast-seo-wordpress\/ -->\n<title>FinishExpert | Ymalko Albania<\/title>\n<meta name=\"description\" content=\"BliniFinishExpert n\u00eb Ymalko Albania. Produkte cil\u00ebsore p\u00ebr nd\u00ebrtim, \u00e7ati, izolim, fasada dhe renovim.\" \/>\n<meta name=\"robots\" content=\"index, follow, max-snippet:-1, max-image-preview:large, max-video-preview:-1\" \/>\n<link rel=\"canonical\" href=\"https:\/\/ymalko.al\/en\/product\/finishexpert\/\" \/>\n<meta property=\"og:locale\" content=\"en_US\" \/>\n<meta property=\"og:type\" content=\"article\" \/>\n<meta property=\"og:title\" content=\"FinishExpert | Ymalko Albania\" \/>\n<meta property=\"og:description\" content=\"BliniFinishExpert n\u00eb Ymalko Albania. Produkte cil\u00ebsore p\u00ebr nd\u00ebrtim, \u00e7ati, izolim, fasada dhe renovim.\" \/>\n<meta property=\"og:url\" content=\"https:\/\/ymalko.al\/en\/product\/finishexpert\/\" \/>\n<meta property=\"og:site_name\" content=\"Ymalko Albania\" \/>\n<meta property=\"article:modified_time\" content=\"2026-04-30T09:04:45+00:00\" \/>\n<meta property=\"og:image\" content=\"https:\/\/ymalko.al\/wp-content\/uploads\/2025\/11\/BM0126.png\" \/>\n\t<meta property=\"og:image:width\" content=\"400\" \/>\n\t<meta property=\"og:image:height\" content=\"400\" \/>\n\t<meta property=\"og:image:type\" content=\"image\/png\" \/>\n<meta name=\"twitter:card\" content=\"summary_large_image\" \/>\n<meta name=\"twitter:label1\" content=\"Est. reading time\" \/>\n\t<meta name=\"twitter:data1\" content=\"1 minute\" \/>\n<script type=\"application\/ld+json\" class=\"yoast-schema-graph\">{\"@context\":\"https:\\\/\\\/schema.org\",\"@graph\":[{\"@type\":\"WebPage\",\"@id\":\"https:\\\/\\\/ymalko.al\\\/product\\\/finishexpert\\\/\",\"url\":\"https:\\\/\\\/ymalko.al\\\/product\\\/finishexpert\\\/\",\"name\":\"FinishExpert | Ymalko Albania\",\"isPartOf\":{\"@id\":\"https:\\\/\\\/ymalko.al\\\/#website\"},\"primaryImageOfPage\":{\"@id\":\"https:\\\/\\\/ymalko.al\\\/product\\\/finishexpert\\\/#primaryimage\"},\"image\":{\"@id\":\"https:\\\/\\\/ymalko.al\\\/product\\\/finishexpert\\\/#primaryimage\"},\"thumbnailUrl\":\"https:\\\/\\\/ymalko.al\\\/wp-content\\\/uploads\\\/2025\\\/11\\\/BM0126.png\",\"datePublished\":\"2025-11-20T12:58:07+00:00\",\"dateModified\":\"2026-04-30T09:04:45+00:00\",\"description\":\"BliniFinishExpert n\u00eb Ymalko Albania. Produkte cil\u00ebsore p\u00ebr nd\u00ebrtim, \u00e7ati, izolim, fasada dhe renovim.\",\"breadcrumb\":{\"@id\":\"https:\\\/\\\/ymalko.al\\\/product\\\/finishexpert\\\/#breadcrumb\"},\"inLanguage\":\"en-US\",\"potentialAction\":[{\"@type\":\"ReadAction\",\"target\":[\"https:\\\/\\\/ymalko.al\\\/product\\\/finishexpert\\\/\"]}]},{\"@type\":\"ImageObject\",\"inLanguage\":\"en-US\",\"@id\":\"https:\\\/\\\/ymalko.al\\\/product\\\/finishexpert\\\/#primaryimage\",\"url\":\"https:\\\/\\\/ymalko.al\\\/wp-content\\\/uploads\\\/2025\\\/11\\\/BM0126.png\",\"contentUrl\":\"https:\\\/\\\/ymalko.al\\\/wp-content\\\/uploads\\\/2025\\\/11\\\/BM0126.png\",\"width\":400,\"height\":400},{\"@type\":\"BreadcrumbList\",\"@id\":\"https:\\\/\\\/ymalko.al\\\/product\\\/finishexpert\\\/#breadcrumb\",\"itemListElement\":[{\"@type\":\"ListItem\",\"position\":1,\"name\":\"Home\",\"item\":\"https:\\\/\\\/ymalko.al\\\/\"},{\"@type\":\"ListItem\",\"position\":2,\"name\":\"Produktet\",\"item\":\"https:\\\/\\\/ymalko.al\\\/produktet\\\/\"},{\"@type\":\"ListItem\",\"position\":3,\"name\":\"FinishExpert\"}]},{\"@type\":\"WebSite\",\"@id\":\"https:\\\/\\\/ymalko.al\\\/#website\",\"url\":\"https:\\\/\\\/ymalko.al\\\/\",\"name\":\"Ymalko\",\"description\":\"\",\"publisher\":{\"@id\":\"https:\\\/\\\/ymalko.al\\\/#organization\"},\"potentialAction\":[{\"@type\":\"SearchAction\",\"target\":{\"@type\":\"EntryPoint\",\"urlTemplate\":\"https:\\\/\\\/ymalko.al\\\/?s={search_term_string}\"},\"query-input\":{\"@type\":\"PropertyValueSpecification\",\"valueRequired\":true,\"valueName\":\"search_term_string\"}}],\"inLanguage\":\"en-US\"},{\"@type\":\"Organization\",\"@id\":\"https:\\\/\\\/ymalko.al\\\/#organization\",\"name\":\"Ymalko\",\"url\":\"https:\\\/\\\/ymalko.al\\\/\",\"logo\":{\"@type\":\"ImageObject\",\"inLanguage\":\"en-US\",\"@id\":\"https:\\\/\\\/ymalko.al\\\/#\\\/schema\\\/logo\\\/image\\\/\",\"url\":\"https:\\\/\\\/ymalko.al\\\/wp-content\\\/uploads\\\/2025\\\/10\\\/cropped-cropped-ymalko_mobil_logo-1.jpg\",\"contentUrl\":\"https:\\\/\\\/ymalko.al\\\/wp-content\\\/uploads\\\/2025\\\/10\\\/cropped-cropped-ymalko_mobil_logo-1.jpg\",\"width\":577,\"height\":145,\"caption\":\"Ymalko\"},\"image\":{\"@id\":\"https:\\\/\\\/ymalko.al\\\/#\\\/schema\\\/logo\\\/image\\\/\"}}]}<\/script>\n<!-- \/ Yoast SEO plugin. -->","yoast_head_json":{"title":"FinishExpert | Ymalko Albania","description":"BliniFinishExpert n\u00eb Ymalko Albania. Produkte cil\u00ebsore p\u00ebr nd\u00ebrtim, \u00e7ati, izolim, fasada dhe renovim.","robots":{"index":"index","follow":"follow","max-snippet":"max-snippet:-1","max-image-preview":"max-image-preview:large","max-video-preview":"max-video-preview:-1"},"canonical":"https:\/\/ymalko.al\/en\/product\/finishexpert\/","og_locale":"en_US","og_type":"article","og_title":"FinishExpert | Ymalko Albania","og_description":"BliniFinishExpert n\u00eb Ymalko Albania. Produkte cil\u00ebsore p\u00ebr nd\u00ebrtim, \u00e7ati, izolim, fasada dhe renovim.","og_url":"https:\/\/ymalko.al\/en\/product\/finishexpert\/","og_site_name":"Ymalko Albania","article_modified_time":"2026-04-30T09:04:45+00:00","og_image":[{"width":400,"height":400,"url":"https:\/\/ymalko.al\/wp-content\/uploads\/2025\/11\/BM0126.png","type":"image\/png"}],"twitter_card":"summary_large_image","twitter_misc":{"Est. reading time":"1 minute"},"schema":{"@context":"https:\/\/schema.org","@graph":[{"@type":"WebPage","@id":"https:\/\/ymalko.al\/product\/finishexpert\/","url":"https:\/\/ymalko.al\/product\/finishexpert\/","name":"FinishExpert | Ymalko Albania","isPartOf":{"@id":"https:\/\/ymalko.al\/#website"},"primaryImageOfPage":{"@id":"https:\/\/ymalko.al\/product\/finishexpert\/#primaryimage"},"image":{"@id":"https:\/\/ymalko.al\/product\/finishexpert\/#primaryimage"},"thumbnailUrl":"https:\/\/ymalko.al\/wp-content\/uploads\/2025\/11\/BM0126.png","datePublished":"2025-11-20T12:58:07+00:00","dateModified":"2026-04-30T09:04:45+00:00","description":"BliniFinishExpert n\u00eb Ymalko Albania. Produkte cil\u00ebsore p\u00ebr nd\u00ebrtim, \u00e7ati, izolim, fasada dhe renovim.","breadcrumb":{"@id":"https:\/\/ymalko.al\/product\/finishexpert\/#breadcrumb"},"inLanguage":"en-US","potentialAction":[{"@type":"ReadAction","target":["https:\/\/ymalko.al\/product\/finishexpert\/"]}]},{"@type":"ImageObject","inLanguage":"en-US","@id":"https:\/\/ymalko.al\/product\/finishexpert\/#primaryimage","url":"https:\/\/ymalko.al\/wp-content\/uploads\/2025\/11\/BM0126.png","contentUrl":"https:\/\/ymalko.al\/wp-content\/uploads\/2025\/11\/BM0126.png","width":400,"height":400},{"@type":"BreadcrumbList","@id":"https:\/\/ymalko.al\/product\/finishexpert\/#breadcrumb","itemListElement":[{"@type":"ListItem","position":1,"name":"Home","item":"https:\/\/ymalko.al\/"},{"@type":"ListItem","position":2,"name":"Produktet","item":"https:\/\/ymalko.al\/produktet\/"},{"@type":"ListItem","position":3,"name":"FinishExpert"}]},{"@type":"WebSite","@id":"https:\/\/ymalko.al\/#website","url":"https:\/\/ymalko.al\/","name":"Ymalko","description":"","publisher":{"@id":"https:\/\/ymalko.al\/#organization"},"potentialAction":[{"@type":"SearchAction","target":{"@type":"EntryPoint","urlTemplate":"https:\/\/ymalko.al\/?s={search_term_string}"},"query-input":{"@type":"PropertyValueSpecification","valueRequired":true,"valueName":"search_term_string"}}],"inLanguage":"en-US"},{"@type":"Organization","@id":"https:\/\/ymalko.al\/#organization","name":"Ymalko","url":"https:\/\/ymalko.al\/","logo":{"@type":"ImageObject","inLanguage":"en-US","@id":"https:\/\/ymalko.al\/#\/schema\/logo\/image\/","url":"https:\/\/ymalko.al\/wp-content\/uploads\/2025\/10\/cropped-cropped-ymalko_mobil_logo-1.jpg","contentUrl":"https:\/\/ymalko.al\/wp-content\/uploads\/2025\/10\/cropped-cropped-ymalko_mobil_logo-1.jpg","width":577,"height":145,"caption":"Ymalko"},"image":{"@id":"https:\/\/ymalko.al\/#\/schema\/logo\/image\/"}}]}},"jetpack_sharing_enabled":true,"_links":{"self":[{"href":"https:\/\/ymalko.al\/en\/wp-json\/wp\/v2\/product\/14180","targetHints":{"allow":["GET"]}}],"collection":[{"href":"https:\/\/ymalko.al\/en\/wp-json\/wp\/v2\/product"}],"about":[{"href":"https:\/\/ymalko.al\/en\/wp-json\/wp\/v2\/types\/product"}],"version-history":[{"count":1,"href":"https:\/\/ymalko.al\/en\/wp-json\/wp\/v2\/product\/14180\/revisions"}],"predecessor-version":[{"id":14883,"href":"https:\/\/ymalko.al\/en\/wp-json\/wp\/v2\/product\/14180\/revisions\/14883"}],"wp:featuredmedia":[{"embeddable":true,"href":"https:\/\/ymalko.al\/en\/wp-json\/wp\/v2\/media\/14207"}],"wp:attachment":[{"href":"https:\/\/ymalko.al\/en\/wp-json\/wp\/v2\/media?parent=14180"}],"wp:term":[{"taxonomy":"product_brand","embeddable":true,"href":"https:\/\/ymalko.al\/en\/wp-json\/wp\/v2\/product_brand?post=14180"},{"taxonomy":"product_cat","embeddable":true,"href":"https:\/\/ymalko.al\/en\/wp-json\/wp\/v2\/product_cat?post=14180"},{"taxonomy":"product_tag","embeddable":true,"href":"https:\/\/ymalko.al\/en\/wp-json\/wp\/v2\/product_tag?post=14180"}],"curies":[{"name":"wp","href":"https:\/\/api.w.org\/{rel}","templated":true}]}}