{"id":14166,"date":"2025-11-20T12:58:04","date_gmt":"2025-11-20T12:58:04","guid":{"rendered":"https:\/\/ymalko.al\/?post_type=product&#038;p=14166"},"modified":"2026-04-30T09:08:56","modified_gmt":"2026-04-30T09:08:56","slug":"betopadding","status":"publish","type":"product","link":"https:\/\/ymalko.al\/en\/product\/betopadding\/","title":{"rendered":"BetoPadding"},"content":{"rendered":"<p>Suv\u00eb sanimi, gati p\u00ebr p\u00ebrdorim, nj\u00ebkomponent\u00ebshe, me p\u00ebrmbajtje t\u00eb ul\u00ebt kromi dhe pa jone kloridi, me aderim t\u00eb shk\u00eblqyer n\u00eb beton.<br \/>\nE p\u00ebrshtatshme p\u00ebr p\u00ebrdorim t\u00eb brendsh\u00ebm dhe t\u00eb jasht\u00ebm. Trash\u00ebsia maksimale e aplikimit \u00ebsht\u00eb deri n\u00eb 40 mm n\u00eb nj\u00eb shtres\u00eb.<\/p>\n<p>Features:<\/p>\n<p>Suv\u00e0 p\u00ebr riparime t\u00eb konstruksioneve t\u00eb betonit t\u00eb armuar<\/p>\n<p>Forc\u00eb e lart\u00eb ngjitjeje<\/p>\n<p>E p\u00ebrshtatshme p\u00ebr trash\u00ebsi deri n\u00eb 40 mm<\/p>","protected":false},"excerpt":{"rendered":"<p>Suv\u00eb sanimi, gati p\u00ebr p\u00ebrdorim, nj\u00ebkomponent\u00ebshe, me p\u00ebrmbajtje t\u00eb ul\u00ebt kromi dhe pa jone kloridi, me aderim t\u00eb shk\u00eblqyer n\u00eb beton. E p\u00ebrshtatshme p\u00ebr p\u00ebrdorim t\u00eb brendsh\u00ebm dhe t\u00eb jasht\u00ebm. Trash\u00ebsia maksimale e aplikimit \u00ebsht\u00eb deri n\u00eb 40 mm n\u00eb nj\u00eb shtres\u00eb. Ve\u00e7orit\u00eb: Suv\u00e0 p\u00ebr riparime t\u00eb konstruksioneve t\u00eb betonit t\u00eb armuar Forc\u00eb e lart\u00eb [&hellip;]<\/p>\n","protected":false},"featured_media":14200,"template":"","meta":{"_yoast_wpseo_focuskw":"BetoPadding fasad\u00eb","_yoast_wpseo_title":"","_yoast_wpseo_metadesc":""},"product_brand":[210],"product_cat":[234,45],"product_tag":[],"class_list":{"0":"post-14166","1":"product","2":"type-product","3":"status-publish","4":"has-post-thumbnail","6":"product_brand-baumit","7":"product_cat-rf","8":"product_cat-te-gjitha","10":"first","11":"instock","12":"shipping-taxable","13":"product-type-simple"},"yoast_head":"<!-- This site is optimized with the Yoast SEO plugin v27.5 - https:\/\/yoast.com\/product\/yoast-seo-wordpress\/ -->\n<title>BetoPadding | Ymalko Albania<\/title>\n<meta name=\"description\" content=\"BliniBetoPadding n\u00eb Ymalko Albania. Produkte cil\u00ebsore p\u00ebr nd\u00ebrtim, \u00e7ati, izolim, fasada dhe renovim.\" \/>\n<meta name=\"robots\" content=\"index, follow, max-snippet:-1, max-image-preview:large, max-video-preview:-1\" \/>\n<link rel=\"canonical\" href=\"https:\/\/ymalko.al\/en\/product\/betopadding\/\" \/>\n<meta property=\"og:locale\" content=\"en_US\" \/>\n<meta property=\"og:type\" content=\"article\" \/>\n<meta property=\"og:title\" content=\"BetoPadding | Ymalko Albania\" \/>\n<meta property=\"og:description\" content=\"BliniBetoPadding n\u00eb Ymalko Albania. Produkte cil\u00ebsore p\u00ebr nd\u00ebrtim, \u00e7ati, izolim, fasada dhe renovim.\" \/>\n<meta property=\"og:url\" content=\"https:\/\/ymalko.al\/en\/product\/betopadding\/\" \/>\n<meta property=\"og:site_name\" content=\"Ymalko Albania\" \/>\n<meta property=\"article:modified_time\" content=\"2026-04-30T09:08:56+00:00\" \/>\n<meta property=\"og:image\" content=\"https:\/\/ymalko.al\/wp-content\/uploads\/2025\/11\/BM0119.png\" \/>\n\t<meta property=\"og:image:width\" content=\"333\" \/>\n\t<meta property=\"og:image:height\" content=\"400\" \/>\n\t<meta property=\"og:image:type\" content=\"image\/png\" \/>\n<meta name=\"twitter:card\" content=\"summary_large_image\" \/>\n<meta name=\"twitter:label1\" content=\"Est. reading time\" \/>\n\t<meta name=\"twitter:data1\" content=\"1 minute\" \/>\n<script type=\"application\/ld+json\" class=\"yoast-schema-graph\">{\"@context\":\"https:\\\/\\\/schema.org\",\"@graph\":[{\"@type\":\"WebPage\",\"@id\":\"https:\\\/\\\/ymalko.al\\\/product\\\/betopadding\\\/\",\"url\":\"https:\\\/\\\/ymalko.al\\\/product\\\/betopadding\\\/\",\"name\":\"BetoPadding | Ymalko Albania\",\"isPartOf\":{\"@id\":\"https:\\\/\\\/ymalko.al\\\/#website\"},\"primaryImageOfPage\":{\"@id\":\"https:\\\/\\\/ymalko.al\\\/product\\\/betopadding\\\/#primaryimage\"},\"image\":{\"@id\":\"https:\\\/\\\/ymalko.al\\\/product\\\/betopadding\\\/#primaryimage\"},\"thumbnailUrl\":\"https:\\\/\\\/ymalko.al\\\/wp-content\\\/uploads\\\/2025\\\/11\\\/BM0119.png\",\"datePublished\":\"2025-11-20T12:58:04+00:00\",\"dateModified\":\"2026-04-30T09:08:56+00:00\",\"description\":\"BliniBetoPadding n\u00eb Ymalko Albania. Produkte cil\u00ebsore p\u00ebr nd\u00ebrtim, \u00e7ati, izolim, fasada dhe renovim.\",\"breadcrumb\":{\"@id\":\"https:\\\/\\\/ymalko.al\\\/product\\\/betopadding\\\/#breadcrumb\"},\"inLanguage\":\"en-US\",\"potentialAction\":[{\"@type\":\"ReadAction\",\"target\":[\"https:\\\/\\\/ymalko.al\\\/product\\\/betopadding\\\/\"]}]},{\"@type\":\"ImageObject\",\"inLanguage\":\"en-US\",\"@id\":\"https:\\\/\\\/ymalko.al\\\/product\\\/betopadding\\\/#primaryimage\",\"url\":\"https:\\\/\\\/ymalko.al\\\/wp-content\\\/uploads\\\/2025\\\/11\\\/BM0119.png\",\"contentUrl\":\"https:\\\/\\\/ymalko.al\\\/wp-content\\\/uploads\\\/2025\\\/11\\\/BM0119.png\",\"width\":333,\"height\":400},{\"@type\":\"BreadcrumbList\",\"@id\":\"https:\\\/\\\/ymalko.al\\\/product\\\/betopadding\\\/#breadcrumb\",\"itemListElement\":[{\"@type\":\"ListItem\",\"position\":1,\"name\":\"Home\",\"item\":\"https:\\\/\\\/ymalko.al\\\/\"},{\"@type\":\"ListItem\",\"position\":2,\"name\":\"Produktet\",\"item\":\"https:\\\/\\\/ymalko.al\\\/produktet\\\/\"},{\"@type\":\"ListItem\",\"position\":3,\"name\":\"BetoPadding\"}]},{\"@type\":\"WebSite\",\"@id\":\"https:\\\/\\\/ymalko.al\\\/#website\",\"url\":\"https:\\\/\\\/ymalko.al\\\/\",\"name\":\"Ymalko\",\"description\":\"\",\"publisher\":{\"@id\":\"https:\\\/\\\/ymalko.al\\\/#organization\"},\"potentialAction\":[{\"@type\":\"SearchAction\",\"target\":{\"@type\":\"EntryPoint\",\"urlTemplate\":\"https:\\\/\\\/ymalko.al\\\/?s={search_term_string}\"},\"query-input\":{\"@type\":\"PropertyValueSpecification\",\"valueRequired\":true,\"valueName\":\"search_term_string\"}}],\"inLanguage\":\"en-US\"},{\"@type\":\"Organization\",\"@id\":\"https:\\\/\\\/ymalko.al\\\/#organization\",\"name\":\"Ymalko\",\"url\":\"https:\\\/\\\/ymalko.al\\\/\",\"logo\":{\"@type\":\"ImageObject\",\"inLanguage\":\"en-US\",\"@id\":\"https:\\\/\\\/ymalko.al\\\/#\\\/schema\\\/logo\\\/image\\\/\",\"url\":\"https:\\\/\\\/ymalko.al\\\/wp-content\\\/uploads\\\/2025\\\/10\\\/cropped-cropped-ymalko_mobil_logo-1.jpg\",\"contentUrl\":\"https:\\\/\\\/ymalko.al\\\/wp-content\\\/uploads\\\/2025\\\/10\\\/cropped-cropped-ymalko_mobil_logo-1.jpg\",\"width\":577,\"height\":145,\"caption\":\"Ymalko\"},\"image\":{\"@id\":\"https:\\\/\\\/ymalko.al\\\/#\\\/schema\\\/logo\\\/image\\\/\"}}]}<\/script>\n<!-- \/ Yoast SEO plugin. -->","yoast_head_json":{"title":"BetoPadding | Ymalko Albania","description":"BliniBetoPadding n\u00eb Ymalko Albania. Produkte cil\u00ebsore p\u00ebr nd\u00ebrtim, \u00e7ati, izolim, fasada dhe renovim.","robots":{"index":"index","follow":"follow","max-snippet":"max-snippet:-1","max-image-preview":"max-image-preview:large","max-video-preview":"max-video-preview:-1"},"canonical":"https:\/\/ymalko.al\/en\/product\/betopadding\/","og_locale":"en_US","og_type":"article","og_title":"BetoPadding | Ymalko Albania","og_description":"BliniBetoPadding n\u00eb Ymalko Albania. Produkte cil\u00ebsore p\u00ebr nd\u00ebrtim, \u00e7ati, izolim, fasada dhe renovim.","og_url":"https:\/\/ymalko.al\/en\/product\/betopadding\/","og_site_name":"Ymalko Albania","article_modified_time":"2026-04-30T09:08:56+00:00","og_image":[{"width":333,"height":400,"url":"https:\/\/ymalko.al\/wp-content\/uploads\/2025\/11\/BM0119.png","type":"image\/png"}],"twitter_card":"summary_large_image","twitter_misc":{"Est. reading time":"1 minute"},"schema":{"@context":"https:\/\/schema.org","@graph":[{"@type":"WebPage","@id":"https:\/\/ymalko.al\/product\/betopadding\/","url":"https:\/\/ymalko.al\/product\/betopadding\/","name":"BetoPadding | Ymalko Albania","isPartOf":{"@id":"https:\/\/ymalko.al\/#website"},"primaryImageOfPage":{"@id":"https:\/\/ymalko.al\/product\/betopadding\/#primaryimage"},"image":{"@id":"https:\/\/ymalko.al\/product\/betopadding\/#primaryimage"},"thumbnailUrl":"https:\/\/ymalko.al\/wp-content\/uploads\/2025\/11\/BM0119.png","datePublished":"2025-11-20T12:58:04+00:00","dateModified":"2026-04-30T09:08:56+00:00","description":"BliniBetoPadding n\u00eb Ymalko Albania. Produkte cil\u00ebsore p\u00ebr nd\u00ebrtim, \u00e7ati, izolim, fasada dhe renovim.","breadcrumb":{"@id":"https:\/\/ymalko.al\/product\/betopadding\/#breadcrumb"},"inLanguage":"en-US","potentialAction":[{"@type":"ReadAction","target":["https:\/\/ymalko.al\/product\/betopadding\/"]}]},{"@type":"ImageObject","inLanguage":"en-US","@id":"https:\/\/ymalko.al\/product\/betopadding\/#primaryimage","url":"https:\/\/ymalko.al\/wp-content\/uploads\/2025\/11\/BM0119.png","contentUrl":"https:\/\/ymalko.al\/wp-content\/uploads\/2025\/11\/BM0119.png","width":333,"height":400},{"@type":"BreadcrumbList","@id":"https:\/\/ymalko.al\/product\/betopadding\/#breadcrumb","itemListElement":[{"@type":"ListItem","position":1,"name":"Home","item":"https:\/\/ymalko.al\/"},{"@type":"ListItem","position":2,"name":"Produktet","item":"https:\/\/ymalko.al\/produktet\/"},{"@type":"ListItem","position":3,"name":"BetoPadding"}]},{"@type":"WebSite","@id":"https:\/\/ymalko.al\/#website","url":"https:\/\/ymalko.al\/","name":"Ymalko","description":"","publisher":{"@id":"https:\/\/ymalko.al\/#organization"},"potentialAction":[{"@type":"SearchAction","target":{"@type":"EntryPoint","urlTemplate":"https:\/\/ymalko.al\/?s={search_term_string}"},"query-input":{"@type":"PropertyValueSpecification","valueRequired":true,"valueName":"search_term_string"}}],"inLanguage":"en-US"},{"@type":"Organization","@id":"https:\/\/ymalko.al\/#organization","name":"Ymalko","url":"https:\/\/ymalko.al\/","logo":{"@type":"ImageObject","inLanguage":"en-US","@id":"https:\/\/ymalko.al\/#\/schema\/logo\/image\/","url":"https:\/\/ymalko.al\/wp-content\/uploads\/2025\/10\/cropped-cropped-ymalko_mobil_logo-1.jpg","contentUrl":"https:\/\/ymalko.al\/wp-content\/uploads\/2025\/10\/cropped-cropped-ymalko_mobil_logo-1.jpg","width":577,"height":145,"caption":"Ymalko"},"image":{"@id":"https:\/\/ymalko.al\/#\/schema\/logo\/image\/"}}]}},"jetpack_sharing_enabled":true,"_links":{"self":[{"href":"https:\/\/ymalko.al\/en\/wp-json\/wp\/v2\/product\/14166","targetHints":{"allow":["GET"]}}],"collection":[{"href":"https:\/\/ymalko.al\/en\/wp-json\/wp\/v2\/product"}],"about":[{"href":"https:\/\/ymalko.al\/en\/wp-json\/wp\/v2\/types\/product"}],"version-history":[{"count":1,"href":"https:\/\/ymalko.al\/en\/wp-json\/wp\/v2\/product\/14166\/revisions"}],"predecessor-version":[{"id":14894,"href":"https:\/\/ymalko.al\/en\/wp-json\/wp\/v2\/product\/14166\/revisions\/14894"}],"wp:featuredmedia":[{"embeddable":true,"href":"https:\/\/ymalko.al\/en\/wp-json\/wp\/v2\/media\/14200"}],"wp:attachment":[{"href":"https:\/\/ymalko.al\/en\/wp-json\/wp\/v2\/media?parent=14166"}],"wp:term":[{"taxonomy":"product_brand","embeddable":true,"href":"https:\/\/ymalko.al\/en\/wp-json\/wp\/v2\/product_brand?post=14166"},{"taxonomy":"product_cat","embeddable":true,"href":"https:\/\/ymalko.al\/en\/wp-json\/wp\/v2\/product_cat?post=14166"},{"taxonomy":"product_tag","embeddable":true,"href":"https:\/\/ymalko.al\/en\/wp-json\/wp\/v2\/product_tag?post=14166"}],"curies":[{"name":"wp","href":"https:\/\/api.w.org\/{rel}","templated":true}]}}