{"id":14158,"date":"2025-11-20T12:58:03","date_gmt":"2025-11-20T12:58:03","guid":{"rendered":"https:\/\/ymalko.al\/?post_type=product&#038;p=14158"},"modified":"2026-04-30T09:09:57","modified_gmt":"2026-04-30T09:09:57","slug":"baumit-baumacol-protect-2k-elastic","status":"publish","type":"product","link":"https:\/\/ymalko.al\/en\/product\/baumit-baumacol-protect-2k-elastic\/","title":{"rendered":"Baumit Baumacol Protect 2K Elastic"},"content":{"rendered":"<p>Masa hidroizoluese dykomponent\u00ebshe, shum\u00eb elastike, me baz\u00eb \u00e7imentoje, e pap\u00ebrshkueshme nga uji dhe rezistuese ndaj presionit pozitiv dhe negativ t\u00eb ujit.<br \/>\n\u00cbsht\u00eb avullkalueshme, rezistente ndaj ngricave dhe e p\u00ebrshtatshme p\u00ebr izolimin e ballkoneve, tarracave, banjove, pishinave, depozitave t\u00eb ujit dhe ngjash\u00ebm. E p\u00ebrdorshme si brenda ashtu edhe jasht\u00eb.<br \/>\nP\u00ebrb\u00ebrja \u00ebsht\u00eb e p\u00ebrshtatshme p\u00ebr zona ku k\u00ebrkohet fleksibilitet i shtres\u00ebs hidroizoluese dhe rezistenc\u00eb ndaj ndikimit t\u00eb krip\u00ebrave, vajrave dhe amonium sulfatit.<\/p>\n<p>Features:<\/p>\n<p>Aplikim i leht\u00eb dhe p\u00ebrpunim i thjesht\u00eb<\/p>\n<p>Shum\u00eb elastike<\/p>\n<p>Mbush dhe premoston \u00e7arjet<\/p>","protected":false},"excerpt":{"rendered":"<p>Masa hidroizoluese dykomponent\u00ebshe, shum\u00eb elastike, me baz\u00eb \u00e7imentoje, e pap\u00ebrshkueshme nga uji dhe rezistuese ndaj presionit pozitiv dhe negativ t\u00eb ujit. \u00cbsht\u00eb avullkalueshme, rezistente ndaj ngricave dhe e p\u00ebrshtatshme p\u00ebr izolimin e ballkoneve, tarracave, banjove, pishinave, depozitave t\u00eb ujit dhe ngjash\u00ebm. E p\u00ebrdorshme si brenda ashtu edhe jasht\u00eb. P\u00ebrb\u00ebrja \u00ebsht\u00eb e p\u00ebrshtatshme p\u00ebr zona ku [&hellip;]<\/p>\n","protected":false},"featured_media":14196,"template":"","meta":{"_yoast_wpseo_focuskw":"Baumacol Protect 2K","_yoast_wpseo_title":"","_yoast_wpseo_metadesc":""},"product_brand":[210],"product_cat":[243,45],"product_tag":[],"class_list":{"0":"post-14158","1":"product","2":"type-product","3":"status-publish","4":"has-post-thumbnail","6":"product_brand-baumit","7":"product_cat-mpk","8":"product_cat-te-gjitha","10":"first","11":"instock","12":"shipping-taxable","13":"product-type-simple"},"yoast_head":"<!-- This site is optimized with the Yoast SEO plugin v27.5 - https:\/\/yoast.com\/product\/yoast-seo-wordpress\/ -->\n<title>Baumit Baumacol Protect 2K Elastic | Ymalko Albania<\/title>\n<meta name=\"description\" content=\"BliniBaumit Baumacol Protect 2K Elastic n\u00eb Ymalko Albania. Produkte cil\u00ebsore p\u00ebr nd\u00ebrtim, \u00e7ati, izolim, fasada dhe renovim.\" \/>\n<meta name=\"robots\" content=\"index, follow, max-snippet:-1, max-image-preview:large, max-video-preview:-1\" \/>\n<link rel=\"canonical\" href=\"https:\/\/ymalko.al\/en\/product\/baumit-baumacol-protect-2k-elastic\/\" \/>\n<meta property=\"og:locale\" content=\"en_US\" \/>\n<meta property=\"og:type\" content=\"article\" \/>\n<meta property=\"og:title\" content=\"Baumit Baumacol Protect 2K Elastic | Ymalko Albania\" \/>\n<meta property=\"og:description\" content=\"BliniBaumit Baumacol Protect 2K Elastic n\u00eb Ymalko Albania. Produkte cil\u00ebsore p\u00ebr nd\u00ebrtim, \u00e7ati, izolim, fasada dhe renovim.\" \/>\n<meta property=\"og:url\" content=\"https:\/\/ymalko.al\/en\/product\/baumit-baumacol-protect-2k-elastic\/\" \/>\n<meta property=\"og:site_name\" content=\"Ymalko Albania\" \/>\n<meta property=\"article:modified_time\" content=\"2026-04-30T09:09:57+00:00\" \/>\n<meta property=\"og:image\" content=\"https:\/\/ymalko.al\/wp-content\/uploads\/2025\/11\/BM0115.png\" \/>\n\t<meta property=\"og:image:width\" content=\"333\" \/>\n\t<meta property=\"og:image:height\" content=\"400\" \/>\n\t<meta property=\"og:image:type\" content=\"image\/png\" \/>\n<meta name=\"twitter:card\" content=\"summary_large_image\" \/>\n<meta name=\"twitter:label1\" content=\"Est. reading time\" \/>\n\t<meta name=\"twitter:data1\" content=\"1 minute\" \/>\n<script type=\"application\/ld+json\" class=\"yoast-schema-graph\">{\"@context\":\"https:\\\/\\\/schema.org\",\"@graph\":[{\"@type\":\"WebPage\",\"@id\":\"https:\\\/\\\/ymalko.al\\\/product\\\/baumit-baumacol-protect-2k-elastic\\\/\",\"url\":\"https:\\\/\\\/ymalko.al\\\/product\\\/baumit-baumacol-protect-2k-elastic\\\/\",\"name\":\"Baumit Baumacol Protect 2K Elastic | Ymalko Albania\",\"isPartOf\":{\"@id\":\"https:\\\/\\\/ymalko.al\\\/#website\"},\"primaryImageOfPage\":{\"@id\":\"https:\\\/\\\/ymalko.al\\\/product\\\/baumit-baumacol-protect-2k-elastic\\\/#primaryimage\"},\"image\":{\"@id\":\"https:\\\/\\\/ymalko.al\\\/product\\\/baumit-baumacol-protect-2k-elastic\\\/#primaryimage\"},\"thumbnailUrl\":\"https:\\\/\\\/ymalko.al\\\/wp-content\\\/uploads\\\/2025\\\/11\\\/BM0115.png\",\"datePublished\":\"2025-11-20T12:58:03+00:00\",\"dateModified\":\"2026-04-30T09:09:57+00:00\",\"description\":\"BliniBaumit Baumacol Protect 2K Elastic n\u00eb Ymalko Albania. Produkte cil\u00ebsore p\u00ebr nd\u00ebrtim, \u00e7ati, izolim, fasada dhe renovim.\",\"breadcrumb\":{\"@id\":\"https:\\\/\\\/ymalko.al\\\/product\\\/baumit-baumacol-protect-2k-elastic\\\/#breadcrumb\"},\"inLanguage\":\"en-US\",\"potentialAction\":[{\"@type\":\"ReadAction\",\"target\":[\"https:\\\/\\\/ymalko.al\\\/product\\\/baumit-baumacol-protect-2k-elastic\\\/\"]}]},{\"@type\":\"ImageObject\",\"inLanguage\":\"en-US\",\"@id\":\"https:\\\/\\\/ymalko.al\\\/product\\\/baumit-baumacol-protect-2k-elastic\\\/#primaryimage\",\"url\":\"https:\\\/\\\/ymalko.al\\\/wp-content\\\/uploads\\\/2025\\\/11\\\/BM0115.png\",\"contentUrl\":\"https:\\\/\\\/ymalko.al\\\/wp-content\\\/uploads\\\/2025\\\/11\\\/BM0115.png\",\"width\":333,\"height\":400},{\"@type\":\"BreadcrumbList\",\"@id\":\"https:\\\/\\\/ymalko.al\\\/product\\\/baumit-baumacol-protect-2k-elastic\\\/#breadcrumb\",\"itemListElement\":[{\"@type\":\"ListItem\",\"position\":1,\"name\":\"Home\",\"item\":\"https:\\\/\\\/ymalko.al\\\/\"},{\"@type\":\"ListItem\",\"position\":2,\"name\":\"Produktet\",\"item\":\"https:\\\/\\\/ymalko.al\\\/produktet\\\/\"},{\"@type\":\"ListItem\",\"position\":3,\"name\":\"Baumit Baumacol Protect 2K Elastic\"}]},{\"@type\":\"WebSite\",\"@id\":\"https:\\\/\\\/ymalko.al\\\/#website\",\"url\":\"https:\\\/\\\/ymalko.al\\\/\",\"name\":\"Ymalko\",\"description\":\"\",\"publisher\":{\"@id\":\"https:\\\/\\\/ymalko.al\\\/#organization\"},\"potentialAction\":[{\"@type\":\"SearchAction\",\"target\":{\"@type\":\"EntryPoint\",\"urlTemplate\":\"https:\\\/\\\/ymalko.al\\\/?s={search_term_string}\"},\"query-input\":{\"@type\":\"PropertyValueSpecification\",\"valueRequired\":true,\"valueName\":\"search_term_string\"}}],\"inLanguage\":\"en-US\"},{\"@type\":\"Organization\",\"@id\":\"https:\\\/\\\/ymalko.al\\\/#organization\",\"name\":\"Ymalko\",\"url\":\"https:\\\/\\\/ymalko.al\\\/\",\"logo\":{\"@type\":\"ImageObject\",\"inLanguage\":\"en-US\",\"@id\":\"https:\\\/\\\/ymalko.al\\\/#\\\/schema\\\/logo\\\/image\\\/\",\"url\":\"https:\\\/\\\/ymalko.al\\\/wp-content\\\/uploads\\\/2025\\\/10\\\/cropped-cropped-ymalko_mobil_logo-1.jpg\",\"contentUrl\":\"https:\\\/\\\/ymalko.al\\\/wp-content\\\/uploads\\\/2025\\\/10\\\/cropped-cropped-ymalko_mobil_logo-1.jpg\",\"width\":577,\"height\":145,\"caption\":\"Ymalko\"},\"image\":{\"@id\":\"https:\\\/\\\/ymalko.al\\\/#\\\/schema\\\/logo\\\/image\\\/\"}}]}<\/script>\n<!-- \/ Yoast SEO plugin. -->","yoast_head_json":{"title":"Baumit Baumacol Protect 2K Elastic | Ymalko Albania","description":"BliniBaumit Baumacol Protect 2K Elastic n\u00eb Ymalko Albania. Produkte cil\u00ebsore p\u00ebr nd\u00ebrtim, \u00e7ati, izolim, fasada dhe renovim.","robots":{"index":"index","follow":"follow","max-snippet":"max-snippet:-1","max-image-preview":"max-image-preview:large","max-video-preview":"max-video-preview:-1"},"canonical":"https:\/\/ymalko.al\/en\/product\/baumit-baumacol-protect-2k-elastic\/","og_locale":"en_US","og_type":"article","og_title":"Baumit Baumacol Protect 2K Elastic | Ymalko Albania","og_description":"BliniBaumit Baumacol Protect 2K Elastic n\u00eb Ymalko Albania. Produkte cil\u00ebsore p\u00ebr nd\u00ebrtim, \u00e7ati, izolim, fasada dhe renovim.","og_url":"https:\/\/ymalko.al\/en\/product\/baumit-baumacol-protect-2k-elastic\/","og_site_name":"Ymalko Albania","article_modified_time":"2026-04-30T09:09:57+00:00","og_image":[{"width":333,"height":400,"url":"https:\/\/ymalko.al\/wp-content\/uploads\/2025\/11\/BM0115.png","type":"image\/png"}],"twitter_card":"summary_large_image","twitter_misc":{"Est. reading time":"1 minute"},"schema":{"@context":"https:\/\/schema.org","@graph":[{"@type":"WebPage","@id":"https:\/\/ymalko.al\/product\/baumit-baumacol-protect-2k-elastic\/","url":"https:\/\/ymalko.al\/product\/baumit-baumacol-protect-2k-elastic\/","name":"Baumit Baumacol Protect 2K Elastic | Ymalko Albania","isPartOf":{"@id":"https:\/\/ymalko.al\/#website"},"primaryImageOfPage":{"@id":"https:\/\/ymalko.al\/product\/baumit-baumacol-protect-2k-elastic\/#primaryimage"},"image":{"@id":"https:\/\/ymalko.al\/product\/baumit-baumacol-protect-2k-elastic\/#primaryimage"},"thumbnailUrl":"https:\/\/ymalko.al\/wp-content\/uploads\/2025\/11\/BM0115.png","datePublished":"2025-11-20T12:58:03+00:00","dateModified":"2026-04-30T09:09:57+00:00","description":"BliniBaumit Baumacol Protect 2K Elastic n\u00eb Ymalko Albania. Produkte cil\u00ebsore p\u00ebr nd\u00ebrtim, \u00e7ati, izolim, fasada dhe renovim.","breadcrumb":{"@id":"https:\/\/ymalko.al\/product\/baumit-baumacol-protect-2k-elastic\/#breadcrumb"},"inLanguage":"en-US","potentialAction":[{"@type":"ReadAction","target":["https:\/\/ymalko.al\/product\/baumit-baumacol-protect-2k-elastic\/"]}]},{"@type":"ImageObject","inLanguage":"en-US","@id":"https:\/\/ymalko.al\/product\/baumit-baumacol-protect-2k-elastic\/#primaryimage","url":"https:\/\/ymalko.al\/wp-content\/uploads\/2025\/11\/BM0115.png","contentUrl":"https:\/\/ymalko.al\/wp-content\/uploads\/2025\/11\/BM0115.png","width":333,"height":400},{"@type":"BreadcrumbList","@id":"https:\/\/ymalko.al\/product\/baumit-baumacol-protect-2k-elastic\/#breadcrumb","itemListElement":[{"@type":"ListItem","position":1,"name":"Home","item":"https:\/\/ymalko.al\/"},{"@type":"ListItem","position":2,"name":"Produktet","item":"https:\/\/ymalko.al\/produktet\/"},{"@type":"ListItem","position":3,"name":"Baumit Baumacol Protect 2K Elastic"}]},{"@type":"WebSite","@id":"https:\/\/ymalko.al\/#website","url":"https:\/\/ymalko.al\/","name":"Ymalko","description":"","publisher":{"@id":"https:\/\/ymalko.al\/#organization"},"potentialAction":[{"@type":"SearchAction","target":{"@type":"EntryPoint","urlTemplate":"https:\/\/ymalko.al\/?s={search_term_string}"},"query-input":{"@type":"PropertyValueSpecification","valueRequired":true,"valueName":"search_term_string"}}],"inLanguage":"en-US"},{"@type":"Organization","@id":"https:\/\/ymalko.al\/#organization","name":"Ymalko","url":"https:\/\/ymalko.al\/","logo":{"@type":"ImageObject","inLanguage":"en-US","@id":"https:\/\/ymalko.al\/#\/schema\/logo\/image\/","url":"https:\/\/ymalko.al\/wp-content\/uploads\/2025\/10\/cropped-cropped-ymalko_mobil_logo-1.jpg","contentUrl":"https:\/\/ymalko.al\/wp-content\/uploads\/2025\/10\/cropped-cropped-ymalko_mobil_logo-1.jpg","width":577,"height":145,"caption":"Ymalko"},"image":{"@id":"https:\/\/ymalko.al\/#\/schema\/logo\/image\/"}}]}},"jetpack_sharing_enabled":true,"_links":{"self":[{"href":"https:\/\/ymalko.al\/en\/wp-json\/wp\/v2\/product\/14158","targetHints":{"allow":["GET"]}}],"collection":[{"href":"https:\/\/ymalko.al\/en\/wp-json\/wp\/v2\/product"}],"about":[{"href":"https:\/\/ymalko.al\/en\/wp-json\/wp\/v2\/types\/product"}],"version-history":[{"count":1,"href":"https:\/\/ymalko.al\/en\/wp-json\/wp\/v2\/product\/14158\/revisions"}],"predecessor-version":[{"id":14901,"href":"https:\/\/ymalko.al\/en\/wp-json\/wp\/v2\/product\/14158\/revisions\/14901"}],"wp:featuredmedia":[{"embeddable":true,"href":"https:\/\/ymalko.al\/en\/wp-json\/wp\/v2\/media\/14196"}],"wp:attachment":[{"href":"https:\/\/ymalko.al\/en\/wp-json\/wp\/v2\/media?parent=14158"}],"wp:term":[{"taxonomy":"product_brand","embeddable":true,"href":"https:\/\/ymalko.al\/en\/wp-json\/wp\/v2\/product_brand?post=14158"},{"taxonomy":"product_cat","embeddable":true,"href":"https:\/\/ymalko.al\/en\/wp-json\/wp\/v2\/product_cat?post=14158"},{"taxonomy":"product_tag","embeddable":true,"href":"https:\/\/ymalko.al\/en\/wp-json\/wp\/v2\/product_tag?post=14158"}],"curies":[{"name":"wp","href":"https:\/\/api.w.org\/{rel}","templated":true}]}}