{"id":13542,"date":"2025-11-07T14:48:18","date_gmt":"2025-11-07T14:48:18","guid":{"rendered":"https:\/\/ymalko.al\/?post_type=product&#038;p=13542"},"modified":"2026-04-30T09:19:10","modified_gmt":"2026-04-30T09:19:10","slug":"baumit-easyprimer","status":"publish","type":"product","link":"https:\/\/ymalko.al\/en\/product\/baumit-easyprimer\/","title":{"rendered":"Baumit EasyPrimer"},"content":{"rendered":"<p>Vapor-permeable, deep-penetrating primer for strengthening mineral and organic surfaces before applying Baumit plasters and pasty finishing paints, as well as interior paints and smoothing compounds.<br \/>\nIt does not contain solvents. It can be diluted with water in a ratio of 1:1 to 1:2, depending on the absorbency of the substrate and the purpose of use.<\/p>\n<p>For organic and mineral surfaces<br \/>\nVapor permeable<br \/>\nEC quality 1<\/p>","protected":false},"excerpt":{"rendered":"<p>Primer i p\u00ebrshkuesh\u00ebm nga avulli, me dep\u00ebrtim t\u00eb thell\u00eb, p\u00ebr forcimin e sip\u00ebrfaqeve minerale dhe organike para aplikimit t\u00eb lla\u00e7eve dhe boj\u00ebrave p\u00ebrfundimtare pastoze Baumit, si dhe boj\u00ebrave t\u00eb brendshme dhe masave gletuese. Nuk p\u00ebrmban tret\u00ebs. Mund t\u00eb hollohet me uj\u00eb n\u00eb raport 1:1 deri n\u00eb 1:2, n\u00eb var\u00ebsi t\u00eb p\u00ebrthithjes s\u00eb n\u00ebnshtres\u00ebs dhe q\u00ebllimit [&hellip;]<\/p>\n","protected":false},"featured_media":13943,"template":"","meta":{"_yoast_wpseo_focuskw":"Baumit EasyPrimer","_yoast_wpseo_title":"","_yoast_wpseo_metadesc":""},"product_brand":[210],"product_cat":[231,223,45],"product_tag":[],"class_list":{"0":"post-13542","1":"product","2":"type-product","3":"status-publish","4":"has-post-thumbnail","6":"product_brand-baumit","7":"product_cat-dbf","8":"product_cat-pf55","9":"product_cat-te-gjitha","11":"first","12":"instock","13":"shipping-taxable","14":"product-type-simple"},"yoast_head":"<!-- This site is optimized with the Yoast SEO plugin v27.5 - https:\/\/yoast.com\/product\/yoast-seo-wordpress\/ -->\n<title>Baumit EasyPrimer | Ymalko Albania<\/title>\n<meta name=\"description\" content=\"BliniBaumit EasyPrimer n\u00eb Ymalko Albania. Produkte cil\u00ebsore p\u00ebr nd\u00ebrtim, \u00e7ati, izolim, fasada dhe renovim.\" \/>\n<meta name=\"robots\" content=\"index, follow, max-snippet:-1, max-image-preview:large, max-video-preview:-1\" \/>\n<link rel=\"canonical\" href=\"https:\/\/ymalko.al\/en\/product\/baumit-easyprimer\/\" \/>\n<meta property=\"og:locale\" content=\"en_US\" \/>\n<meta property=\"og:type\" content=\"article\" \/>\n<meta property=\"og:title\" content=\"Baumit EasyPrimer | Ymalko Albania\" \/>\n<meta property=\"og:description\" content=\"BliniBaumit EasyPrimer n\u00eb Ymalko Albania. Produkte cil\u00ebsore p\u00ebr nd\u00ebrtim, \u00e7ati, izolim, fasada dhe renovim.\" \/>\n<meta property=\"og:url\" content=\"https:\/\/ymalko.al\/en\/product\/baumit-easyprimer\/\" \/>\n<meta property=\"og:site_name\" content=\"Ymalko Albania\" \/>\n<meta property=\"article:modified_time\" content=\"2026-04-30T09:19:10+00:00\" \/>\n<meta property=\"og:image\" content=\"https:\/\/ymalko.al\/wp-content\/uploads\/2025\/11\/im0045294.png\" \/>\n\t<meta property=\"og:image:width\" content=\"302\" \/>\n\t<meta property=\"og:image:height\" content=\"400\" \/>\n\t<meta property=\"og:image:type\" content=\"image\/png\" \/>\n<meta name=\"twitter:card\" content=\"summary_large_image\" \/>\n<meta name=\"twitter:label1\" content=\"Est. reading time\" \/>\n\t<meta name=\"twitter:data1\" content=\"1 minute\" \/>\n<script type=\"application\/ld+json\" class=\"yoast-schema-graph\">{\"@context\":\"https:\\\/\\\/schema.org\",\"@graph\":[{\"@type\":\"WebPage\",\"@id\":\"https:\\\/\\\/ymalko.al\\\/product\\\/baumit-easyprimer\\\/\",\"url\":\"https:\\\/\\\/ymalko.al\\\/product\\\/baumit-easyprimer\\\/\",\"name\":\"Baumit EasyPrimer | Ymalko Albania\",\"isPartOf\":{\"@id\":\"https:\\\/\\\/ymalko.al\\\/#website\"},\"primaryImageOfPage\":{\"@id\":\"https:\\\/\\\/ymalko.al\\\/product\\\/baumit-easyprimer\\\/#primaryimage\"},\"image\":{\"@id\":\"https:\\\/\\\/ymalko.al\\\/product\\\/baumit-easyprimer\\\/#primaryimage\"},\"thumbnailUrl\":\"https:\\\/\\\/ymalko.al\\\/wp-content\\\/uploads\\\/2025\\\/11\\\/im0045294.png\",\"datePublished\":\"2025-11-07T14:48:18+00:00\",\"dateModified\":\"2026-04-30T09:19:10+00:00\",\"description\":\"BliniBaumit EasyPrimer n\u00eb Ymalko Albania. Produkte cil\u00ebsore p\u00ebr nd\u00ebrtim, \u00e7ati, izolim, fasada dhe renovim.\",\"breadcrumb\":{\"@id\":\"https:\\\/\\\/ymalko.al\\\/product\\\/baumit-easyprimer\\\/#breadcrumb\"},\"inLanguage\":\"en-US\",\"potentialAction\":[{\"@type\":\"ReadAction\",\"target\":[\"https:\\\/\\\/ymalko.al\\\/product\\\/baumit-easyprimer\\\/\"]}]},{\"@type\":\"ImageObject\",\"inLanguage\":\"en-US\",\"@id\":\"https:\\\/\\\/ymalko.al\\\/product\\\/baumit-easyprimer\\\/#primaryimage\",\"url\":\"https:\\\/\\\/ymalko.al\\\/wp-content\\\/uploads\\\/2025\\\/11\\\/im0045294.png\",\"contentUrl\":\"https:\\\/\\\/ymalko.al\\\/wp-content\\\/uploads\\\/2025\\\/11\\\/im0045294.png\",\"width\":302,\"height\":400},{\"@type\":\"BreadcrumbList\",\"@id\":\"https:\\\/\\\/ymalko.al\\\/product\\\/baumit-easyprimer\\\/#breadcrumb\",\"itemListElement\":[{\"@type\":\"ListItem\",\"position\":1,\"name\":\"Home\",\"item\":\"https:\\\/\\\/ymalko.al\\\/\"},{\"@type\":\"ListItem\",\"position\":2,\"name\":\"Produktet\",\"item\":\"https:\\\/\\\/ymalko.al\\\/produktet\\\/\"},{\"@type\":\"ListItem\",\"position\":3,\"name\":\"Baumit EasyPrimer\"}]},{\"@type\":\"WebSite\",\"@id\":\"https:\\\/\\\/ymalko.al\\\/#website\",\"url\":\"https:\\\/\\\/ymalko.al\\\/\",\"name\":\"Ymalko\",\"description\":\"\",\"publisher\":{\"@id\":\"https:\\\/\\\/ymalko.al\\\/#organization\"},\"potentialAction\":[{\"@type\":\"SearchAction\",\"target\":{\"@type\":\"EntryPoint\",\"urlTemplate\":\"https:\\\/\\\/ymalko.al\\\/?s={search_term_string}\"},\"query-input\":{\"@type\":\"PropertyValueSpecification\",\"valueRequired\":true,\"valueName\":\"search_term_string\"}}],\"inLanguage\":\"en-US\"},{\"@type\":\"Organization\",\"@id\":\"https:\\\/\\\/ymalko.al\\\/#organization\",\"name\":\"Ymalko\",\"url\":\"https:\\\/\\\/ymalko.al\\\/\",\"logo\":{\"@type\":\"ImageObject\",\"inLanguage\":\"en-US\",\"@id\":\"https:\\\/\\\/ymalko.al\\\/#\\\/schema\\\/logo\\\/image\\\/\",\"url\":\"https:\\\/\\\/ymalko.al\\\/wp-content\\\/uploads\\\/2025\\\/10\\\/cropped-cropped-ymalko_mobil_logo-1.jpg\",\"contentUrl\":\"https:\\\/\\\/ymalko.al\\\/wp-content\\\/uploads\\\/2025\\\/10\\\/cropped-cropped-ymalko_mobil_logo-1.jpg\",\"width\":577,\"height\":145,\"caption\":\"Ymalko\"},\"image\":{\"@id\":\"https:\\\/\\\/ymalko.al\\\/#\\\/schema\\\/logo\\\/image\\\/\"}}]}<\/script>\n<!-- \/ Yoast SEO plugin. -->","yoast_head_json":{"title":"Baumit EasyPrimer | Ymalko Albania","description":"BliniBaumit EasyPrimer n\u00eb Ymalko Albania. Produkte cil\u00ebsore p\u00ebr nd\u00ebrtim, \u00e7ati, izolim, fasada dhe renovim.","robots":{"index":"index","follow":"follow","max-snippet":"max-snippet:-1","max-image-preview":"max-image-preview:large","max-video-preview":"max-video-preview:-1"},"canonical":"https:\/\/ymalko.al\/en\/product\/baumit-easyprimer\/","og_locale":"en_US","og_type":"article","og_title":"Baumit EasyPrimer | Ymalko Albania","og_description":"BliniBaumit EasyPrimer n\u00eb Ymalko Albania. Produkte cil\u00ebsore p\u00ebr nd\u00ebrtim, \u00e7ati, izolim, fasada dhe renovim.","og_url":"https:\/\/ymalko.al\/en\/product\/baumit-easyprimer\/","og_site_name":"Ymalko Albania","article_modified_time":"2026-04-30T09:19:10+00:00","og_image":[{"width":302,"height":400,"url":"https:\/\/ymalko.al\/wp-content\/uploads\/2025\/11\/im0045294.png","type":"image\/png"}],"twitter_card":"summary_large_image","twitter_misc":{"Est. reading time":"1 minute"},"schema":{"@context":"https:\/\/schema.org","@graph":[{"@type":"WebPage","@id":"https:\/\/ymalko.al\/product\/baumit-easyprimer\/","url":"https:\/\/ymalko.al\/product\/baumit-easyprimer\/","name":"Baumit EasyPrimer | Ymalko Albania","isPartOf":{"@id":"https:\/\/ymalko.al\/#website"},"primaryImageOfPage":{"@id":"https:\/\/ymalko.al\/product\/baumit-easyprimer\/#primaryimage"},"image":{"@id":"https:\/\/ymalko.al\/product\/baumit-easyprimer\/#primaryimage"},"thumbnailUrl":"https:\/\/ymalko.al\/wp-content\/uploads\/2025\/11\/im0045294.png","datePublished":"2025-11-07T14:48:18+00:00","dateModified":"2026-04-30T09:19:10+00:00","description":"BliniBaumit EasyPrimer n\u00eb Ymalko Albania. Produkte cil\u00ebsore p\u00ebr nd\u00ebrtim, \u00e7ati, izolim, fasada dhe renovim.","breadcrumb":{"@id":"https:\/\/ymalko.al\/product\/baumit-easyprimer\/#breadcrumb"},"inLanguage":"en-US","potentialAction":[{"@type":"ReadAction","target":["https:\/\/ymalko.al\/product\/baumit-easyprimer\/"]}]},{"@type":"ImageObject","inLanguage":"en-US","@id":"https:\/\/ymalko.al\/product\/baumit-easyprimer\/#primaryimage","url":"https:\/\/ymalko.al\/wp-content\/uploads\/2025\/11\/im0045294.png","contentUrl":"https:\/\/ymalko.al\/wp-content\/uploads\/2025\/11\/im0045294.png","width":302,"height":400},{"@type":"BreadcrumbList","@id":"https:\/\/ymalko.al\/product\/baumit-easyprimer\/#breadcrumb","itemListElement":[{"@type":"ListItem","position":1,"name":"Home","item":"https:\/\/ymalko.al\/"},{"@type":"ListItem","position":2,"name":"Produktet","item":"https:\/\/ymalko.al\/produktet\/"},{"@type":"ListItem","position":3,"name":"Baumit EasyPrimer"}]},{"@type":"WebSite","@id":"https:\/\/ymalko.al\/#website","url":"https:\/\/ymalko.al\/","name":"Ymalko","description":"","publisher":{"@id":"https:\/\/ymalko.al\/#organization"},"potentialAction":[{"@type":"SearchAction","target":{"@type":"EntryPoint","urlTemplate":"https:\/\/ymalko.al\/?s={search_term_string}"},"query-input":{"@type":"PropertyValueSpecification","valueRequired":true,"valueName":"search_term_string"}}],"inLanguage":"en-US"},{"@type":"Organization","@id":"https:\/\/ymalko.al\/#organization","name":"Ymalko","url":"https:\/\/ymalko.al\/","logo":{"@type":"ImageObject","inLanguage":"en-US","@id":"https:\/\/ymalko.al\/#\/schema\/logo\/image\/","url":"https:\/\/ymalko.al\/wp-content\/uploads\/2025\/10\/cropped-cropped-ymalko_mobil_logo-1.jpg","contentUrl":"https:\/\/ymalko.al\/wp-content\/uploads\/2025\/10\/cropped-cropped-ymalko_mobil_logo-1.jpg","width":577,"height":145,"caption":"Ymalko"},"image":{"@id":"https:\/\/ymalko.al\/#\/schema\/logo\/image\/"}}]}},"jetpack_sharing_enabled":true,"_links":{"self":[{"href":"https:\/\/ymalko.al\/en\/wp-json\/wp\/v2\/product\/13542","targetHints":{"allow":["GET"]}}],"collection":[{"href":"https:\/\/ymalko.al\/en\/wp-json\/wp\/v2\/product"}],"about":[{"href":"https:\/\/ymalko.al\/en\/wp-json\/wp\/v2\/types\/product"}],"version-history":[{"count":1,"href":"https:\/\/ymalko.al\/en\/wp-json\/wp\/v2\/product\/13542\/revisions"}],"predecessor-version":[{"id":14942,"href":"https:\/\/ymalko.al\/en\/wp-json\/wp\/v2\/product\/13542\/revisions\/14942"}],"wp:featuredmedia":[{"embeddable":true,"href":"https:\/\/ymalko.al\/en\/wp-json\/wp\/v2\/media\/13943"}],"wp:attachment":[{"href":"https:\/\/ymalko.al\/en\/wp-json\/wp\/v2\/media?parent=13542"}],"wp:term":[{"taxonomy":"product_brand","embeddable":true,"href":"https:\/\/ymalko.al\/en\/wp-json\/wp\/v2\/product_brand?post=13542"},{"taxonomy":"product_cat","embeddable":true,"href":"https:\/\/ymalko.al\/en\/wp-json\/wp\/v2\/product_cat?post=13542"},{"taxonomy":"product_tag","embeddable":true,"href":"https:\/\/ymalko.al\/en\/wp-json\/wp\/v2\/product_tag?post=13542"}],"curies":[{"name":"wp","href":"https:\/\/api.w.org\/{rel}","templated":true}]}}