{"id":13512,"date":"2025-11-07T14:48:17","date_gmt":"2025-11-07T14:48:17","guid":{"rendered":"https:\/\/ymalko.al\/?post_type=product&#038;p=13512"},"modified":"2026-04-30T09:19:47","modified_gmt":"2026-04-30T09:19:47","slug":"baumit-baumacol-protect-2k","status":"publish","type":"product","link":"https:\/\/ymalko.al\/en\/product\/baumit-baumacol-protect-2k\/","title":{"rendered":"Baumit Baumacol Protect 2K"},"content":{"rendered":"<p>New generation, 2-component, elastic waterproofing membrane, easy to apply and waterproof. Based on a high-elasticity cementitious mixture, applied by hand, roller, brush, or mechanically with an \u201cairless\u201d system.<br \/>\nUsed for the waterproofing of balconies, terraces, bathrooms, swimming pools, and water tanks, directly under ceramic tiles. Suitable for indoor and outdoor use.<br \/>\nIn accordance with standard SIST EN 14891, it is classified in the highest class CMO2P<br \/>\n(CM = cementitious waterproofing membrane applied in liquid form,<br \/>\nO2 = crack bridging capability down to \u201320\u00b0C,<br \/>\nP = resistance to chlorinated water).<br \/>\nFor concrete protection, compliant with SIST EN 1504-2, as a surface layer (C) and MC - for moisture prevention in concrete, with crack bridging ability class A4 (1.25 mm).<br \/>\nConsumption: approximately 1.7 kg\/m\u00b2 for every 1 mm thickness.<br \/>\nHigh elasticity<br \/>\nStrong pull<br \/>\nExcellent processability<\/p>","protected":false},"excerpt":{"rendered":"<p>Shtres\u00eb hidroizoluese elastike 2-komponent\u00ebshe e gjenerat\u00ebs s\u00eb re, e leht\u00eb p\u00ebr aplikim dhe e pap\u00ebrshkueshme nga uji. Bazohet n\u00eb p\u00ebrzierje \u00e7imentoje me elasticitet t\u00eb lart\u00eb, q\u00eb aplikohet me dor\u00eb, me rul, fur\u00e7\u00eb ose n\u00eb m\u00ebnyr\u00eb mekanike me sistem \u201cairless\u201d. P\u00ebrdoret p\u00ebr izolimin e ballkoneve, tarracave, banjove, pishinave dhe rezervuar\u00ebve p\u00ebr uj\u00eb, menj\u00ebher\u00eb n\u00ebn pllaka qeramike. [&hellip;]<\/p>\n","protected":false},"featured_media":13941,"template":"","meta":{"_yoast_wpseo_focuskw":"Baumacol Protect 2K","_yoast_wpseo_title":"","_yoast_wpseo_metadesc":""},"product_brand":[210],"product_cat":[243,45],"product_tag":[],"class_list":{"0":"post-13512","1":"product","2":"type-product","3":"status-publish","4":"has-post-thumbnail","6":"product_brand-baumit","7":"product_cat-mpk","8":"product_cat-te-gjitha","10":"first","11":"instock","12":"shipping-taxable","13":"product-type-simple"},"yoast_head":"<!-- This site is optimized with the Yoast SEO plugin v27.5 - https:\/\/yoast.com\/product\/yoast-seo-wordpress\/ -->\n<title>Baumit Baumacol Protect 2K | Ymalko Albania<\/title>\n<meta name=\"description\" content=\"BliniBaumit Baumacol Protect 2K n\u00eb Ymalko Albania. Produkte cil\u00ebsore p\u00ebr nd\u00ebrtim, \u00e7ati, izolim, fasada dhe renovim.\" \/>\n<meta name=\"robots\" content=\"index, follow, max-snippet:-1, max-image-preview:large, max-video-preview:-1\" \/>\n<link rel=\"canonical\" href=\"https:\/\/ymalko.al\/en\/product\/baumit-baumacol-protect-2k\/\" \/>\n<meta property=\"og:locale\" content=\"en_US\" \/>\n<meta property=\"og:type\" content=\"article\" \/>\n<meta property=\"og:title\" content=\"Baumit Baumacol Protect 2K | Ymalko Albania\" \/>\n<meta property=\"og:description\" content=\"BliniBaumit Baumacol Protect 2K n\u00eb Ymalko Albania. Produkte cil\u00ebsore p\u00ebr nd\u00ebrtim, \u00e7ati, izolim, fasada dhe renovim.\" \/>\n<meta property=\"og:url\" content=\"https:\/\/ymalko.al\/en\/product\/baumit-baumacol-protect-2k\/\" \/>\n<meta property=\"og:site_name\" content=\"Ymalko Albania\" \/>\n<meta property=\"article:modified_time\" content=\"2026-04-30T09:19:47+00:00\" \/>\n<meta property=\"og:image\" content=\"https:\/\/ymalko.al\/wp-content\/uploads\/2025\/11\/im0040585.png\" \/>\n\t<meta property=\"og:image:width\" content=\"347\" \/>\n\t<meta property=\"og:image:height\" content=\"400\" \/>\n\t<meta property=\"og:image:type\" content=\"image\/png\" \/>\n<meta name=\"twitter:card\" content=\"summary_large_image\" \/>\n<meta name=\"twitter:label1\" content=\"Est. reading time\" \/>\n\t<meta name=\"twitter:data1\" content=\"1 minute\" \/>\n<script type=\"application\/ld+json\" class=\"yoast-schema-graph\">{\"@context\":\"https:\\\/\\\/schema.org\",\"@graph\":[{\"@type\":\"WebPage\",\"@id\":\"https:\\\/\\\/ymalko.al\\\/product\\\/baumit-baumacol-protect-2k\\\/\",\"url\":\"https:\\\/\\\/ymalko.al\\\/product\\\/baumit-baumacol-protect-2k\\\/\",\"name\":\"Baumit Baumacol Protect 2K | Ymalko Albania\",\"isPartOf\":{\"@id\":\"https:\\\/\\\/ymalko.al\\\/#website\"},\"primaryImageOfPage\":{\"@id\":\"https:\\\/\\\/ymalko.al\\\/product\\\/baumit-baumacol-protect-2k\\\/#primaryimage\"},\"image\":{\"@id\":\"https:\\\/\\\/ymalko.al\\\/product\\\/baumit-baumacol-protect-2k\\\/#primaryimage\"},\"thumbnailUrl\":\"https:\\\/\\\/ymalko.al\\\/wp-content\\\/uploads\\\/2025\\\/11\\\/im0040585.png\",\"datePublished\":\"2025-11-07T14:48:17+00:00\",\"dateModified\":\"2026-04-30T09:19:47+00:00\",\"description\":\"BliniBaumit Baumacol Protect 2K n\u00eb Ymalko Albania. Produkte cil\u00ebsore p\u00ebr nd\u00ebrtim, \u00e7ati, izolim, fasada dhe renovim.\",\"breadcrumb\":{\"@id\":\"https:\\\/\\\/ymalko.al\\\/product\\\/baumit-baumacol-protect-2k\\\/#breadcrumb\"},\"inLanguage\":\"en-US\",\"potentialAction\":[{\"@type\":\"ReadAction\",\"target\":[\"https:\\\/\\\/ymalko.al\\\/product\\\/baumit-baumacol-protect-2k\\\/\"]}]},{\"@type\":\"ImageObject\",\"inLanguage\":\"en-US\",\"@id\":\"https:\\\/\\\/ymalko.al\\\/product\\\/baumit-baumacol-protect-2k\\\/#primaryimage\",\"url\":\"https:\\\/\\\/ymalko.al\\\/wp-content\\\/uploads\\\/2025\\\/11\\\/im0040585.png\",\"contentUrl\":\"https:\\\/\\\/ymalko.al\\\/wp-content\\\/uploads\\\/2025\\\/11\\\/im0040585.png\",\"width\":347,\"height\":400},{\"@type\":\"BreadcrumbList\",\"@id\":\"https:\\\/\\\/ymalko.al\\\/product\\\/baumit-baumacol-protect-2k\\\/#breadcrumb\",\"itemListElement\":[{\"@type\":\"ListItem\",\"position\":1,\"name\":\"Home\",\"item\":\"https:\\\/\\\/ymalko.al\\\/\"},{\"@type\":\"ListItem\",\"position\":2,\"name\":\"Produktet\",\"item\":\"https:\\\/\\\/ymalko.al\\\/produktet\\\/\"},{\"@type\":\"ListItem\",\"position\":3,\"name\":\"Baumit Baumacol Protect 2K\"}]},{\"@type\":\"WebSite\",\"@id\":\"https:\\\/\\\/ymalko.al\\\/#website\",\"url\":\"https:\\\/\\\/ymalko.al\\\/\",\"name\":\"Ymalko\",\"description\":\"\",\"publisher\":{\"@id\":\"https:\\\/\\\/ymalko.al\\\/#organization\"},\"potentialAction\":[{\"@type\":\"SearchAction\",\"target\":{\"@type\":\"EntryPoint\",\"urlTemplate\":\"https:\\\/\\\/ymalko.al\\\/?s={search_term_string}\"},\"query-input\":{\"@type\":\"PropertyValueSpecification\",\"valueRequired\":true,\"valueName\":\"search_term_string\"}}],\"inLanguage\":\"en-US\"},{\"@type\":\"Organization\",\"@id\":\"https:\\\/\\\/ymalko.al\\\/#organization\",\"name\":\"Ymalko\",\"url\":\"https:\\\/\\\/ymalko.al\\\/\",\"logo\":{\"@type\":\"ImageObject\",\"inLanguage\":\"en-US\",\"@id\":\"https:\\\/\\\/ymalko.al\\\/#\\\/schema\\\/logo\\\/image\\\/\",\"url\":\"https:\\\/\\\/ymalko.al\\\/wp-content\\\/uploads\\\/2025\\\/10\\\/cropped-cropped-ymalko_mobil_logo-1.jpg\",\"contentUrl\":\"https:\\\/\\\/ymalko.al\\\/wp-content\\\/uploads\\\/2025\\\/10\\\/cropped-cropped-ymalko_mobil_logo-1.jpg\",\"width\":577,\"height\":145,\"caption\":\"Ymalko\"},\"image\":{\"@id\":\"https:\\\/\\\/ymalko.al\\\/#\\\/schema\\\/logo\\\/image\\\/\"}}]}<\/script>\n<!-- \/ Yoast SEO plugin. -->","yoast_head_json":{"title":"Baumit Baumacol Protect 2K | Ymalko Albania","description":"BliniBaumit Baumacol Protect 2K n\u00eb Ymalko Albania. Produkte cil\u00ebsore p\u00ebr nd\u00ebrtim, \u00e7ati, izolim, fasada dhe renovim.","robots":{"index":"index","follow":"follow","max-snippet":"max-snippet:-1","max-image-preview":"max-image-preview:large","max-video-preview":"max-video-preview:-1"},"canonical":"https:\/\/ymalko.al\/en\/product\/baumit-baumacol-protect-2k\/","og_locale":"en_US","og_type":"article","og_title":"Baumit Baumacol Protect 2K | Ymalko Albania","og_description":"BliniBaumit Baumacol Protect 2K n\u00eb Ymalko Albania. Produkte cil\u00ebsore p\u00ebr nd\u00ebrtim, \u00e7ati, izolim, fasada dhe renovim.","og_url":"https:\/\/ymalko.al\/en\/product\/baumit-baumacol-protect-2k\/","og_site_name":"Ymalko Albania","article_modified_time":"2026-04-30T09:19:47+00:00","og_image":[{"width":347,"height":400,"url":"https:\/\/ymalko.al\/wp-content\/uploads\/2025\/11\/im0040585.png","type":"image\/png"}],"twitter_card":"summary_large_image","twitter_misc":{"Est. reading time":"1 minute"},"schema":{"@context":"https:\/\/schema.org","@graph":[{"@type":"WebPage","@id":"https:\/\/ymalko.al\/product\/baumit-baumacol-protect-2k\/","url":"https:\/\/ymalko.al\/product\/baumit-baumacol-protect-2k\/","name":"Baumit Baumacol Protect 2K | Ymalko Albania","isPartOf":{"@id":"https:\/\/ymalko.al\/#website"},"primaryImageOfPage":{"@id":"https:\/\/ymalko.al\/product\/baumit-baumacol-protect-2k\/#primaryimage"},"image":{"@id":"https:\/\/ymalko.al\/product\/baumit-baumacol-protect-2k\/#primaryimage"},"thumbnailUrl":"https:\/\/ymalko.al\/wp-content\/uploads\/2025\/11\/im0040585.png","datePublished":"2025-11-07T14:48:17+00:00","dateModified":"2026-04-30T09:19:47+00:00","description":"BliniBaumit Baumacol Protect 2K n\u00eb Ymalko Albania. Produkte cil\u00ebsore p\u00ebr nd\u00ebrtim, \u00e7ati, izolim, fasada dhe renovim.","breadcrumb":{"@id":"https:\/\/ymalko.al\/product\/baumit-baumacol-protect-2k\/#breadcrumb"},"inLanguage":"en-US","potentialAction":[{"@type":"ReadAction","target":["https:\/\/ymalko.al\/product\/baumit-baumacol-protect-2k\/"]}]},{"@type":"ImageObject","inLanguage":"en-US","@id":"https:\/\/ymalko.al\/product\/baumit-baumacol-protect-2k\/#primaryimage","url":"https:\/\/ymalko.al\/wp-content\/uploads\/2025\/11\/im0040585.png","contentUrl":"https:\/\/ymalko.al\/wp-content\/uploads\/2025\/11\/im0040585.png","width":347,"height":400},{"@type":"BreadcrumbList","@id":"https:\/\/ymalko.al\/product\/baumit-baumacol-protect-2k\/#breadcrumb","itemListElement":[{"@type":"ListItem","position":1,"name":"Home","item":"https:\/\/ymalko.al\/"},{"@type":"ListItem","position":2,"name":"Produktet","item":"https:\/\/ymalko.al\/produktet\/"},{"@type":"ListItem","position":3,"name":"Baumit Baumacol Protect 2K"}]},{"@type":"WebSite","@id":"https:\/\/ymalko.al\/#website","url":"https:\/\/ymalko.al\/","name":"Ymalko","description":"","publisher":{"@id":"https:\/\/ymalko.al\/#organization"},"potentialAction":[{"@type":"SearchAction","target":{"@type":"EntryPoint","urlTemplate":"https:\/\/ymalko.al\/?s={search_term_string}"},"query-input":{"@type":"PropertyValueSpecification","valueRequired":true,"valueName":"search_term_string"}}],"inLanguage":"en-US"},{"@type":"Organization","@id":"https:\/\/ymalko.al\/#organization","name":"Ymalko","url":"https:\/\/ymalko.al\/","logo":{"@type":"ImageObject","inLanguage":"en-US","@id":"https:\/\/ymalko.al\/#\/schema\/logo\/image\/","url":"https:\/\/ymalko.al\/wp-content\/uploads\/2025\/10\/cropped-cropped-ymalko_mobil_logo-1.jpg","contentUrl":"https:\/\/ymalko.al\/wp-content\/uploads\/2025\/10\/cropped-cropped-ymalko_mobil_logo-1.jpg","width":577,"height":145,"caption":"Ymalko"},"image":{"@id":"https:\/\/ymalko.al\/#\/schema\/logo\/image\/"}}]}},"jetpack_sharing_enabled":true,"_links":{"self":[{"href":"https:\/\/ymalko.al\/en\/wp-json\/wp\/v2\/product\/13512","targetHints":{"allow":["GET"]}}],"collection":[{"href":"https:\/\/ymalko.al\/en\/wp-json\/wp\/v2\/product"}],"about":[{"href":"https:\/\/ymalko.al\/en\/wp-json\/wp\/v2\/types\/product"}],"version-history":[{"count":1,"href":"https:\/\/ymalko.al\/en\/wp-json\/wp\/v2\/product\/13512\/revisions"}],"predecessor-version":[{"id":14945,"href":"https:\/\/ymalko.al\/en\/wp-json\/wp\/v2\/product\/13512\/revisions\/14945"}],"wp:featuredmedia":[{"embeddable":true,"href":"https:\/\/ymalko.al\/en\/wp-json\/wp\/v2\/media\/13941"}],"wp:attachment":[{"href":"https:\/\/ymalko.al\/en\/wp-json\/wp\/v2\/media?parent=13512"}],"wp:term":[{"taxonomy":"product_brand","embeddable":true,"href":"https:\/\/ymalko.al\/en\/wp-json\/wp\/v2\/product_brand?post=13512"},{"taxonomy":"product_cat","embeddable":true,"href":"https:\/\/ymalko.al\/en\/wp-json\/wp\/v2\/product_cat?post=13512"},{"taxonomy":"product_tag","embeddable":true,"href":"https:\/\/ymalko.al\/en\/wp-json\/wp\/v2\/product_tag?post=13512"}],"curies":[{"name":"wp","href":"https:\/\/api.w.org\/{rel}","templated":true}]}}