{"id":10618,"date":"2025-11-02T08:00:00","date_gmt":"2025-11-02T08:00:00","guid":{"rendered":"https:\/\/ymalko.qkashop.com\/?post_type=product&#038;p=10618"},"modified":"2026-04-30T11:53:05","modified_gmt":"2026-04-30T11:53:05","slug":"grile-mbrojtese-aom","status":"publish","type":"product","link":"https:\/\/ymalko.al\/en\/product\/grile-mbrojtese-aom\/","title":{"rendered":"AOM protective grille"},"content":{"rendered":"<p>\u2022 Provides the best protection against heat.<br \/>\n\u2022 Absorbs solar radiation before it reaches the glass and reflects it<br \/>\nheat effectively, even on the sunniest days.<br \/>\n\u2022 Provides effective shading without obstructing the view from the outside.<br \/>\n\u2022 Easy to use, opens manually or with the control rod.<br \/>\n\u2022 Easily installed from the outside of the roof window.<br \/>\n\u2022 Protection against UV radiation. Available in graphite color with<br \/>\nfabric that allows 10% surface<br \/>\nopen relative:<\/p>","protected":false},"excerpt":{"rendered":"<p>\u2022 Ofron mbrojtjen m\u00eb t\u00eb mir\u00eb kund\u00ebr nxeht\u00ebsise. \u2022 Thith rrezatimin diellor para se t\u00eb arrij\u00eb tek xhami dhe pasqyron nxeht\u00ebsin\u00eb n\u00eb m\u00ebnyr\u00eb efektive, edhe n\u00eb dit\u00ebt m\u00eb me diell. \u2022 Siguron hij\u00ebzim efektiv pa penguar pamjen nga jasht\u00eb. \u2022 Leht\u00eb p\u00ebr tu p\u00ebrdorur, hapet me dor\u00eb ose me shufr\u00ebn e kontrollit. \u2022 Instalohet leht\u00ebsisht [&hellip;]<\/p>\n","protected":false},"featured_media":10865,"template":"","meta":{"_yoast_wpseo_focuskw":"gril\u00eb mbrojt\u00ebse AOM","_yoast_wpseo_title":"","_yoast_wpseo_metadesc":""},"product_brand":[53],"product_cat":[129,92,45],"product_tag":[],"class_list":{"0":"post-10618","1":"product","2":"type-product","3":"status-publish","4":"has-post-thumbnail","6":"product_brand-yk1","7":"product_cat-aksesore","8":"product_cat-dritare","9":"product_cat-te-gjitha","11":"first","12":"instock","13":"shipping-taxable","14":"product-type-simple"},"yoast_head":"<!-- This site is optimized with the Yoast SEO plugin v27.6 - https:\/\/yoast.com\/product\/yoast-seo-wordpress\/ -->\n<title>Gril\u00eb mbrojt\u00ebse AOM | Ymalko Albania<\/title>\n<meta name=\"description\" content=\"BliniGril\u00eb mbrojt\u00ebse AOM n\u00eb Ymalko Albania. Produkte cil\u00ebsore p\u00ebr nd\u00ebrtim, \u00e7ati, izolim, fasada dhe renovim.\" \/>\n<meta name=\"robots\" content=\"index, follow, max-snippet:-1, max-image-preview:large, max-video-preview:-1\" \/>\n<link rel=\"canonical\" href=\"https:\/\/ymalko.al\/en\/product\/grile-mbrojtese-aom\/\" \/>\n<meta property=\"og:locale\" content=\"en_US\" \/>\n<meta property=\"og:type\" content=\"article\" \/>\n<meta property=\"og:title\" content=\"Gril\u00eb mbrojt\u00ebse AOM | Ymalko Albania\" \/>\n<meta property=\"og:description\" content=\"BliniGril\u00eb mbrojt\u00ebse AOM n\u00eb Ymalko Albania. Produkte cil\u00ebsore p\u00ebr nd\u00ebrtim, \u00e7ati, izolim, fasada dhe renovim.\" \/>\n<meta property=\"og:url\" content=\"https:\/\/ymalko.al\/en\/product\/grile-mbrojtese-aom\/\" \/>\n<meta property=\"og:site_name\" content=\"Ymalko Albania\" \/>\n<meta property=\"article:modified_time\" content=\"2026-04-30T11:53:05+00:00\" \/>\n<meta property=\"og:image\" content=\"https:\/\/ymalko.al\/wp-content\/uploads\/2025\/10\/KG00.png\" \/>\n\t<meta property=\"og:image:width\" content=\"903\" \/>\n\t<meta property=\"og:image:height\" content=\"903\" \/>\n\t<meta property=\"og:image:type\" content=\"image\/png\" \/>\n<meta name=\"twitter:card\" content=\"summary_large_image\" \/>\n<meta name=\"twitter:label1\" content=\"Est. reading time\" \/>\n\t<meta name=\"twitter:data1\" content=\"1 minute\" \/>\n<script type=\"application\/ld+json\" class=\"yoast-schema-graph\">{\"@context\":\"https:\\\/\\\/schema.org\",\"@graph\":[{\"@type\":\"WebPage\",\"@id\":\"https:\\\/\\\/ymalko.al\\\/product\\\/grile-mbrojtese-aom\\\/\",\"url\":\"https:\\\/\\\/ymalko.al\\\/product\\\/grile-mbrojtese-aom\\\/\",\"name\":\"Gril\u00eb mbrojt\u00ebse AOM | Ymalko Albania\",\"isPartOf\":{\"@id\":\"https:\\\/\\\/ymalko.al\\\/#website\"},\"primaryImageOfPage\":{\"@id\":\"https:\\\/\\\/ymalko.al\\\/product\\\/grile-mbrojtese-aom\\\/#primaryimage\"},\"image\":{\"@id\":\"https:\\\/\\\/ymalko.al\\\/product\\\/grile-mbrojtese-aom\\\/#primaryimage\"},\"thumbnailUrl\":\"https:\\\/\\\/ymalko.al\\\/wp-content\\\/uploads\\\/2025\\\/10\\\/KG00.png\",\"datePublished\":\"2025-11-02T08:00:00+00:00\",\"dateModified\":\"2026-04-30T11:53:05+00:00\",\"description\":\"BliniGril\u00eb mbrojt\u00ebse AOM n\u00eb Ymalko Albania. Produkte cil\u00ebsore p\u00ebr nd\u00ebrtim, \u00e7ati, izolim, fasada dhe renovim.\",\"breadcrumb\":{\"@id\":\"https:\\\/\\\/ymalko.al\\\/product\\\/grile-mbrojtese-aom\\\/#breadcrumb\"},\"inLanguage\":\"en-US\",\"potentialAction\":[{\"@type\":\"ReadAction\",\"target\":[\"https:\\\/\\\/ymalko.al\\\/product\\\/grile-mbrojtese-aom\\\/\"]}]},{\"@type\":\"ImageObject\",\"inLanguage\":\"en-US\",\"@id\":\"https:\\\/\\\/ymalko.al\\\/product\\\/grile-mbrojtese-aom\\\/#primaryimage\",\"url\":\"https:\\\/\\\/ymalko.al\\\/wp-content\\\/uploads\\\/2025\\\/10\\\/KG00.png\",\"contentUrl\":\"https:\\\/\\\/ymalko.al\\\/wp-content\\\/uploads\\\/2025\\\/10\\\/KG00.png\",\"width\":903,\"height\":903},{\"@type\":\"BreadcrumbList\",\"@id\":\"https:\\\/\\\/ymalko.al\\\/product\\\/grile-mbrojtese-aom\\\/#breadcrumb\",\"itemListElement\":[{\"@type\":\"ListItem\",\"position\":1,\"name\":\"Home\",\"item\":\"https:\\\/\\\/ymalko.al\\\/\"},{\"@type\":\"ListItem\",\"position\":2,\"name\":\"Produktet\",\"item\":\"https:\\\/\\\/ymalko.al\\\/produktet\\\/\"},{\"@type\":\"ListItem\",\"position\":3,\"name\":\"Gril\u00eb mbrojt\u00ebse AOM\"}]},{\"@type\":\"WebSite\",\"@id\":\"https:\\\/\\\/ymalko.al\\\/#website\",\"url\":\"https:\\\/\\\/ymalko.al\\\/\",\"name\":\"Ymalko\",\"description\":\"\",\"publisher\":{\"@id\":\"https:\\\/\\\/ymalko.al\\\/#organization\"},\"potentialAction\":[{\"@type\":\"SearchAction\",\"target\":{\"@type\":\"EntryPoint\",\"urlTemplate\":\"https:\\\/\\\/ymalko.al\\\/?s={search_term_string}\"},\"query-input\":{\"@type\":\"PropertyValueSpecification\",\"valueRequired\":true,\"valueName\":\"search_term_string\"}}],\"inLanguage\":\"en-US\"},{\"@type\":\"Organization\",\"@id\":\"https:\\\/\\\/ymalko.al\\\/#organization\",\"name\":\"Ymalko\",\"url\":\"https:\\\/\\\/ymalko.al\\\/\",\"logo\":{\"@type\":\"ImageObject\",\"inLanguage\":\"en-US\",\"@id\":\"https:\\\/\\\/ymalko.al\\\/#\\\/schema\\\/logo\\\/image\\\/\",\"url\":\"https:\\\/\\\/ymalko.al\\\/wp-content\\\/uploads\\\/2025\\\/10\\\/cropped-cropped-ymalko_mobil_logo-1.jpg\",\"contentUrl\":\"https:\\\/\\\/ymalko.al\\\/wp-content\\\/uploads\\\/2025\\\/10\\\/cropped-cropped-ymalko_mobil_logo-1.jpg\",\"width\":577,\"height\":145,\"caption\":\"Ymalko\"},\"image\":{\"@id\":\"https:\\\/\\\/ymalko.al\\\/#\\\/schema\\\/logo\\\/image\\\/\"}}]}<\/script>\n<!-- \/ Yoast SEO plugin. -->","yoast_head_json":{"title":"Gril\u00eb mbrojt\u00ebse AOM | Ymalko Albania","description":"BliniGril\u00eb mbrojt\u00ebse AOM n\u00eb Ymalko Albania. Produkte cil\u00ebsore p\u00ebr nd\u00ebrtim, \u00e7ati, izolim, fasada dhe renovim.","robots":{"index":"index","follow":"follow","max-snippet":"max-snippet:-1","max-image-preview":"max-image-preview:large","max-video-preview":"max-video-preview:-1"},"canonical":"https:\/\/ymalko.al\/en\/product\/grile-mbrojtese-aom\/","og_locale":"en_US","og_type":"article","og_title":"Gril\u00eb mbrojt\u00ebse AOM | Ymalko Albania","og_description":"BliniGril\u00eb mbrojt\u00ebse AOM n\u00eb Ymalko Albania. Produkte cil\u00ebsore p\u00ebr nd\u00ebrtim, \u00e7ati, izolim, fasada dhe renovim.","og_url":"https:\/\/ymalko.al\/en\/product\/grile-mbrojtese-aom\/","og_site_name":"Ymalko Albania","article_modified_time":"2026-04-30T11:53:05+00:00","og_image":[{"width":903,"height":903,"url":"https:\/\/ymalko.al\/wp-content\/uploads\/2025\/10\/KG00.png","type":"image\/png"}],"twitter_card":"summary_large_image","twitter_misc":{"Est. reading time":"1 minute"},"schema":{"@context":"https:\/\/schema.org","@graph":[{"@type":"WebPage","@id":"https:\/\/ymalko.al\/product\/grile-mbrojtese-aom\/","url":"https:\/\/ymalko.al\/product\/grile-mbrojtese-aom\/","name":"Gril\u00eb mbrojt\u00ebse AOM | Ymalko Albania","isPartOf":{"@id":"https:\/\/ymalko.al\/#website"},"primaryImageOfPage":{"@id":"https:\/\/ymalko.al\/product\/grile-mbrojtese-aom\/#primaryimage"},"image":{"@id":"https:\/\/ymalko.al\/product\/grile-mbrojtese-aom\/#primaryimage"},"thumbnailUrl":"https:\/\/ymalko.al\/wp-content\/uploads\/2025\/10\/KG00.png","datePublished":"2025-11-02T08:00:00+00:00","dateModified":"2026-04-30T11:53:05+00:00","description":"BliniGril\u00eb mbrojt\u00ebse AOM n\u00eb Ymalko Albania. Produkte cil\u00ebsore p\u00ebr nd\u00ebrtim, \u00e7ati, izolim, fasada dhe renovim.","breadcrumb":{"@id":"https:\/\/ymalko.al\/product\/grile-mbrojtese-aom\/#breadcrumb"},"inLanguage":"en-US","potentialAction":[{"@type":"ReadAction","target":["https:\/\/ymalko.al\/product\/grile-mbrojtese-aom\/"]}]},{"@type":"ImageObject","inLanguage":"en-US","@id":"https:\/\/ymalko.al\/product\/grile-mbrojtese-aom\/#primaryimage","url":"https:\/\/ymalko.al\/wp-content\/uploads\/2025\/10\/KG00.png","contentUrl":"https:\/\/ymalko.al\/wp-content\/uploads\/2025\/10\/KG00.png","width":903,"height":903},{"@type":"BreadcrumbList","@id":"https:\/\/ymalko.al\/product\/grile-mbrojtese-aom\/#breadcrumb","itemListElement":[{"@type":"ListItem","position":1,"name":"Home","item":"https:\/\/ymalko.al\/"},{"@type":"ListItem","position":2,"name":"Produktet","item":"https:\/\/ymalko.al\/produktet\/"},{"@type":"ListItem","position":3,"name":"Gril\u00eb mbrojt\u00ebse AOM"}]},{"@type":"WebSite","@id":"https:\/\/ymalko.al\/#website","url":"https:\/\/ymalko.al\/","name":"Ymalko","description":"","publisher":{"@id":"https:\/\/ymalko.al\/#organization"},"potentialAction":[{"@type":"SearchAction","target":{"@type":"EntryPoint","urlTemplate":"https:\/\/ymalko.al\/?s={search_term_string}"},"query-input":{"@type":"PropertyValueSpecification","valueRequired":true,"valueName":"search_term_string"}}],"inLanguage":"en-US"},{"@type":"Organization","@id":"https:\/\/ymalko.al\/#organization","name":"Ymalko","url":"https:\/\/ymalko.al\/","logo":{"@type":"ImageObject","inLanguage":"en-US","@id":"https:\/\/ymalko.al\/#\/schema\/logo\/image\/","url":"https:\/\/ymalko.al\/wp-content\/uploads\/2025\/10\/cropped-cropped-ymalko_mobil_logo-1.jpg","contentUrl":"https:\/\/ymalko.al\/wp-content\/uploads\/2025\/10\/cropped-cropped-ymalko_mobil_logo-1.jpg","width":577,"height":145,"caption":"Ymalko"},"image":{"@id":"https:\/\/ymalko.al\/#\/schema\/logo\/image\/"}}]}},"jetpack_sharing_enabled":true,"_links":{"self":[{"href":"https:\/\/ymalko.al\/en\/wp-json\/wp\/v2\/product\/10618","targetHints":{"allow":["GET"]}}],"collection":[{"href":"https:\/\/ymalko.al\/en\/wp-json\/wp\/v2\/product"}],"about":[{"href":"https:\/\/ymalko.al\/en\/wp-json\/wp\/v2\/types\/product"}],"version-history":[{"count":1,"href":"https:\/\/ymalko.al\/en\/wp-json\/wp\/v2\/product\/10618\/revisions"}],"predecessor-version":[{"id":15082,"href":"https:\/\/ymalko.al\/en\/wp-json\/wp\/v2\/product\/10618\/revisions\/15082"}],"wp:featuredmedia":[{"embeddable":true,"href":"https:\/\/ymalko.al\/en\/wp-json\/wp\/v2\/media\/10865"}],"wp:attachment":[{"href":"https:\/\/ymalko.al\/en\/wp-json\/wp\/v2\/media?parent=10618"}],"wp:term":[{"taxonomy":"product_brand","embeddable":true,"href":"https:\/\/ymalko.al\/en\/wp-json\/wp\/v2\/product_brand?post=10618"},{"taxonomy":"product_cat","embeddable":true,"href":"https:\/\/ymalko.al\/en\/wp-json\/wp\/v2\/product_cat?post=10618"},{"taxonomy":"product_tag","embeddable":true,"href":"https:\/\/ymalko.al\/en\/wp-json\/wp\/v2\/product_tag?post=10618"}],"curies":[{"name":"wp","href":"https:\/\/api.w.org\/{rel}","templated":true}]}}