{"id":10616,"date":"2025-11-02T04:00:00","date_gmt":"2025-11-02T04:00:00","guid":{"rendered":"https:\/\/ymalko.qkashop.com\/?post_type=product&#038;p=10616"},"modified":"2026-04-30T11:53:36","modified_gmt":"2026-04-30T11:53:36","slug":"dritare-per-dalje-ne-cati-baxho","status":"publish","type":"product","link":"https:\/\/ymalko.al\/en\/product\/dritare-per-dalje-ne-cati-baxho\/","title":{"rendered":"OptiLook (WATCH)"},"content":{"rendered":"<p>OptiLook and OptiLook T (Baxho) roof access windows specially designed for non-conforming spaces<br \/>\ninhabited.<br \/>\n\u2022 Enable easy access to the roof as well as lighting<br \/>\nroom.<br \/>\n\u2022 Opening is done with a lifting mechanism from above \u2013 the arm<br \/>\nrises up.<br \/>\n\u2022 The OptiLook T model is equipped with a layer<br \/>\ntempered glass, while OptiLook only comes with<br \/>\nstandard glass.<br \/>\n\u2022 Three-level opening provides flow adjustment<br \/>\nfresh air.<br \/>\n\u2022 Universal aluminum layer covering the part<br \/>\nthe front of the roof cover, allows<br \/>\ninstallation on most covers. .<br \/>\n\u2022 Hardware is provided to facilitate installation<br \/>\nnecessary standards.<\/p>\n<p><b>Dimensions:<span class=\"Apple-converted-space\">\u00a0<\/span><\/b><\/p>\n<p><b>46 x 55 cm <\/b>, <b>46 x 75 cm <\/b>, <b>64 x 64 cm<span class=\"Apple-converted-space\">\u00a0<\/span><\/b><\/p>","protected":false},"excerpt":{"rendered":"<p>Dritare p\u00ebr qasje n\u00eb \u00e7ati OptiLook dhe OptiLook T (Baxho) T\u00eb projektuara posa\u00e7\u00ebrisht p\u00ebr hap\u00ebsira jo t\u00eb banuara. \u2022 Mund\u00ebsojn\u00eb hyrje t\u00eb leht\u00eb n\u00eb \u00e7ati si dhe ndri\u00e7im t\u00eb dhom\u00ebs. \u2022 Hapja b\u00ebhet me mekaniz\u00ebm ngrit\u00ebs nga lart \u2013 krahu ngrihet lart. \u2022 Modeli OptiLook T \u00ebsht\u00eb i pajisur me nj\u00eb shtres\u00eb xhami t\u00eb kalitur, [&hellip;]<\/p>\n","protected":false},"featured_media":10863,"template":"","meta":{"_yoast_wpseo_focuskw":"OptiLook baxho","_yoast_wpseo_title":"","_yoast_wpseo_metadesc":""},"product_brand":[53],"product_cat":[132,92,45],"product_tag":[],"class_list":{"0":"post-10616","1":"product","2":"type-product","3":"status-publish","4":"has-post-thumbnail","6":"product_brand-yk1","7":"product_cat-dalje-ne-cati","8":"product_cat-dritare","9":"product_cat-te-gjitha","11":"first","12":"instock","13":"shipping-taxable","14":"product-type-simple"},"yoast_head":"<!-- This site is optimized with the Yoast SEO plugin v27.6 - https:\/\/yoast.com\/product\/yoast-seo-wordpress\/ -->\n<title>OptiLook (BAXHO) | Ymalko Albania<\/title>\n<meta name=\"description\" content=\"BliniOptiLook (BAXHO) n\u00eb Ymalko Albania. Produkte cil\u00ebsore p\u00ebr nd\u00ebrtim, \u00e7ati, izolim, fasada dhe renovim.\" \/>\n<meta name=\"robots\" content=\"index, follow, max-snippet:-1, max-image-preview:large, max-video-preview:-1\" \/>\n<link rel=\"canonical\" href=\"https:\/\/ymalko.al\/en\/product\/dritare-per-dalje-ne-cati-baxho\/\" \/>\n<meta property=\"og:locale\" content=\"en_US\" \/>\n<meta property=\"og:type\" content=\"article\" \/>\n<meta property=\"og:title\" content=\"OptiLook (BAXHO) | Ymalko Albania\" \/>\n<meta property=\"og:description\" content=\"BliniOptiLook (BAXHO) n\u00eb Ymalko Albania. Produkte cil\u00ebsore p\u00ebr nd\u00ebrtim, \u00e7ati, izolim, fasada dhe renovim.\" \/>\n<meta property=\"og:url\" content=\"https:\/\/ymalko.al\/en\/product\/dritare-per-dalje-ne-cati-baxho\/\" \/>\n<meta property=\"og:site_name\" content=\"Ymalko Albania\" \/>\n<meta property=\"article:modified_time\" content=\"2026-04-30T11:53:36+00:00\" \/>\n<meta property=\"og:image\" content=\"https:\/\/ymalko.al\/wp-content\/uploads\/2025\/10\/KD21.png\" \/>\n\t<meta property=\"og:image:width\" content=\"903\" \/>\n\t<meta property=\"og:image:height\" content=\"903\" \/>\n\t<meta property=\"og:image:type\" content=\"image\/png\" \/>\n<meta name=\"twitter:card\" content=\"summary_large_image\" \/>\n<meta name=\"twitter:label1\" content=\"Est. reading time\" \/>\n\t<meta name=\"twitter:data1\" content=\"1 minute\" \/>\n<script type=\"application\/ld+json\" class=\"yoast-schema-graph\">{\"@context\":\"https:\\\/\\\/schema.org\",\"@graph\":[{\"@type\":\"WebPage\",\"@id\":\"https:\\\/\\\/ymalko.al\\\/product\\\/dritare-per-dalje-ne-cati-baxho\\\/\",\"url\":\"https:\\\/\\\/ymalko.al\\\/product\\\/dritare-per-dalje-ne-cati-baxho\\\/\",\"name\":\"OptiLook (BAXHO) | Ymalko Albania\",\"isPartOf\":{\"@id\":\"https:\\\/\\\/ymalko.al\\\/#website\"},\"primaryImageOfPage\":{\"@id\":\"https:\\\/\\\/ymalko.al\\\/product\\\/dritare-per-dalje-ne-cati-baxho\\\/#primaryimage\"},\"image\":{\"@id\":\"https:\\\/\\\/ymalko.al\\\/product\\\/dritare-per-dalje-ne-cati-baxho\\\/#primaryimage\"},\"thumbnailUrl\":\"https:\\\/\\\/ymalko.al\\\/wp-content\\\/uploads\\\/2025\\\/10\\\/KD21.png\",\"datePublished\":\"2025-11-02T04:00:00+00:00\",\"dateModified\":\"2026-04-30T11:53:36+00:00\",\"description\":\"BliniOptiLook (BAXHO) n\u00eb Ymalko Albania. Produkte cil\u00ebsore p\u00ebr nd\u00ebrtim, \u00e7ati, izolim, fasada dhe renovim.\",\"breadcrumb\":{\"@id\":\"https:\\\/\\\/ymalko.al\\\/product\\\/dritare-per-dalje-ne-cati-baxho\\\/#breadcrumb\"},\"inLanguage\":\"en-US\",\"potentialAction\":[{\"@type\":\"ReadAction\",\"target\":[\"https:\\\/\\\/ymalko.al\\\/product\\\/dritare-per-dalje-ne-cati-baxho\\\/\"]}]},{\"@type\":\"ImageObject\",\"inLanguage\":\"en-US\",\"@id\":\"https:\\\/\\\/ymalko.al\\\/product\\\/dritare-per-dalje-ne-cati-baxho\\\/#primaryimage\",\"url\":\"https:\\\/\\\/ymalko.al\\\/wp-content\\\/uploads\\\/2025\\\/10\\\/KD21.png\",\"contentUrl\":\"https:\\\/\\\/ymalko.al\\\/wp-content\\\/uploads\\\/2025\\\/10\\\/KD21.png\",\"width\":903,\"height\":903},{\"@type\":\"BreadcrumbList\",\"@id\":\"https:\\\/\\\/ymalko.al\\\/product\\\/dritare-per-dalje-ne-cati-baxho\\\/#breadcrumb\",\"itemListElement\":[{\"@type\":\"ListItem\",\"position\":1,\"name\":\"Home\",\"item\":\"https:\\\/\\\/ymalko.al\\\/\"},{\"@type\":\"ListItem\",\"position\":2,\"name\":\"Produktet\",\"item\":\"https:\\\/\\\/ymalko.al\\\/produktet\\\/\"},{\"@type\":\"ListItem\",\"position\":3,\"name\":\"OptiLook (BAXHO)\"}]},{\"@type\":\"WebSite\",\"@id\":\"https:\\\/\\\/ymalko.al\\\/#website\",\"url\":\"https:\\\/\\\/ymalko.al\\\/\",\"name\":\"Ymalko\",\"description\":\"\",\"publisher\":{\"@id\":\"https:\\\/\\\/ymalko.al\\\/#organization\"},\"potentialAction\":[{\"@type\":\"SearchAction\",\"target\":{\"@type\":\"EntryPoint\",\"urlTemplate\":\"https:\\\/\\\/ymalko.al\\\/?s={search_term_string}\"},\"query-input\":{\"@type\":\"PropertyValueSpecification\",\"valueRequired\":true,\"valueName\":\"search_term_string\"}}],\"inLanguage\":\"en-US\"},{\"@type\":\"Organization\",\"@id\":\"https:\\\/\\\/ymalko.al\\\/#organization\",\"name\":\"Ymalko\",\"url\":\"https:\\\/\\\/ymalko.al\\\/\",\"logo\":{\"@type\":\"ImageObject\",\"inLanguage\":\"en-US\",\"@id\":\"https:\\\/\\\/ymalko.al\\\/#\\\/schema\\\/logo\\\/image\\\/\",\"url\":\"https:\\\/\\\/ymalko.al\\\/wp-content\\\/uploads\\\/2025\\\/10\\\/cropped-cropped-ymalko_mobil_logo-1.jpg\",\"contentUrl\":\"https:\\\/\\\/ymalko.al\\\/wp-content\\\/uploads\\\/2025\\\/10\\\/cropped-cropped-ymalko_mobil_logo-1.jpg\",\"width\":577,\"height\":145,\"caption\":\"Ymalko\"},\"image\":{\"@id\":\"https:\\\/\\\/ymalko.al\\\/#\\\/schema\\\/logo\\\/image\\\/\"}}]}<\/script>\n<!-- \/ Yoast SEO plugin. -->","yoast_head_json":{"title":"OptiLook (BAXHO) | Ymalko Albania","description":"BliniOptiLook (BAXHO) n\u00eb Ymalko Albania. Produkte cil\u00ebsore p\u00ebr nd\u00ebrtim, \u00e7ati, izolim, fasada dhe renovim.","robots":{"index":"index","follow":"follow","max-snippet":"max-snippet:-1","max-image-preview":"max-image-preview:large","max-video-preview":"max-video-preview:-1"},"canonical":"https:\/\/ymalko.al\/en\/product\/dritare-per-dalje-ne-cati-baxho\/","og_locale":"en_US","og_type":"article","og_title":"OptiLook (BAXHO) | Ymalko Albania","og_description":"BliniOptiLook (BAXHO) n\u00eb Ymalko Albania. Produkte cil\u00ebsore p\u00ebr nd\u00ebrtim, \u00e7ati, izolim, fasada dhe renovim.","og_url":"https:\/\/ymalko.al\/en\/product\/dritare-per-dalje-ne-cati-baxho\/","og_site_name":"Ymalko Albania","article_modified_time":"2026-04-30T11:53:36+00:00","og_image":[{"width":903,"height":903,"url":"https:\/\/ymalko.al\/wp-content\/uploads\/2025\/10\/KD21.png","type":"image\/png"}],"twitter_card":"summary_large_image","twitter_misc":{"Est. reading time":"1 minute"},"schema":{"@context":"https:\/\/schema.org","@graph":[{"@type":"WebPage","@id":"https:\/\/ymalko.al\/product\/dritare-per-dalje-ne-cati-baxho\/","url":"https:\/\/ymalko.al\/product\/dritare-per-dalje-ne-cati-baxho\/","name":"OptiLook (BAXHO) | Ymalko Albania","isPartOf":{"@id":"https:\/\/ymalko.al\/#website"},"primaryImageOfPage":{"@id":"https:\/\/ymalko.al\/product\/dritare-per-dalje-ne-cati-baxho\/#primaryimage"},"image":{"@id":"https:\/\/ymalko.al\/product\/dritare-per-dalje-ne-cati-baxho\/#primaryimage"},"thumbnailUrl":"https:\/\/ymalko.al\/wp-content\/uploads\/2025\/10\/KD21.png","datePublished":"2025-11-02T04:00:00+00:00","dateModified":"2026-04-30T11:53:36+00:00","description":"BliniOptiLook (BAXHO) n\u00eb Ymalko Albania. Produkte cil\u00ebsore p\u00ebr nd\u00ebrtim, \u00e7ati, izolim, fasada dhe renovim.","breadcrumb":{"@id":"https:\/\/ymalko.al\/product\/dritare-per-dalje-ne-cati-baxho\/#breadcrumb"},"inLanguage":"en-US","potentialAction":[{"@type":"ReadAction","target":["https:\/\/ymalko.al\/product\/dritare-per-dalje-ne-cati-baxho\/"]}]},{"@type":"ImageObject","inLanguage":"en-US","@id":"https:\/\/ymalko.al\/product\/dritare-per-dalje-ne-cati-baxho\/#primaryimage","url":"https:\/\/ymalko.al\/wp-content\/uploads\/2025\/10\/KD21.png","contentUrl":"https:\/\/ymalko.al\/wp-content\/uploads\/2025\/10\/KD21.png","width":903,"height":903},{"@type":"BreadcrumbList","@id":"https:\/\/ymalko.al\/product\/dritare-per-dalje-ne-cati-baxho\/#breadcrumb","itemListElement":[{"@type":"ListItem","position":1,"name":"Home","item":"https:\/\/ymalko.al\/"},{"@type":"ListItem","position":2,"name":"Produktet","item":"https:\/\/ymalko.al\/produktet\/"},{"@type":"ListItem","position":3,"name":"OptiLook (BAXHO)"}]},{"@type":"WebSite","@id":"https:\/\/ymalko.al\/#website","url":"https:\/\/ymalko.al\/","name":"Ymalko","description":"","publisher":{"@id":"https:\/\/ymalko.al\/#organization"},"potentialAction":[{"@type":"SearchAction","target":{"@type":"EntryPoint","urlTemplate":"https:\/\/ymalko.al\/?s={search_term_string}"},"query-input":{"@type":"PropertyValueSpecification","valueRequired":true,"valueName":"search_term_string"}}],"inLanguage":"en-US"},{"@type":"Organization","@id":"https:\/\/ymalko.al\/#organization","name":"Ymalko","url":"https:\/\/ymalko.al\/","logo":{"@type":"ImageObject","inLanguage":"en-US","@id":"https:\/\/ymalko.al\/#\/schema\/logo\/image\/","url":"https:\/\/ymalko.al\/wp-content\/uploads\/2025\/10\/cropped-cropped-ymalko_mobil_logo-1.jpg","contentUrl":"https:\/\/ymalko.al\/wp-content\/uploads\/2025\/10\/cropped-cropped-ymalko_mobil_logo-1.jpg","width":577,"height":145,"caption":"Ymalko"},"image":{"@id":"https:\/\/ymalko.al\/#\/schema\/logo\/image\/"}}]}},"jetpack_sharing_enabled":true,"_links":{"self":[{"href":"https:\/\/ymalko.al\/en\/wp-json\/wp\/v2\/product\/10616","targetHints":{"allow":["GET"]}}],"collection":[{"href":"https:\/\/ymalko.al\/en\/wp-json\/wp\/v2\/product"}],"about":[{"href":"https:\/\/ymalko.al\/en\/wp-json\/wp\/v2\/types\/product"}],"version-history":[{"count":1,"href":"https:\/\/ymalko.al\/en\/wp-json\/wp\/v2\/product\/10616\/revisions"}],"predecessor-version":[{"id":15086,"href":"https:\/\/ymalko.al\/en\/wp-json\/wp\/v2\/product\/10616\/revisions\/15086"}],"wp:featuredmedia":[{"embeddable":true,"href":"https:\/\/ymalko.al\/en\/wp-json\/wp\/v2\/media\/10863"}],"wp:attachment":[{"href":"https:\/\/ymalko.al\/en\/wp-json\/wp\/v2\/media?parent=10616"}],"wp:term":[{"taxonomy":"product_brand","embeddable":true,"href":"https:\/\/ymalko.al\/en\/wp-json\/wp\/v2\/product_brand?post=10616"},{"taxonomy":"product_cat","embeddable":true,"href":"https:\/\/ymalko.al\/en\/wp-json\/wp\/v2\/product_cat?post=10616"},{"taxonomy":"product_tag","embeddable":true,"href":"https:\/\/ymalko.al\/en\/wp-json\/wp\/v2\/product_tag?post=10616"}],"curies":[{"name":"wp","href":"https:\/\/api.w.org\/{rel}","templated":true}]}}