{"id":10615,"date":"2025-11-02T03:30:33","date_gmt":"2025-11-02T03:30:33","guid":{"rendered":"https:\/\/ymalko.qkashop.com\/?post_type=product&#038;p=10615"},"modified":"2026-04-30T11:57:06","modified_gmt":"2026-04-30T11:57:06","slug":"dritare-plastike-me-mbulim-alumini-xham-treshtresor","status":"publish","type":"product","link":"https:\/\/ymalko.al\/en\/product\/dritare-plastike-me-mbulim-alumini-xham-treshtresor\/","title":{"rendered":"OptiLight TLP U4"},"content":{"rendered":"<p>Dritare TLP U4 me bosht q\u00ebndror Dritare \u00e7atie plastike me mbulim alumini dhe hapje<br \/>\nrrotulluese. E nd\u00ebrtuar nga profile PVC, t\u00eb p\u00ebrforcuara nga<br \/>\nbrenda me \u00e7elik t\u00eb galvanizuar q\u00eb parandalon<br \/>\ndeformimin.<br \/>\n\u2022 Profilet PVC i p\u00ebrkasin klas\u00ebs A \u2013 m\u00eb t\u00eb lart\u00eb, t\u00eb prodhuara<br \/>\nn\u00eb p\u00ebrputhje me standardin evropian EN 12608.<br \/>\n\u2022 Plastika e p\u00ebrdorur nuk thith lag\u00ebshti; dritarja \u00ebsht\u00eb e<br \/>\nq\u00ebndrueshme, rezistente ndaj korrozionit dhe kushteve t\u00eb<br \/>\nndryshme atmosferike, nd\u00ebrsa mir\u00ebmbajtja e saj<br \/>\nreduktohet n\u00eb minimum.<br \/>\n\u2022 E pajisur me nj\u00ebsi xhami treshtresor me efikasitet t\u00eb lart\u00eb<br \/>\nenergjie. Koeficienti i transferimit t\u00eb nxeht\u00ebsis\u00eb \u00ebsht\u00eb<br \/>\nUw = 1.1 W\/m\u00b2K.<br \/>\n\u2022 Mentesha n\u00eb mes t\u00eb dritares i lejon krahut t\u00eb rrotullohet<br \/>\ndhe t\u00eb mbetet i hapur. Doreza e vendosur n\u00eb pjes\u00ebn e<br \/>\nposhtme t\u00eb krahut ofron p\u00ebrdorim t\u00eb leht\u00eb dhe hapje<br \/>\ngraduale.<br \/>\n\u2022 Krahu i dritares mund t\u00eb rrotullohet deri n\u00eb 180\u00b0 dhe t\u00eb<br \/>\nfiksohet, duke lejuar pastrim t\u00eb thjesht\u00eb dhe t\u00eb sigurt t\u00eb<br \/>\nxhamit t\u00eb jasht\u00ebm.<\/p>\n<p><b>Dimenzionet:<span class=\"Apple-converted-space\">\u00a0<\/span><\/b><\/p>\n<p><b>55&#215;78, 55&#215;98, 66&#215;98, 66&#215;118,<span class=\"Apple-converted-space\">\u00a0<\/span><\/b> <b>78&#215;98,<span class=\"Apple-converted-space\">\u00a0 <\/span>78&#215;118,<span class=\"Apple-converted-space\">\u00a0 <\/span>78&#215;140, 78&#215;160, 114&#215;180[cm]<\/b><\/p>\n","protected":false},"excerpt":{"rendered":"<p>Dritare TLP U4 me bosht q\u00ebndror Dritare \u00e7atie plastike me mbulim alumini dhe hapje rrotulluese. E nd\u00ebrtuar nga profile PVC, t\u00eb p\u00ebrforcuara nga brenda me \u00e7elik t\u00eb galvanizuar q\u00eb parandalon deformimin. \u2022 Profilet PVC i p\u00ebrkasin klas\u00ebs A \u2013 m\u00eb t\u00eb lart\u00eb, t\u00eb prodhuara n\u00eb p\u00ebrputhje me standardin evropian EN 12608. \u2022 Plastika e p\u00ebrdorur [&hellip;]<\/p>\n","protected":false},"featured_media":10862,"template":"","meta":{"_yoast_wpseo_focuskw":"OptiLight TLP U4","_yoast_wpseo_title":"","_yoast_wpseo_metadesc":""},"product_brand":[53],"product_cat":[92,131,45],"product_tag":[],"class_list":{"0":"post-10615","1":"product","2":"type-product","3":"status-publish","4":"has-post-thumbnail","6":"product_brand-yk1","7":"product_cat-dritare","8":"product_cat-ydpc4","9":"product_cat-te-gjitha","11":"first","12":"instock","13":"shipping-taxable","14":"product-type-simple"},"yoast_head":"<!-- This site is optimized with the Yoast SEO plugin v27.6 - https:\/\/yoast.com\/product\/yoast-seo-wordpress\/ -->\n<title>OptiLight TLP U4 | Ymalko Albania<\/title>\n<meta name=\"description\" content=\"BliniOptiLight TLP U4 n\u00eb Ymalko Albania. Produkte cil\u00ebsore p\u00ebr nd\u00ebrtim, \u00e7ati, izolim, fasada dhe renovim.\" \/>\n<meta name=\"robots\" content=\"index, follow, max-snippet:-1, max-image-preview:large, max-video-preview:-1\" \/>\n<link rel=\"canonical\" href=\"https:\/\/ymalko.al\/en\/product\/dritare-plastike-me-mbulim-alumini-xham-treshtresor\/\" \/>\n<meta property=\"og:locale\" content=\"en_US\" \/>\n<meta property=\"og:type\" content=\"article\" \/>\n<meta property=\"og:title\" content=\"OptiLight TLP U4 | Ymalko Albania\" \/>\n<meta property=\"og:description\" content=\"BliniOptiLight TLP U4 n\u00eb Ymalko Albania. Produkte cil\u00ebsore p\u00ebr nd\u00ebrtim, \u00e7ati, izolim, fasada dhe renovim.\" \/>\n<meta property=\"og:url\" content=\"https:\/\/ymalko.al\/en\/product\/dritare-plastike-me-mbulim-alumini-xham-treshtresor\/\" \/>\n<meta property=\"og:site_name\" content=\"Ymalko Albania\" \/>\n<meta property=\"article:modified_time\" content=\"2026-04-30T11:57:06+00:00\" \/>\n<meta property=\"og:image\" content=\"https:\/\/ymalko.al\/wp-content\/uploads\/2025\/10\/KD20.png\" \/>\n\t<meta property=\"og:image:width\" content=\"903\" \/>\n\t<meta property=\"og:image:height\" content=\"903\" \/>\n\t<meta property=\"og:image:type\" content=\"image\/png\" \/>\n<meta name=\"twitter:card\" content=\"summary_large_image\" \/>\n<meta name=\"twitter:label1\" content=\"Est. reading time\" \/>\n\t<meta name=\"twitter:data1\" content=\"1 minute\" \/>\n<script type=\"application\/ld+json\" class=\"yoast-schema-graph\">{\"@context\":\"https:\\\/\\\/schema.org\",\"@graph\":[{\"@type\":\"WebPage\",\"@id\":\"https:\\\/\\\/ymalko.al\\\/product\\\/dritare-plastike-me-mbulim-alumini-xham-treshtresor\\\/\",\"url\":\"https:\\\/\\\/ymalko.al\\\/product\\\/dritare-plastike-me-mbulim-alumini-xham-treshtresor\\\/\",\"name\":\"OptiLight TLP U4 | Ymalko Albania\",\"isPartOf\":{\"@id\":\"https:\\\/\\\/ymalko.al\\\/#website\"},\"primaryImageOfPage\":{\"@id\":\"https:\\\/\\\/ymalko.al\\\/product\\\/dritare-plastike-me-mbulim-alumini-xham-treshtresor\\\/#primaryimage\"},\"image\":{\"@id\":\"https:\\\/\\\/ymalko.al\\\/product\\\/dritare-plastike-me-mbulim-alumini-xham-treshtresor\\\/#primaryimage\"},\"thumbnailUrl\":\"https:\\\/\\\/ymalko.al\\\/wp-content\\\/uploads\\\/2025\\\/10\\\/KD20.png\",\"datePublished\":\"2025-11-02T03:30:33+00:00\",\"dateModified\":\"2026-04-30T11:57:06+00:00\",\"description\":\"BliniOptiLight TLP U4 n\u00eb Ymalko Albania. Produkte cil\u00ebsore p\u00ebr nd\u00ebrtim, \u00e7ati, izolim, fasada dhe renovim.\",\"breadcrumb\":{\"@id\":\"https:\\\/\\\/ymalko.al\\\/product\\\/dritare-plastike-me-mbulim-alumini-xham-treshtresor\\\/#breadcrumb\"},\"inLanguage\":\"en-US\",\"potentialAction\":[{\"@type\":\"ReadAction\",\"target\":[\"https:\\\/\\\/ymalko.al\\\/product\\\/dritare-plastike-me-mbulim-alumini-xham-treshtresor\\\/\"]}]},{\"@type\":\"ImageObject\",\"inLanguage\":\"en-US\",\"@id\":\"https:\\\/\\\/ymalko.al\\\/product\\\/dritare-plastike-me-mbulim-alumini-xham-treshtresor\\\/#primaryimage\",\"url\":\"https:\\\/\\\/ymalko.al\\\/wp-content\\\/uploads\\\/2025\\\/10\\\/KD20.png\",\"contentUrl\":\"https:\\\/\\\/ymalko.al\\\/wp-content\\\/uploads\\\/2025\\\/10\\\/KD20.png\",\"width\":903,\"height\":903},{\"@type\":\"BreadcrumbList\",\"@id\":\"https:\\\/\\\/ymalko.al\\\/product\\\/dritare-plastike-me-mbulim-alumini-xham-treshtresor\\\/#breadcrumb\",\"itemListElement\":[{\"@type\":\"ListItem\",\"position\":1,\"name\":\"Home\",\"item\":\"https:\\\/\\\/ymalko.al\\\/\"},{\"@type\":\"ListItem\",\"position\":2,\"name\":\"Produktet\",\"item\":\"https:\\\/\\\/ymalko.al\\\/produktet\\\/\"},{\"@type\":\"ListItem\",\"position\":3,\"name\":\"OptiLight TLP U4\"}]},{\"@type\":\"WebSite\",\"@id\":\"https:\\\/\\\/ymalko.al\\\/#website\",\"url\":\"https:\\\/\\\/ymalko.al\\\/\",\"name\":\"Ymalko\",\"description\":\"\",\"publisher\":{\"@id\":\"https:\\\/\\\/ymalko.al\\\/#organization\"},\"potentialAction\":[{\"@type\":\"SearchAction\",\"target\":{\"@type\":\"EntryPoint\",\"urlTemplate\":\"https:\\\/\\\/ymalko.al\\\/?s={search_term_string}\"},\"query-input\":{\"@type\":\"PropertyValueSpecification\",\"valueRequired\":true,\"valueName\":\"search_term_string\"}}],\"inLanguage\":\"en-US\"},{\"@type\":\"Organization\",\"@id\":\"https:\\\/\\\/ymalko.al\\\/#organization\",\"name\":\"Ymalko\",\"url\":\"https:\\\/\\\/ymalko.al\\\/\",\"logo\":{\"@type\":\"ImageObject\",\"inLanguage\":\"en-US\",\"@id\":\"https:\\\/\\\/ymalko.al\\\/#\\\/schema\\\/logo\\\/image\\\/\",\"url\":\"https:\\\/\\\/ymalko.al\\\/wp-content\\\/uploads\\\/2025\\\/10\\\/cropped-cropped-ymalko_mobil_logo-1.jpg\",\"contentUrl\":\"https:\\\/\\\/ymalko.al\\\/wp-content\\\/uploads\\\/2025\\\/10\\\/cropped-cropped-ymalko_mobil_logo-1.jpg\",\"width\":577,\"height\":145,\"caption\":\"Ymalko\"},\"image\":{\"@id\":\"https:\\\/\\\/ymalko.al\\\/#\\\/schema\\\/logo\\\/image\\\/\"}}]}<\/script>\n<!-- \/ Yoast SEO plugin. -->","yoast_head_json":{"title":"OptiLight TLP U4 | Ymalko Albania","description":"BliniOptiLight TLP U4 n\u00eb Ymalko Albania. Produkte cil\u00ebsore p\u00ebr nd\u00ebrtim, \u00e7ati, izolim, fasada dhe renovim.","robots":{"index":"index","follow":"follow","max-snippet":"max-snippet:-1","max-image-preview":"max-image-preview:large","max-video-preview":"max-video-preview:-1"},"canonical":"https:\/\/ymalko.al\/en\/product\/dritare-plastike-me-mbulim-alumini-xham-treshtresor\/","og_locale":"en_US","og_type":"article","og_title":"OptiLight TLP U4 | Ymalko Albania","og_description":"BliniOptiLight TLP U4 n\u00eb Ymalko Albania. Produkte cil\u00ebsore p\u00ebr nd\u00ebrtim, \u00e7ati, izolim, fasada dhe renovim.","og_url":"https:\/\/ymalko.al\/en\/product\/dritare-plastike-me-mbulim-alumini-xham-treshtresor\/","og_site_name":"Ymalko Albania","article_modified_time":"2026-04-30T11:57:06+00:00","og_image":[{"width":903,"height":903,"url":"https:\/\/ymalko.al\/wp-content\/uploads\/2025\/10\/KD20.png","type":"image\/png"}],"twitter_card":"summary_large_image","twitter_misc":{"Est. reading time":"1 minute"},"schema":{"@context":"https:\/\/schema.org","@graph":[{"@type":"WebPage","@id":"https:\/\/ymalko.al\/product\/dritare-plastike-me-mbulim-alumini-xham-treshtresor\/","url":"https:\/\/ymalko.al\/product\/dritare-plastike-me-mbulim-alumini-xham-treshtresor\/","name":"OptiLight TLP U4 | Ymalko Albania","isPartOf":{"@id":"https:\/\/ymalko.al\/#website"},"primaryImageOfPage":{"@id":"https:\/\/ymalko.al\/product\/dritare-plastike-me-mbulim-alumini-xham-treshtresor\/#primaryimage"},"image":{"@id":"https:\/\/ymalko.al\/product\/dritare-plastike-me-mbulim-alumini-xham-treshtresor\/#primaryimage"},"thumbnailUrl":"https:\/\/ymalko.al\/wp-content\/uploads\/2025\/10\/KD20.png","datePublished":"2025-11-02T03:30:33+00:00","dateModified":"2026-04-30T11:57:06+00:00","description":"BliniOptiLight TLP U4 n\u00eb Ymalko Albania. Produkte cil\u00ebsore p\u00ebr nd\u00ebrtim, \u00e7ati, izolim, fasada dhe renovim.","breadcrumb":{"@id":"https:\/\/ymalko.al\/product\/dritare-plastike-me-mbulim-alumini-xham-treshtresor\/#breadcrumb"},"inLanguage":"en-US","potentialAction":[{"@type":"ReadAction","target":["https:\/\/ymalko.al\/product\/dritare-plastike-me-mbulim-alumini-xham-treshtresor\/"]}]},{"@type":"ImageObject","inLanguage":"en-US","@id":"https:\/\/ymalko.al\/product\/dritare-plastike-me-mbulim-alumini-xham-treshtresor\/#primaryimage","url":"https:\/\/ymalko.al\/wp-content\/uploads\/2025\/10\/KD20.png","contentUrl":"https:\/\/ymalko.al\/wp-content\/uploads\/2025\/10\/KD20.png","width":903,"height":903},{"@type":"BreadcrumbList","@id":"https:\/\/ymalko.al\/product\/dritare-plastike-me-mbulim-alumini-xham-treshtresor\/#breadcrumb","itemListElement":[{"@type":"ListItem","position":1,"name":"Home","item":"https:\/\/ymalko.al\/"},{"@type":"ListItem","position":2,"name":"Produktet","item":"https:\/\/ymalko.al\/produktet\/"},{"@type":"ListItem","position":3,"name":"OptiLight TLP U4"}]},{"@type":"WebSite","@id":"https:\/\/ymalko.al\/#website","url":"https:\/\/ymalko.al\/","name":"Ymalko","description":"","publisher":{"@id":"https:\/\/ymalko.al\/#organization"},"potentialAction":[{"@type":"SearchAction","target":{"@type":"EntryPoint","urlTemplate":"https:\/\/ymalko.al\/?s={search_term_string}"},"query-input":{"@type":"PropertyValueSpecification","valueRequired":true,"valueName":"search_term_string"}}],"inLanguage":"en-US"},{"@type":"Organization","@id":"https:\/\/ymalko.al\/#organization","name":"Ymalko","url":"https:\/\/ymalko.al\/","logo":{"@type":"ImageObject","inLanguage":"en-US","@id":"https:\/\/ymalko.al\/#\/schema\/logo\/image\/","url":"https:\/\/ymalko.al\/wp-content\/uploads\/2025\/10\/cropped-cropped-ymalko_mobil_logo-1.jpg","contentUrl":"https:\/\/ymalko.al\/wp-content\/uploads\/2025\/10\/cropped-cropped-ymalko_mobil_logo-1.jpg","width":577,"height":145,"caption":"Ymalko"},"image":{"@id":"https:\/\/ymalko.al\/#\/schema\/logo\/image\/"}}]}},"jetpack_sharing_enabled":true,"_links":{"self":[{"href":"https:\/\/ymalko.al\/en\/wp-json\/wp\/v2\/product\/10615","targetHints":{"allow":["GET"]}}],"collection":[{"href":"https:\/\/ymalko.al\/en\/wp-json\/wp\/v2\/product"}],"about":[{"href":"https:\/\/ymalko.al\/en\/wp-json\/wp\/v2\/types\/product"}],"version-history":[{"count":1,"href":"https:\/\/ymalko.al\/en\/wp-json\/wp\/v2\/product\/10615\/revisions"}],"predecessor-version":[{"id":15087,"href":"https:\/\/ymalko.al\/en\/wp-json\/wp\/v2\/product\/10615\/revisions\/15087"}],"wp:featuredmedia":[{"embeddable":true,"href":"https:\/\/ymalko.al\/en\/wp-json\/wp\/v2\/media\/10862"}],"wp:attachment":[{"href":"https:\/\/ymalko.al\/en\/wp-json\/wp\/v2\/media?parent=10615"}],"wp:term":[{"taxonomy":"product_brand","embeddable":true,"href":"https:\/\/ymalko.al\/en\/wp-json\/wp\/v2\/product_brand?post=10615"},{"taxonomy":"product_cat","embeddable":true,"href":"https:\/\/ymalko.al\/en\/wp-json\/wp\/v2\/product_cat?post=10615"},{"taxonomy":"product_tag","embeddable":true,"href":"https:\/\/ymalko.al\/en\/wp-json\/wp\/v2\/product_tag?post=10615"}],"curies":[{"name":"wp","href":"https:\/\/api.w.org\/{rel}","templated":true}]}}