{"id":10614,"date":"2025-11-02T03:00:00","date_gmt":"2025-11-02T03:00:00","guid":{"rendered":"https:\/\/ymalko.qkashop.com\/?post_type=product&#038;p=10614"},"modified":"2026-04-30T11:57:18","modified_gmt":"2026-04-30T11:57:18","slug":"dritare-plastike-me-mbulim-alumini","status":"publish","type":"product","link":"https:\/\/ymalko.al\/en\/product\/dritare-plastike-me-mbulim-alumini\/","title":{"rendered":"OptiLight TLP"},"content":{"rendered":"<p>Dritare TLP me bosht q\u00ebndror. T\u00eb p\u00ebrshtatshme p\u00ebr hap\u00ebsira ku niveli i lag\u00ebshtis\u00eb rritet<br \/>\nperiodikisht (si kuzhina, banjo) dhe p\u00ebr hap\u00ebsira ku<br \/>\nlag\u00ebshtia mbetet e lart\u00eb p\u00ebr nj\u00eb koh\u00eb t\u00eb gjat\u00eb (si<br \/>\nlavanderit\u00eb).<br \/>\n\u2022 T\u00eb prodhuara nga profile PVC, t\u00eb p\u00ebrforcuara shtes\u00eb nga<br \/>\nbrenda me \u00e7elik t\u00eb galvanizuar.<br \/>\n\u2022 Dritaret jan\u00eb t\u00eb q\u00ebndrueshme, nuk thithin lag\u00ebshti dhe<br \/>\nk\u00ebrkojn\u00eb mir\u00ebmbajtje minimale.<br \/>\n\u2022 Ofrohet n\u00eb ngjyr\u00eb t\u00eb bardh\u00eb (RAL 9010).<br \/>\n\u2022 Krahu i dritares hapet me funksion rrotullues. Doreza e<br \/>\nvendosur n\u00eb pjes\u00ebn e poshtme t\u00eb dritares e b\u00ebn<br \/>\np\u00ebrdorimin e leht\u00eb.<br \/>\n\u2022 Dritaret mund t\u00eb pajisen me aksesor\u00eb shtes\u00eb.<\/p>\n<p><b>Dimenzionet:<span class=\"Apple-converted-space\">\u00a0<\/span><\/b><\/p>\n<p><b>55&#215;78, 55&#215;98, 66&#215;118,<span class=\"Apple-converted-space\">\u00a0<\/span><\/b> <b>78&#215;98,<span class=\"Apple-converted-space\">\u00a0 <\/span>78&#215;118,<span class=\"Apple-converted-space\">\u00a0 <\/span>78&#215;140, 78&#215;160, 114&#215;180 [cm]<\/b><\/p>\n","protected":false},"excerpt":{"rendered":"<p>Dritare TLP me bosht q\u00ebndror. T\u00eb p\u00ebrshtatshme p\u00ebr hap\u00ebsira ku niveli i lag\u00ebshtis\u00eb rritet periodikisht (si kuzhina, banjo) dhe p\u00ebr hap\u00ebsira ku lag\u00ebshtia mbetet e lart\u00eb p\u00ebr nj\u00eb koh\u00eb t\u00eb gjat\u00eb (si lavanderit\u00eb). \u2022 T\u00eb prodhuara nga profile PVC, t\u00eb p\u00ebrforcuara shtes\u00eb nga brenda me \u00e7elik t\u00eb galvanizuar. \u2022 Dritaret jan\u00eb t\u00eb q\u00ebndrueshme, nuk thithin [&hellip;]<\/p>\n","protected":false},"featured_media":10861,"template":"","meta":{"_yoast_wpseo_focuskw":"OptiLight TLP","_yoast_wpseo_title":"","_yoast_wpseo_metadesc":""},"product_brand":[53],"product_cat":[92,131,45],"product_tag":[],"class_list":{"0":"post-10614","1":"product","2":"type-product","3":"status-publish","4":"has-post-thumbnail","6":"product_brand-yk1","7":"product_cat-dritare","8":"product_cat-ydpc4","9":"product_cat-te-gjitha","11":"first","12":"instock","13":"shipping-taxable","14":"product-type-simple"},"yoast_head":"<!-- This site is optimized with the Yoast SEO plugin v27.6 - https:\/\/yoast.com\/product\/yoast-seo-wordpress\/ -->\n<title>OptiLight TLP | Ymalko Albania<\/title>\n<meta name=\"description\" content=\"BliniOptiLight TLP n\u00eb Ymalko Albania. Produkte cil\u00ebsore p\u00ebr nd\u00ebrtim, \u00e7ati, izolim, fasada dhe renovim.\" \/>\n<meta name=\"robots\" content=\"index, follow, max-snippet:-1, max-image-preview:large, max-video-preview:-1\" \/>\n<link rel=\"canonical\" href=\"https:\/\/ymalko.al\/en\/product\/dritare-plastike-me-mbulim-alumini\/\" \/>\n<meta property=\"og:locale\" content=\"en_US\" \/>\n<meta property=\"og:type\" content=\"article\" \/>\n<meta property=\"og:title\" content=\"OptiLight TLP | Ymalko Albania\" \/>\n<meta property=\"og:description\" content=\"BliniOptiLight TLP n\u00eb Ymalko Albania. Produkte cil\u00ebsore p\u00ebr nd\u00ebrtim, \u00e7ati, izolim, fasada dhe renovim.\" \/>\n<meta property=\"og:url\" content=\"https:\/\/ymalko.al\/en\/product\/dritare-plastike-me-mbulim-alumini\/\" \/>\n<meta property=\"og:site_name\" content=\"Ymalko Albania\" \/>\n<meta property=\"article:modified_time\" content=\"2026-04-30T11:57:18+00:00\" \/>\n<meta property=\"og:image\" content=\"https:\/\/ymalko.al\/wp-content\/uploads\/2025\/10\/KD11.png\" \/>\n\t<meta property=\"og:image:width\" content=\"903\" \/>\n\t<meta property=\"og:image:height\" content=\"903\" \/>\n\t<meta property=\"og:image:type\" content=\"image\/png\" \/>\n<meta name=\"twitter:card\" content=\"summary_large_image\" \/>\n<meta name=\"twitter:label1\" content=\"Est. reading time\" \/>\n\t<meta name=\"twitter:data1\" content=\"1 minute\" \/>\n<script type=\"application\/ld+json\" class=\"yoast-schema-graph\">{\"@context\":\"https:\\\/\\\/schema.org\",\"@graph\":[{\"@type\":\"WebPage\",\"@id\":\"https:\\\/\\\/ymalko.al\\\/product\\\/dritare-plastike-me-mbulim-alumini\\\/\",\"url\":\"https:\\\/\\\/ymalko.al\\\/product\\\/dritare-plastike-me-mbulim-alumini\\\/\",\"name\":\"OptiLight TLP | Ymalko Albania\",\"isPartOf\":{\"@id\":\"https:\\\/\\\/ymalko.al\\\/#website\"},\"primaryImageOfPage\":{\"@id\":\"https:\\\/\\\/ymalko.al\\\/product\\\/dritare-plastike-me-mbulim-alumini\\\/#primaryimage\"},\"image\":{\"@id\":\"https:\\\/\\\/ymalko.al\\\/product\\\/dritare-plastike-me-mbulim-alumini\\\/#primaryimage\"},\"thumbnailUrl\":\"https:\\\/\\\/ymalko.al\\\/wp-content\\\/uploads\\\/2025\\\/10\\\/KD11.png\",\"datePublished\":\"2025-11-02T03:00:00+00:00\",\"dateModified\":\"2026-04-30T11:57:18+00:00\",\"description\":\"BliniOptiLight TLP n\u00eb Ymalko Albania. Produkte cil\u00ebsore p\u00ebr nd\u00ebrtim, \u00e7ati, izolim, fasada dhe renovim.\",\"breadcrumb\":{\"@id\":\"https:\\\/\\\/ymalko.al\\\/product\\\/dritare-plastike-me-mbulim-alumini\\\/#breadcrumb\"},\"inLanguage\":\"en-US\",\"potentialAction\":[{\"@type\":\"ReadAction\",\"target\":[\"https:\\\/\\\/ymalko.al\\\/product\\\/dritare-plastike-me-mbulim-alumini\\\/\"]}]},{\"@type\":\"ImageObject\",\"inLanguage\":\"en-US\",\"@id\":\"https:\\\/\\\/ymalko.al\\\/product\\\/dritare-plastike-me-mbulim-alumini\\\/#primaryimage\",\"url\":\"https:\\\/\\\/ymalko.al\\\/wp-content\\\/uploads\\\/2025\\\/10\\\/KD11.png\",\"contentUrl\":\"https:\\\/\\\/ymalko.al\\\/wp-content\\\/uploads\\\/2025\\\/10\\\/KD11.png\",\"width\":903,\"height\":903},{\"@type\":\"BreadcrumbList\",\"@id\":\"https:\\\/\\\/ymalko.al\\\/product\\\/dritare-plastike-me-mbulim-alumini\\\/#breadcrumb\",\"itemListElement\":[{\"@type\":\"ListItem\",\"position\":1,\"name\":\"Home\",\"item\":\"https:\\\/\\\/ymalko.al\\\/\"},{\"@type\":\"ListItem\",\"position\":2,\"name\":\"Produktet\",\"item\":\"https:\\\/\\\/ymalko.al\\\/produktet\\\/\"},{\"@type\":\"ListItem\",\"position\":3,\"name\":\"OptiLight TLP\"}]},{\"@type\":\"WebSite\",\"@id\":\"https:\\\/\\\/ymalko.al\\\/#website\",\"url\":\"https:\\\/\\\/ymalko.al\\\/\",\"name\":\"Ymalko\",\"description\":\"\",\"publisher\":{\"@id\":\"https:\\\/\\\/ymalko.al\\\/#organization\"},\"potentialAction\":[{\"@type\":\"SearchAction\",\"target\":{\"@type\":\"EntryPoint\",\"urlTemplate\":\"https:\\\/\\\/ymalko.al\\\/?s={search_term_string}\"},\"query-input\":{\"@type\":\"PropertyValueSpecification\",\"valueRequired\":true,\"valueName\":\"search_term_string\"}}],\"inLanguage\":\"en-US\"},{\"@type\":\"Organization\",\"@id\":\"https:\\\/\\\/ymalko.al\\\/#organization\",\"name\":\"Ymalko\",\"url\":\"https:\\\/\\\/ymalko.al\\\/\",\"logo\":{\"@type\":\"ImageObject\",\"inLanguage\":\"en-US\",\"@id\":\"https:\\\/\\\/ymalko.al\\\/#\\\/schema\\\/logo\\\/image\\\/\",\"url\":\"https:\\\/\\\/ymalko.al\\\/wp-content\\\/uploads\\\/2025\\\/10\\\/cropped-cropped-ymalko_mobil_logo-1.jpg\",\"contentUrl\":\"https:\\\/\\\/ymalko.al\\\/wp-content\\\/uploads\\\/2025\\\/10\\\/cropped-cropped-ymalko_mobil_logo-1.jpg\",\"width\":577,\"height\":145,\"caption\":\"Ymalko\"},\"image\":{\"@id\":\"https:\\\/\\\/ymalko.al\\\/#\\\/schema\\\/logo\\\/image\\\/\"}}]}<\/script>\n<!-- \/ Yoast SEO plugin. -->","yoast_head_json":{"title":"OptiLight TLP | Ymalko Albania","description":"BliniOptiLight TLP n\u00eb Ymalko Albania. Produkte cil\u00ebsore p\u00ebr nd\u00ebrtim, \u00e7ati, izolim, fasada dhe renovim.","robots":{"index":"index","follow":"follow","max-snippet":"max-snippet:-1","max-image-preview":"max-image-preview:large","max-video-preview":"max-video-preview:-1"},"canonical":"https:\/\/ymalko.al\/en\/product\/dritare-plastike-me-mbulim-alumini\/","og_locale":"en_US","og_type":"article","og_title":"OptiLight TLP | Ymalko Albania","og_description":"BliniOptiLight TLP n\u00eb Ymalko Albania. Produkte cil\u00ebsore p\u00ebr nd\u00ebrtim, \u00e7ati, izolim, fasada dhe renovim.","og_url":"https:\/\/ymalko.al\/en\/product\/dritare-plastike-me-mbulim-alumini\/","og_site_name":"Ymalko Albania","article_modified_time":"2026-04-30T11:57:18+00:00","og_image":[{"width":903,"height":903,"url":"https:\/\/ymalko.al\/wp-content\/uploads\/2025\/10\/KD11.png","type":"image\/png"}],"twitter_card":"summary_large_image","twitter_misc":{"Est. reading time":"1 minute"},"schema":{"@context":"https:\/\/schema.org","@graph":[{"@type":"WebPage","@id":"https:\/\/ymalko.al\/product\/dritare-plastike-me-mbulim-alumini\/","url":"https:\/\/ymalko.al\/product\/dritare-plastike-me-mbulim-alumini\/","name":"OptiLight TLP | Ymalko Albania","isPartOf":{"@id":"https:\/\/ymalko.al\/#website"},"primaryImageOfPage":{"@id":"https:\/\/ymalko.al\/product\/dritare-plastike-me-mbulim-alumini\/#primaryimage"},"image":{"@id":"https:\/\/ymalko.al\/product\/dritare-plastike-me-mbulim-alumini\/#primaryimage"},"thumbnailUrl":"https:\/\/ymalko.al\/wp-content\/uploads\/2025\/10\/KD11.png","datePublished":"2025-11-02T03:00:00+00:00","dateModified":"2026-04-30T11:57:18+00:00","description":"BliniOptiLight TLP n\u00eb Ymalko Albania. Produkte cil\u00ebsore p\u00ebr nd\u00ebrtim, \u00e7ati, izolim, fasada dhe renovim.","breadcrumb":{"@id":"https:\/\/ymalko.al\/product\/dritare-plastike-me-mbulim-alumini\/#breadcrumb"},"inLanguage":"en-US","potentialAction":[{"@type":"ReadAction","target":["https:\/\/ymalko.al\/product\/dritare-plastike-me-mbulim-alumini\/"]}]},{"@type":"ImageObject","inLanguage":"en-US","@id":"https:\/\/ymalko.al\/product\/dritare-plastike-me-mbulim-alumini\/#primaryimage","url":"https:\/\/ymalko.al\/wp-content\/uploads\/2025\/10\/KD11.png","contentUrl":"https:\/\/ymalko.al\/wp-content\/uploads\/2025\/10\/KD11.png","width":903,"height":903},{"@type":"BreadcrumbList","@id":"https:\/\/ymalko.al\/product\/dritare-plastike-me-mbulim-alumini\/#breadcrumb","itemListElement":[{"@type":"ListItem","position":1,"name":"Home","item":"https:\/\/ymalko.al\/"},{"@type":"ListItem","position":2,"name":"Produktet","item":"https:\/\/ymalko.al\/produktet\/"},{"@type":"ListItem","position":3,"name":"OptiLight TLP"}]},{"@type":"WebSite","@id":"https:\/\/ymalko.al\/#website","url":"https:\/\/ymalko.al\/","name":"Ymalko","description":"","publisher":{"@id":"https:\/\/ymalko.al\/#organization"},"potentialAction":[{"@type":"SearchAction","target":{"@type":"EntryPoint","urlTemplate":"https:\/\/ymalko.al\/?s={search_term_string}"},"query-input":{"@type":"PropertyValueSpecification","valueRequired":true,"valueName":"search_term_string"}}],"inLanguage":"en-US"},{"@type":"Organization","@id":"https:\/\/ymalko.al\/#organization","name":"Ymalko","url":"https:\/\/ymalko.al\/","logo":{"@type":"ImageObject","inLanguage":"en-US","@id":"https:\/\/ymalko.al\/#\/schema\/logo\/image\/","url":"https:\/\/ymalko.al\/wp-content\/uploads\/2025\/10\/cropped-cropped-ymalko_mobil_logo-1.jpg","contentUrl":"https:\/\/ymalko.al\/wp-content\/uploads\/2025\/10\/cropped-cropped-ymalko_mobil_logo-1.jpg","width":577,"height":145,"caption":"Ymalko"},"image":{"@id":"https:\/\/ymalko.al\/#\/schema\/logo\/image\/"}}]}},"jetpack_sharing_enabled":true,"_links":{"self":[{"href":"https:\/\/ymalko.al\/en\/wp-json\/wp\/v2\/product\/10614","targetHints":{"allow":["GET"]}}],"collection":[{"href":"https:\/\/ymalko.al\/en\/wp-json\/wp\/v2\/product"}],"about":[{"href":"https:\/\/ymalko.al\/en\/wp-json\/wp\/v2\/types\/product"}],"version-history":[{"count":1,"href":"https:\/\/ymalko.al\/en\/wp-json\/wp\/v2\/product\/10614\/revisions"}],"predecessor-version":[{"id":15088,"href":"https:\/\/ymalko.al\/en\/wp-json\/wp\/v2\/product\/10614\/revisions\/15088"}],"wp:featuredmedia":[{"embeddable":true,"href":"https:\/\/ymalko.al\/en\/wp-json\/wp\/v2\/media\/10861"}],"wp:attachment":[{"href":"https:\/\/ymalko.al\/en\/wp-json\/wp\/v2\/media?parent=10614"}],"wp:term":[{"taxonomy":"product_brand","embeddable":true,"href":"https:\/\/ymalko.al\/en\/wp-json\/wp\/v2\/product_brand?post=10614"},{"taxonomy":"product_cat","embeddable":true,"href":"https:\/\/ymalko.al\/en\/wp-json\/wp\/v2\/product_cat?post=10614"},{"taxonomy":"product_tag","embeddable":true,"href":"https:\/\/ymalko.al\/en\/wp-json\/wp\/v2\/product_tag?post=10614"}],"curies":[{"name":"wp","href":"https:\/\/api.w.org\/{rel}","templated":true}]}}