{"id":10612,"date":"2025-11-02T01:00:00","date_gmt":"2025-11-02T01:00:00","guid":{"rendered":"https:\/\/ymalko.qkashop.com\/?post_type=product&#038;p=10612"},"modified":"2026-04-30T11:57:32","modified_gmt":"2026-04-30T11:57:32","slug":"dritare-druri-d-pro","status":"publish","type":"product","link":"https:\/\/ymalko.al\/en\/product\/dritare-druri-d-pro\/","title":{"rendered":"OptiLight D Pro"},"content":{"rendered":"<p>Dritare me bosht qendror<br \/>\nOptiLight D Pro me tre xhama<\/p>\n<p>\u2022 E prodhuar prej drurit t\u00eb pish\u00ebs e trajtuar me vakum<br \/>\ndhe e lyer me llak akrilik ekologjik.<br \/>\n\u2022 E pajisur me xham treshtresor me dy hap\u00ebsira, me<br \/>\nefikasitet t\u00eb lart\u00eb energjie. Ky sistem eshte energjiefi\u00e7ient.<br \/>\n\u2022 Boshti i vendosur n\u00eb mes t\u00eb dritares i mund\u00ebson<br \/>\nkrahut t\u00eb rrotullohet dhe t\u00eb mbetet i hapur, nd\u00ebrsa<br \/>\ndoreza e pozicionuar n\u00eb baz\u00ebn e korniz\u00ebs ofron<br \/>\np\u00ebrdorim t\u00eb leht\u00eb dhe hapje graduale.<br \/>\n\u2022 Krahu i dritares mund t\u00eb rrotullohet deri n\u00eb 180\u00b0 dhe<br \/>\nt\u00eb fiksohet, duke mund\u00ebsuar pastrim t\u00eb leht\u00eb dhe t\u00eb<br \/>\nsigurt t\u00eb xhamit t\u00eb jasht\u00ebm.<br \/>\n\u2022 Pajiset me korniz\u00eb speciale (flashing).<br \/>\n\u2022 E p\u00ebrshtatshme p\u00ebr montime t\u00eb ndryshme.<\/p>\n<p><b>Dimenzionet:<\/b><\/p>\n<p><b>55&#215;78,<span class=\"Apple-converted-space\">\u00a0 <\/span>55&#215;78,55&#215;98, 66&#215;98, 66&#215;118, 78&#215;98, 78&#215;118, 78&#215;140, 78&#215;160, 114&#215;180 [cm]<\/b><\/p>\n","protected":false},"excerpt":{"rendered":"<p>Dritare me bosht qendror OptiLight D Pro me tre xhama \u2022 E prodhuar prej drurit t\u00eb pish\u00ebs e trajtuar me vakum dhe e lyer me llak akrilik ekologjik. \u2022 E pajisur me xham treshtresor me dy hap\u00ebsira, me efikasitet t\u00eb lart\u00eb energjie. Ky sistem eshte energjiefi\u00e7ient. \u2022 Boshti i vendosur n\u00eb mes t\u00eb dritares i [&hellip;]<\/p>\n","protected":false},"featured_media":10859,"template":"","meta":{"_yoast_wpseo_focuskw":"OptiLight D Pro","_yoast_wpseo_title":"","_yoast_wpseo_metadesc":""},"product_brand":[53],"product_cat":[92,130,45],"product_tag":[],"class_list":{"0":"post-10612","1":"product","2":"type-product","3":"status-publish","4":"has-post-thumbnail","6":"product_brand-yk1","7":"product_cat-dritare","8":"product_cat-yddc2","9":"product_cat-te-gjitha","11":"first","12":"instock","13":"shipping-taxable","14":"product-type-simple"},"yoast_head":"<!-- This site is optimized with the Yoast SEO plugin v27.6 - https:\/\/yoast.com\/product\/yoast-seo-wordpress\/ -->\n<title>OptiLight D Pro | Ymalko Albania<\/title>\n<meta name=\"description\" content=\"BliniOptiLight D Pro n\u00eb Ymalko Albania. Produkte cil\u00ebsore p\u00ebr nd\u00ebrtim, \u00e7ati, izolim, fasada dhe renovim.\" \/>\n<meta name=\"robots\" content=\"index, follow, max-snippet:-1, max-image-preview:large, max-video-preview:-1\" \/>\n<link rel=\"canonical\" href=\"https:\/\/ymalko.al\/en\/product\/dritare-druri-d-pro\/\" \/>\n<meta property=\"og:locale\" content=\"en_US\" \/>\n<meta property=\"og:type\" content=\"article\" \/>\n<meta property=\"og:title\" content=\"OptiLight D Pro | Ymalko Albania\" \/>\n<meta property=\"og:description\" content=\"BliniOptiLight D Pro n\u00eb Ymalko Albania. Produkte cil\u00ebsore p\u00ebr nd\u00ebrtim, \u00e7ati, izolim, fasada dhe renovim.\" \/>\n<meta property=\"og:url\" content=\"https:\/\/ymalko.al\/en\/product\/dritare-druri-d-pro\/\" \/>\n<meta property=\"og:site_name\" content=\"Ymalko Albania\" \/>\n<meta property=\"article:modified_time\" content=\"2026-04-30T11:57:32+00:00\" \/>\n<meta property=\"og:image\" content=\"https:\/\/ymalko.al\/wp-content\/uploads\/2025\/10\/KD01.png\" \/>\n\t<meta property=\"og:image:width\" content=\"903\" \/>\n\t<meta property=\"og:image:height\" content=\"903\" \/>\n\t<meta property=\"og:image:type\" content=\"image\/png\" \/>\n<meta name=\"twitter:card\" content=\"summary_large_image\" \/>\n<meta name=\"twitter:label1\" content=\"Est. reading time\" \/>\n\t<meta name=\"twitter:data1\" content=\"1 minute\" \/>\n<script type=\"application\/ld+json\" class=\"yoast-schema-graph\">{\"@context\":\"https:\\\/\\\/schema.org\",\"@graph\":[{\"@type\":\"WebPage\",\"@id\":\"https:\\\/\\\/ymalko.al\\\/product\\\/dritare-druri-d-pro\\\/\",\"url\":\"https:\\\/\\\/ymalko.al\\\/product\\\/dritare-druri-d-pro\\\/\",\"name\":\"OptiLight D Pro | Ymalko Albania\",\"isPartOf\":{\"@id\":\"https:\\\/\\\/ymalko.al\\\/#website\"},\"primaryImageOfPage\":{\"@id\":\"https:\\\/\\\/ymalko.al\\\/product\\\/dritare-druri-d-pro\\\/#primaryimage\"},\"image\":{\"@id\":\"https:\\\/\\\/ymalko.al\\\/product\\\/dritare-druri-d-pro\\\/#primaryimage\"},\"thumbnailUrl\":\"https:\\\/\\\/ymalko.al\\\/wp-content\\\/uploads\\\/2025\\\/10\\\/KD01.png\",\"datePublished\":\"2025-11-02T01:00:00+00:00\",\"dateModified\":\"2026-04-30T11:57:32+00:00\",\"description\":\"BliniOptiLight D Pro n\u00eb Ymalko Albania. Produkte cil\u00ebsore p\u00ebr nd\u00ebrtim, \u00e7ati, izolim, fasada dhe renovim.\",\"breadcrumb\":{\"@id\":\"https:\\\/\\\/ymalko.al\\\/product\\\/dritare-druri-d-pro\\\/#breadcrumb\"},\"inLanguage\":\"en-US\",\"potentialAction\":[{\"@type\":\"ReadAction\",\"target\":[\"https:\\\/\\\/ymalko.al\\\/product\\\/dritare-druri-d-pro\\\/\"]}]},{\"@type\":\"ImageObject\",\"inLanguage\":\"en-US\",\"@id\":\"https:\\\/\\\/ymalko.al\\\/product\\\/dritare-druri-d-pro\\\/#primaryimage\",\"url\":\"https:\\\/\\\/ymalko.al\\\/wp-content\\\/uploads\\\/2025\\\/10\\\/KD01.png\",\"contentUrl\":\"https:\\\/\\\/ymalko.al\\\/wp-content\\\/uploads\\\/2025\\\/10\\\/KD01.png\",\"width\":903,\"height\":903},{\"@type\":\"BreadcrumbList\",\"@id\":\"https:\\\/\\\/ymalko.al\\\/product\\\/dritare-druri-d-pro\\\/#breadcrumb\",\"itemListElement\":[{\"@type\":\"ListItem\",\"position\":1,\"name\":\"Home\",\"item\":\"https:\\\/\\\/ymalko.al\\\/\"},{\"@type\":\"ListItem\",\"position\":2,\"name\":\"Produktet\",\"item\":\"https:\\\/\\\/ymalko.al\\\/produktet\\\/\"},{\"@type\":\"ListItem\",\"position\":3,\"name\":\"OptiLight D Pro\"}]},{\"@type\":\"WebSite\",\"@id\":\"https:\\\/\\\/ymalko.al\\\/#website\",\"url\":\"https:\\\/\\\/ymalko.al\\\/\",\"name\":\"Ymalko\",\"description\":\"\",\"publisher\":{\"@id\":\"https:\\\/\\\/ymalko.al\\\/#organization\"},\"potentialAction\":[{\"@type\":\"SearchAction\",\"target\":{\"@type\":\"EntryPoint\",\"urlTemplate\":\"https:\\\/\\\/ymalko.al\\\/?s={search_term_string}\"},\"query-input\":{\"@type\":\"PropertyValueSpecification\",\"valueRequired\":true,\"valueName\":\"search_term_string\"}}],\"inLanguage\":\"en-US\"},{\"@type\":\"Organization\",\"@id\":\"https:\\\/\\\/ymalko.al\\\/#organization\",\"name\":\"Ymalko\",\"url\":\"https:\\\/\\\/ymalko.al\\\/\",\"logo\":{\"@type\":\"ImageObject\",\"inLanguage\":\"en-US\",\"@id\":\"https:\\\/\\\/ymalko.al\\\/#\\\/schema\\\/logo\\\/image\\\/\",\"url\":\"https:\\\/\\\/ymalko.al\\\/wp-content\\\/uploads\\\/2025\\\/10\\\/cropped-cropped-ymalko_mobil_logo-1.jpg\",\"contentUrl\":\"https:\\\/\\\/ymalko.al\\\/wp-content\\\/uploads\\\/2025\\\/10\\\/cropped-cropped-ymalko_mobil_logo-1.jpg\",\"width\":577,\"height\":145,\"caption\":\"Ymalko\"},\"image\":{\"@id\":\"https:\\\/\\\/ymalko.al\\\/#\\\/schema\\\/logo\\\/image\\\/\"}}]}<\/script>\n<!-- \/ Yoast SEO plugin. -->","yoast_head_json":{"title":"OptiLight D Pro | Ymalko Albania","description":"BliniOptiLight D Pro n\u00eb Ymalko Albania. Produkte cil\u00ebsore p\u00ebr nd\u00ebrtim, \u00e7ati, izolim, fasada dhe renovim.","robots":{"index":"index","follow":"follow","max-snippet":"max-snippet:-1","max-image-preview":"max-image-preview:large","max-video-preview":"max-video-preview:-1"},"canonical":"https:\/\/ymalko.al\/en\/product\/dritare-druri-d-pro\/","og_locale":"en_US","og_type":"article","og_title":"OptiLight D Pro | Ymalko Albania","og_description":"BliniOptiLight D Pro n\u00eb Ymalko Albania. Produkte cil\u00ebsore p\u00ebr nd\u00ebrtim, \u00e7ati, izolim, fasada dhe renovim.","og_url":"https:\/\/ymalko.al\/en\/product\/dritare-druri-d-pro\/","og_site_name":"Ymalko Albania","article_modified_time":"2026-04-30T11:57:32+00:00","og_image":[{"width":903,"height":903,"url":"https:\/\/ymalko.al\/wp-content\/uploads\/2025\/10\/KD01.png","type":"image\/png"}],"twitter_card":"summary_large_image","twitter_misc":{"Est. reading time":"1 minute"},"schema":{"@context":"https:\/\/schema.org","@graph":[{"@type":"WebPage","@id":"https:\/\/ymalko.al\/product\/dritare-druri-d-pro\/","url":"https:\/\/ymalko.al\/product\/dritare-druri-d-pro\/","name":"OptiLight D Pro | Ymalko Albania","isPartOf":{"@id":"https:\/\/ymalko.al\/#website"},"primaryImageOfPage":{"@id":"https:\/\/ymalko.al\/product\/dritare-druri-d-pro\/#primaryimage"},"image":{"@id":"https:\/\/ymalko.al\/product\/dritare-druri-d-pro\/#primaryimage"},"thumbnailUrl":"https:\/\/ymalko.al\/wp-content\/uploads\/2025\/10\/KD01.png","datePublished":"2025-11-02T01:00:00+00:00","dateModified":"2026-04-30T11:57:32+00:00","description":"BliniOptiLight D Pro n\u00eb Ymalko Albania. Produkte cil\u00ebsore p\u00ebr nd\u00ebrtim, \u00e7ati, izolim, fasada dhe renovim.","breadcrumb":{"@id":"https:\/\/ymalko.al\/product\/dritare-druri-d-pro\/#breadcrumb"},"inLanguage":"en-US","potentialAction":[{"@type":"ReadAction","target":["https:\/\/ymalko.al\/product\/dritare-druri-d-pro\/"]}]},{"@type":"ImageObject","inLanguage":"en-US","@id":"https:\/\/ymalko.al\/product\/dritare-druri-d-pro\/#primaryimage","url":"https:\/\/ymalko.al\/wp-content\/uploads\/2025\/10\/KD01.png","contentUrl":"https:\/\/ymalko.al\/wp-content\/uploads\/2025\/10\/KD01.png","width":903,"height":903},{"@type":"BreadcrumbList","@id":"https:\/\/ymalko.al\/product\/dritare-druri-d-pro\/#breadcrumb","itemListElement":[{"@type":"ListItem","position":1,"name":"Home","item":"https:\/\/ymalko.al\/"},{"@type":"ListItem","position":2,"name":"Produktet","item":"https:\/\/ymalko.al\/produktet\/"},{"@type":"ListItem","position":3,"name":"OptiLight D Pro"}]},{"@type":"WebSite","@id":"https:\/\/ymalko.al\/#website","url":"https:\/\/ymalko.al\/","name":"Ymalko","description":"","publisher":{"@id":"https:\/\/ymalko.al\/#organization"},"potentialAction":[{"@type":"SearchAction","target":{"@type":"EntryPoint","urlTemplate":"https:\/\/ymalko.al\/?s={search_term_string}"},"query-input":{"@type":"PropertyValueSpecification","valueRequired":true,"valueName":"search_term_string"}}],"inLanguage":"en-US"},{"@type":"Organization","@id":"https:\/\/ymalko.al\/#organization","name":"Ymalko","url":"https:\/\/ymalko.al\/","logo":{"@type":"ImageObject","inLanguage":"en-US","@id":"https:\/\/ymalko.al\/#\/schema\/logo\/image\/","url":"https:\/\/ymalko.al\/wp-content\/uploads\/2025\/10\/cropped-cropped-ymalko_mobil_logo-1.jpg","contentUrl":"https:\/\/ymalko.al\/wp-content\/uploads\/2025\/10\/cropped-cropped-ymalko_mobil_logo-1.jpg","width":577,"height":145,"caption":"Ymalko"},"image":{"@id":"https:\/\/ymalko.al\/#\/schema\/logo\/image\/"}}]}},"jetpack_sharing_enabled":true,"_links":{"self":[{"href":"https:\/\/ymalko.al\/en\/wp-json\/wp\/v2\/product\/10612","targetHints":{"allow":["GET"]}}],"collection":[{"href":"https:\/\/ymalko.al\/en\/wp-json\/wp\/v2\/product"}],"about":[{"href":"https:\/\/ymalko.al\/en\/wp-json\/wp\/v2\/types\/product"}],"version-history":[{"count":1,"href":"https:\/\/ymalko.al\/en\/wp-json\/wp\/v2\/product\/10612\/revisions"}],"predecessor-version":[{"id":15090,"href":"https:\/\/ymalko.al\/en\/wp-json\/wp\/v2\/product\/10612\/revisions\/15090"}],"wp:featuredmedia":[{"embeddable":true,"href":"https:\/\/ymalko.al\/en\/wp-json\/wp\/v2\/media\/10859"}],"wp:attachment":[{"href":"https:\/\/ymalko.al\/en\/wp-json\/wp\/v2\/media?parent=10612"}],"wp:term":[{"taxonomy":"product_brand","embeddable":true,"href":"https:\/\/ymalko.al\/en\/wp-json\/wp\/v2\/product_brand?post=10612"},{"taxonomy":"product_cat","embeddable":true,"href":"https:\/\/ymalko.al\/en\/wp-json\/wp\/v2\/product_cat?post=10612"},{"taxonomy":"product_tag","embeddable":true,"href":"https:\/\/ymalko.al\/en\/wp-json\/wp\/v2\/product_tag?post=10612"}],"curies":[{"name":"wp","href":"https:\/\/api.w.org\/{rel}","templated":true}]}}