{"id":10595,"date":"2025-11-07T06:00:00","date_gmt":"2025-11-07T06:00:00","guid":{"rendered":"https:\/\/ymalko.qkashop.com\/?post_type=product&#038;p=10595"},"modified":"2026-04-30T10:49:16","modified_gmt":"2026-04-30T10:49:16","slug":"mbulesa-vulosese-per-kalimet-e-tubave","status":"publish","type":"product","link":"https:\/\/ymalko.al\/en\/product\/mbulesa-vulosese-per-kalimet-e-tubave\/","title":{"rendered":"Sealing covers for pipe passages"},"content":{"rendered":"<p>P\u00ebr vulosjen rreth lidhjeve dhe kalimeve t\u00eb tubave:<br \/>\nFermacell Pipe Penetration Patches jan\u00eb mbulesa vulos\u00ebse t\u00eb prodhuara nga material polipropileni elastik dhe rezistent ndaj alkaleve, t\u00eb cilat sigurojn\u00eb mbrojtje t\u00eb q\u00ebndrueshme dhe t\u00eb pap\u00ebrshkueshme nga uji. Ato jan\u00eb pjes\u00eb e sistemit t\u00eb plot\u00eb t\u00eb vulosjes Fermacell, me certifikat\u00eb zyrtare nd\u00ebrtimore (P-5079\/1926 MPA-BS).<\/p>","protected":false},"excerpt":{"rendered":"<p>P\u00ebr vulosjen rreth lidhjeve dhe kalimeve t\u00eb tubave: Fermacell Pipe Penetration Patches jan\u00eb mbulesa vulos\u00ebse t\u00eb prodhuara nga material polipropileni elastik dhe rezistent ndaj alkaleve, t\u00eb cilat sigurojn\u00eb mbrojtje t\u00eb q\u00ebndrueshme dhe t\u00eb pap\u00ebrshkueshme nga uji. Ato jan\u00eb pjes\u00eb e sistemit t\u00eb plot\u00eb t\u00eb vulosjes Fermacell, me certifikat\u00eb zyrtare nd\u00ebrtimore (P-5079\/1926 MPA-BS).<\/p>","protected":false},"featured_media":10847,"template":"","meta":{"_yoast_wpseo_focuskw":"mbules\u00eb vulos\u00ebse tubash","_yoast_wpseo_title":"","_yoast_wpseo_metadesc":""},"product_brand":[49],"product_cat":[105,91,45],"product_tag":[],"class_list":{"0":"post-10595","1":"product","2":"type-product","3":"status-publish","4":"has-post-thumbnail","6":"product_brand-yfe1","7":"product_cat-yntha3","8":"product_cat-ynth1","9":"product_cat-te-gjitha","11":"first","12":"instock","13":"shipping-taxable","14":"product-type-simple"},"yoast_head":"<!-- This site is optimized with the Yoast SEO plugin v27.5 - https:\/\/yoast.com\/product\/yoast-seo-wordpress\/ -->\n<title>Mbulesa vulos\u00ebse p\u00ebr kalimet e tubave | Ymalko Albania<\/title>\n<meta name=\"description\" content=\"BliniMbulesa vulos\u00ebse p\u00ebr kalimet e tubave n\u00eb Ymalko Albania. Produkte cil\u00ebsore p\u00ebr nd\u00ebrtim, \u00e7ati, izolim, fasada dhe renovim.\" \/>\n<meta name=\"robots\" content=\"index, follow, max-snippet:-1, max-image-preview:large, max-video-preview:-1\" \/>\n<link rel=\"canonical\" href=\"https:\/\/ymalko.al\/en\/product\/mbulesa-vulosese-per-kalimet-e-tubave\/\" \/>\n<meta property=\"og:locale\" content=\"en_US\" \/>\n<meta property=\"og:type\" content=\"article\" \/>\n<meta property=\"og:title\" content=\"Mbulesa vulos\u00ebse p\u00ebr kalimet e tubave | Ymalko Albania\" \/>\n<meta property=\"og:description\" content=\"BliniMbulesa vulos\u00ebse p\u00ebr kalimet e tubave n\u00eb Ymalko Albania. Produkte cil\u00ebsore p\u00ebr nd\u00ebrtim, \u00e7ati, izolim, fasada dhe renovim.\" \/>\n<meta property=\"og:url\" content=\"https:\/\/ymalko.al\/en\/product\/mbulesa-vulosese-per-kalimet-e-tubave\/\" \/>\n<meta property=\"og:site_name\" content=\"Ymalko Albania\" \/>\n<meta property=\"article:modified_time\" content=\"2026-04-30T10:49:16+00:00\" \/>\n<meta property=\"og:image\" content=\"https:\/\/ymalko.al\/wp-content\/uploads\/2025\/10\/FV11.png\" \/>\n\t<meta property=\"og:image:width\" content=\"903\" \/>\n\t<meta property=\"og:image:height\" content=\"903\" \/>\n\t<meta property=\"og:image:type\" content=\"image\/png\" \/>\n<meta name=\"twitter:card\" content=\"summary_large_image\" \/>\n<meta name=\"twitter:label1\" content=\"Est. reading time\" \/>\n\t<meta name=\"twitter:data1\" content=\"1 minute\" \/>\n<script type=\"application\/ld+json\" class=\"yoast-schema-graph\">{\"@context\":\"https:\\\/\\\/schema.org\",\"@graph\":[{\"@type\":\"WebPage\",\"@id\":\"https:\\\/\\\/ymalko.al\\\/product\\\/mbulesa-vulosese-per-kalimet-e-tubave\\\/\",\"url\":\"https:\\\/\\\/ymalko.al\\\/product\\\/mbulesa-vulosese-per-kalimet-e-tubave\\\/\",\"name\":\"Mbulesa vulos\u00ebse p\u00ebr kalimet e tubave | Ymalko Albania\",\"isPartOf\":{\"@id\":\"https:\\\/\\\/ymalko.al\\\/#website\"},\"primaryImageOfPage\":{\"@id\":\"https:\\\/\\\/ymalko.al\\\/product\\\/mbulesa-vulosese-per-kalimet-e-tubave\\\/#primaryimage\"},\"image\":{\"@id\":\"https:\\\/\\\/ymalko.al\\\/product\\\/mbulesa-vulosese-per-kalimet-e-tubave\\\/#primaryimage\"},\"thumbnailUrl\":\"https:\\\/\\\/ymalko.al\\\/wp-content\\\/uploads\\\/2025\\\/10\\\/FV11.png\",\"datePublished\":\"2025-11-07T06:00:00+00:00\",\"dateModified\":\"2026-04-30T10:49:16+00:00\",\"description\":\"BliniMbulesa vulos\u00ebse p\u00ebr kalimet e tubave n\u00eb Ymalko Albania. Produkte cil\u00ebsore p\u00ebr nd\u00ebrtim, \u00e7ati, izolim, fasada dhe renovim.\",\"breadcrumb\":{\"@id\":\"https:\\\/\\\/ymalko.al\\\/product\\\/mbulesa-vulosese-per-kalimet-e-tubave\\\/#breadcrumb\"},\"inLanguage\":\"en-US\",\"potentialAction\":[{\"@type\":\"ReadAction\",\"target\":[\"https:\\\/\\\/ymalko.al\\\/product\\\/mbulesa-vulosese-per-kalimet-e-tubave\\\/\"]}]},{\"@type\":\"ImageObject\",\"inLanguage\":\"en-US\",\"@id\":\"https:\\\/\\\/ymalko.al\\\/product\\\/mbulesa-vulosese-per-kalimet-e-tubave\\\/#primaryimage\",\"url\":\"https:\\\/\\\/ymalko.al\\\/wp-content\\\/uploads\\\/2025\\\/10\\\/FV11.png\",\"contentUrl\":\"https:\\\/\\\/ymalko.al\\\/wp-content\\\/uploads\\\/2025\\\/10\\\/FV11.png\",\"width\":903,\"height\":903},{\"@type\":\"BreadcrumbList\",\"@id\":\"https:\\\/\\\/ymalko.al\\\/product\\\/mbulesa-vulosese-per-kalimet-e-tubave\\\/#breadcrumb\",\"itemListElement\":[{\"@type\":\"ListItem\",\"position\":1,\"name\":\"Home\",\"item\":\"https:\\\/\\\/ymalko.al\\\/\"},{\"@type\":\"ListItem\",\"position\":2,\"name\":\"Produktet\",\"item\":\"https:\\\/\\\/ymalko.al\\\/produktet\\\/\"},{\"@type\":\"ListItem\",\"position\":3,\"name\":\"Mbulesa vulos\u00ebse p\u00ebr kalimet e tubave\"}]},{\"@type\":\"WebSite\",\"@id\":\"https:\\\/\\\/ymalko.al\\\/#website\",\"url\":\"https:\\\/\\\/ymalko.al\\\/\",\"name\":\"Ymalko\",\"description\":\"\",\"publisher\":{\"@id\":\"https:\\\/\\\/ymalko.al\\\/#organization\"},\"potentialAction\":[{\"@type\":\"SearchAction\",\"target\":{\"@type\":\"EntryPoint\",\"urlTemplate\":\"https:\\\/\\\/ymalko.al\\\/?s={search_term_string}\"},\"query-input\":{\"@type\":\"PropertyValueSpecification\",\"valueRequired\":true,\"valueName\":\"search_term_string\"}}],\"inLanguage\":\"en-US\"},{\"@type\":\"Organization\",\"@id\":\"https:\\\/\\\/ymalko.al\\\/#organization\",\"name\":\"Ymalko\",\"url\":\"https:\\\/\\\/ymalko.al\\\/\",\"logo\":{\"@type\":\"ImageObject\",\"inLanguage\":\"en-US\",\"@id\":\"https:\\\/\\\/ymalko.al\\\/#\\\/schema\\\/logo\\\/image\\\/\",\"url\":\"https:\\\/\\\/ymalko.al\\\/wp-content\\\/uploads\\\/2025\\\/10\\\/cropped-cropped-ymalko_mobil_logo-1.jpg\",\"contentUrl\":\"https:\\\/\\\/ymalko.al\\\/wp-content\\\/uploads\\\/2025\\\/10\\\/cropped-cropped-ymalko_mobil_logo-1.jpg\",\"width\":577,\"height\":145,\"caption\":\"Ymalko\"},\"image\":{\"@id\":\"https:\\\/\\\/ymalko.al\\\/#\\\/schema\\\/logo\\\/image\\\/\"}}]}<\/script>\n<!-- \/ Yoast SEO plugin. -->","yoast_head_json":{"title":"Mbulesa vulos\u00ebse p\u00ebr kalimet e tubave | Ymalko Albania","description":"BliniMbulesa vulos\u00ebse p\u00ebr kalimet e tubave n\u00eb Ymalko Albania. Produkte cil\u00ebsore p\u00ebr nd\u00ebrtim, \u00e7ati, izolim, fasada dhe renovim.","robots":{"index":"index","follow":"follow","max-snippet":"max-snippet:-1","max-image-preview":"max-image-preview:large","max-video-preview":"max-video-preview:-1"},"canonical":"https:\/\/ymalko.al\/en\/product\/mbulesa-vulosese-per-kalimet-e-tubave\/","og_locale":"en_US","og_type":"article","og_title":"Mbulesa vulos\u00ebse p\u00ebr kalimet e tubave | Ymalko Albania","og_description":"BliniMbulesa vulos\u00ebse p\u00ebr kalimet e tubave n\u00eb Ymalko Albania. Produkte cil\u00ebsore p\u00ebr nd\u00ebrtim, \u00e7ati, izolim, fasada dhe renovim.","og_url":"https:\/\/ymalko.al\/en\/product\/mbulesa-vulosese-per-kalimet-e-tubave\/","og_site_name":"Ymalko Albania","article_modified_time":"2026-04-30T10:49:16+00:00","og_image":[{"width":903,"height":903,"url":"https:\/\/ymalko.al\/wp-content\/uploads\/2025\/10\/FV11.png","type":"image\/png"}],"twitter_card":"summary_large_image","twitter_misc":{"Est. reading time":"1 minute"},"schema":{"@context":"https:\/\/schema.org","@graph":[{"@type":"WebPage","@id":"https:\/\/ymalko.al\/product\/mbulesa-vulosese-per-kalimet-e-tubave\/","url":"https:\/\/ymalko.al\/product\/mbulesa-vulosese-per-kalimet-e-tubave\/","name":"Mbulesa vulos\u00ebse p\u00ebr kalimet e tubave | Ymalko Albania","isPartOf":{"@id":"https:\/\/ymalko.al\/#website"},"primaryImageOfPage":{"@id":"https:\/\/ymalko.al\/product\/mbulesa-vulosese-per-kalimet-e-tubave\/#primaryimage"},"image":{"@id":"https:\/\/ymalko.al\/product\/mbulesa-vulosese-per-kalimet-e-tubave\/#primaryimage"},"thumbnailUrl":"https:\/\/ymalko.al\/wp-content\/uploads\/2025\/10\/FV11.png","datePublished":"2025-11-07T06:00:00+00:00","dateModified":"2026-04-30T10:49:16+00:00","description":"BliniMbulesa vulos\u00ebse p\u00ebr kalimet e tubave n\u00eb Ymalko Albania. Produkte cil\u00ebsore p\u00ebr nd\u00ebrtim, \u00e7ati, izolim, fasada dhe renovim.","breadcrumb":{"@id":"https:\/\/ymalko.al\/product\/mbulesa-vulosese-per-kalimet-e-tubave\/#breadcrumb"},"inLanguage":"en-US","potentialAction":[{"@type":"ReadAction","target":["https:\/\/ymalko.al\/product\/mbulesa-vulosese-per-kalimet-e-tubave\/"]}]},{"@type":"ImageObject","inLanguage":"en-US","@id":"https:\/\/ymalko.al\/product\/mbulesa-vulosese-per-kalimet-e-tubave\/#primaryimage","url":"https:\/\/ymalko.al\/wp-content\/uploads\/2025\/10\/FV11.png","contentUrl":"https:\/\/ymalko.al\/wp-content\/uploads\/2025\/10\/FV11.png","width":903,"height":903},{"@type":"BreadcrumbList","@id":"https:\/\/ymalko.al\/product\/mbulesa-vulosese-per-kalimet-e-tubave\/#breadcrumb","itemListElement":[{"@type":"ListItem","position":1,"name":"Home","item":"https:\/\/ymalko.al\/"},{"@type":"ListItem","position":2,"name":"Produktet","item":"https:\/\/ymalko.al\/produktet\/"},{"@type":"ListItem","position":3,"name":"Mbulesa vulos\u00ebse p\u00ebr kalimet e tubave"}]},{"@type":"WebSite","@id":"https:\/\/ymalko.al\/#website","url":"https:\/\/ymalko.al\/","name":"Ymalko","description":"","publisher":{"@id":"https:\/\/ymalko.al\/#organization"},"potentialAction":[{"@type":"SearchAction","target":{"@type":"EntryPoint","urlTemplate":"https:\/\/ymalko.al\/?s={search_term_string}"},"query-input":{"@type":"PropertyValueSpecification","valueRequired":true,"valueName":"search_term_string"}}],"inLanguage":"en-US"},{"@type":"Organization","@id":"https:\/\/ymalko.al\/#organization","name":"Ymalko","url":"https:\/\/ymalko.al\/","logo":{"@type":"ImageObject","inLanguage":"en-US","@id":"https:\/\/ymalko.al\/#\/schema\/logo\/image\/","url":"https:\/\/ymalko.al\/wp-content\/uploads\/2025\/10\/cropped-cropped-ymalko_mobil_logo-1.jpg","contentUrl":"https:\/\/ymalko.al\/wp-content\/uploads\/2025\/10\/cropped-cropped-ymalko_mobil_logo-1.jpg","width":577,"height":145,"caption":"Ymalko"},"image":{"@id":"https:\/\/ymalko.al\/#\/schema\/logo\/image\/"}}]}},"jetpack_sharing_enabled":true,"_links":{"self":[{"href":"https:\/\/ymalko.al\/en\/wp-json\/wp\/v2\/product\/10595","targetHints":{"allow":["GET"]}}],"collection":[{"href":"https:\/\/ymalko.al\/en\/wp-json\/wp\/v2\/product"}],"about":[{"href":"https:\/\/ymalko.al\/en\/wp-json\/wp\/v2\/types\/product"}],"version-history":[{"count":1,"href":"https:\/\/ymalko.al\/en\/wp-json\/wp\/v2\/product\/10595\/revisions"}],"predecessor-version":[{"id":14964,"href":"https:\/\/ymalko.al\/en\/wp-json\/wp\/v2\/product\/10595\/revisions\/14964"}],"wp:featuredmedia":[{"embeddable":true,"href":"https:\/\/ymalko.al\/en\/wp-json\/wp\/v2\/media\/10847"}],"wp:attachment":[{"href":"https:\/\/ymalko.al\/en\/wp-json\/wp\/v2\/media?parent=10595"}],"wp:term":[{"taxonomy":"product_brand","embeddable":true,"href":"https:\/\/ymalko.al\/en\/wp-json\/wp\/v2\/product_brand?post=10595"},{"taxonomy":"product_cat","embeddable":true,"href":"https:\/\/ymalko.al\/en\/wp-json\/wp\/v2\/product_cat?post=10595"},{"taxonomy":"product_tag","embeddable":true,"href":"https:\/\/ymalko.al\/en\/wp-json\/wp\/v2\/product_tag?post=10595"}],"curies":[{"name":"wp","href":"https:\/\/api.w.org\/{rel}","templated":true}]}}