{"id":10591,"date":"2025-11-07T10:00:00","date_gmt":"2025-11-07T10:00:00","guid":{"rendered":"https:\/\/ymalko.qkashop.com\/?post_type=product&#038;p=10591"},"modified":"2026-04-30T10:48:48","modified_gmt":"2026-04-30T10:48:48","slug":"ngjites-fleksibil-per-pllaka","status":"publish","type":"product","link":"https:\/\/ymalko.al\/en\/product\/ngjites-fleksibil-per-pllaka\/","title":{"rendered":"Flexible tile adhesive"},"content":{"rendered":"<p>For thin and medium adhesive layers, as well as for joining Fermacell Powerpanel H\u2082O boards with beveled edges<br \/>\nFermacell Flexible Tile Adhesive is a polymer-modified mineral adhesive, according to standard EN 12004, suitable for laying ceramic tiles and panels, cut tiles, thin decorative bricks and concrete stones, in thin or medium adhesive layers according to DIN EN 197.<br \/>\nThis product is part of the complete Fermacell sealing system, with official construction certificate (P-5079\/1926 MPA-BS).<\/p>","protected":false},"excerpt":{"rendered":"<p>P\u00ebr shtresa ngjit\u00ebse t\u00eb holla dhe mesatare, si dhe p\u00ebr bashkimin e pllakave Fermacell Powerpanel H\u2082O me skaje t\u00eb pjerr\u00ebta Fermacell Flexible Tile Adhesive \u00ebsht\u00eb nj\u00eb ngjit\u00ebs mineral i modifikuar me polimere, sipas standardit EN 12004, i p\u00ebrshtatsh\u00ebm p\u00ebr vendosjen e pllakave qeramike dhe paneleve, pllakave t\u00eb prera, tullave t\u00eb holla dekorative dhe gur\u00ebve betoni, [&hellip;]<\/p>\n","protected":false},"featured_media":10831,"template":"","meta":{"_yoast_wpseo_focuskw":"ngjit\u00ebs fleksibil p\u00ebr pllaka","_yoast_wpseo_title":"","_yoast_wpseo_metadesc":""},"product_brand":[49],"product_cat":[105,91,45],"product_tag":[],"class_list":{"0":"post-10591","1":"product","2":"type-product","3":"status-publish","4":"has-post-thumbnail","6":"product_brand-yfe1","7":"product_cat-yntha3","8":"product_cat-ynth1","9":"product_cat-te-gjitha","11":"first","12":"instock","13":"shipping-taxable","14":"product-type-simple"},"yoast_head":"<!-- This site is optimized with the Yoast SEO plugin v27.5 - https:\/\/yoast.com\/product\/yoast-seo-wordpress\/ -->\n<title>Ngjit\u00ebs fleksibil p\u00ebr pllaka | Ymalko Albania<\/title>\n<meta name=\"description\" content=\"BliniNgjit\u00ebs fleksibil p\u00ebr pllaka n\u00eb Ymalko Albania. Produkte cil\u00ebsore p\u00ebr nd\u00ebrtim, \u00e7ati, izolim, fasada dhe renovim.\" \/>\n<meta name=\"robots\" content=\"index, follow, max-snippet:-1, max-image-preview:large, max-video-preview:-1\" \/>\n<link rel=\"canonical\" href=\"https:\/\/ymalko.al\/en\/product\/ngjites-fleksibil-per-pllaka\/\" \/>\n<meta property=\"og:locale\" content=\"en_US\" \/>\n<meta property=\"og:type\" content=\"article\" \/>\n<meta property=\"og:title\" content=\"Ngjit\u00ebs fleksibil p\u00ebr pllaka | Ymalko Albania\" \/>\n<meta property=\"og:description\" content=\"BliniNgjit\u00ebs fleksibil p\u00ebr pllaka n\u00eb Ymalko Albania. Produkte cil\u00ebsore p\u00ebr nd\u00ebrtim, \u00e7ati, izolim, fasada dhe renovim.\" \/>\n<meta property=\"og:url\" content=\"https:\/\/ymalko.al\/en\/product\/ngjites-fleksibil-per-pllaka\/\" \/>\n<meta property=\"og:site_name\" content=\"Ymalko Albania\" \/>\n<meta property=\"article:modified_time\" content=\"2026-04-30T10:48:48+00:00\" \/>\n<meta property=\"og:image\" content=\"https:\/\/ymalko.al\/wp-content\/uploads\/2025\/10\/FN12.png\" \/>\n\t<meta property=\"og:image:width\" content=\"903\" \/>\n\t<meta property=\"og:image:height\" content=\"903\" \/>\n\t<meta property=\"og:image:type\" content=\"image\/png\" \/>\n<meta name=\"twitter:card\" content=\"summary_large_image\" \/>\n<meta name=\"twitter:label1\" content=\"Est. reading time\" \/>\n\t<meta name=\"twitter:data1\" content=\"1 minute\" \/>\n<script type=\"application\/ld+json\" class=\"yoast-schema-graph\">{\"@context\":\"https:\\\/\\\/schema.org\",\"@graph\":[{\"@type\":\"WebPage\",\"@id\":\"https:\\\/\\\/ymalko.al\\\/product\\\/ngjites-fleksibil-per-pllaka\\\/\",\"url\":\"https:\\\/\\\/ymalko.al\\\/product\\\/ngjites-fleksibil-per-pllaka\\\/\",\"name\":\"Ngjit\u00ebs fleksibil p\u00ebr pllaka | Ymalko Albania\",\"isPartOf\":{\"@id\":\"https:\\\/\\\/ymalko.al\\\/#website\"},\"primaryImageOfPage\":{\"@id\":\"https:\\\/\\\/ymalko.al\\\/product\\\/ngjites-fleksibil-per-pllaka\\\/#primaryimage\"},\"image\":{\"@id\":\"https:\\\/\\\/ymalko.al\\\/product\\\/ngjites-fleksibil-per-pllaka\\\/#primaryimage\"},\"thumbnailUrl\":\"https:\\\/\\\/ymalko.al\\\/wp-content\\\/uploads\\\/2025\\\/10\\\/FN12.png\",\"datePublished\":\"2025-11-07T10:00:00+00:00\",\"dateModified\":\"2026-04-30T10:48:48+00:00\",\"description\":\"BliniNgjit\u00ebs fleksibil p\u00ebr pllaka n\u00eb Ymalko Albania. Produkte cil\u00ebsore p\u00ebr nd\u00ebrtim, \u00e7ati, izolim, fasada dhe renovim.\",\"breadcrumb\":{\"@id\":\"https:\\\/\\\/ymalko.al\\\/product\\\/ngjites-fleksibil-per-pllaka\\\/#breadcrumb\"},\"inLanguage\":\"en-US\",\"potentialAction\":[{\"@type\":\"ReadAction\",\"target\":[\"https:\\\/\\\/ymalko.al\\\/product\\\/ngjites-fleksibil-per-pllaka\\\/\"]}]},{\"@type\":\"ImageObject\",\"inLanguage\":\"en-US\",\"@id\":\"https:\\\/\\\/ymalko.al\\\/product\\\/ngjites-fleksibil-per-pllaka\\\/#primaryimage\",\"url\":\"https:\\\/\\\/ymalko.al\\\/wp-content\\\/uploads\\\/2025\\\/10\\\/FN12.png\",\"contentUrl\":\"https:\\\/\\\/ymalko.al\\\/wp-content\\\/uploads\\\/2025\\\/10\\\/FN12.png\",\"width\":903,\"height\":903},{\"@type\":\"BreadcrumbList\",\"@id\":\"https:\\\/\\\/ymalko.al\\\/product\\\/ngjites-fleksibil-per-pllaka\\\/#breadcrumb\",\"itemListElement\":[{\"@type\":\"ListItem\",\"position\":1,\"name\":\"Home\",\"item\":\"https:\\\/\\\/ymalko.al\\\/\"},{\"@type\":\"ListItem\",\"position\":2,\"name\":\"Produktet\",\"item\":\"https:\\\/\\\/ymalko.al\\\/produktet\\\/\"},{\"@type\":\"ListItem\",\"position\":3,\"name\":\"Ngjit\u00ebs fleksibil p\u00ebr pllaka\"}]},{\"@type\":\"WebSite\",\"@id\":\"https:\\\/\\\/ymalko.al\\\/#website\",\"url\":\"https:\\\/\\\/ymalko.al\\\/\",\"name\":\"Ymalko\",\"description\":\"\",\"publisher\":{\"@id\":\"https:\\\/\\\/ymalko.al\\\/#organization\"},\"potentialAction\":[{\"@type\":\"SearchAction\",\"target\":{\"@type\":\"EntryPoint\",\"urlTemplate\":\"https:\\\/\\\/ymalko.al\\\/?s={search_term_string}\"},\"query-input\":{\"@type\":\"PropertyValueSpecification\",\"valueRequired\":true,\"valueName\":\"search_term_string\"}}],\"inLanguage\":\"en-US\"},{\"@type\":\"Organization\",\"@id\":\"https:\\\/\\\/ymalko.al\\\/#organization\",\"name\":\"Ymalko\",\"url\":\"https:\\\/\\\/ymalko.al\\\/\",\"logo\":{\"@type\":\"ImageObject\",\"inLanguage\":\"en-US\",\"@id\":\"https:\\\/\\\/ymalko.al\\\/#\\\/schema\\\/logo\\\/image\\\/\",\"url\":\"https:\\\/\\\/ymalko.al\\\/wp-content\\\/uploads\\\/2025\\\/10\\\/cropped-cropped-ymalko_mobil_logo-1.jpg\",\"contentUrl\":\"https:\\\/\\\/ymalko.al\\\/wp-content\\\/uploads\\\/2025\\\/10\\\/cropped-cropped-ymalko_mobil_logo-1.jpg\",\"width\":577,\"height\":145,\"caption\":\"Ymalko\"},\"image\":{\"@id\":\"https:\\\/\\\/ymalko.al\\\/#\\\/schema\\\/logo\\\/image\\\/\"}}]}<\/script>\n<!-- \/ Yoast SEO plugin. -->","yoast_head_json":{"title":"Ngjit\u00ebs fleksibil p\u00ebr pllaka | Ymalko Albania","description":"BliniNgjit\u00ebs fleksibil p\u00ebr pllaka n\u00eb Ymalko Albania. Produkte cil\u00ebsore p\u00ebr nd\u00ebrtim, \u00e7ati, izolim, fasada dhe renovim.","robots":{"index":"index","follow":"follow","max-snippet":"max-snippet:-1","max-image-preview":"max-image-preview:large","max-video-preview":"max-video-preview:-1"},"canonical":"https:\/\/ymalko.al\/en\/product\/ngjites-fleksibil-per-pllaka\/","og_locale":"en_US","og_type":"article","og_title":"Ngjit\u00ebs fleksibil p\u00ebr pllaka | Ymalko Albania","og_description":"BliniNgjit\u00ebs fleksibil p\u00ebr pllaka n\u00eb Ymalko Albania. Produkte cil\u00ebsore p\u00ebr nd\u00ebrtim, \u00e7ati, izolim, fasada dhe renovim.","og_url":"https:\/\/ymalko.al\/en\/product\/ngjites-fleksibil-per-pllaka\/","og_site_name":"Ymalko Albania","article_modified_time":"2026-04-30T10:48:48+00:00","og_image":[{"width":903,"height":903,"url":"https:\/\/ymalko.al\/wp-content\/uploads\/2025\/10\/FN12.png","type":"image\/png"}],"twitter_card":"summary_large_image","twitter_misc":{"Est. reading time":"1 minute"},"schema":{"@context":"https:\/\/schema.org","@graph":[{"@type":"WebPage","@id":"https:\/\/ymalko.al\/product\/ngjites-fleksibil-per-pllaka\/","url":"https:\/\/ymalko.al\/product\/ngjites-fleksibil-per-pllaka\/","name":"Ngjit\u00ebs fleksibil p\u00ebr pllaka | Ymalko Albania","isPartOf":{"@id":"https:\/\/ymalko.al\/#website"},"primaryImageOfPage":{"@id":"https:\/\/ymalko.al\/product\/ngjites-fleksibil-per-pllaka\/#primaryimage"},"image":{"@id":"https:\/\/ymalko.al\/product\/ngjites-fleksibil-per-pllaka\/#primaryimage"},"thumbnailUrl":"https:\/\/ymalko.al\/wp-content\/uploads\/2025\/10\/FN12.png","datePublished":"2025-11-07T10:00:00+00:00","dateModified":"2026-04-30T10:48:48+00:00","description":"BliniNgjit\u00ebs fleksibil p\u00ebr pllaka n\u00eb Ymalko Albania. Produkte cil\u00ebsore p\u00ebr nd\u00ebrtim, \u00e7ati, izolim, fasada dhe renovim.","breadcrumb":{"@id":"https:\/\/ymalko.al\/product\/ngjites-fleksibil-per-pllaka\/#breadcrumb"},"inLanguage":"en-US","potentialAction":[{"@type":"ReadAction","target":["https:\/\/ymalko.al\/product\/ngjites-fleksibil-per-pllaka\/"]}]},{"@type":"ImageObject","inLanguage":"en-US","@id":"https:\/\/ymalko.al\/product\/ngjites-fleksibil-per-pllaka\/#primaryimage","url":"https:\/\/ymalko.al\/wp-content\/uploads\/2025\/10\/FN12.png","contentUrl":"https:\/\/ymalko.al\/wp-content\/uploads\/2025\/10\/FN12.png","width":903,"height":903},{"@type":"BreadcrumbList","@id":"https:\/\/ymalko.al\/product\/ngjites-fleksibil-per-pllaka\/#breadcrumb","itemListElement":[{"@type":"ListItem","position":1,"name":"Home","item":"https:\/\/ymalko.al\/"},{"@type":"ListItem","position":2,"name":"Produktet","item":"https:\/\/ymalko.al\/produktet\/"},{"@type":"ListItem","position":3,"name":"Ngjit\u00ebs fleksibil p\u00ebr pllaka"}]},{"@type":"WebSite","@id":"https:\/\/ymalko.al\/#website","url":"https:\/\/ymalko.al\/","name":"Ymalko","description":"","publisher":{"@id":"https:\/\/ymalko.al\/#organization"},"potentialAction":[{"@type":"SearchAction","target":{"@type":"EntryPoint","urlTemplate":"https:\/\/ymalko.al\/?s={search_term_string}"},"query-input":{"@type":"PropertyValueSpecification","valueRequired":true,"valueName":"search_term_string"}}],"inLanguage":"en-US"},{"@type":"Organization","@id":"https:\/\/ymalko.al\/#organization","name":"Ymalko","url":"https:\/\/ymalko.al\/","logo":{"@type":"ImageObject","inLanguage":"en-US","@id":"https:\/\/ymalko.al\/#\/schema\/logo\/image\/","url":"https:\/\/ymalko.al\/wp-content\/uploads\/2025\/10\/cropped-cropped-ymalko_mobil_logo-1.jpg","contentUrl":"https:\/\/ymalko.al\/wp-content\/uploads\/2025\/10\/cropped-cropped-ymalko_mobil_logo-1.jpg","width":577,"height":145,"caption":"Ymalko"},"image":{"@id":"https:\/\/ymalko.al\/#\/schema\/logo\/image\/"}}]}},"jetpack_sharing_enabled":true,"_links":{"self":[{"href":"https:\/\/ymalko.al\/en\/wp-json\/wp\/v2\/product\/10591","targetHints":{"allow":["GET"]}}],"collection":[{"href":"https:\/\/ymalko.al\/en\/wp-json\/wp\/v2\/product"}],"about":[{"href":"https:\/\/ymalko.al\/en\/wp-json\/wp\/v2\/types\/product"}],"version-history":[{"count":1,"href":"https:\/\/ymalko.al\/en\/wp-json\/wp\/v2\/product\/10591\/revisions"}],"predecessor-version":[{"id":14960,"href":"https:\/\/ymalko.al\/en\/wp-json\/wp\/v2\/product\/10591\/revisions\/14960"}],"wp:featuredmedia":[{"embeddable":true,"href":"https:\/\/ymalko.al\/en\/wp-json\/wp\/v2\/media\/10831"}],"wp:attachment":[{"href":"https:\/\/ymalko.al\/en\/wp-json\/wp\/v2\/media?parent=10591"}],"wp:term":[{"taxonomy":"product_brand","embeddable":true,"href":"https:\/\/ymalko.al\/en\/wp-json\/wp\/v2\/product_brand?post=10591"},{"taxonomy":"product_cat","embeddable":true,"href":"https:\/\/ymalko.al\/en\/wp-json\/wp\/v2\/product_cat?post=10591"},{"taxonomy":"product_tag","embeddable":true,"href":"https:\/\/ymalko.al\/en\/wp-json\/wp\/v2\/product_tag?post=10591"}],"curies":[{"name":"wp","href":"https:\/\/api.w.org\/{rel}","templated":true}]}}