{"id":10586,"date":"2025-11-07T20:00:00","date_gmt":"2025-11-07T20:00:00","guid":{"rendered":"https:\/\/ymalko.qkashop.com\/?post_type=product&#038;p=10586"},"modified":"2026-04-30T09:10:16","modified_gmt":"2026-04-30T09:10:16","slug":"trajtim-i-siperfaqes-powerpanel","status":"publish","type":"product","link":"https:\/\/ymalko.al\/en\/product\/trajtim-i-siperfaqes-powerpanel\/","title":{"rendered":"Powerpanel surface treatment"},"content":{"rendered":"<p>Fermacell Powerpanel Fine Surface Treatment is a lightweight, ready-to-use compound intended for finishing interior and exterior surfaces. It is suitable for cementitious substrates in both dry and damp environments. The product is ideal for filling screw holes, glued joints, as well as for leveling and filling irregularities in walls, ceilings and floors.<br \/>\nIt is also suitable for surface finishing before painting or before applying the Fermacell waterproofing system. The product can be used with Fermacell Powerpanel H\u2082O boards, Powerpanel TE floor elements, as well as with AESTUVER fire protection boards. In addition, it is suitable for filling surfaces made of Fermacell gypsum boards, concrete\/aerated concrete, brick, mineral plasters and synthetic resin plasters.<\/p>","protected":false},"excerpt":{"rendered":"<p>Fermacell Powerpanel Fine Surface Treatment \u00ebsht\u00eb nj\u00eb mas\u00eb e leht\u00eb, e gatshme p\u00ebr p\u00ebrdorim, e destinuar p\u00ebr p\u00ebrfundimin e sip\u00ebrfaqeve t\u00eb brendshme dhe t\u00eb jashtme. \u00cbsht\u00eb e p\u00ebrshtatshme p\u00ebr bazamente me p\u00ebrb\u00ebrje \u00e7imentoje, si n\u00eb ambiente t\u00eb thata ashtu edhe n\u00eb ato me lag\u00ebshti. Produkti \u00ebsht\u00eb ideal p\u00ebr mbushjen e vrimave t\u00eb vidave, bashkimeve t\u00eb [&hellip;]<\/p>\n","protected":false},"featured_media":10837,"template":"","meta":{"_yoast_wpseo_focuskw":"trajtim Powerpanel","_yoast_wpseo_title":"","_yoast_wpseo_metadesc":""},"product_brand":[49],"product_cat":[105,91,45],"product_tag":[],"class_list":{"0":"post-10586","1":"product","2":"type-product","3":"status-publish","4":"has-post-thumbnail","6":"product_brand-yfe1","7":"product_cat-yntha3","8":"product_cat-ynth1","9":"product_cat-te-gjitha","11":"first","12":"instock","13":"shipping-taxable","14":"product-type-simple"},"yoast_head":"<!-- This site is optimized with the Yoast SEO plugin v27.5 - https:\/\/yoast.com\/product\/yoast-seo-wordpress\/ -->\n<title>Trajtim i sip\u00ebrfaqes Powerpanel | Ymalko Albania<\/title>\n<meta name=\"description\" content=\"BliniTrajtim i sip\u00ebrfaqes Powerpanel n\u00eb Ymalko Albania. Produkte cil\u00ebsore p\u00ebr nd\u00ebrtim, \u00e7ati, izolim, fasada dhe renovim.\" \/>\n<meta name=\"robots\" content=\"index, follow, max-snippet:-1, max-image-preview:large, max-video-preview:-1\" \/>\n<link rel=\"canonical\" href=\"https:\/\/ymalko.al\/en\/product\/trajtim-i-siperfaqes-powerpanel\/\" \/>\n<meta property=\"og:locale\" content=\"en_US\" \/>\n<meta property=\"og:type\" content=\"article\" \/>\n<meta property=\"og:title\" content=\"Trajtim i sip\u00ebrfaqes Powerpanel | Ymalko Albania\" \/>\n<meta property=\"og:description\" content=\"BliniTrajtim i sip\u00ebrfaqes Powerpanel n\u00eb Ymalko Albania. Produkte cil\u00ebsore p\u00ebr nd\u00ebrtim, \u00e7ati, izolim, fasada dhe renovim.\" \/>\n<meta property=\"og:url\" content=\"https:\/\/ymalko.al\/en\/product\/trajtim-i-siperfaqes-powerpanel\/\" \/>\n<meta property=\"og:site_name\" content=\"Ymalko Albania\" \/>\n<meta property=\"article:modified_time\" content=\"2026-04-30T09:10:16+00:00\" \/>\n<meta property=\"og:image\" content=\"https:\/\/ymalko.al\/wp-content\/uploads\/2025\/10\/FP14.png\" \/>\n\t<meta property=\"og:image:width\" content=\"903\" \/>\n\t<meta property=\"og:image:height\" content=\"903\" \/>\n\t<meta property=\"og:image:type\" content=\"image\/png\" \/>\n<meta name=\"twitter:card\" content=\"summary_large_image\" \/>\n<meta name=\"twitter:label1\" content=\"Est. reading time\" \/>\n\t<meta name=\"twitter:data1\" content=\"1 minute\" \/>\n<script type=\"application\/ld+json\" class=\"yoast-schema-graph\">{\"@context\":\"https:\\\/\\\/schema.org\",\"@graph\":[{\"@type\":\"WebPage\",\"@id\":\"https:\\\/\\\/ymalko.al\\\/product\\\/trajtim-i-siperfaqes-powerpanel\\\/\",\"url\":\"https:\\\/\\\/ymalko.al\\\/product\\\/trajtim-i-siperfaqes-powerpanel\\\/\",\"name\":\"Trajtim i sip\u00ebrfaqes Powerpanel | Ymalko Albania\",\"isPartOf\":{\"@id\":\"https:\\\/\\\/ymalko.al\\\/#website\"},\"primaryImageOfPage\":{\"@id\":\"https:\\\/\\\/ymalko.al\\\/product\\\/trajtim-i-siperfaqes-powerpanel\\\/#primaryimage\"},\"image\":{\"@id\":\"https:\\\/\\\/ymalko.al\\\/product\\\/trajtim-i-siperfaqes-powerpanel\\\/#primaryimage\"},\"thumbnailUrl\":\"https:\\\/\\\/ymalko.al\\\/wp-content\\\/uploads\\\/2025\\\/10\\\/FP14.png\",\"datePublished\":\"2025-11-07T20:00:00+00:00\",\"dateModified\":\"2026-04-30T09:10:16+00:00\",\"description\":\"BliniTrajtim i sip\u00ebrfaqes Powerpanel n\u00eb Ymalko Albania. Produkte cil\u00ebsore p\u00ebr nd\u00ebrtim, \u00e7ati, izolim, fasada dhe renovim.\",\"breadcrumb\":{\"@id\":\"https:\\\/\\\/ymalko.al\\\/product\\\/trajtim-i-siperfaqes-powerpanel\\\/#breadcrumb\"},\"inLanguage\":\"en-US\",\"potentialAction\":[{\"@type\":\"ReadAction\",\"target\":[\"https:\\\/\\\/ymalko.al\\\/product\\\/trajtim-i-siperfaqes-powerpanel\\\/\"]}]},{\"@type\":\"ImageObject\",\"inLanguage\":\"en-US\",\"@id\":\"https:\\\/\\\/ymalko.al\\\/product\\\/trajtim-i-siperfaqes-powerpanel\\\/#primaryimage\",\"url\":\"https:\\\/\\\/ymalko.al\\\/wp-content\\\/uploads\\\/2025\\\/10\\\/FP14.png\",\"contentUrl\":\"https:\\\/\\\/ymalko.al\\\/wp-content\\\/uploads\\\/2025\\\/10\\\/FP14.png\",\"width\":903,\"height\":903},{\"@type\":\"BreadcrumbList\",\"@id\":\"https:\\\/\\\/ymalko.al\\\/product\\\/trajtim-i-siperfaqes-powerpanel\\\/#breadcrumb\",\"itemListElement\":[{\"@type\":\"ListItem\",\"position\":1,\"name\":\"Home\",\"item\":\"https:\\\/\\\/ymalko.al\\\/\"},{\"@type\":\"ListItem\",\"position\":2,\"name\":\"Produktet\",\"item\":\"https:\\\/\\\/ymalko.al\\\/produktet\\\/\"},{\"@type\":\"ListItem\",\"position\":3,\"name\":\"Trajtim i sip\u00ebrfaqes Powerpanel\"}]},{\"@type\":\"WebSite\",\"@id\":\"https:\\\/\\\/ymalko.al\\\/#website\",\"url\":\"https:\\\/\\\/ymalko.al\\\/\",\"name\":\"Ymalko\",\"description\":\"\",\"publisher\":{\"@id\":\"https:\\\/\\\/ymalko.al\\\/#organization\"},\"potentialAction\":[{\"@type\":\"SearchAction\",\"target\":{\"@type\":\"EntryPoint\",\"urlTemplate\":\"https:\\\/\\\/ymalko.al\\\/?s={search_term_string}\"},\"query-input\":{\"@type\":\"PropertyValueSpecification\",\"valueRequired\":true,\"valueName\":\"search_term_string\"}}],\"inLanguage\":\"en-US\"},{\"@type\":\"Organization\",\"@id\":\"https:\\\/\\\/ymalko.al\\\/#organization\",\"name\":\"Ymalko\",\"url\":\"https:\\\/\\\/ymalko.al\\\/\",\"logo\":{\"@type\":\"ImageObject\",\"inLanguage\":\"en-US\",\"@id\":\"https:\\\/\\\/ymalko.al\\\/#\\\/schema\\\/logo\\\/image\\\/\",\"url\":\"https:\\\/\\\/ymalko.al\\\/wp-content\\\/uploads\\\/2025\\\/10\\\/cropped-cropped-ymalko_mobil_logo-1.jpg\",\"contentUrl\":\"https:\\\/\\\/ymalko.al\\\/wp-content\\\/uploads\\\/2025\\\/10\\\/cropped-cropped-ymalko_mobil_logo-1.jpg\",\"width\":577,\"height\":145,\"caption\":\"Ymalko\"},\"image\":{\"@id\":\"https:\\\/\\\/ymalko.al\\\/#\\\/schema\\\/logo\\\/image\\\/\"}}]}<\/script>\n<!-- \/ Yoast SEO plugin. -->","yoast_head_json":{"title":"Trajtim i sip\u00ebrfaqes Powerpanel | Ymalko Albania","description":"BliniTrajtim i sip\u00ebrfaqes Powerpanel n\u00eb Ymalko Albania. Produkte cil\u00ebsore p\u00ebr nd\u00ebrtim, \u00e7ati, izolim, fasada dhe renovim.","robots":{"index":"index","follow":"follow","max-snippet":"max-snippet:-1","max-image-preview":"max-image-preview:large","max-video-preview":"max-video-preview:-1"},"canonical":"https:\/\/ymalko.al\/en\/product\/trajtim-i-siperfaqes-powerpanel\/","og_locale":"en_US","og_type":"article","og_title":"Trajtim i sip\u00ebrfaqes Powerpanel | Ymalko Albania","og_description":"BliniTrajtim i sip\u00ebrfaqes Powerpanel n\u00eb Ymalko Albania. Produkte cil\u00ebsore p\u00ebr nd\u00ebrtim, \u00e7ati, izolim, fasada dhe renovim.","og_url":"https:\/\/ymalko.al\/en\/product\/trajtim-i-siperfaqes-powerpanel\/","og_site_name":"Ymalko Albania","article_modified_time":"2026-04-30T09:10:16+00:00","og_image":[{"width":903,"height":903,"url":"https:\/\/ymalko.al\/wp-content\/uploads\/2025\/10\/FP14.png","type":"image\/png"}],"twitter_card":"summary_large_image","twitter_misc":{"Est. reading time":"1 minute"},"schema":{"@context":"https:\/\/schema.org","@graph":[{"@type":"WebPage","@id":"https:\/\/ymalko.al\/product\/trajtim-i-siperfaqes-powerpanel\/","url":"https:\/\/ymalko.al\/product\/trajtim-i-siperfaqes-powerpanel\/","name":"Trajtim i sip\u00ebrfaqes Powerpanel | Ymalko Albania","isPartOf":{"@id":"https:\/\/ymalko.al\/#website"},"primaryImageOfPage":{"@id":"https:\/\/ymalko.al\/product\/trajtim-i-siperfaqes-powerpanel\/#primaryimage"},"image":{"@id":"https:\/\/ymalko.al\/product\/trajtim-i-siperfaqes-powerpanel\/#primaryimage"},"thumbnailUrl":"https:\/\/ymalko.al\/wp-content\/uploads\/2025\/10\/FP14.png","datePublished":"2025-11-07T20:00:00+00:00","dateModified":"2026-04-30T09:10:16+00:00","description":"BliniTrajtim i sip\u00ebrfaqes Powerpanel n\u00eb Ymalko Albania. Produkte cil\u00ebsore p\u00ebr nd\u00ebrtim, \u00e7ati, izolim, fasada dhe renovim.","breadcrumb":{"@id":"https:\/\/ymalko.al\/product\/trajtim-i-siperfaqes-powerpanel\/#breadcrumb"},"inLanguage":"en-US","potentialAction":[{"@type":"ReadAction","target":["https:\/\/ymalko.al\/product\/trajtim-i-siperfaqes-powerpanel\/"]}]},{"@type":"ImageObject","inLanguage":"en-US","@id":"https:\/\/ymalko.al\/product\/trajtim-i-siperfaqes-powerpanel\/#primaryimage","url":"https:\/\/ymalko.al\/wp-content\/uploads\/2025\/10\/FP14.png","contentUrl":"https:\/\/ymalko.al\/wp-content\/uploads\/2025\/10\/FP14.png","width":903,"height":903},{"@type":"BreadcrumbList","@id":"https:\/\/ymalko.al\/product\/trajtim-i-siperfaqes-powerpanel\/#breadcrumb","itemListElement":[{"@type":"ListItem","position":1,"name":"Home","item":"https:\/\/ymalko.al\/"},{"@type":"ListItem","position":2,"name":"Produktet","item":"https:\/\/ymalko.al\/produktet\/"},{"@type":"ListItem","position":3,"name":"Trajtim i sip\u00ebrfaqes Powerpanel"}]},{"@type":"WebSite","@id":"https:\/\/ymalko.al\/#website","url":"https:\/\/ymalko.al\/","name":"Ymalko","description":"","publisher":{"@id":"https:\/\/ymalko.al\/#organization"},"potentialAction":[{"@type":"SearchAction","target":{"@type":"EntryPoint","urlTemplate":"https:\/\/ymalko.al\/?s={search_term_string}"},"query-input":{"@type":"PropertyValueSpecification","valueRequired":true,"valueName":"search_term_string"}}],"inLanguage":"en-US"},{"@type":"Organization","@id":"https:\/\/ymalko.al\/#organization","name":"Ymalko","url":"https:\/\/ymalko.al\/","logo":{"@type":"ImageObject","inLanguage":"en-US","@id":"https:\/\/ymalko.al\/#\/schema\/logo\/image\/","url":"https:\/\/ymalko.al\/wp-content\/uploads\/2025\/10\/cropped-cropped-ymalko_mobil_logo-1.jpg","contentUrl":"https:\/\/ymalko.al\/wp-content\/uploads\/2025\/10\/cropped-cropped-ymalko_mobil_logo-1.jpg","width":577,"height":145,"caption":"Ymalko"},"image":{"@id":"https:\/\/ymalko.al\/#\/schema\/logo\/image\/"}}]}},"jetpack_sharing_enabled":true,"_links":{"self":[{"href":"https:\/\/ymalko.al\/en\/wp-json\/wp\/v2\/product\/10586","targetHints":{"allow":["GET"]}}],"collection":[{"href":"https:\/\/ymalko.al\/en\/wp-json\/wp\/v2\/product"}],"about":[{"href":"https:\/\/ymalko.al\/en\/wp-json\/wp\/v2\/types\/product"}],"version-history":[{"count":1,"href":"https:\/\/ymalko.al\/en\/wp-json\/wp\/v2\/product\/10586\/revisions"}],"predecessor-version":[{"id":14904,"href":"https:\/\/ymalko.al\/en\/wp-json\/wp\/v2\/product\/10586\/revisions\/14904"}],"wp:featuredmedia":[{"embeddable":true,"href":"https:\/\/ymalko.al\/en\/wp-json\/wp\/v2\/media\/10837"}],"wp:attachment":[{"href":"https:\/\/ymalko.al\/en\/wp-json\/wp\/v2\/media?parent=10586"}],"wp:term":[{"taxonomy":"product_brand","embeddable":true,"href":"https:\/\/ymalko.al\/en\/wp-json\/wp\/v2\/product_brand?post=10586"},{"taxonomy":"product_cat","embeddable":true,"href":"https:\/\/ymalko.al\/en\/wp-json\/wp\/v2\/product_cat?post=10586"},{"taxonomy":"product_tag","embeddable":true,"href":"https:\/\/ymalko.al\/en\/wp-json\/wp\/v2\/product_tag?post=10586"}],"curies":[{"name":"wp","href":"https:\/\/api.w.org\/{rel}","templated":true}]}}