{"id":10584,"date":"2025-11-07T07:00:00","date_gmt":"2025-11-07T07:00:00","guid":{"rendered":"https:\/\/ymalko.qkashop.com\/?post_type=product&#038;p=10584"},"modified":"2026-04-30T10:49:10","modified_gmt":"2026-04-30T10:49:10","slug":"ngjites-elastik-mbrojtes-fermacell","status":"publish","type":"product","link":"https:\/\/ymalko.al\/en\/product\/ngjites-elastik-mbrojtes-fermacell\/","title":{"rendered":"Fermacell Elastic Protective Adhesive"},"content":{"rendered":"<p>For fantastic water protection in interior corners<br \/>\nFermacell Flexible Sealing Tape is a specially coated, alkali-resistant and permanently elastic polypropylene material. It is part of the complete Fermacell sealing system, which has an official construction test certificate (P-5079\/1926 MPA-BS).<\/p>","protected":false},"excerpt":{"rendered":"<p>P\u00ebr mbrojtje fantastike nga uji n\u00eb qoshe t\u00eb ambienteve t\u00eb brendshme Fermacell Flexible Sealing Tape \u00ebsht\u00eb nj\u00eb material polipropileni me veshje t\u00eb ve\u00e7ant\u00eb, rezistent ndaj alkaleve dhe elastik n\u00eb m\u00ebnyr\u00eb t\u00eb p\u00ebrhershme. Ai \u00ebsht\u00eb pjes\u00eb e sistemit t\u00eb plot\u00eb t\u00eb vulosjes Fermacell, i cili ka certifikat\u00eb zyrtare testimi nd\u00ebrtimor (P-5079\/1926 MPA-BS).<\/p>","protected":false},"featured_media":10830,"template":"","meta":{"_yoast_wpseo_focuskw":"ngjit\u00ebs elastik Fermacell","_yoast_wpseo_title":"","_yoast_wpseo_metadesc":""},"product_brand":[],"product_cat":[105,91,45],"product_tag":[],"class_list":{"0":"post-10584","1":"product","2":"type-product","3":"status-publish","4":"has-post-thumbnail","6":"product_cat-yntha3","7":"product_cat-ynth1","8":"product_cat-te-gjitha","10":"first","11":"instock","12":"shipping-taxable","13":"product-type-simple"},"yoast_head":"<!-- This site is optimized with the Yoast SEO plugin v27.6 - https:\/\/yoast.com\/product\/yoast-seo-wordpress\/ -->\n<title>Ngjit\u00ebs Elastik mbrojt\u00ebs Fermacell | Ymalko Albania<\/title>\n<meta name=\"description\" content=\"BliniNgjit\u00ebs Elastik mbrojt\u00ebs Fermacell n\u00eb Ymalko Albania. Produkte cil\u00ebsore p\u00ebr nd\u00ebrtim, \u00e7ati, izolim, fasada dhe renovim.\" \/>\n<meta name=\"robots\" content=\"index, follow, max-snippet:-1, max-image-preview:large, max-video-preview:-1\" \/>\n<link rel=\"canonical\" href=\"https:\/\/ymalko.al\/en\/product\/ngjites-elastik-mbrojtes-fermacell\/\" \/>\n<meta property=\"og:locale\" content=\"en_US\" \/>\n<meta property=\"og:type\" content=\"article\" \/>\n<meta property=\"og:title\" content=\"Ngjit\u00ebs Elastik mbrojt\u00ebs Fermacell | Ymalko Albania\" \/>\n<meta property=\"og:description\" content=\"BliniNgjit\u00ebs Elastik mbrojt\u00ebs Fermacell n\u00eb Ymalko Albania. Produkte cil\u00ebsore p\u00ebr nd\u00ebrtim, \u00e7ati, izolim, fasada dhe renovim.\" \/>\n<meta property=\"og:url\" content=\"https:\/\/ymalko.al\/en\/product\/ngjites-elastik-mbrojtes-fermacell\/\" \/>\n<meta property=\"og:site_name\" content=\"Ymalko Albania\" \/>\n<meta property=\"article:modified_time\" content=\"2026-04-30T10:49:10+00:00\" \/>\n<meta property=\"og:image\" content=\"https:\/\/ymalko.al\/wp-content\/uploads\/2025\/10\/FN11.png\" \/>\n\t<meta property=\"og:image:width\" content=\"903\" \/>\n\t<meta property=\"og:image:height\" content=\"903\" \/>\n\t<meta property=\"og:image:type\" content=\"image\/png\" \/>\n<meta name=\"twitter:card\" content=\"summary_large_image\" \/>\n<meta name=\"twitter:label1\" content=\"Est. reading time\" \/>\n\t<meta name=\"twitter:data1\" content=\"1 minute\" \/>\n<script type=\"application\/ld+json\" class=\"yoast-schema-graph\">{\"@context\":\"https:\\\/\\\/schema.org\",\"@graph\":[{\"@type\":\"WebPage\",\"@id\":\"https:\\\/\\\/ymalko.al\\\/product\\\/ngjites-elastik-mbrojtes-fermacell\\\/\",\"url\":\"https:\\\/\\\/ymalko.al\\\/product\\\/ngjites-elastik-mbrojtes-fermacell\\\/\",\"name\":\"Ngjit\u00ebs Elastik mbrojt\u00ebs Fermacell | Ymalko Albania\",\"isPartOf\":{\"@id\":\"https:\\\/\\\/ymalko.al\\\/#website\"},\"primaryImageOfPage\":{\"@id\":\"https:\\\/\\\/ymalko.al\\\/product\\\/ngjites-elastik-mbrojtes-fermacell\\\/#primaryimage\"},\"image\":{\"@id\":\"https:\\\/\\\/ymalko.al\\\/product\\\/ngjites-elastik-mbrojtes-fermacell\\\/#primaryimage\"},\"thumbnailUrl\":\"https:\\\/\\\/ymalko.al\\\/wp-content\\\/uploads\\\/2025\\\/10\\\/FN11.png\",\"datePublished\":\"2025-11-07T07:00:00+00:00\",\"dateModified\":\"2026-04-30T10:49:10+00:00\",\"description\":\"BliniNgjit\u00ebs Elastik mbrojt\u00ebs Fermacell n\u00eb Ymalko Albania. Produkte cil\u00ebsore p\u00ebr nd\u00ebrtim, \u00e7ati, izolim, fasada dhe renovim.\",\"breadcrumb\":{\"@id\":\"https:\\\/\\\/ymalko.al\\\/product\\\/ngjites-elastik-mbrojtes-fermacell\\\/#breadcrumb\"},\"inLanguage\":\"en-US\",\"potentialAction\":[{\"@type\":\"ReadAction\",\"target\":[\"https:\\\/\\\/ymalko.al\\\/product\\\/ngjites-elastik-mbrojtes-fermacell\\\/\"]}]},{\"@type\":\"ImageObject\",\"inLanguage\":\"en-US\",\"@id\":\"https:\\\/\\\/ymalko.al\\\/product\\\/ngjites-elastik-mbrojtes-fermacell\\\/#primaryimage\",\"url\":\"https:\\\/\\\/ymalko.al\\\/wp-content\\\/uploads\\\/2025\\\/10\\\/FN11.png\",\"contentUrl\":\"https:\\\/\\\/ymalko.al\\\/wp-content\\\/uploads\\\/2025\\\/10\\\/FN11.png\",\"width\":903,\"height\":903},{\"@type\":\"BreadcrumbList\",\"@id\":\"https:\\\/\\\/ymalko.al\\\/product\\\/ngjites-elastik-mbrojtes-fermacell\\\/#breadcrumb\",\"itemListElement\":[{\"@type\":\"ListItem\",\"position\":1,\"name\":\"Home\",\"item\":\"https:\\\/\\\/ymalko.al\\\/\"},{\"@type\":\"ListItem\",\"position\":2,\"name\":\"Produktet\",\"item\":\"https:\\\/\\\/ymalko.al\\\/produktet\\\/\"},{\"@type\":\"ListItem\",\"position\":3,\"name\":\"Ngjit\u00ebs Elastik mbrojt\u00ebs Fermacell\"}]},{\"@type\":\"WebSite\",\"@id\":\"https:\\\/\\\/ymalko.al\\\/#website\",\"url\":\"https:\\\/\\\/ymalko.al\\\/\",\"name\":\"Ymalko\",\"description\":\"\",\"publisher\":{\"@id\":\"https:\\\/\\\/ymalko.al\\\/#organization\"},\"potentialAction\":[{\"@type\":\"SearchAction\",\"target\":{\"@type\":\"EntryPoint\",\"urlTemplate\":\"https:\\\/\\\/ymalko.al\\\/?s={search_term_string}\"},\"query-input\":{\"@type\":\"PropertyValueSpecification\",\"valueRequired\":true,\"valueName\":\"search_term_string\"}}],\"inLanguage\":\"en-US\"},{\"@type\":\"Organization\",\"@id\":\"https:\\\/\\\/ymalko.al\\\/#organization\",\"name\":\"Ymalko\",\"url\":\"https:\\\/\\\/ymalko.al\\\/\",\"logo\":{\"@type\":\"ImageObject\",\"inLanguage\":\"en-US\",\"@id\":\"https:\\\/\\\/ymalko.al\\\/#\\\/schema\\\/logo\\\/image\\\/\",\"url\":\"https:\\\/\\\/ymalko.al\\\/wp-content\\\/uploads\\\/2025\\\/10\\\/cropped-cropped-ymalko_mobil_logo-1.jpg\",\"contentUrl\":\"https:\\\/\\\/ymalko.al\\\/wp-content\\\/uploads\\\/2025\\\/10\\\/cropped-cropped-ymalko_mobil_logo-1.jpg\",\"width\":577,\"height\":145,\"caption\":\"Ymalko\"},\"image\":{\"@id\":\"https:\\\/\\\/ymalko.al\\\/#\\\/schema\\\/logo\\\/image\\\/\"}}]}<\/script>\n<!-- \/ Yoast SEO plugin. -->","yoast_head_json":{"title":"Ngjit\u00ebs Elastik mbrojt\u00ebs Fermacell | Ymalko Albania","description":"BliniNgjit\u00ebs Elastik mbrojt\u00ebs Fermacell n\u00eb Ymalko Albania. Produkte cil\u00ebsore p\u00ebr nd\u00ebrtim, \u00e7ati, izolim, fasada dhe renovim.","robots":{"index":"index","follow":"follow","max-snippet":"max-snippet:-1","max-image-preview":"max-image-preview:large","max-video-preview":"max-video-preview:-1"},"canonical":"https:\/\/ymalko.al\/en\/product\/ngjites-elastik-mbrojtes-fermacell\/","og_locale":"en_US","og_type":"article","og_title":"Ngjit\u00ebs Elastik mbrojt\u00ebs Fermacell | Ymalko Albania","og_description":"BliniNgjit\u00ebs Elastik mbrojt\u00ebs Fermacell n\u00eb Ymalko Albania. Produkte cil\u00ebsore p\u00ebr nd\u00ebrtim, \u00e7ati, izolim, fasada dhe renovim.","og_url":"https:\/\/ymalko.al\/en\/product\/ngjites-elastik-mbrojtes-fermacell\/","og_site_name":"Ymalko Albania","article_modified_time":"2026-04-30T10:49:10+00:00","og_image":[{"width":903,"height":903,"url":"https:\/\/ymalko.al\/wp-content\/uploads\/2025\/10\/FN11.png","type":"image\/png"}],"twitter_card":"summary_large_image","twitter_misc":{"Est. reading time":"1 minute"},"schema":{"@context":"https:\/\/schema.org","@graph":[{"@type":"WebPage","@id":"https:\/\/ymalko.al\/product\/ngjites-elastik-mbrojtes-fermacell\/","url":"https:\/\/ymalko.al\/product\/ngjites-elastik-mbrojtes-fermacell\/","name":"Ngjit\u00ebs Elastik mbrojt\u00ebs Fermacell | Ymalko Albania","isPartOf":{"@id":"https:\/\/ymalko.al\/#website"},"primaryImageOfPage":{"@id":"https:\/\/ymalko.al\/product\/ngjites-elastik-mbrojtes-fermacell\/#primaryimage"},"image":{"@id":"https:\/\/ymalko.al\/product\/ngjites-elastik-mbrojtes-fermacell\/#primaryimage"},"thumbnailUrl":"https:\/\/ymalko.al\/wp-content\/uploads\/2025\/10\/FN11.png","datePublished":"2025-11-07T07:00:00+00:00","dateModified":"2026-04-30T10:49:10+00:00","description":"BliniNgjit\u00ebs Elastik mbrojt\u00ebs Fermacell n\u00eb Ymalko Albania. Produkte cil\u00ebsore p\u00ebr nd\u00ebrtim, \u00e7ati, izolim, fasada dhe renovim.","breadcrumb":{"@id":"https:\/\/ymalko.al\/product\/ngjites-elastik-mbrojtes-fermacell\/#breadcrumb"},"inLanguage":"en-US","potentialAction":[{"@type":"ReadAction","target":["https:\/\/ymalko.al\/product\/ngjites-elastik-mbrojtes-fermacell\/"]}]},{"@type":"ImageObject","inLanguage":"en-US","@id":"https:\/\/ymalko.al\/product\/ngjites-elastik-mbrojtes-fermacell\/#primaryimage","url":"https:\/\/ymalko.al\/wp-content\/uploads\/2025\/10\/FN11.png","contentUrl":"https:\/\/ymalko.al\/wp-content\/uploads\/2025\/10\/FN11.png","width":903,"height":903},{"@type":"BreadcrumbList","@id":"https:\/\/ymalko.al\/product\/ngjites-elastik-mbrojtes-fermacell\/#breadcrumb","itemListElement":[{"@type":"ListItem","position":1,"name":"Home","item":"https:\/\/ymalko.al\/"},{"@type":"ListItem","position":2,"name":"Produktet","item":"https:\/\/ymalko.al\/produktet\/"},{"@type":"ListItem","position":3,"name":"Ngjit\u00ebs Elastik mbrojt\u00ebs Fermacell"}]},{"@type":"WebSite","@id":"https:\/\/ymalko.al\/#website","url":"https:\/\/ymalko.al\/","name":"Ymalko","description":"","publisher":{"@id":"https:\/\/ymalko.al\/#organization"},"potentialAction":[{"@type":"SearchAction","target":{"@type":"EntryPoint","urlTemplate":"https:\/\/ymalko.al\/?s={search_term_string}"},"query-input":{"@type":"PropertyValueSpecification","valueRequired":true,"valueName":"search_term_string"}}],"inLanguage":"en-US"},{"@type":"Organization","@id":"https:\/\/ymalko.al\/#organization","name":"Ymalko","url":"https:\/\/ymalko.al\/","logo":{"@type":"ImageObject","inLanguage":"en-US","@id":"https:\/\/ymalko.al\/#\/schema\/logo\/image\/","url":"https:\/\/ymalko.al\/wp-content\/uploads\/2025\/10\/cropped-cropped-ymalko_mobil_logo-1.jpg","contentUrl":"https:\/\/ymalko.al\/wp-content\/uploads\/2025\/10\/cropped-cropped-ymalko_mobil_logo-1.jpg","width":577,"height":145,"caption":"Ymalko"},"image":{"@id":"https:\/\/ymalko.al\/#\/schema\/logo\/image\/"}}]}},"jetpack_sharing_enabled":true,"_links":{"self":[{"href":"https:\/\/ymalko.al\/en\/wp-json\/wp\/v2\/product\/10584","targetHints":{"allow":["GET"]}}],"collection":[{"href":"https:\/\/ymalko.al\/en\/wp-json\/wp\/v2\/product"}],"about":[{"href":"https:\/\/ymalko.al\/en\/wp-json\/wp\/v2\/types\/product"}],"version-history":[{"count":1,"href":"https:\/\/ymalko.al\/en\/wp-json\/wp\/v2\/product\/10584\/revisions"}],"predecessor-version":[{"id":14963,"href":"https:\/\/ymalko.al\/en\/wp-json\/wp\/v2\/product\/10584\/revisions\/14963"}],"wp:featuredmedia":[{"embeddable":true,"href":"https:\/\/ymalko.al\/en\/wp-json\/wp\/v2\/media\/10830"}],"wp:attachment":[{"href":"https:\/\/ymalko.al\/en\/wp-json\/wp\/v2\/media?parent=10584"}],"wp:term":[{"taxonomy":"product_brand","embeddable":true,"href":"https:\/\/ymalko.al\/en\/wp-json\/wp\/v2\/product_brand?post=10584"},{"taxonomy":"product_cat","embeddable":true,"href":"https:\/\/ymalko.al\/en\/wp-json\/wp\/v2\/product_cat?post=10584"},{"taxonomy":"product_tag","embeddable":true,"href":"https:\/\/ymalko.al\/en\/wp-json\/wp\/v2\/product_tag?post=10584"}],"curies":[{"name":"wp","href":"https:\/\/api.w.org\/{rel}","templated":true}]}}