{"id":10582,"date":"2025-11-01T18:00:00","date_gmt":"2025-11-01T18:00:00","guid":{"rendered":"https:\/\/ymalko.qkashop.com\/?post_type=product&#038;p=10582"},"modified":"2026-04-30T11:58:25","modified_gmt":"2026-04-30T11:58:25","slug":"fermacell-elementet-e-dyshemese","status":"publish","type":"product","link":"https:\/\/ymalko.al\/en\/product\/fermacell-elementet-e-dyshemese\/","title":{"rendered":"Fermacell Floor Elements"},"content":{"rendered":"<p>Fermacell flooring systems are designed for use as floating floors in a wide range of applications. Manufactured from Fermacell Gypsum Fibreboard or Fermacell Powerpanel H\u2082O boards, they offer a dry, durable and simple solution to your flooring requirements.<br \/>\nFermacell floor elements consist of two 10 mm or 12.5 mm thick Fermacell Gypsum Fibreboard boards, glued together at the factory. The two boards are offset from each other, creating a 50 mm wide stepped edge.<br \/>\nThe dimensions of the element are 1500 \u00d7 500 mm (with an area of 0.75 m\u00b2).<br \/>\nFermacell floor elements are offered with or without different insulation layers and are installed as a floating floor, being placed one after the other.<\/p>","protected":false},"excerpt":{"rendered":"<p>Sistemet e dyshemes\u00eb Fermacell jan\u00eb projektuar p\u00ebr t\u2019u p\u00ebrdorur si dysheme lundruese n\u00eb nj\u00eb gam\u00eb t\u00eb gjer\u00eb aplikimesh. T\u00eb prodhuara nga pllakat Fermacell Gypsum Fibreboard ose Fermacell Powerpanel H\u2082O, ato ofrojn\u00eb nj\u00eb zgjidhje t\u00eb that\u00eb, t\u00eb q\u00ebndrueshme dhe t\u00eb thjesht\u00eb p\u00ebr k\u00ebrkesat tuaja t\u00eb dyshemes\u00eb. Elementet e dyshemes\u00eb Fermacell p\u00ebrb\u00ebhen nga dy pllaka Fermacell Gypsum [&hellip;]<\/p>\n","protected":false},"featured_media":10826,"template":"","meta":{"_yoast_wpseo_focuskw":"Fermacell elemente dyshemeje","_yoast_wpseo_title":"","_yoast_wpseo_metadesc":""},"product_brand":[49],"product_cat":[91,103,45],"product_tag":[],"class_list":{"0":"post-10582","1":"product","2":"type-product","3":"status-publish","4":"has-post-thumbnail","6":"product_brand-yfe1","7":"product_cat-ynth1","8":"product_cat-yndthpgf1","9":"product_cat-te-gjitha","11":"first","12":"instock","13":"shipping-taxable","14":"product-type-simple"},"yoast_head":"<!-- This site is optimized with the Yoast SEO plugin v27.6 - https:\/\/yoast.com\/product\/yoast-seo-wordpress\/ -->\n<title>Fermacell Elementet e Dyshemes\u00eb | Ymalko Albania<\/title>\n<meta name=\"description\" content=\"BliniFermacell Elementet e Dyshemes\u00eb n\u00eb Ymalko Albania. Produkte cil\u00ebsore p\u00ebr nd\u00ebrtim, \u00e7ati, izolim, fasada dhe renovim.\" \/>\n<meta name=\"robots\" content=\"index, follow, max-snippet:-1, max-image-preview:large, max-video-preview:-1\" \/>\n<link rel=\"canonical\" href=\"https:\/\/ymalko.al\/en\/product\/fermacell-elementet-e-dyshemese\/\" \/>\n<meta property=\"og:locale\" content=\"en_US\" \/>\n<meta property=\"og:type\" content=\"article\" \/>\n<meta property=\"og:title\" content=\"Fermacell Elementet e Dyshemes\u00eb | Ymalko Albania\" \/>\n<meta property=\"og:description\" content=\"BliniFermacell Elementet e Dyshemes\u00eb n\u00eb Ymalko Albania. Produkte cil\u00ebsore p\u00ebr nd\u00ebrtim, \u00e7ati, izolim, fasada dhe renovim.\" \/>\n<meta property=\"og:url\" content=\"https:\/\/ymalko.al\/en\/product\/fermacell-elementet-e-dyshemese\/\" \/>\n<meta property=\"og:site_name\" content=\"Ymalko Albania\" \/>\n<meta property=\"article:modified_time\" content=\"2026-04-30T11:58:25+00:00\" \/>\n<meta property=\"og:image\" content=\"https:\/\/ymalko.al\/wp-content\/uploads\/2025\/10\/FD11.png\" \/>\n\t<meta property=\"og:image:width\" content=\"903\" \/>\n\t<meta property=\"og:image:height\" content=\"903\" \/>\n\t<meta property=\"og:image:type\" content=\"image\/png\" \/>\n<meta name=\"twitter:card\" content=\"summary_large_image\" \/>\n<meta name=\"twitter:label1\" content=\"Est. reading time\" \/>\n\t<meta name=\"twitter:data1\" content=\"1 minute\" \/>\n<script type=\"application\/ld+json\" class=\"yoast-schema-graph\">{\"@context\":\"https:\\\/\\\/schema.org\",\"@graph\":[{\"@type\":\"WebPage\",\"@id\":\"https:\\\/\\\/ymalko.al\\\/product\\\/fermacell-elementet-e-dyshemese\\\/\",\"url\":\"https:\\\/\\\/ymalko.al\\\/product\\\/fermacell-elementet-e-dyshemese\\\/\",\"name\":\"Fermacell Elementet e Dyshemes\u00eb | Ymalko Albania\",\"isPartOf\":{\"@id\":\"https:\\\/\\\/ymalko.al\\\/#website\"},\"primaryImageOfPage\":{\"@id\":\"https:\\\/\\\/ymalko.al\\\/product\\\/fermacell-elementet-e-dyshemese\\\/#primaryimage\"},\"image\":{\"@id\":\"https:\\\/\\\/ymalko.al\\\/product\\\/fermacell-elementet-e-dyshemese\\\/#primaryimage\"},\"thumbnailUrl\":\"https:\\\/\\\/ymalko.al\\\/wp-content\\\/uploads\\\/2025\\\/10\\\/FD11.png\",\"datePublished\":\"2025-11-01T18:00:00+00:00\",\"dateModified\":\"2026-04-30T11:58:25+00:00\",\"description\":\"BliniFermacell Elementet e Dyshemes\u00eb n\u00eb Ymalko Albania. Produkte cil\u00ebsore p\u00ebr nd\u00ebrtim, \u00e7ati, izolim, fasada dhe renovim.\",\"breadcrumb\":{\"@id\":\"https:\\\/\\\/ymalko.al\\\/product\\\/fermacell-elementet-e-dyshemese\\\/#breadcrumb\"},\"inLanguage\":\"en-US\",\"potentialAction\":[{\"@type\":\"ReadAction\",\"target\":[\"https:\\\/\\\/ymalko.al\\\/product\\\/fermacell-elementet-e-dyshemese\\\/\"]}]},{\"@type\":\"ImageObject\",\"inLanguage\":\"en-US\",\"@id\":\"https:\\\/\\\/ymalko.al\\\/product\\\/fermacell-elementet-e-dyshemese\\\/#primaryimage\",\"url\":\"https:\\\/\\\/ymalko.al\\\/wp-content\\\/uploads\\\/2025\\\/10\\\/FD11.png\",\"contentUrl\":\"https:\\\/\\\/ymalko.al\\\/wp-content\\\/uploads\\\/2025\\\/10\\\/FD11.png\",\"width\":903,\"height\":903},{\"@type\":\"BreadcrumbList\",\"@id\":\"https:\\\/\\\/ymalko.al\\\/product\\\/fermacell-elementet-e-dyshemese\\\/#breadcrumb\",\"itemListElement\":[{\"@type\":\"ListItem\",\"position\":1,\"name\":\"Home\",\"item\":\"https:\\\/\\\/ymalko.al\\\/\"},{\"@type\":\"ListItem\",\"position\":2,\"name\":\"Produktet\",\"item\":\"https:\\\/\\\/ymalko.al\\\/produktet\\\/\"},{\"@type\":\"ListItem\",\"position\":3,\"name\":\"Fermacell Elementet e Dyshemes\u00eb\"}]},{\"@type\":\"WebSite\",\"@id\":\"https:\\\/\\\/ymalko.al\\\/#website\",\"url\":\"https:\\\/\\\/ymalko.al\\\/\",\"name\":\"Ymalko\",\"description\":\"\",\"publisher\":{\"@id\":\"https:\\\/\\\/ymalko.al\\\/#organization\"},\"potentialAction\":[{\"@type\":\"SearchAction\",\"target\":{\"@type\":\"EntryPoint\",\"urlTemplate\":\"https:\\\/\\\/ymalko.al\\\/?s={search_term_string}\"},\"query-input\":{\"@type\":\"PropertyValueSpecification\",\"valueRequired\":true,\"valueName\":\"search_term_string\"}}],\"inLanguage\":\"en-US\"},{\"@type\":\"Organization\",\"@id\":\"https:\\\/\\\/ymalko.al\\\/#organization\",\"name\":\"Ymalko\",\"url\":\"https:\\\/\\\/ymalko.al\\\/\",\"logo\":{\"@type\":\"ImageObject\",\"inLanguage\":\"en-US\",\"@id\":\"https:\\\/\\\/ymalko.al\\\/#\\\/schema\\\/logo\\\/image\\\/\",\"url\":\"https:\\\/\\\/ymalko.al\\\/wp-content\\\/uploads\\\/2025\\\/10\\\/cropped-cropped-ymalko_mobil_logo-1.jpg\",\"contentUrl\":\"https:\\\/\\\/ymalko.al\\\/wp-content\\\/uploads\\\/2025\\\/10\\\/cropped-cropped-ymalko_mobil_logo-1.jpg\",\"width\":577,\"height\":145,\"caption\":\"Ymalko\"},\"image\":{\"@id\":\"https:\\\/\\\/ymalko.al\\\/#\\\/schema\\\/logo\\\/image\\\/\"}}]}<\/script>\n<!-- \/ Yoast SEO plugin. -->","yoast_head_json":{"title":"Fermacell Elementet e Dyshemes\u00eb | Ymalko Albania","description":"BliniFermacell Elementet e Dyshemes\u00eb n\u00eb Ymalko Albania. Produkte cil\u00ebsore p\u00ebr nd\u00ebrtim, \u00e7ati, izolim, fasada dhe renovim.","robots":{"index":"index","follow":"follow","max-snippet":"max-snippet:-1","max-image-preview":"max-image-preview:large","max-video-preview":"max-video-preview:-1"},"canonical":"https:\/\/ymalko.al\/en\/product\/fermacell-elementet-e-dyshemese\/","og_locale":"en_US","og_type":"article","og_title":"Fermacell Elementet e Dyshemes\u00eb | Ymalko Albania","og_description":"BliniFermacell Elementet e Dyshemes\u00eb n\u00eb Ymalko Albania. Produkte cil\u00ebsore p\u00ebr nd\u00ebrtim, \u00e7ati, izolim, fasada dhe renovim.","og_url":"https:\/\/ymalko.al\/en\/product\/fermacell-elementet-e-dyshemese\/","og_site_name":"Ymalko Albania","article_modified_time":"2026-04-30T11:58:25+00:00","og_image":[{"width":903,"height":903,"url":"https:\/\/ymalko.al\/wp-content\/uploads\/2025\/10\/FD11.png","type":"image\/png"}],"twitter_card":"summary_large_image","twitter_misc":{"Est. reading time":"1 minute"},"schema":{"@context":"https:\/\/schema.org","@graph":[{"@type":"WebPage","@id":"https:\/\/ymalko.al\/product\/fermacell-elementet-e-dyshemese\/","url":"https:\/\/ymalko.al\/product\/fermacell-elementet-e-dyshemese\/","name":"Fermacell Elementet e Dyshemes\u00eb | Ymalko Albania","isPartOf":{"@id":"https:\/\/ymalko.al\/#website"},"primaryImageOfPage":{"@id":"https:\/\/ymalko.al\/product\/fermacell-elementet-e-dyshemese\/#primaryimage"},"image":{"@id":"https:\/\/ymalko.al\/product\/fermacell-elementet-e-dyshemese\/#primaryimage"},"thumbnailUrl":"https:\/\/ymalko.al\/wp-content\/uploads\/2025\/10\/FD11.png","datePublished":"2025-11-01T18:00:00+00:00","dateModified":"2026-04-30T11:58:25+00:00","description":"BliniFermacell Elementet e Dyshemes\u00eb n\u00eb Ymalko Albania. Produkte cil\u00ebsore p\u00ebr nd\u00ebrtim, \u00e7ati, izolim, fasada dhe renovim.","breadcrumb":{"@id":"https:\/\/ymalko.al\/product\/fermacell-elementet-e-dyshemese\/#breadcrumb"},"inLanguage":"en-US","potentialAction":[{"@type":"ReadAction","target":["https:\/\/ymalko.al\/product\/fermacell-elementet-e-dyshemese\/"]}]},{"@type":"ImageObject","inLanguage":"en-US","@id":"https:\/\/ymalko.al\/product\/fermacell-elementet-e-dyshemese\/#primaryimage","url":"https:\/\/ymalko.al\/wp-content\/uploads\/2025\/10\/FD11.png","contentUrl":"https:\/\/ymalko.al\/wp-content\/uploads\/2025\/10\/FD11.png","width":903,"height":903},{"@type":"BreadcrumbList","@id":"https:\/\/ymalko.al\/product\/fermacell-elementet-e-dyshemese\/#breadcrumb","itemListElement":[{"@type":"ListItem","position":1,"name":"Home","item":"https:\/\/ymalko.al\/"},{"@type":"ListItem","position":2,"name":"Produktet","item":"https:\/\/ymalko.al\/produktet\/"},{"@type":"ListItem","position":3,"name":"Fermacell Elementet e Dyshemes\u00eb"}]},{"@type":"WebSite","@id":"https:\/\/ymalko.al\/#website","url":"https:\/\/ymalko.al\/","name":"Ymalko","description":"","publisher":{"@id":"https:\/\/ymalko.al\/#organization"},"potentialAction":[{"@type":"SearchAction","target":{"@type":"EntryPoint","urlTemplate":"https:\/\/ymalko.al\/?s={search_term_string}"},"query-input":{"@type":"PropertyValueSpecification","valueRequired":true,"valueName":"search_term_string"}}],"inLanguage":"en-US"},{"@type":"Organization","@id":"https:\/\/ymalko.al\/#organization","name":"Ymalko","url":"https:\/\/ymalko.al\/","logo":{"@type":"ImageObject","inLanguage":"en-US","@id":"https:\/\/ymalko.al\/#\/schema\/logo\/image\/","url":"https:\/\/ymalko.al\/wp-content\/uploads\/2025\/10\/cropped-cropped-ymalko_mobil_logo-1.jpg","contentUrl":"https:\/\/ymalko.al\/wp-content\/uploads\/2025\/10\/cropped-cropped-ymalko_mobil_logo-1.jpg","width":577,"height":145,"caption":"Ymalko"},"image":{"@id":"https:\/\/ymalko.al\/#\/schema\/logo\/image\/"}}]}},"jetpack_sharing_enabled":true,"_links":{"self":[{"href":"https:\/\/ymalko.al\/en\/wp-json\/wp\/v2\/product\/10582","targetHints":{"allow":["GET"]}}],"collection":[{"href":"https:\/\/ymalko.al\/en\/wp-json\/wp\/v2\/product"}],"about":[{"href":"https:\/\/ymalko.al\/en\/wp-json\/wp\/v2\/types\/product"}],"version-history":[{"count":1,"href":"https:\/\/ymalko.al\/en\/wp-json\/wp\/v2\/product\/10582\/revisions"}],"predecessor-version":[{"id":15097,"href":"https:\/\/ymalko.al\/en\/wp-json\/wp\/v2\/product\/10582\/revisions\/15097"}],"wp:featuredmedia":[{"embeddable":true,"href":"https:\/\/ymalko.al\/en\/wp-json\/wp\/v2\/media\/10826"}],"wp:attachment":[{"href":"https:\/\/ymalko.al\/en\/wp-json\/wp\/v2\/media?parent=10582"}],"wp:term":[{"taxonomy":"product_brand","embeddable":true,"href":"https:\/\/ymalko.al\/en\/wp-json\/wp\/v2\/product_brand?post=10582"},{"taxonomy":"product_cat","embeddable":true,"href":"https:\/\/ymalko.al\/en\/wp-json\/wp\/v2\/product_cat?post=10582"},{"taxonomy":"product_tag","embeddable":true,"href":"https:\/\/ymalko.al\/en\/wp-json\/wp\/v2\/product_tag?post=10582"}],"curies":[{"name":"wp","href":"https:\/\/api.w.org\/{rel}","templated":true}]}}