{"id":10571,"date":"2025-11-04T11:00:00","date_gmt":"2025-11-04T11:00:00","guid":{"rendered":"https:\/\/ymalko.qkashop.com\/?post_type=product&#038;p=10571"},"modified":"2026-04-30T11:18:46","modified_gmt":"2026-04-30T11:18:46","slug":"ytong-lopate","status":"publish","type":"product","link":"https:\/\/ymalko.al\/en\/product\/ytong-lopate\/","title":{"rendered":"Ytong Lopate"},"content":{"rendered":"<p>Lopat\u00eb \u00e7eliku e posa\u00e7me p\u00ebr p\u00ebrzierjen dhe aplikimin e lla\u00e7it ngjit\u00ebs Ytong. Ka dorez\u00eb ergonomike dhe teh t\u00eb q\u00ebndruesh\u00ebm p\u00ebr shp\u00ebrndarje uniforme t\u00eb materialit mbi blloqet e gazbetonit.<\/p>","protected":false},"excerpt":{"rendered":"<p>Lopat\u00eb \u00e7eliku e posa\u00e7me p\u00ebr p\u00ebrzierjen dhe aplikimin e lla\u00e7it ngjit\u00ebs Ytong. Ka dorez\u00eb ergonomike dhe teh t\u00eb q\u00ebndruesh\u00ebm p\u00ebr shp\u00ebrndarje uniforme t\u00eb materialit mbi blloqet e gazbetonit.<\/p>","protected":false},"featured_media":10781,"template":"","meta":{"_yoast_wpseo_focuskw":"Ytong lopat\u00eb","_yoast_wpseo_title":"","_yoast_wpseo_metadesc":""},"product_brand":[46],"product_cat":[84,45,89],"product_tag":[],"class_list":{"0":"post-10571","1":"product","2":"type-product","3":"status-publish","4":"has-post-thumbnail","6":"product_brand-yy1","7":"product_cat-ym1","8":"product_cat-te-gjitha","9":"product_cat-ymvp1","11":"first","12":"instock","13":"shipping-taxable","14":"product-type-simple"},"yoast_head":"<!-- This site is optimized with the Yoast SEO plugin v27.5 - https:\/\/yoast.com\/product\/yoast-seo-wordpress\/ -->\n<title>Ytong Lopate | Ymalko Albania<\/title>\n<meta name=\"description\" content=\"BliniYtong Lopate n\u00eb Ymalko Albania. Produkte cil\u00ebsore p\u00ebr nd\u00ebrtim, \u00e7ati, izolim, fasada dhe renovim.\" \/>\n<meta name=\"robots\" content=\"index, follow, max-snippet:-1, max-image-preview:large, max-video-preview:-1\" \/>\n<link rel=\"canonical\" href=\"https:\/\/ymalko.al\/en\/product\/ytong-lopate\/\" \/>\n<meta property=\"og:locale\" content=\"en_US\" \/>\n<meta property=\"og:type\" content=\"article\" \/>\n<meta property=\"og:title\" content=\"Ytong Lopate | Ymalko Albania\" \/>\n<meta property=\"og:description\" content=\"BliniYtong Lopate n\u00eb Ymalko Albania. Produkte cil\u00ebsore p\u00ebr nd\u00ebrtim, \u00e7ati, izolim, fasada dhe renovim.\" \/>\n<meta property=\"og:url\" content=\"https:\/\/ymalko.al\/en\/product\/ytong-lopate\/\" \/>\n<meta property=\"og:site_name\" content=\"Ymalko Albania\" \/>\n<meta property=\"article:modified_time\" content=\"2026-04-30T11:18:46+00:00\" \/>\n<meta property=\"og:image\" content=\"https:\/\/ymalko.al\/wp-content\/uploads\/2025\/10\/YL21.png\" \/>\n\t<meta property=\"og:image:width\" content=\"902\" \/>\n\t<meta property=\"og:image:height\" content=\"902\" \/>\n\t<meta property=\"og:image:type\" content=\"image\/png\" \/>\n<meta name=\"twitter:card\" content=\"summary_large_image\" \/>\n<meta name=\"twitter:label1\" content=\"Est. reading time\" \/>\n\t<meta name=\"twitter:data1\" content=\"1 minute\" \/>\n<script type=\"application\/ld+json\" class=\"yoast-schema-graph\">{\"@context\":\"https:\\\/\\\/schema.org\",\"@graph\":[{\"@type\":\"WebPage\",\"@id\":\"https:\\\/\\\/ymalko.al\\\/product\\\/ytong-lopate\\\/\",\"url\":\"https:\\\/\\\/ymalko.al\\\/product\\\/ytong-lopate\\\/\",\"name\":\"Ytong Lopate | Ymalko Albania\",\"isPartOf\":{\"@id\":\"https:\\\/\\\/ymalko.al\\\/#website\"},\"primaryImageOfPage\":{\"@id\":\"https:\\\/\\\/ymalko.al\\\/product\\\/ytong-lopate\\\/#primaryimage\"},\"image\":{\"@id\":\"https:\\\/\\\/ymalko.al\\\/product\\\/ytong-lopate\\\/#primaryimage\"},\"thumbnailUrl\":\"https:\\\/\\\/ymalko.al\\\/wp-content\\\/uploads\\\/2025\\\/10\\\/YL21.png\",\"datePublished\":\"2025-11-04T11:00:00+00:00\",\"dateModified\":\"2026-04-30T11:18:46+00:00\",\"description\":\"BliniYtong Lopate n\u00eb Ymalko Albania. Produkte cil\u00ebsore p\u00ebr nd\u00ebrtim, \u00e7ati, izolim, fasada dhe renovim.\",\"breadcrumb\":{\"@id\":\"https:\\\/\\\/ymalko.al\\\/product\\\/ytong-lopate\\\/#breadcrumb\"},\"inLanguage\":\"en-US\",\"potentialAction\":[{\"@type\":\"ReadAction\",\"target\":[\"https:\\\/\\\/ymalko.al\\\/product\\\/ytong-lopate\\\/\"]}]},{\"@type\":\"ImageObject\",\"inLanguage\":\"en-US\",\"@id\":\"https:\\\/\\\/ymalko.al\\\/product\\\/ytong-lopate\\\/#primaryimage\",\"url\":\"https:\\\/\\\/ymalko.al\\\/wp-content\\\/uploads\\\/2025\\\/10\\\/YL21.png\",\"contentUrl\":\"https:\\\/\\\/ymalko.al\\\/wp-content\\\/uploads\\\/2025\\\/10\\\/YL21.png\",\"width\":902,\"height\":902},{\"@type\":\"BreadcrumbList\",\"@id\":\"https:\\\/\\\/ymalko.al\\\/product\\\/ytong-lopate\\\/#breadcrumb\",\"itemListElement\":[{\"@type\":\"ListItem\",\"position\":1,\"name\":\"Home\",\"item\":\"https:\\\/\\\/ymalko.al\\\/\"},{\"@type\":\"ListItem\",\"position\":2,\"name\":\"Produktet\",\"item\":\"https:\\\/\\\/ymalko.al\\\/produktet\\\/\"},{\"@type\":\"ListItem\",\"position\":3,\"name\":\"Ytong Lopate\"}]},{\"@type\":\"WebSite\",\"@id\":\"https:\\\/\\\/ymalko.al\\\/#website\",\"url\":\"https:\\\/\\\/ymalko.al\\\/\",\"name\":\"Ymalko\",\"description\":\"\",\"publisher\":{\"@id\":\"https:\\\/\\\/ymalko.al\\\/#organization\"},\"potentialAction\":[{\"@type\":\"SearchAction\",\"target\":{\"@type\":\"EntryPoint\",\"urlTemplate\":\"https:\\\/\\\/ymalko.al\\\/?s={search_term_string}\"},\"query-input\":{\"@type\":\"PropertyValueSpecification\",\"valueRequired\":true,\"valueName\":\"search_term_string\"}}],\"inLanguage\":\"en-US\"},{\"@type\":\"Organization\",\"@id\":\"https:\\\/\\\/ymalko.al\\\/#organization\",\"name\":\"Ymalko\",\"url\":\"https:\\\/\\\/ymalko.al\\\/\",\"logo\":{\"@type\":\"ImageObject\",\"inLanguage\":\"en-US\",\"@id\":\"https:\\\/\\\/ymalko.al\\\/#\\\/schema\\\/logo\\\/image\\\/\",\"url\":\"https:\\\/\\\/ymalko.al\\\/wp-content\\\/uploads\\\/2025\\\/10\\\/cropped-cropped-ymalko_mobil_logo-1.jpg\",\"contentUrl\":\"https:\\\/\\\/ymalko.al\\\/wp-content\\\/uploads\\\/2025\\\/10\\\/cropped-cropped-ymalko_mobil_logo-1.jpg\",\"width\":577,\"height\":145,\"caption\":\"Ymalko\"},\"image\":{\"@id\":\"https:\\\/\\\/ymalko.al\\\/#\\\/schema\\\/logo\\\/image\\\/\"}}]}<\/script>\n<!-- \/ Yoast SEO plugin. -->","yoast_head_json":{"title":"Ytong Lopate | Ymalko Albania","description":"BliniYtong Lopate n\u00eb Ymalko Albania. Produkte cil\u00ebsore p\u00ebr nd\u00ebrtim, \u00e7ati, izolim, fasada dhe renovim.","robots":{"index":"index","follow":"follow","max-snippet":"max-snippet:-1","max-image-preview":"max-image-preview:large","max-video-preview":"max-video-preview:-1"},"canonical":"https:\/\/ymalko.al\/en\/product\/ytong-lopate\/","og_locale":"en_US","og_type":"article","og_title":"Ytong Lopate | Ymalko Albania","og_description":"BliniYtong Lopate n\u00eb Ymalko Albania. Produkte cil\u00ebsore p\u00ebr nd\u00ebrtim, \u00e7ati, izolim, fasada dhe renovim.","og_url":"https:\/\/ymalko.al\/en\/product\/ytong-lopate\/","og_site_name":"Ymalko Albania","article_modified_time":"2026-04-30T11:18:46+00:00","og_image":[{"width":902,"height":902,"url":"https:\/\/ymalko.al\/wp-content\/uploads\/2025\/10\/YL21.png","type":"image\/png"}],"twitter_card":"summary_large_image","twitter_misc":{"Est. reading time":"1 minute"},"schema":{"@context":"https:\/\/schema.org","@graph":[{"@type":"WebPage","@id":"https:\/\/ymalko.al\/product\/ytong-lopate\/","url":"https:\/\/ymalko.al\/product\/ytong-lopate\/","name":"Ytong Lopate | Ymalko Albania","isPartOf":{"@id":"https:\/\/ymalko.al\/#website"},"primaryImageOfPage":{"@id":"https:\/\/ymalko.al\/product\/ytong-lopate\/#primaryimage"},"image":{"@id":"https:\/\/ymalko.al\/product\/ytong-lopate\/#primaryimage"},"thumbnailUrl":"https:\/\/ymalko.al\/wp-content\/uploads\/2025\/10\/YL21.png","datePublished":"2025-11-04T11:00:00+00:00","dateModified":"2026-04-30T11:18:46+00:00","description":"BliniYtong Lopate n\u00eb Ymalko Albania. Produkte cil\u00ebsore p\u00ebr nd\u00ebrtim, \u00e7ati, izolim, fasada dhe renovim.","breadcrumb":{"@id":"https:\/\/ymalko.al\/product\/ytong-lopate\/#breadcrumb"},"inLanguage":"en-US","potentialAction":[{"@type":"ReadAction","target":["https:\/\/ymalko.al\/product\/ytong-lopate\/"]}]},{"@type":"ImageObject","inLanguage":"en-US","@id":"https:\/\/ymalko.al\/product\/ytong-lopate\/#primaryimage","url":"https:\/\/ymalko.al\/wp-content\/uploads\/2025\/10\/YL21.png","contentUrl":"https:\/\/ymalko.al\/wp-content\/uploads\/2025\/10\/YL21.png","width":902,"height":902},{"@type":"BreadcrumbList","@id":"https:\/\/ymalko.al\/product\/ytong-lopate\/#breadcrumb","itemListElement":[{"@type":"ListItem","position":1,"name":"Home","item":"https:\/\/ymalko.al\/"},{"@type":"ListItem","position":2,"name":"Produktet","item":"https:\/\/ymalko.al\/produktet\/"},{"@type":"ListItem","position":3,"name":"Ytong Lopate"}]},{"@type":"WebSite","@id":"https:\/\/ymalko.al\/#website","url":"https:\/\/ymalko.al\/","name":"Ymalko","description":"","publisher":{"@id":"https:\/\/ymalko.al\/#organization"},"potentialAction":[{"@type":"SearchAction","target":{"@type":"EntryPoint","urlTemplate":"https:\/\/ymalko.al\/?s={search_term_string}"},"query-input":{"@type":"PropertyValueSpecification","valueRequired":true,"valueName":"search_term_string"}}],"inLanguage":"en-US"},{"@type":"Organization","@id":"https:\/\/ymalko.al\/#organization","name":"Ymalko","url":"https:\/\/ymalko.al\/","logo":{"@type":"ImageObject","inLanguage":"en-US","@id":"https:\/\/ymalko.al\/#\/schema\/logo\/image\/","url":"https:\/\/ymalko.al\/wp-content\/uploads\/2025\/10\/cropped-cropped-ymalko_mobil_logo-1.jpg","contentUrl":"https:\/\/ymalko.al\/wp-content\/uploads\/2025\/10\/cropped-cropped-ymalko_mobil_logo-1.jpg","width":577,"height":145,"caption":"Ymalko"},"image":{"@id":"https:\/\/ymalko.al\/#\/schema\/logo\/image\/"}}]}},"jetpack_sharing_enabled":true,"_links":{"self":[{"href":"https:\/\/ymalko.al\/en\/wp-json\/wp\/v2\/product\/10571","targetHints":{"allow":["GET"]}}],"collection":[{"href":"https:\/\/ymalko.al\/en\/wp-json\/wp\/v2\/product"}],"about":[{"href":"https:\/\/ymalko.al\/en\/wp-json\/wp\/v2\/types\/product"}],"version-history":[{"count":1,"href":"https:\/\/ymalko.al\/en\/wp-json\/wp\/v2\/product\/10571\/revisions"}],"predecessor-version":[{"id":15031,"href":"https:\/\/ymalko.al\/en\/wp-json\/wp\/v2\/product\/10571\/revisions\/15031"}],"wp:featuredmedia":[{"embeddable":true,"href":"https:\/\/ymalko.al\/en\/wp-json\/wp\/v2\/media\/10781"}],"wp:attachment":[{"href":"https:\/\/ymalko.al\/en\/wp-json\/wp\/v2\/media?parent=10571"}],"wp:term":[{"taxonomy":"product_brand","embeddable":true,"href":"https:\/\/ymalko.al\/en\/wp-json\/wp\/v2\/product_brand?post=10571"},{"taxonomy":"product_cat","embeddable":true,"href":"https:\/\/ymalko.al\/en\/wp-json\/wp\/v2\/product_cat?post=10571"},{"taxonomy":"product_tag","embeddable":true,"href":"https:\/\/ymalko.al\/en\/wp-json\/wp\/v2\/product_tag?post=10571"}],"curies":[{"name":"wp","href":"https:\/\/api.w.org\/{rel}","templated":true}]}}