{"id":10562,"date":"2025-11-03T05:00:00","date_gmt":"2025-11-03T05:00:00","guid":{"rendered":"https:\/\/ymalko.qkashop.com\/?post_type=product&#038;p=10562"},"modified":"2026-04-30T11:48:53","modified_gmt":"2026-04-30T11:48:53","slug":"silka-bllok-akustik-200","status":"publish","type":"product","link":"https:\/\/ymalko.al\/en\/product\/silka-bllok-akustik-200\/","title":{"rendered":"SILKA Acoustic block 200"},"content":{"rendered":"<p>Silka calcium-silicate blocks, thanks to their material density and compressive strength, offer excellent sound insulation, strength and load-bearing capacity. They are used for the construction of all types of buildings, but the most frequent application is in positions where a high degree of noise protection is required. Thanks to their material density and compressive strength, even the thinnest walls built from Silka blocks offer exceptional acoustic insulation. They are made from natural mineral raw materials, are fireproof (class A1), weatherproof, strong and durable.<\/p>","protected":false},"excerpt":{"rendered":"<p>Silka blloqe kalcium-silikati fal\u00eb densitetit t\u00eb materialit dhe q\u00ebndrueshm\u00ebris\u00eb ndaj presionit ofrojn\u00eb izolim t\u00eb shk\u00eblqyer z\u00eb, forc\u00eb dhe kapacitet ngarkese. Ato p\u00ebrdoren p\u00ebr nd\u00ebrtimin e t\u00eb gjitha llojeve t\u00eb nd\u00ebrtesave, por aplikimi m\u00eb i shpesht\u00eb \u00ebsht\u00eb n\u00eb pozitat ku k\u00ebrkohet nj\u00eb shkall\u00eb e lart\u00eb mbrojtjeje nga zhurma. Fal\u00eb densitetit t\u00eb materialit dhe q\u00ebndrueshm\u00ebris\u00eb ndaj presionit, [&hellip;]<\/p>\n","protected":false},"featured_media":10907,"template":"","meta":{"_yoast_wpseo_focuskw":"Silka bllok akustik 200","_yoast_wpseo_title":"","_yoast_wpseo_metadesc":""},"product_brand":[54],"product_cat":[85,84,45],"product_tag":[],"class_list":{"0":"post-10562","1":"product","2":"type-product","3":"status-publish","4":"has-post-thumbnail","6":"product_brand-ys1","7":"product_cat-ymb","8":"product_cat-ym1","9":"product_cat-te-gjitha","11":"first","12":"instock","13":"shipping-taxable","14":"product-type-simple"},"yoast_head":"<!-- This site is optimized with the Yoast SEO plugin v27.6 - https:\/\/yoast.com\/product\/yoast-seo-wordpress\/ -->\n<title>SILKA Bllok akustik 200 | Ymalko Albania<\/title>\n<meta name=\"description\" content=\"BliniSILKA Bllok akustik 200 n\u00eb Ymalko Albania. Produkte cil\u00ebsore p\u00ebr nd\u00ebrtim, \u00e7ati, izolim, fasada dhe renovim.\" \/>\n<meta name=\"robots\" content=\"index, follow, max-snippet:-1, max-image-preview:large, max-video-preview:-1\" \/>\n<link rel=\"canonical\" href=\"https:\/\/ymalko.al\/en\/product\/silka-bllok-akustik-200\/\" \/>\n<meta property=\"og:locale\" content=\"en_US\" \/>\n<meta property=\"og:type\" content=\"article\" \/>\n<meta property=\"og:title\" content=\"SILKA Bllok akustik 200 | Ymalko Albania\" \/>\n<meta property=\"og:description\" content=\"BliniSILKA Bllok akustik 200 n\u00eb Ymalko Albania. Produkte cil\u00ebsore p\u00ebr nd\u00ebrtim, \u00e7ati, izolim, fasada dhe renovim.\" \/>\n<meta property=\"og:url\" content=\"https:\/\/ymalko.al\/en\/product\/silka-bllok-akustik-200\/\" \/>\n<meta property=\"og:site_name\" content=\"Ymalko Albania\" \/>\n<meta property=\"article:modified_time\" content=\"2026-04-30T11:48:53+00:00\" \/>\n<meta property=\"og:image\" content=\"https:\/\/ymalko.al\/wp-content\/uploads\/2025\/10\/SB15.png\" \/>\n\t<meta property=\"og:image:width\" content=\"903\" \/>\n\t<meta property=\"og:image:height\" content=\"903\" \/>\n\t<meta property=\"og:image:type\" content=\"image\/png\" \/>\n<meta name=\"twitter:card\" content=\"summary_large_image\" \/>\n<meta name=\"twitter:label1\" content=\"Est. reading time\" \/>\n\t<meta name=\"twitter:data1\" content=\"1 minute\" \/>\n<script type=\"application\/ld+json\" class=\"yoast-schema-graph\">{\"@context\":\"https:\\\/\\\/schema.org\",\"@graph\":[{\"@type\":\"WebPage\",\"@id\":\"https:\\\/\\\/ymalko.al\\\/product\\\/silka-bllok-akustik-200\\\/\",\"url\":\"https:\\\/\\\/ymalko.al\\\/product\\\/silka-bllok-akustik-200\\\/\",\"name\":\"SILKA Bllok akustik 200 | Ymalko Albania\",\"isPartOf\":{\"@id\":\"https:\\\/\\\/ymalko.al\\\/#website\"},\"primaryImageOfPage\":{\"@id\":\"https:\\\/\\\/ymalko.al\\\/product\\\/silka-bllok-akustik-200\\\/#primaryimage\"},\"image\":{\"@id\":\"https:\\\/\\\/ymalko.al\\\/product\\\/silka-bllok-akustik-200\\\/#primaryimage\"},\"thumbnailUrl\":\"https:\\\/\\\/ymalko.al\\\/wp-content\\\/uploads\\\/2025\\\/10\\\/SB15.png\",\"datePublished\":\"2025-11-03T05:00:00+00:00\",\"dateModified\":\"2026-04-30T11:48:53+00:00\",\"description\":\"BliniSILKA Bllok akustik 200 n\u00eb Ymalko Albania. Produkte cil\u00ebsore p\u00ebr nd\u00ebrtim, \u00e7ati, izolim, fasada dhe renovim.\",\"breadcrumb\":{\"@id\":\"https:\\\/\\\/ymalko.al\\\/product\\\/silka-bllok-akustik-200\\\/#breadcrumb\"},\"inLanguage\":\"en-US\",\"potentialAction\":[{\"@type\":\"ReadAction\",\"target\":[\"https:\\\/\\\/ymalko.al\\\/product\\\/silka-bllok-akustik-200\\\/\"]}]},{\"@type\":\"ImageObject\",\"inLanguage\":\"en-US\",\"@id\":\"https:\\\/\\\/ymalko.al\\\/product\\\/silka-bllok-akustik-200\\\/#primaryimage\",\"url\":\"https:\\\/\\\/ymalko.al\\\/wp-content\\\/uploads\\\/2025\\\/10\\\/SB15.png\",\"contentUrl\":\"https:\\\/\\\/ymalko.al\\\/wp-content\\\/uploads\\\/2025\\\/10\\\/SB15.png\",\"width\":903,\"height\":903},{\"@type\":\"BreadcrumbList\",\"@id\":\"https:\\\/\\\/ymalko.al\\\/product\\\/silka-bllok-akustik-200\\\/#breadcrumb\",\"itemListElement\":[{\"@type\":\"ListItem\",\"position\":1,\"name\":\"Home\",\"item\":\"https:\\\/\\\/ymalko.al\\\/\"},{\"@type\":\"ListItem\",\"position\":2,\"name\":\"Produktet\",\"item\":\"https:\\\/\\\/ymalko.al\\\/produktet\\\/\"},{\"@type\":\"ListItem\",\"position\":3,\"name\":\"SILKA Bllok akustik 200\"}]},{\"@type\":\"WebSite\",\"@id\":\"https:\\\/\\\/ymalko.al\\\/#website\",\"url\":\"https:\\\/\\\/ymalko.al\\\/\",\"name\":\"Ymalko\",\"description\":\"\",\"publisher\":{\"@id\":\"https:\\\/\\\/ymalko.al\\\/#organization\"},\"potentialAction\":[{\"@type\":\"SearchAction\",\"target\":{\"@type\":\"EntryPoint\",\"urlTemplate\":\"https:\\\/\\\/ymalko.al\\\/?s={search_term_string}\"},\"query-input\":{\"@type\":\"PropertyValueSpecification\",\"valueRequired\":true,\"valueName\":\"search_term_string\"}}],\"inLanguage\":\"en-US\"},{\"@type\":\"Organization\",\"@id\":\"https:\\\/\\\/ymalko.al\\\/#organization\",\"name\":\"Ymalko\",\"url\":\"https:\\\/\\\/ymalko.al\\\/\",\"logo\":{\"@type\":\"ImageObject\",\"inLanguage\":\"en-US\",\"@id\":\"https:\\\/\\\/ymalko.al\\\/#\\\/schema\\\/logo\\\/image\\\/\",\"url\":\"https:\\\/\\\/ymalko.al\\\/wp-content\\\/uploads\\\/2025\\\/10\\\/cropped-cropped-ymalko_mobil_logo-1.jpg\",\"contentUrl\":\"https:\\\/\\\/ymalko.al\\\/wp-content\\\/uploads\\\/2025\\\/10\\\/cropped-cropped-ymalko_mobil_logo-1.jpg\",\"width\":577,\"height\":145,\"caption\":\"Ymalko\"},\"image\":{\"@id\":\"https:\\\/\\\/ymalko.al\\\/#\\\/schema\\\/logo\\\/image\\\/\"}}]}<\/script>\n<!-- \/ Yoast SEO plugin. -->","yoast_head_json":{"title":"SILKA Bllok akustik 200 | Ymalko Albania","description":"BliniSILKA Bllok akustik 200 n\u00eb Ymalko Albania. Produkte cil\u00ebsore p\u00ebr nd\u00ebrtim, \u00e7ati, izolim, fasada dhe renovim.","robots":{"index":"index","follow":"follow","max-snippet":"max-snippet:-1","max-image-preview":"max-image-preview:large","max-video-preview":"max-video-preview:-1"},"canonical":"https:\/\/ymalko.al\/en\/product\/silka-bllok-akustik-200\/","og_locale":"en_US","og_type":"article","og_title":"SILKA Bllok akustik 200 | Ymalko Albania","og_description":"BliniSILKA Bllok akustik 200 n\u00eb Ymalko Albania. Produkte cil\u00ebsore p\u00ebr nd\u00ebrtim, \u00e7ati, izolim, fasada dhe renovim.","og_url":"https:\/\/ymalko.al\/en\/product\/silka-bllok-akustik-200\/","og_site_name":"Ymalko Albania","article_modified_time":"2026-04-30T11:48:53+00:00","og_image":[{"width":903,"height":903,"url":"https:\/\/ymalko.al\/wp-content\/uploads\/2025\/10\/SB15.png","type":"image\/png"}],"twitter_card":"summary_large_image","twitter_misc":{"Est. reading time":"1 minute"},"schema":{"@context":"https:\/\/schema.org","@graph":[{"@type":"WebPage","@id":"https:\/\/ymalko.al\/product\/silka-bllok-akustik-200\/","url":"https:\/\/ymalko.al\/product\/silka-bllok-akustik-200\/","name":"SILKA Bllok akustik 200 | Ymalko Albania","isPartOf":{"@id":"https:\/\/ymalko.al\/#website"},"primaryImageOfPage":{"@id":"https:\/\/ymalko.al\/product\/silka-bllok-akustik-200\/#primaryimage"},"image":{"@id":"https:\/\/ymalko.al\/product\/silka-bllok-akustik-200\/#primaryimage"},"thumbnailUrl":"https:\/\/ymalko.al\/wp-content\/uploads\/2025\/10\/SB15.png","datePublished":"2025-11-03T05:00:00+00:00","dateModified":"2026-04-30T11:48:53+00:00","description":"BliniSILKA Bllok akustik 200 n\u00eb Ymalko Albania. Produkte cil\u00ebsore p\u00ebr nd\u00ebrtim, \u00e7ati, izolim, fasada dhe renovim.","breadcrumb":{"@id":"https:\/\/ymalko.al\/product\/silka-bllok-akustik-200\/#breadcrumb"},"inLanguage":"en-US","potentialAction":[{"@type":"ReadAction","target":["https:\/\/ymalko.al\/product\/silka-bllok-akustik-200\/"]}]},{"@type":"ImageObject","inLanguage":"en-US","@id":"https:\/\/ymalko.al\/product\/silka-bllok-akustik-200\/#primaryimage","url":"https:\/\/ymalko.al\/wp-content\/uploads\/2025\/10\/SB15.png","contentUrl":"https:\/\/ymalko.al\/wp-content\/uploads\/2025\/10\/SB15.png","width":903,"height":903},{"@type":"BreadcrumbList","@id":"https:\/\/ymalko.al\/product\/silka-bllok-akustik-200\/#breadcrumb","itemListElement":[{"@type":"ListItem","position":1,"name":"Home","item":"https:\/\/ymalko.al\/"},{"@type":"ListItem","position":2,"name":"Produktet","item":"https:\/\/ymalko.al\/produktet\/"},{"@type":"ListItem","position":3,"name":"SILKA Bllok akustik 200"}]},{"@type":"WebSite","@id":"https:\/\/ymalko.al\/#website","url":"https:\/\/ymalko.al\/","name":"Ymalko","description":"","publisher":{"@id":"https:\/\/ymalko.al\/#organization"},"potentialAction":[{"@type":"SearchAction","target":{"@type":"EntryPoint","urlTemplate":"https:\/\/ymalko.al\/?s={search_term_string}"},"query-input":{"@type":"PropertyValueSpecification","valueRequired":true,"valueName":"search_term_string"}}],"inLanguage":"en-US"},{"@type":"Organization","@id":"https:\/\/ymalko.al\/#organization","name":"Ymalko","url":"https:\/\/ymalko.al\/","logo":{"@type":"ImageObject","inLanguage":"en-US","@id":"https:\/\/ymalko.al\/#\/schema\/logo\/image\/","url":"https:\/\/ymalko.al\/wp-content\/uploads\/2025\/10\/cropped-cropped-ymalko_mobil_logo-1.jpg","contentUrl":"https:\/\/ymalko.al\/wp-content\/uploads\/2025\/10\/cropped-cropped-ymalko_mobil_logo-1.jpg","width":577,"height":145,"caption":"Ymalko"},"image":{"@id":"https:\/\/ymalko.al\/#\/schema\/logo\/image\/"}}]}},"jetpack_sharing_enabled":true,"_links":{"self":[{"href":"https:\/\/ymalko.al\/en\/wp-json\/wp\/v2\/product\/10562","targetHints":{"allow":["GET"]}}],"collection":[{"href":"https:\/\/ymalko.al\/en\/wp-json\/wp\/v2\/product"}],"about":[{"href":"https:\/\/ymalko.al\/en\/wp-json\/wp\/v2\/types\/product"}],"version-history":[{"count":1,"href":"https:\/\/ymalko.al\/en\/wp-json\/wp\/v2\/product\/10562\/revisions"}],"predecessor-version":[{"id":15059,"href":"https:\/\/ymalko.al\/en\/wp-json\/wp\/v2\/product\/10562\/revisions\/15059"}],"wp:featuredmedia":[{"embeddable":true,"href":"https:\/\/ymalko.al\/en\/wp-json\/wp\/v2\/media\/10907"}],"wp:attachment":[{"href":"https:\/\/ymalko.al\/en\/wp-json\/wp\/v2\/media?parent=10562"}],"wp:term":[{"taxonomy":"product_brand","embeddable":true,"href":"https:\/\/ymalko.al\/en\/wp-json\/wp\/v2\/product_brand?post=10562"},{"taxonomy":"product_cat","embeddable":true,"href":"https:\/\/ymalko.al\/en\/wp-json\/wp\/v2\/product_cat?post=10562"},{"taxonomy":"product_tag","embeddable":true,"href":"https:\/\/ymalko.al\/en\/wp-json\/wp\/v2\/product_tag?post=10562"}],"curies":[{"name":"wp","href":"https:\/\/api.w.org\/{rel}","templated":true}]}}