{"id":10553,"date":"2025-11-01T11:00:00","date_gmt":"2025-11-01T11:00:00","guid":{"rendered":"https:\/\/ymalko.qkashop.com\/?post_type=product&#038;p=10553"},"modified":"2026-04-30T11:59:16","modified_gmt":"2026-04-30T11:59:16","slug":"veltitech-120","status":"publish","type":"product","link":"https:\/\/ymalko.al\/en\/product\/veltitech-120\/","title":{"rendered":"Veltitech 120"},"content":{"rendered":"<p>Veltitech 120 membrane is a waterproofing membrane that does not allow diffusion and consists of two layers. Innovative technology gives this membrane the same advantages that were previously characteristic of membranes that allow diffusion. Thanks to the hydrophobic surface, this membrane is highly resistant to the effects of chemicals and wood treatment agents. It is laid without tension on the board. It protects the wooden roof structure from dirt and rain.<\/p>","protected":false},"excerpt":{"rendered":"<p>Membrana Veltitech 120 \u00ebsht\u00eb nj\u00eb membran\u00eb hidroizoluese q\u00eb nuk lejon difuzionin dhe p\u00ebrb\u00ebhet nga dy shtresa. Teknologjia inovative i jep k\u00ebsaj membrane t\u00eb nj\u00ebjtat p\u00ebrpar\u00ebsi, t\u00eb cilat deri m\u00eb sot ishin karakteristike p\u00ebr membranat q\u00eb e lejojn\u00eb difuzionin. Fal\u00eb sip\u00ebrfaqes hidrofobike kjo membran\u00eb \u00ebsht\u00eb shum\u00eb rezistente ndaj efekteve t\u00eb kimikateve dhe l\u00ebnd\u00ebve t\u00eb trajtimit t\u00eb [&hellip;]<\/p>\n","protected":false},"featured_media":10952,"template":"","meta":{"_yoast_wpseo_focuskw":"Veltitech 120","_yoast_wpseo_title":"","_yoast_wpseo_metadesc":""},"product_brand":[47,56],"product_cat":[63,67,94,90,73,98,45],"product_tag":[],"class_list":{"0":"post-10553","1":"product","2":"type-product","3":"status-publish","4":"has-post-thumbnail","6":"product_brand-yb1","7":"product_brand-ybb1","8":"product_cat-cati","9":"product_cat-cati-e-rrafshet","10":"product_cat-yhi3","11":"product_cat-yii2","12":"product_cat-membrana-hidroizoluese","13":"product_cat-yipt4","14":"product_cat-te-gjitha","16":"first","17":"instock","18":"shipping-taxable","19":"product-type-simple"},"yoast_head":"<!-- This site is optimized with the Yoast SEO plugin v27.6 - https:\/\/yoast.com\/product\/yoast-seo-wordpress\/ -->\n<title>Veltitech 120 | Ymalko Albania<\/title>\n<meta name=\"description\" content=\"BliniVeltitech 120 n\u00eb Ymalko Albania. Produkte cil\u00ebsore p\u00ebr nd\u00ebrtim, \u00e7ati, izolim, fasada dhe renovim.\" \/>\n<meta name=\"robots\" content=\"index, follow, max-snippet:-1, max-image-preview:large, max-video-preview:-1\" \/>\n<link rel=\"canonical\" href=\"https:\/\/ymalko.al\/en\/product\/veltitech-120\/\" \/>\n<meta property=\"og:locale\" content=\"en_US\" \/>\n<meta property=\"og:type\" content=\"article\" \/>\n<meta property=\"og:title\" content=\"Veltitech 120 | Ymalko Albania\" \/>\n<meta property=\"og:description\" content=\"BliniVeltitech 120 n\u00eb Ymalko Albania. Produkte cil\u00ebsore p\u00ebr nd\u00ebrtim, \u00e7ati, izolim, fasada dhe renovim.\" \/>\n<meta property=\"og:url\" content=\"https:\/\/ymalko.al\/en\/product\/veltitech-120\/\" \/>\n<meta property=\"og:site_name\" content=\"Ymalko Albania\" \/>\n<meta property=\"article:modified_time\" content=\"2026-04-30T11:59:16+00:00\" \/>\n<meta property=\"og:image\" content=\"https:\/\/ymalko.al\/wp-content\/uploads\/2025\/10\/BB95.png\" \/>\n\t<meta property=\"og:image:width\" content=\"903\" \/>\n\t<meta property=\"og:image:height\" content=\"903\" \/>\n\t<meta property=\"og:image:type\" content=\"image\/png\" \/>\n<meta name=\"twitter:card\" content=\"summary_large_image\" \/>\n<meta name=\"twitter:label1\" content=\"Est. reading time\" \/>\n\t<meta name=\"twitter:data1\" content=\"1 minute\" \/>\n<script type=\"application\/ld+json\" class=\"yoast-schema-graph\">{\"@context\":\"https:\\\/\\\/schema.org\",\"@graph\":[{\"@type\":\"WebPage\",\"@id\":\"https:\\\/\\\/ymalko.al\\\/product\\\/veltitech-120\\\/\",\"url\":\"https:\\\/\\\/ymalko.al\\\/product\\\/veltitech-120\\\/\",\"name\":\"Veltitech 120 | Ymalko Albania\",\"isPartOf\":{\"@id\":\"https:\\\/\\\/ymalko.al\\\/#website\"},\"primaryImageOfPage\":{\"@id\":\"https:\\\/\\\/ymalko.al\\\/product\\\/veltitech-120\\\/#primaryimage\"},\"image\":{\"@id\":\"https:\\\/\\\/ymalko.al\\\/product\\\/veltitech-120\\\/#primaryimage\"},\"thumbnailUrl\":\"https:\\\/\\\/ymalko.al\\\/wp-content\\\/uploads\\\/2025\\\/10\\\/BB95.png\",\"datePublished\":\"2025-11-01T11:00:00+00:00\",\"dateModified\":\"2026-04-30T11:59:16+00:00\",\"description\":\"BliniVeltitech 120 n\u00eb Ymalko Albania. Produkte cil\u00ebsore p\u00ebr nd\u00ebrtim, \u00e7ati, izolim, fasada dhe renovim.\",\"breadcrumb\":{\"@id\":\"https:\\\/\\\/ymalko.al\\\/product\\\/veltitech-120\\\/#breadcrumb\"},\"inLanguage\":\"en-US\",\"potentialAction\":[{\"@type\":\"ReadAction\",\"target\":[\"https:\\\/\\\/ymalko.al\\\/product\\\/veltitech-120\\\/\"]}]},{\"@type\":\"ImageObject\",\"inLanguage\":\"en-US\",\"@id\":\"https:\\\/\\\/ymalko.al\\\/product\\\/veltitech-120\\\/#primaryimage\",\"url\":\"https:\\\/\\\/ymalko.al\\\/wp-content\\\/uploads\\\/2025\\\/10\\\/BB95.png\",\"contentUrl\":\"https:\\\/\\\/ymalko.al\\\/wp-content\\\/uploads\\\/2025\\\/10\\\/BB95.png\",\"width\":903,\"height\":903},{\"@type\":\"BreadcrumbList\",\"@id\":\"https:\\\/\\\/ymalko.al\\\/product\\\/veltitech-120\\\/#breadcrumb\",\"itemListElement\":[{\"@type\":\"ListItem\",\"position\":1,\"name\":\"Home\",\"item\":\"https:\\\/\\\/ymalko.al\\\/\"},{\"@type\":\"ListItem\",\"position\":2,\"name\":\"Produktet\",\"item\":\"https:\\\/\\\/ymalko.al\\\/produktet\\\/\"},{\"@type\":\"ListItem\",\"position\":3,\"name\":\"Veltitech 120\"}]},{\"@type\":\"WebSite\",\"@id\":\"https:\\\/\\\/ymalko.al\\\/#website\",\"url\":\"https:\\\/\\\/ymalko.al\\\/\",\"name\":\"Ymalko\",\"description\":\"\",\"publisher\":{\"@id\":\"https:\\\/\\\/ymalko.al\\\/#organization\"},\"potentialAction\":[{\"@type\":\"SearchAction\",\"target\":{\"@type\":\"EntryPoint\",\"urlTemplate\":\"https:\\\/\\\/ymalko.al\\\/?s={search_term_string}\"},\"query-input\":{\"@type\":\"PropertyValueSpecification\",\"valueRequired\":true,\"valueName\":\"search_term_string\"}}],\"inLanguage\":\"en-US\"},{\"@type\":\"Organization\",\"@id\":\"https:\\\/\\\/ymalko.al\\\/#organization\",\"name\":\"Ymalko\",\"url\":\"https:\\\/\\\/ymalko.al\\\/\",\"logo\":{\"@type\":\"ImageObject\",\"inLanguage\":\"en-US\",\"@id\":\"https:\\\/\\\/ymalko.al\\\/#\\\/schema\\\/logo\\\/image\\\/\",\"url\":\"https:\\\/\\\/ymalko.al\\\/wp-content\\\/uploads\\\/2025\\\/10\\\/cropped-cropped-ymalko_mobil_logo-1.jpg\",\"contentUrl\":\"https:\\\/\\\/ymalko.al\\\/wp-content\\\/uploads\\\/2025\\\/10\\\/cropped-cropped-ymalko_mobil_logo-1.jpg\",\"width\":577,\"height\":145,\"caption\":\"Ymalko\"},\"image\":{\"@id\":\"https:\\\/\\\/ymalko.al\\\/#\\\/schema\\\/logo\\\/image\\\/\"}}]}<\/script>\n<!-- \/ Yoast SEO plugin. -->","yoast_head_json":{"title":"Veltitech 120 | Ymalko Albania","description":"BliniVeltitech 120 n\u00eb Ymalko Albania. Produkte cil\u00ebsore p\u00ebr nd\u00ebrtim, \u00e7ati, izolim, fasada dhe renovim.","robots":{"index":"index","follow":"follow","max-snippet":"max-snippet:-1","max-image-preview":"max-image-preview:large","max-video-preview":"max-video-preview:-1"},"canonical":"https:\/\/ymalko.al\/en\/product\/veltitech-120\/","og_locale":"en_US","og_type":"article","og_title":"Veltitech 120 | Ymalko Albania","og_description":"BliniVeltitech 120 n\u00eb Ymalko Albania. Produkte cil\u00ebsore p\u00ebr nd\u00ebrtim, \u00e7ati, izolim, fasada dhe renovim.","og_url":"https:\/\/ymalko.al\/en\/product\/veltitech-120\/","og_site_name":"Ymalko Albania","article_modified_time":"2026-04-30T11:59:16+00:00","og_image":[{"width":903,"height":903,"url":"https:\/\/ymalko.al\/wp-content\/uploads\/2025\/10\/BB95.png","type":"image\/png"}],"twitter_card":"summary_large_image","twitter_misc":{"Est. reading time":"1 minute"},"schema":{"@context":"https:\/\/schema.org","@graph":[{"@type":"WebPage","@id":"https:\/\/ymalko.al\/product\/veltitech-120\/","url":"https:\/\/ymalko.al\/product\/veltitech-120\/","name":"Veltitech 120 | Ymalko Albania","isPartOf":{"@id":"https:\/\/ymalko.al\/#website"},"primaryImageOfPage":{"@id":"https:\/\/ymalko.al\/product\/veltitech-120\/#primaryimage"},"image":{"@id":"https:\/\/ymalko.al\/product\/veltitech-120\/#primaryimage"},"thumbnailUrl":"https:\/\/ymalko.al\/wp-content\/uploads\/2025\/10\/BB95.png","datePublished":"2025-11-01T11:00:00+00:00","dateModified":"2026-04-30T11:59:16+00:00","description":"BliniVeltitech 120 n\u00eb Ymalko Albania. Produkte cil\u00ebsore p\u00ebr nd\u00ebrtim, \u00e7ati, izolim, fasada dhe renovim.","breadcrumb":{"@id":"https:\/\/ymalko.al\/product\/veltitech-120\/#breadcrumb"},"inLanguage":"en-US","potentialAction":[{"@type":"ReadAction","target":["https:\/\/ymalko.al\/product\/veltitech-120\/"]}]},{"@type":"ImageObject","inLanguage":"en-US","@id":"https:\/\/ymalko.al\/product\/veltitech-120\/#primaryimage","url":"https:\/\/ymalko.al\/wp-content\/uploads\/2025\/10\/BB95.png","contentUrl":"https:\/\/ymalko.al\/wp-content\/uploads\/2025\/10\/BB95.png","width":903,"height":903},{"@type":"BreadcrumbList","@id":"https:\/\/ymalko.al\/product\/veltitech-120\/#breadcrumb","itemListElement":[{"@type":"ListItem","position":1,"name":"Home","item":"https:\/\/ymalko.al\/"},{"@type":"ListItem","position":2,"name":"Produktet","item":"https:\/\/ymalko.al\/produktet\/"},{"@type":"ListItem","position":3,"name":"Veltitech 120"}]},{"@type":"WebSite","@id":"https:\/\/ymalko.al\/#website","url":"https:\/\/ymalko.al\/","name":"Ymalko","description":"","publisher":{"@id":"https:\/\/ymalko.al\/#organization"},"potentialAction":[{"@type":"SearchAction","target":{"@type":"EntryPoint","urlTemplate":"https:\/\/ymalko.al\/?s={search_term_string}"},"query-input":{"@type":"PropertyValueSpecification","valueRequired":true,"valueName":"search_term_string"}}],"inLanguage":"en-US"},{"@type":"Organization","@id":"https:\/\/ymalko.al\/#organization","name":"Ymalko","url":"https:\/\/ymalko.al\/","logo":{"@type":"ImageObject","inLanguage":"en-US","@id":"https:\/\/ymalko.al\/#\/schema\/logo\/image\/","url":"https:\/\/ymalko.al\/wp-content\/uploads\/2025\/10\/cropped-cropped-ymalko_mobil_logo-1.jpg","contentUrl":"https:\/\/ymalko.al\/wp-content\/uploads\/2025\/10\/cropped-cropped-ymalko_mobil_logo-1.jpg","width":577,"height":145,"caption":"Ymalko"},"image":{"@id":"https:\/\/ymalko.al\/#\/schema\/logo\/image\/"}}]}},"jetpack_sharing_enabled":true,"_links":{"self":[{"href":"https:\/\/ymalko.al\/en\/wp-json\/wp\/v2\/product\/10553","targetHints":{"allow":["GET"]}}],"collection":[{"href":"https:\/\/ymalko.al\/en\/wp-json\/wp\/v2\/product"}],"about":[{"href":"https:\/\/ymalko.al\/en\/wp-json\/wp\/v2\/types\/product"}],"version-history":[{"count":1,"href":"https:\/\/ymalko.al\/en\/wp-json\/wp\/v2\/product\/10553\/revisions"}],"predecessor-version":[{"id":15104,"href":"https:\/\/ymalko.al\/en\/wp-json\/wp\/v2\/product\/10553\/revisions\/15104"}],"wp:featuredmedia":[{"embeddable":true,"href":"https:\/\/ymalko.al\/en\/wp-json\/wp\/v2\/media\/10952"}],"wp:attachment":[{"href":"https:\/\/ymalko.al\/en\/wp-json\/wp\/v2\/media?parent=10553"}],"wp:term":[{"taxonomy":"product_brand","embeddable":true,"href":"https:\/\/ymalko.al\/en\/wp-json\/wp\/v2\/product_brand?post=10553"},{"taxonomy":"product_cat","embeddable":true,"href":"https:\/\/ymalko.al\/en\/wp-json\/wp\/v2\/product_cat?post=10553"},{"taxonomy":"product_tag","embeddable":true,"href":"https:\/\/ymalko.al\/en\/wp-json\/wp\/v2\/product_tag?post=10553"}],"curies":[{"name":"wp","href":"https:\/\/api.w.org\/{rel}","templated":true}]}}