{"id":10513,"date":"2025-11-07T03:00:00","date_gmt":"2025-11-07T03:00:00","guid":{"rendered":"https:\/\/ymalko.com\/?post_type=product&#038;p=10513"},"modified":"2026-04-30T10:49:35","modified_gmt":"2026-04-30T10:49:35","slug":"tub-i-siperm-aspirimi-durovent","status":"publish","type":"product","link":"https:\/\/ymalko.al\/en\/product\/tub-i-siperm-aspirimi-durovent\/","title":{"rendered":"Durovent upper suction tube"},"content":{"rendered":"<p>Kapaku i tubit t\u00eb ventilimit DuroVent mbron linj\u00ebn e ventilimit n\u00eb rritje nga ndikimet e jashtme mjedisore. Lidhja kryhet duke p\u00ebrdorur nj\u00eb tub lidh\u00ebs DN 100 ose DN 125, i cili garanton ajrim elegant dhe funksional t\u00eb linjave ngrit\u00ebse.Tubi i aspirimit Duro Vent prej materiali shum\u00eb t\u00eb mir\u00eb plastik ruan ngjyr\u00ebn dhe jep rendimentin maksimal t\u00eb ajrimit. N\u00eb \u00e7ati me pjerr\u00ebsi prej 15\u00ba deri n\u00eb 55\u00ba Duro Vent vendoset n\u00eb drejtim vertikal.<\/p>","protected":false},"excerpt":{"rendered":"<p>Kapaku i tubit t\u00eb ventilimit DuroVent mbron linj\u00ebn e ventilimit n\u00eb rritje nga ndikimet e jashtme mjedisore. Lidhja kryhet duke p\u00ebrdorur nj\u00eb tub lidh\u00ebs DN 100 ose DN 125, i cili garanton ajrim elegant dhe funksional t\u00eb linjave ngrit\u00ebse.Tubi i aspirimit Duro Vent prej materiali shum\u00eb t\u00eb mir\u00eb plastik ruan ngjyr\u00ebn dhe jep rendimentin maksimal [&hellip;]<\/p>\n","protected":false},"featured_media":10748,"template":"","meta":{"_yoast_wpseo_focuskw":"tub aspirimi Durovent","_yoast_wpseo_title":"","_yoast_wpseo_metadesc":""},"product_brand":[47,56],"product_cat":[63,64,80,66,45],"product_tag":[],"class_list":{"0":"post-10513","1":"product","2":"type-product","3":"status-publish","4":"has-post-thumbnail","6":"product_brand-yb1","7":"product_brand-ybb1","8":"product_cat-cati","9":"product_cat-cati-e-pjerret","10":"product_cat-depertimi-ne-cati","11":"product_cat-aksesore-cati","12":"product_cat-te-gjitha","14":"first","15":"instock","16":"shipping-taxable","17":"product-type-simple"},"yoast_head":"<!-- This site is optimized with the Yoast SEO plugin v27.5 - https:\/\/yoast.com\/product\/yoast-seo-wordpress\/ -->\n<title>Tub i sip\u00ebrm aspirimi Durovent | Ymalko Albania<\/title>\n<meta name=\"description\" content=\"BliniTub i sip\u00ebrm aspirimi Durovent n\u00eb Ymalko Albania. Produkte cil\u00ebsore p\u00ebr nd\u00ebrtim, \u00e7ati, izolim, fasada dhe renovim.\" \/>\n<meta name=\"robots\" content=\"index, follow, max-snippet:-1, max-image-preview:large, max-video-preview:-1\" \/>\n<link rel=\"canonical\" href=\"https:\/\/ymalko.al\/en\/product\/tub-i-siperm-aspirimi-durovent\/\" \/>\n<meta property=\"og:locale\" content=\"en_US\" \/>\n<meta property=\"og:type\" content=\"article\" \/>\n<meta property=\"og:title\" content=\"Tub i sip\u00ebrm aspirimi Durovent | Ymalko Albania\" \/>\n<meta property=\"og:description\" content=\"BliniTub i sip\u00ebrm aspirimi Durovent n\u00eb Ymalko Albania. Produkte cil\u00ebsore p\u00ebr nd\u00ebrtim, \u00e7ati, izolim, fasada dhe renovim.\" \/>\n<meta property=\"og:url\" content=\"https:\/\/ymalko.al\/en\/product\/tub-i-siperm-aspirimi-durovent\/\" \/>\n<meta property=\"og:site_name\" content=\"Ymalko Albania\" \/>\n<meta property=\"article:modified_time\" content=\"2026-04-30T10:49:35+00:00\" \/>\n<meta property=\"og:image\" content=\"https:\/\/ymalko.al\/wp-content\/uploads\/2025\/10\/BW24.png\" \/>\n\t<meta property=\"og:image:width\" content=\"902\" \/>\n\t<meta property=\"og:image:height\" content=\"902\" \/>\n\t<meta property=\"og:image:type\" content=\"image\/png\" \/>\n<meta name=\"twitter:card\" content=\"summary_large_image\" \/>\n<meta name=\"twitter:label1\" content=\"Est. reading time\" \/>\n\t<meta name=\"twitter:data1\" content=\"1 minute\" \/>\n<script type=\"application\/ld+json\" class=\"yoast-schema-graph\">{\"@context\":\"https:\\\/\\\/schema.org\",\"@graph\":[{\"@type\":\"WebPage\",\"@id\":\"https:\\\/\\\/ymalko.al\\\/product\\\/tub-i-siperm-aspirimi-durovent\\\/\",\"url\":\"https:\\\/\\\/ymalko.al\\\/product\\\/tub-i-siperm-aspirimi-durovent\\\/\",\"name\":\"Tub i sip\u00ebrm aspirimi Durovent | Ymalko Albania\",\"isPartOf\":{\"@id\":\"https:\\\/\\\/ymalko.al\\\/#website\"},\"primaryImageOfPage\":{\"@id\":\"https:\\\/\\\/ymalko.al\\\/product\\\/tub-i-siperm-aspirimi-durovent\\\/#primaryimage\"},\"image\":{\"@id\":\"https:\\\/\\\/ymalko.al\\\/product\\\/tub-i-siperm-aspirimi-durovent\\\/#primaryimage\"},\"thumbnailUrl\":\"https:\\\/\\\/ymalko.al\\\/wp-content\\\/uploads\\\/2025\\\/10\\\/BW24.png\",\"datePublished\":\"2025-11-07T03:00:00+00:00\",\"dateModified\":\"2026-04-30T10:49:35+00:00\",\"description\":\"BliniTub i sip\u00ebrm aspirimi Durovent n\u00eb Ymalko Albania. Produkte cil\u00ebsore p\u00ebr nd\u00ebrtim, \u00e7ati, izolim, fasada dhe renovim.\",\"breadcrumb\":{\"@id\":\"https:\\\/\\\/ymalko.al\\\/product\\\/tub-i-siperm-aspirimi-durovent\\\/#breadcrumb\"},\"inLanguage\":\"en-US\",\"potentialAction\":[{\"@type\":\"ReadAction\",\"target\":[\"https:\\\/\\\/ymalko.al\\\/product\\\/tub-i-siperm-aspirimi-durovent\\\/\"]}]},{\"@type\":\"ImageObject\",\"inLanguage\":\"en-US\",\"@id\":\"https:\\\/\\\/ymalko.al\\\/product\\\/tub-i-siperm-aspirimi-durovent\\\/#primaryimage\",\"url\":\"https:\\\/\\\/ymalko.al\\\/wp-content\\\/uploads\\\/2025\\\/10\\\/BW24.png\",\"contentUrl\":\"https:\\\/\\\/ymalko.al\\\/wp-content\\\/uploads\\\/2025\\\/10\\\/BW24.png\",\"width\":902,\"height\":902},{\"@type\":\"BreadcrumbList\",\"@id\":\"https:\\\/\\\/ymalko.al\\\/product\\\/tub-i-siperm-aspirimi-durovent\\\/#breadcrumb\",\"itemListElement\":[{\"@type\":\"ListItem\",\"position\":1,\"name\":\"Home\",\"item\":\"https:\\\/\\\/ymalko.al\\\/\"},{\"@type\":\"ListItem\",\"position\":2,\"name\":\"Produktet\",\"item\":\"https:\\\/\\\/ymalko.al\\\/produktet\\\/\"},{\"@type\":\"ListItem\",\"position\":3,\"name\":\"Tub i sip\u00ebrm aspirimi Durovent\"}]},{\"@type\":\"WebSite\",\"@id\":\"https:\\\/\\\/ymalko.al\\\/#website\",\"url\":\"https:\\\/\\\/ymalko.al\\\/\",\"name\":\"Ymalko\",\"description\":\"\",\"publisher\":{\"@id\":\"https:\\\/\\\/ymalko.al\\\/#organization\"},\"potentialAction\":[{\"@type\":\"SearchAction\",\"target\":{\"@type\":\"EntryPoint\",\"urlTemplate\":\"https:\\\/\\\/ymalko.al\\\/?s={search_term_string}\"},\"query-input\":{\"@type\":\"PropertyValueSpecification\",\"valueRequired\":true,\"valueName\":\"search_term_string\"}}],\"inLanguage\":\"en-US\"},{\"@type\":\"Organization\",\"@id\":\"https:\\\/\\\/ymalko.al\\\/#organization\",\"name\":\"Ymalko\",\"url\":\"https:\\\/\\\/ymalko.al\\\/\",\"logo\":{\"@type\":\"ImageObject\",\"inLanguage\":\"en-US\",\"@id\":\"https:\\\/\\\/ymalko.al\\\/#\\\/schema\\\/logo\\\/image\\\/\",\"url\":\"https:\\\/\\\/ymalko.al\\\/wp-content\\\/uploads\\\/2025\\\/10\\\/cropped-cropped-ymalko_mobil_logo-1.jpg\",\"contentUrl\":\"https:\\\/\\\/ymalko.al\\\/wp-content\\\/uploads\\\/2025\\\/10\\\/cropped-cropped-ymalko_mobil_logo-1.jpg\",\"width\":577,\"height\":145,\"caption\":\"Ymalko\"},\"image\":{\"@id\":\"https:\\\/\\\/ymalko.al\\\/#\\\/schema\\\/logo\\\/image\\\/\"}}]}<\/script>\n<!-- \/ Yoast SEO plugin. -->","yoast_head_json":{"title":"Tub i sip\u00ebrm aspirimi Durovent | Ymalko Albania","description":"BliniTub i sip\u00ebrm aspirimi Durovent n\u00eb Ymalko Albania. Produkte cil\u00ebsore p\u00ebr nd\u00ebrtim, \u00e7ati, izolim, fasada dhe renovim.","robots":{"index":"index","follow":"follow","max-snippet":"max-snippet:-1","max-image-preview":"max-image-preview:large","max-video-preview":"max-video-preview:-1"},"canonical":"https:\/\/ymalko.al\/en\/product\/tub-i-siperm-aspirimi-durovent\/","og_locale":"en_US","og_type":"article","og_title":"Tub i sip\u00ebrm aspirimi Durovent | Ymalko Albania","og_description":"BliniTub i sip\u00ebrm aspirimi Durovent n\u00eb Ymalko Albania. Produkte cil\u00ebsore p\u00ebr nd\u00ebrtim, \u00e7ati, izolim, fasada dhe renovim.","og_url":"https:\/\/ymalko.al\/en\/product\/tub-i-siperm-aspirimi-durovent\/","og_site_name":"Ymalko Albania","article_modified_time":"2026-04-30T10:49:35+00:00","og_image":[{"width":902,"height":902,"url":"https:\/\/ymalko.al\/wp-content\/uploads\/2025\/10\/BW24.png","type":"image\/png"}],"twitter_card":"summary_large_image","twitter_misc":{"Est. reading time":"1 minute"},"schema":{"@context":"https:\/\/schema.org","@graph":[{"@type":"WebPage","@id":"https:\/\/ymalko.al\/product\/tub-i-siperm-aspirimi-durovent\/","url":"https:\/\/ymalko.al\/product\/tub-i-siperm-aspirimi-durovent\/","name":"Tub i sip\u00ebrm aspirimi Durovent | Ymalko Albania","isPartOf":{"@id":"https:\/\/ymalko.al\/#website"},"primaryImageOfPage":{"@id":"https:\/\/ymalko.al\/product\/tub-i-siperm-aspirimi-durovent\/#primaryimage"},"image":{"@id":"https:\/\/ymalko.al\/product\/tub-i-siperm-aspirimi-durovent\/#primaryimage"},"thumbnailUrl":"https:\/\/ymalko.al\/wp-content\/uploads\/2025\/10\/BW24.png","datePublished":"2025-11-07T03:00:00+00:00","dateModified":"2026-04-30T10:49:35+00:00","description":"BliniTub i sip\u00ebrm aspirimi Durovent n\u00eb Ymalko Albania. Produkte cil\u00ebsore p\u00ebr nd\u00ebrtim, \u00e7ati, izolim, fasada dhe renovim.","breadcrumb":{"@id":"https:\/\/ymalko.al\/product\/tub-i-siperm-aspirimi-durovent\/#breadcrumb"},"inLanguage":"en-US","potentialAction":[{"@type":"ReadAction","target":["https:\/\/ymalko.al\/product\/tub-i-siperm-aspirimi-durovent\/"]}]},{"@type":"ImageObject","inLanguage":"en-US","@id":"https:\/\/ymalko.al\/product\/tub-i-siperm-aspirimi-durovent\/#primaryimage","url":"https:\/\/ymalko.al\/wp-content\/uploads\/2025\/10\/BW24.png","contentUrl":"https:\/\/ymalko.al\/wp-content\/uploads\/2025\/10\/BW24.png","width":902,"height":902},{"@type":"BreadcrumbList","@id":"https:\/\/ymalko.al\/product\/tub-i-siperm-aspirimi-durovent\/#breadcrumb","itemListElement":[{"@type":"ListItem","position":1,"name":"Home","item":"https:\/\/ymalko.al\/"},{"@type":"ListItem","position":2,"name":"Produktet","item":"https:\/\/ymalko.al\/produktet\/"},{"@type":"ListItem","position":3,"name":"Tub i sip\u00ebrm aspirimi Durovent"}]},{"@type":"WebSite","@id":"https:\/\/ymalko.al\/#website","url":"https:\/\/ymalko.al\/","name":"Ymalko","description":"","publisher":{"@id":"https:\/\/ymalko.al\/#organization"},"potentialAction":[{"@type":"SearchAction","target":{"@type":"EntryPoint","urlTemplate":"https:\/\/ymalko.al\/?s={search_term_string}"},"query-input":{"@type":"PropertyValueSpecification","valueRequired":true,"valueName":"search_term_string"}}],"inLanguage":"en-US"},{"@type":"Organization","@id":"https:\/\/ymalko.al\/#organization","name":"Ymalko","url":"https:\/\/ymalko.al\/","logo":{"@type":"ImageObject","inLanguage":"en-US","@id":"https:\/\/ymalko.al\/#\/schema\/logo\/image\/","url":"https:\/\/ymalko.al\/wp-content\/uploads\/2025\/10\/cropped-cropped-ymalko_mobil_logo-1.jpg","contentUrl":"https:\/\/ymalko.al\/wp-content\/uploads\/2025\/10\/cropped-cropped-ymalko_mobil_logo-1.jpg","width":577,"height":145,"caption":"Ymalko"},"image":{"@id":"https:\/\/ymalko.al\/#\/schema\/logo\/image\/"}}]}},"jetpack_sharing_enabled":true,"_links":{"self":[{"href":"https:\/\/ymalko.al\/en\/wp-json\/wp\/v2\/product\/10513","targetHints":{"allow":["GET"]}}],"collection":[{"href":"https:\/\/ymalko.al\/en\/wp-json\/wp\/v2\/product"}],"about":[{"href":"https:\/\/ymalko.al\/en\/wp-json\/wp\/v2\/types\/product"}],"version-history":[{"count":1,"href":"https:\/\/ymalko.al\/en\/wp-json\/wp\/v2\/product\/10513\/revisions"}],"predecessor-version":[{"id":14967,"href":"https:\/\/ymalko.al\/en\/wp-json\/wp\/v2\/product\/10513\/revisions\/14967"}],"wp:featuredmedia":[{"embeddable":true,"href":"https:\/\/ymalko.al\/en\/wp-json\/wp\/v2\/media\/10748"}],"wp:attachment":[{"href":"https:\/\/ymalko.al\/en\/wp-json\/wp\/v2\/media?parent=10513"}],"wp:term":[{"taxonomy":"product_brand","embeddable":true,"href":"https:\/\/ymalko.al\/en\/wp-json\/wp\/v2\/product_brand?post=10513"},{"taxonomy":"product_cat","embeddable":true,"href":"https:\/\/ymalko.al\/en\/wp-json\/wp\/v2\/product_cat?post=10513"},{"taxonomy":"product_tag","embeddable":true,"href":"https:\/\/ymalko.al\/en\/wp-json\/wp\/v2\/product_tag?post=10513"}],"curies":[{"name":"wp","href":"https:\/\/api.w.org\/{rel}","templated":true}]}}