{"id":10503,"date":"2025-11-06T17:00:00","date_gmt":"2025-11-06T17:00:00","guid":{"rendered":"https:\/\/ymalko.com\/?post_type=product&#038;p=10503"},"modified":"2026-04-30T10:53:48","modified_gmt":"2026-04-30T10:53:48","slug":"wakaflex-membrane-hidroizoluese-per-oxhak","status":"publish","type":"product","link":"https:\/\/ymalko.al\/en\/product\/wakaflex-membrane-hidroizoluese-per-oxhak\/","title":{"rendered":"Wakaflex Waterproofing Membrane for Chimney"},"content":{"rendered":"<p>Wakaflex \u00ebsht\u00eb nj\u00eb produkt me p\u00ebrdorim universal p\u00ebr hidroizolimin e t\u00eb gjitha bashkimeve t\u00eb \u00e7atis\u00eb me murin, p\u00ebr hidroizolimin e oxhakut si dhe p\u00ebr izolime t\u00eb tjera n\u00eb \u00e7ati. Wakaflex mund t\u00eb shtrohet dhe t\u00eb montohet shum\u00eb thjesht. Merr form\u00ebn e dh\u00ebn\u00eb dhe p\u00ebrshtatet ekzakt\u00ebsisht me konturet e \u00e7atis\u00eb n\u00ebp\u00ebrmjet shiritit prej alumini. Forma e dh\u00ebn\u00eb gjat\u00eb vendosjes ruhet p\u00ebrgjithmon\u00eb. Fal\u00eb vetis\u00eb s\u00eb vet\u00ebshkrirjes s\u00eb materialit nuk nevojiten materiale t\u00eb tjera ngjit\u00ebse. Buza hermetike ofron siguri t\u00eb lart\u00eb ndaj shiut, bor\u00ebs dhe pluhurit. Wakaflex p\u00ebrshtatet me t\u00eb gjitha materialet e mbulimit t\u00eb \u00e7atis\u00eb, t\u00eb formatit t\u00eb madh si edhe t\u00eb vog\u00ebl. Produkti Wakaflex duhet t\u00eb mbyllet n\u00eb konturin e sip\u00ebrm t\u00eb tij me profil alumini Wakaleiste si dhe t\u00eb izolohet me silikon Dichtungsmasse K. Wakaleiste montohet leht\u00eb me upa dhe fal\u00eb ngjyrave n\u00eb t\u00eb dyja an\u00ebt p\u00ebrdoret sipas d\u00ebshir\u00ebs nga ana me ngjyr\u00eb t\u00eb kuqe apo nga ajo me ngjyr\u00eb kafe.<\/p>","protected":false},"excerpt":{"rendered":"<p>Wakaflex \u00ebsht\u00eb nj\u00eb produkt me p\u00ebrdorim universal p\u00ebr hidroizolimin e t\u00eb gjitha bashkimeve t\u00eb \u00e7atis\u00eb me murin, p\u00ebr hidroizolimin e oxhakut si dhe p\u00ebr izolime t\u00eb tjera n\u00eb \u00e7ati. Wakaflex mund t\u00eb shtrohet dhe t\u00eb montohet shum\u00eb thjesht. Merr form\u00ebn e dh\u00ebn\u00eb dhe p\u00ebrshtatet ekzakt\u00ebsisht me konturet e \u00e7atis\u00eb n\u00ebp\u00ebrmjet shiritit prej alumini. Forma e [&hellip;]<\/p>\n","protected":false},"featured_media":10728,"template":"","meta":{"_yoast_wpseo_focuskw":"Wakaflex membran\u00eb","_yoast_wpseo_title":"","_yoast_wpseo_metadesc":""},"product_brand":[47,56],"product_cat":[76,63,64,66,45],"product_tag":[],"class_list":{"0":"post-10503","1":"product","2":"type-product","3":"status-publish","4":"has-post-thumbnail","6":"product_brand-yb1","7":"product_brand-ybb1","8":"product_cat-bashkimi-ne-cati-ne-shqiperi-ymalko","9":"product_cat-cati","10":"product_cat-cati-e-pjerret","11":"product_cat-aksesore-cati","12":"product_cat-te-gjitha","14":"first","15":"instock","16":"shipping-taxable","17":"product-type-simple"},"yoast_head":"<!-- This site is optimized with the Yoast SEO plugin v27.5 - https:\/\/yoast.com\/product\/yoast-seo-wordpress\/ -->\n<title>Wakaflex Membran\u00eb hidroizoluese p\u00ebr oxhak | Ymalko Albania<\/title>\n<meta name=\"description\" content=\"BliniWakaflex Membran\u00eb hidroizoluese p\u00ebr oxhak n\u00eb Ymalko Albania. Produkte cil\u00ebsore p\u00ebr nd\u00ebrtim, \u00e7ati, izolim, fasada dhe renovim.\" \/>\n<meta name=\"robots\" content=\"index, follow, max-snippet:-1, max-image-preview:large, max-video-preview:-1\" \/>\n<link rel=\"canonical\" href=\"https:\/\/ymalko.al\/en\/product\/wakaflex-membrane-hidroizoluese-per-oxhak\/\" \/>\n<meta property=\"og:locale\" content=\"en_US\" \/>\n<meta property=\"og:type\" content=\"article\" \/>\n<meta property=\"og:title\" content=\"Wakaflex Membran\u00eb hidroizoluese p\u00ebr oxhak | Ymalko Albania\" \/>\n<meta property=\"og:description\" content=\"BliniWakaflex Membran\u00eb hidroizoluese p\u00ebr oxhak n\u00eb Ymalko Albania. Produkte cil\u00ebsore p\u00ebr nd\u00ebrtim, \u00e7ati, izolim, fasada dhe renovim.\" \/>\n<meta property=\"og:url\" content=\"https:\/\/ymalko.al\/en\/product\/wakaflex-membrane-hidroizoluese-per-oxhak\/\" \/>\n<meta property=\"og:site_name\" content=\"Ymalko Albania\" \/>\n<meta property=\"article:modified_time\" content=\"2026-04-30T10:53:48+00:00\" \/>\n<meta property=\"og:image\" content=\"https:\/\/ymalko.al\/wp-content\/uploads\/2025\/10\/BB72.png\" \/>\n\t<meta property=\"og:image:width\" content=\"902\" \/>\n\t<meta property=\"og:image:height\" content=\"902\" \/>\n\t<meta property=\"og:image:type\" content=\"image\/png\" \/>\n<meta name=\"twitter:card\" content=\"summary_large_image\" \/>\n<meta name=\"twitter:label1\" content=\"Est. reading time\" \/>\n\t<meta name=\"twitter:data1\" content=\"1 minute\" \/>\n<script type=\"application\/ld+json\" class=\"yoast-schema-graph\">{\"@context\":\"https:\\\/\\\/schema.org\",\"@graph\":[{\"@type\":\"WebPage\",\"@id\":\"https:\\\/\\\/ymalko.al\\\/product\\\/wakaflex-membrane-hidroizoluese-per-oxhak\\\/\",\"url\":\"https:\\\/\\\/ymalko.al\\\/product\\\/wakaflex-membrane-hidroizoluese-per-oxhak\\\/\",\"name\":\"Wakaflex Membran\u00eb hidroizoluese p\u00ebr oxhak | Ymalko Albania\",\"isPartOf\":{\"@id\":\"https:\\\/\\\/ymalko.al\\\/#website\"},\"primaryImageOfPage\":{\"@id\":\"https:\\\/\\\/ymalko.al\\\/product\\\/wakaflex-membrane-hidroizoluese-per-oxhak\\\/#primaryimage\"},\"image\":{\"@id\":\"https:\\\/\\\/ymalko.al\\\/product\\\/wakaflex-membrane-hidroizoluese-per-oxhak\\\/#primaryimage\"},\"thumbnailUrl\":\"https:\\\/\\\/ymalko.al\\\/wp-content\\\/uploads\\\/2025\\\/10\\\/BB72.png\",\"datePublished\":\"2025-11-06T17:00:00+00:00\",\"dateModified\":\"2026-04-30T10:53:48+00:00\",\"description\":\"BliniWakaflex Membran\u00eb hidroizoluese p\u00ebr oxhak n\u00eb Ymalko Albania. Produkte cil\u00ebsore p\u00ebr nd\u00ebrtim, \u00e7ati, izolim, fasada dhe renovim.\",\"breadcrumb\":{\"@id\":\"https:\\\/\\\/ymalko.al\\\/product\\\/wakaflex-membrane-hidroizoluese-per-oxhak\\\/#breadcrumb\"},\"inLanguage\":\"en-US\",\"potentialAction\":[{\"@type\":\"ReadAction\",\"target\":[\"https:\\\/\\\/ymalko.al\\\/product\\\/wakaflex-membrane-hidroizoluese-per-oxhak\\\/\"]}]},{\"@type\":\"ImageObject\",\"inLanguage\":\"en-US\",\"@id\":\"https:\\\/\\\/ymalko.al\\\/product\\\/wakaflex-membrane-hidroizoluese-per-oxhak\\\/#primaryimage\",\"url\":\"https:\\\/\\\/ymalko.al\\\/wp-content\\\/uploads\\\/2025\\\/10\\\/BB72.png\",\"contentUrl\":\"https:\\\/\\\/ymalko.al\\\/wp-content\\\/uploads\\\/2025\\\/10\\\/BB72.png\",\"width\":902,\"height\":902},{\"@type\":\"BreadcrumbList\",\"@id\":\"https:\\\/\\\/ymalko.al\\\/product\\\/wakaflex-membrane-hidroizoluese-per-oxhak\\\/#breadcrumb\",\"itemListElement\":[{\"@type\":\"ListItem\",\"position\":1,\"name\":\"Home\",\"item\":\"https:\\\/\\\/ymalko.al\\\/\"},{\"@type\":\"ListItem\",\"position\":2,\"name\":\"Produktet\",\"item\":\"https:\\\/\\\/ymalko.al\\\/produktet\\\/\"},{\"@type\":\"ListItem\",\"position\":3,\"name\":\"Wakaflex Membran\u00eb hidroizoluese p\u00ebr oxhak\"}]},{\"@type\":\"WebSite\",\"@id\":\"https:\\\/\\\/ymalko.al\\\/#website\",\"url\":\"https:\\\/\\\/ymalko.al\\\/\",\"name\":\"Ymalko\",\"description\":\"\",\"publisher\":{\"@id\":\"https:\\\/\\\/ymalko.al\\\/#organization\"},\"potentialAction\":[{\"@type\":\"SearchAction\",\"target\":{\"@type\":\"EntryPoint\",\"urlTemplate\":\"https:\\\/\\\/ymalko.al\\\/?s={search_term_string}\"},\"query-input\":{\"@type\":\"PropertyValueSpecification\",\"valueRequired\":true,\"valueName\":\"search_term_string\"}}],\"inLanguage\":\"en-US\"},{\"@type\":\"Organization\",\"@id\":\"https:\\\/\\\/ymalko.al\\\/#organization\",\"name\":\"Ymalko\",\"url\":\"https:\\\/\\\/ymalko.al\\\/\",\"logo\":{\"@type\":\"ImageObject\",\"inLanguage\":\"en-US\",\"@id\":\"https:\\\/\\\/ymalko.al\\\/#\\\/schema\\\/logo\\\/image\\\/\",\"url\":\"https:\\\/\\\/ymalko.al\\\/wp-content\\\/uploads\\\/2025\\\/10\\\/cropped-cropped-ymalko_mobil_logo-1.jpg\",\"contentUrl\":\"https:\\\/\\\/ymalko.al\\\/wp-content\\\/uploads\\\/2025\\\/10\\\/cropped-cropped-ymalko_mobil_logo-1.jpg\",\"width\":577,\"height\":145,\"caption\":\"Ymalko\"},\"image\":{\"@id\":\"https:\\\/\\\/ymalko.al\\\/#\\\/schema\\\/logo\\\/image\\\/\"}}]}<\/script>\n<!-- \/ Yoast SEO plugin. -->","yoast_head_json":{"title":"Wakaflex Membran\u00eb hidroizoluese p\u00ebr oxhak | Ymalko Albania","description":"BliniWakaflex Membran\u00eb hidroizoluese p\u00ebr oxhak n\u00eb Ymalko Albania. Produkte cil\u00ebsore p\u00ebr nd\u00ebrtim, \u00e7ati, izolim, fasada dhe renovim.","robots":{"index":"index","follow":"follow","max-snippet":"max-snippet:-1","max-image-preview":"max-image-preview:large","max-video-preview":"max-video-preview:-1"},"canonical":"https:\/\/ymalko.al\/en\/product\/wakaflex-membrane-hidroizoluese-per-oxhak\/","og_locale":"en_US","og_type":"article","og_title":"Wakaflex Membran\u00eb hidroizoluese p\u00ebr oxhak | Ymalko Albania","og_description":"BliniWakaflex Membran\u00eb hidroizoluese p\u00ebr oxhak n\u00eb Ymalko Albania. Produkte cil\u00ebsore p\u00ebr nd\u00ebrtim, \u00e7ati, izolim, fasada dhe renovim.","og_url":"https:\/\/ymalko.al\/en\/product\/wakaflex-membrane-hidroizoluese-per-oxhak\/","og_site_name":"Ymalko Albania","article_modified_time":"2026-04-30T10:53:48+00:00","og_image":[{"width":902,"height":902,"url":"https:\/\/ymalko.al\/wp-content\/uploads\/2025\/10\/BB72.png","type":"image\/png"}],"twitter_card":"summary_large_image","twitter_misc":{"Est. reading time":"1 minute"},"schema":{"@context":"https:\/\/schema.org","@graph":[{"@type":"WebPage","@id":"https:\/\/ymalko.al\/product\/wakaflex-membrane-hidroizoluese-per-oxhak\/","url":"https:\/\/ymalko.al\/product\/wakaflex-membrane-hidroizoluese-per-oxhak\/","name":"Wakaflex Membran\u00eb hidroizoluese p\u00ebr oxhak | Ymalko Albania","isPartOf":{"@id":"https:\/\/ymalko.al\/#website"},"primaryImageOfPage":{"@id":"https:\/\/ymalko.al\/product\/wakaflex-membrane-hidroizoluese-per-oxhak\/#primaryimage"},"image":{"@id":"https:\/\/ymalko.al\/product\/wakaflex-membrane-hidroizoluese-per-oxhak\/#primaryimage"},"thumbnailUrl":"https:\/\/ymalko.al\/wp-content\/uploads\/2025\/10\/BB72.png","datePublished":"2025-11-06T17:00:00+00:00","dateModified":"2026-04-30T10:53:48+00:00","description":"BliniWakaflex Membran\u00eb hidroizoluese p\u00ebr oxhak n\u00eb Ymalko Albania. Produkte cil\u00ebsore p\u00ebr nd\u00ebrtim, \u00e7ati, izolim, fasada dhe renovim.","breadcrumb":{"@id":"https:\/\/ymalko.al\/product\/wakaflex-membrane-hidroizoluese-per-oxhak\/#breadcrumb"},"inLanguage":"en-US","potentialAction":[{"@type":"ReadAction","target":["https:\/\/ymalko.al\/product\/wakaflex-membrane-hidroizoluese-per-oxhak\/"]}]},{"@type":"ImageObject","inLanguage":"en-US","@id":"https:\/\/ymalko.al\/product\/wakaflex-membrane-hidroizoluese-per-oxhak\/#primaryimage","url":"https:\/\/ymalko.al\/wp-content\/uploads\/2025\/10\/BB72.png","contentUrl":"https:\/\/ymalko.al\/wp-content\/uploads\/2025\/10\/BB72.png","width":902,"height":902},{"@type":"BreadcrumbList","@id":"https:\/\/ymalko.al\/product\/wakaflex-membrane-hidroizoluese-per-oxhak\/#breadcrumb","itemListElement":[{"@type":"ListItem","position":1,"name":"Home","item":"https:\/\/ymalko.al\/"},{"@type":"ListItem","position":2,"name":"Produktet","item":"https:\/\/ymalko.al\/produktet\/"},{"@type":"ListItem","position":3,"name":"Wakaflex Membran\u00eb hidroizoluese p\u00ebr oxhak"}]},{"@type":"WebSite","@id":"https:\/\/ymalko.al\/#website","url":"https:\/\/ymalko.al\/","name":"Ymalko","description":"","publisher":{"@id":"https:\/\/ymalko.al\/#organization"},"potentialAction":[{"@type":"SearchAction","target":{"@type":"EntryPoint","urlTemplate":"https:\/\/ymalko.al\/?s={search_term_string}"},"query-input":{"@type":"PropertyValueSpecification","valueRequired":true,"valueName":"search_term_string"}}],"inLanguage":"en-US"},{"@type":"Organization","@id":"https:\/\/ymalko.al\/#organization","name":"Ymalko","url":"https:\/\/ymalko.al\/","logo":{"@type":"ImageObject","inLanguage":"en-US","@id":"https:\/\/ymalko.al\/#\/schema\/logo\/image\/","url":"https:\/\/ymalko.al\/wp-content\/uploads\/2025\/10\/cropped-cropped-ymalko_mobil_logo-1.jpg","contentUrl":"https:\/\/ymalko.al\/wp-content\/uploads\/2025\/10\/cropped-cropped-ymalko_mobil_logo-1.jpg","width":577,"height":145,"caption":"Ymalko"},"image":{"@id":"https:\/\/ymalko.al\/#\/schema\/logo\/image\/"}}]}},"jetpack_sharing_enabled":true,"_links":{"self":[{"href":"https:\/\/ymalko.al\/en\/wp-json\/wp\/v2\/product\/10503","targetHints":{"allow":["GET"]}}],"collection":[{"href":"https:\/\/ymalko.al\/en\/wp-json\/wp\/v2\/product"}],"about":[{"href":"https:\/\/ymalko.al\/en\/wp-json\/wp\/v2\/types\/product"}],"version-history":[{"count":1,"href":"https:\/\/ymalko.al\/en\/wp-json\/wp\/v2\/product\/10503\/revisions"}],"predecessor-version":[{"id":14977,"href":"https:\/\/ymalko.al\/en\/wp-json\/wp\/v2\/product\/10503\/revisions\/14977"}],"wp:featuredmedia":[{"embeddable":true,"href":"https:\/\/ymalko.al\/en\/wp-json\/wp\/v2\/media\/10728"}],"wp:attachment":[{"href":"https:\/\/ymalko.al\/en\/wp-json\/wp\/v2\/media?parent=10503"}],"wp:term":[{"taxonomy":"product_brand","embeddable":true,"href":"https:\/\/ymalko.al\/en\/wp-json\/wp\/v2\/product_brand?post=10503"},{"taxonomy":"product_cat","embeddable":true,"href":"https:\/\/ymalko.al\/en\/wp-json\/wp\/v2\/product_cat?post=10503"},{"taxonomy":"product_tag","embeddable":true,"href":"https:\/\/ymalko.al\/en\/wp-json\/wp\/v2\/product_tag?post=10503"}],"curies":[{"name":"wp","href":"https:\/\/api.w.org\/{rel}","templated":true}]}}