{"id":10494,"date":"2025-11-01T04:00:00","date_gmt":"2025-11-01T04:00:00","guid":{"rendered":"https:\/\/ymalko.com\/?post_type=product&#038;p=10494"},"modified":"2026-04-30T12:15:47","modified_gmt":"2026-04-30T12:15:47","slug":"portoghese-elite-tjegull-e-plote","status":"publish","type":"product","link":"https:\/\/ymalko.al\/en\/product\/portoghese-elite-tjegull-e-plote\/","title":{"rendered":"Portoghese Elite full tile"},"content":{"rendered":"<p>The Portoghese tile is a true classic. The shape resembles the combination of a flat Roman tile and an arched tile in a single element. The wide range of colors allows it to meet the requirements of modern architecture as well as those of more traditional roofs. It is easy and simple to lay.<\/p>","protected":false},"excerpt":{"rendered":"<p>The Portoghese tile is a true classic. The shape resembles the combination of a flat Roman tile and an arched tile in a single element. The wide range of colors allows it to meet the requirements of modern architecture as well as those of more traditional roofs. It is easy and simple to lay.<\/p>","protected":false},"featured_media":10743,"template":"","meta":{"_yoast_wpseo_focuskw":"Portoghese Elite tjegull","_yoast_wpseo_title":"","_yoast_wpseo_metadesc":""},"product_brand":[47,139],"product_cat":[63,64,45,70],"product_tag":[],"class_list":{"0":"post-10494","1":"product","2":"type-product","3":"status-publish","4":"has-post-thumbnail","6":"product_brand-yb1","7":"product_brand-ybw3","8":"product_cat-cati","9":"product_cat-cati-e-pjerret","10":"product_cat-te-gjitha","11":"product_cat-tjegulla-qeramike","13":"first","14":"instock","15":"shipping-taxable","16":"purchasable","17":"product-type-variable"},"yoast_head":"<!-- This site is optimized with the Yoast SEO plugin v27.6 - https:\/\/yoast.com\/product\/yoast-seo-wordpress\/ -->\n<title>Portoghese Elite tjegull e plot\u00eb | Ymalko Albania<\/title>\n<meta name=\"description\" content=\"BliniPortoghese Elite tjegull e plot\u00eb n\u00eb Ymalko Albania. Produkte cil\u00ebsore p\u00ebr nd\u00ebrtim, \u00e7ati, izolim, fasada dhe renovim.\" \/>\n<meta name=\"robots\" content=\"index, follow, max-snippet:-1, max-image-preview:large, max-video-preview:-1\" \/>\n<link rel=\"canonical\" href=\"https:\/\/ymalko.al\/en\/product\/portoghese-elite-tjegull-e-plote\/\" \/>\n<meta property=\"og:locale\" content=\"en_US\" \/>\n<meta property=\"og:type\" content=\"article\" \/>\n<meta property=\"og:title\" content=\"Portoghese Elite tjegull e plot\u00eb | Ymalko Albania\" \/>\n<meta property=\"og:description\" content=\"BliniPortoghese Elite tjegull e plot\u00eb n\u00eb Ymalko Albania. Produkte cil\u00ebsore p\u00ebr nd\u00ebrtim, \u00e7ati, izolim, fasada dhe renovim.\" \/>\n<meta property=\"og:url\" content=\"https:\/\/ymalko.al\/en\/product\/portoghese-elite-tjegull-e-plote\/\" \/>\n<meta property=\"og:site_name\" content=\"Ymalko Albania\" \/>\n<meta property=\"article:modified_time\" content=\"2026-04-30T12:15:47+00:00\" \/>\n<meta property=\"og:image\" content=\"https:\/\/ymalko.al\/wp-content\/uploads\/2025\/10\/BW12.png\" \/>\n\t<meta property=\"og:image:width\" content=\"903\" \/>\n\t<meta property=\"og:image:height\" content=\"903\" \/>\n\t<meta property=\"og:image:type\" content=\"image\/png\" \/>\n<meta name=\"twitter:card\" content=\"summary_large_image\" \/>\n<meta name=\"twitter:label1\" content=\"Est. reading time\" \/>\n\t<meta name=\"twitter:data1\" content=\"1 minute\" \/>\n<script type=\"application\/ld+json\" class=\"yoast-schema-graph\">{\"@context\":\"https:\\\/\\\/schema.org\",\"@graph\":[{\"@type\":\"WebPage\",\"@id\":\"https:\\\/\\\/ymalko.al\\\/product\\\/portoghese-elite-tjegull-e-plote\\\/\",\"url\":\"https:\\\/\\\/ymalko.al\\\/product\\\/portoghese-elite-tjegull-e-plote\\\/\",\"name\":\"Portoghese Elite tjegull e plot\u00eb | Ymalko Albania\",\"isPartOf\":{\"@id\":\"https:\\\/\\\/ymalko.al\\\/#website\"},\"primaryImageOfPage\":{\"@id\":\"https:\\\/\\\/ymalko.al\\\/product\\\/portoghese-elite-tjegull-e-plote\\\/#primaryimage\"},\"image\":{\"@id\":\"https:\\\/\\\/ymalko.al\\\/product\\\/portoghese-elite-tjegull-e-plote\\\/#primaryimage\"},\"thumbnailUrl\":\"https:\\\/\\\/ymalko.al\\\/wp-content\\\/uploads\\\/2025\\\/10\\\/BW12.png\",\"datePublished\":\"2025-11-01T04:00:00+00:00\",\"dateModified\":\"2026-04-30T12:15:47+00:00\",\"description\":\"BliniPortoghese Elite tjegull e plot\u00eb n\u00eb Ymalko Albania. Produkte cil\u00ebsore p\u00ebr nd\u00ebrtim, \u00e7ati, izolim, fasada dhe renovim.\",\"breadcrumb\":{\"@id\":\"https:\\\/\\\/ymalko.al\\\/product\\\/portoghese-elite-tjegull-e-plote\\\/#breadcrumb\"},\"inLanguage\":\"en-US\",\"potentialAction\":[{\"@type\":\"ReadAction\",\"target\":[\"https:\\\/\\\/ymalko.al\\\/product\\\/portoghese-elite-tjegull-e-plote\\\/\"]}]},{\"@type\":\"ImageObject\",\"inLanguage\":\"en-US\",\"@id\":\"https:\\\/\\\/ymalko.al\\\/product\\\/portoghese-elite-tjegull-e-plote\\\/#primaryimage\",\"url\":\"https:\\\/\\\/ymalko.al\\\/wp-content\\\/uploads\\\/2025\\\/10\\\/BW12.png\",\"contentUrl\":\"https:\\\/\\\/ymalko.al\\\/wp-content\\\/uploads\\\/2025\\\/10\\\/BW12.png\",\"width\":903,\"height\":903},{\"@type\":\"BreadcrumbList\",\"@id\":\"https:\\\/\\\/ymalko.al\\\/product\\\/portoghese-elite-tjegull-e-plote\\\/#breadcrumb\",\"itemListElement\":[{\"@type\":\"ListItem\",\"position\":1,\"name\":\"Home\",\"item\":\"https:\\\/\\\/ymalko.al\\\/\"},{\"@type\":\"ListItem\",\"position\":2,\"name\":\"Produktet\",\"item\":\"https:\\\/\\\/ymalko.al\\\/produktet\\\/\"},{\"@type\":\"ListItem\",\"position\":3,\"name\":\"Portoghese Elite tjegull e plot\u00eb\"}]},{\"@type\":\"WebSite\",\"@id\":\"https:\\\/\\\/ymalko.al\\\/#website\",\"url\":\"https:\\\/\\\/ymalko.al\\\/\",\"name\":\"Ymalko\",\"description\":\"\",\"publisher\":{\"@id\":\"https:\\\/\\\/ymalko.al\\\/#organization\"},\"potentialAction\":[{\"@type\":\"SearchAction\",\"target\":{\"@type\":\"EntryPoint\",\"urlTemplate\":\"https:\\\/\\\/ymalko.al\\\/?s={search_term_string}\"},\"query-input\":{\"@type\":\"PropertyValueSpecification\",\"valueRequired\":true,\"valueName\":\"search_term_string\"}}],\"inLanguage\":\"en-US\"},{\"@type\":\"Organization\",\"@id\":\"https:\\\/\\\/ymalko.al\\\/#organization\",\"name\":\"Ymalko\",\"url\":\"https:\\\/\\\/ymalko.al\\\/\",\"logo\":{\"@type\":\"ImageObject\",\"inLanguage\":\"en-US\",\"@id\":\"https:\\\/\\\/ymalko.al\\\/#\\\/schema\\\/logo\\\/image\\\/\",\"url\":\"https:\\\/\\\/ymalko.al\\\/wp-content\\\/uploads\\\/2025\\\/10\\\/cropped-cropped-ymalko_mobil_logo-1.jpg\",\"contentUrl\":\"https:\\\/\\\/ymalko.al\\\/wp-content\\\/uploads\\\/2025\\\/10\\\/cropped-cropped-ymalko_mobil_logo-1.jpg\",\"width\":577,\"height\":145,\"caption\":\"Ymalko\"},\"image\":{\"@id\":\"https:\\\/\\\/ymalko.al\\\/#\\\/schema\\\/logo\\\/image\\\/\"}}]}<\/script>\n<!-- \/ Yoast SEO plugin. -->","yoast_head_json":{"title":"Portoghese Elite tjegull e plot\u00eb | Ymalko Albania","description":"BliniPortoghese Elite tjegull e plot\u00eb n\u00eb Ymalko Albania. Produkte cil\u00ebsore p\u00ebr nd\u00ebrtim, \u00e7ati, izolim, fasada dhe renovim.","robots":{"index":"index","follow":"follow","max-snippet":"max-snippet:-1","max-image-preview":"max-image-preview:large","max-video-preview":"max-video-preview:-1"},"canonical":"https:\/\/ymalko.al\/en\/product\/portoghese-elite-tjegull-e-plote\/","og_locale":"en_US","og_type":"article","og_title":"Portoghese Elite tjegull e plot\u00eb | Ymalko Albania","og_description":"BliniPortoghese Elite tjegull e plot\u00eb n\u00eb Ymalko Albania. Produkte cil\u00ebsore p\u00ebr nd\u00ebrtim, \u00e7ati, izolim, fasada dhe renovim.","og_url":"https:\/\/ymalko.al\/en\/product\/portoghese-elite-tjegull-e-plote\/","og_site_name":"Ymalko Albania","article_modified_time":"2026-04-30T12:15:47+00:00","og_image":[{"width":903,"height":903,"url":"https:\/\/ymalko.al\/wp-content\/uploads\/2025\/10\/BW12.png","type":"image\/png"}],"twitter_card":"summary_large_image","twitter_misc":{"Est. reading time":"1 minute"},"schema":{"@context":"https:\/\/schema.org","@graph":[{"@type":"WebPage","@id":"https:\/\/ymalko.al\/product\/portoghese-elite-tjegull-e-plote\/","url":"https:\/\/ymalko.al\/product\/portoghese-elite-tjegull-e-plote\/","name":"Portoghese Elite tjegull e plot\u00eb | Ymalko Albania","isPartOf":{"@id":"https:\/\/ymalko.al\/#website"},"primaryImageOfPage":{"@id":"https:\/\/ymalko.al\/product\/portoghese-elite-tjegull-e-plote\/#primaryimage"},"image":{"@id":"https:\/\/ymalko.al\/product\/portoghese-elite-tjegull-e-plote\/#primaryimage"},"thumbnailUrl":"https:\/\/ymalko.al\/wp-content\/uploads\/2025\/10\/BW12.png","datePublished":"2025-11-01T04:00:00+00:00","dateModified":"2026-04-30T12:15:47+00:00","description":"BliniPortoghese Elite tjegull e plot\u00eb n\u00eb Ymalko Albania. Produkte cil\u00ebsore p\u00ebr nd\u00ebrtim, \u00e7ati, izolim, fasada dhe renovim.","breadcrumb":{"@id":"https:\/\/ymalko.al\/product\/portoghese-elite-tjegull-e-plote\/#breadcrumb"},"inLanguage":"en-US","potentialAction":[{"@type":"ReadAction","target":["https:\/\/ymalko.al\/product\/portoghese-elite-tjegull-e-plote\/"]}]},{"@type":"ImageObject","inLanguage":"en-US","@id":"https:\/\/ymalko.al\/product\/portoghese-elite-tjegull-e-plote\/#primaryimage","url":"https:\/\/ymalko.al\/wp-content\/uploads\/2025\/10\/BW12.png","contentUrl":"https:\/\/ymalko.al\/wp-content\/uploads\/2025\/10\/BW12.png","width":903,"height":903},{"@type":"BreadcrumbList","@id":"https:\/\/ymalko.al\/product\/portoghese-elite-tjegull-e-plote\/#breadcrumb","itemListElement":[{"@type":"ListItem","position":1,"name":"Home","item":"https:\/\/ymalko.al\/"},{"@type":"ListItem","position":2,"name":"Produktet","item":"https:\/\/ymalko.al\/produktet\/"},{"@type":"ListItem","position":3,"name":"Portoghese Elite tjegull e plot\u00eb"}]},{"@type":"WebSite","@id":"https:\/\/ymalko.al\/#website","url":"https:\/\/ymalko.al\/","name":"Ymalko","description":"","publisher":{"@id":"https:\/\/ymalko.al\/#organization"},"potentialAction":[{"@type":"SearchAction","target":{"@type":"EntryPoint","urlTemplate":"https:\/\/ymalko.al\/?s={search_term_string}"},"query-input":{"@type":"PropertyValueSpecification","valueRequired":true,"valueName":"search_term_string"}}],"inLanguage":"en-US"},{"@type":"Organization","@id":"https:\/\/ymalko.al\/#organization","name":"Ymalko","url":"https:\/\/ymalko.al\/","logo":{"@type":"ImageObject","inLanguage":"en-US","@id":"https:\/\/ymalko.al\/#\/schema\/logo\/image\/","url":"https:\/\/ymalko.al\/wp-content\/uploads\/2025\/10\/cropped-cropped-ymalko_mobil_logo-1.jpg","contentUrl":"https:\/\/ymalko.al\/wp-content\/uploads\/2025\/10\/cropped-cropped-ymalko_mobil_logo-1.jpg","width":577,"height":145,"caption":"Ymalko"},"image":{"@id":"https:\/\/ymalko.al\/#\/schema\/logo\/image\/"}}]}},"jetpack_sharing_enabled":true,"_links":{"self":[{"href":"https:\/\/ymalko.al\/en\/wp-json\/wp\/v2\/product\/10494","targetHints":{"allow":["GET"]}}],"collection":[{"href":"https:\/\/ymalko.al\/en\/wp-json\/wp\/v2\/product"}],"about":[{"href":"https:\/\/ymalko.al\/en\/wp-json\/wp\/v2\/types\/product"}],"version-history":[{"count":1,"href":"https:\/\/ymalko.al\/en\/wp-json\/wp\/v2\/product\/10494\/revisions"}],"predecessor-version":[{"id":15109,"href":"https:\/\/ymalko.al\/en\/wp-json\/wp\/v2\/product\/10494\/revisions\/15109"}],"wp:featuredmedia":[{"embeddable":true,"href":"https:\/\/ymalko.al\/en\/wp-json\/wp\/v2\/media\/10743"}],"wp:attachment":[{"href":"https:\/\/ymalko.al\/en\/wp-json\/wp\/v2\/media?parent=10494"}],"wp:term":[{"taxonomy":"product_brand","embeddable":true,"href":"https:\/\/ymalko.al\/en\/wp-json\/wp\/v2\/product_brand?post=10494"},{"taxonomy":"product_cat","embeddable":true,"href":"https:\/\/ymalko.al\/en\/wp-json\/wp\/v2\/product_cat?post=10494"},{"taxonomy":"product_tag","embeddable":true,"href":"https:\/\/ymalko.al\/en\/wp-json\/wp\/v2\/product_tag?post=10494"}],"curies":[{"name":"wp","href":"https:\/\/api.w.org\/{rel}","templated":true}]}}