{"id":10493,"date":"2025-11-01T05:00:00","date_gmt":"2025-11-01T05:00:00","guid":{"rendered":"https:\/\/ymalko.com\/?post_type=product&#038;p=10493"},"modified":"2026-04-30T12:15:35","modified_gmt":"2026-04-30T12:15:35","slug":"rubin-9v-tjegull-e-plote","status":"publish","type":"product","link":"https:\/\/ymalko.al\/en\/product\/rubin-9v-tjegull-e-plote\/","title":{"rendered":"Rubin 9V full tile"},"content":{"rendered":"<p>Rubin 9V \u00ebsht\u00eb nj\u00eb tjegull qeramike e formatit t\u00eb madh q\u00eb ofron mbrojtje t\u00eb ve\u00e7ant\u00eb kund\u00ebr reshjeve p\u00ebr objekte t\u00eb m\u00ebdha me nj\u00eb pjerr\u00ebsi m\u00eb t\u00eb vog\u00ebl \u00e7atie. N\u00eb t\u00eb nj\u00ebjt\u00ebn koh\u00eb, ajo thekson ekonomin\u00eb e saj t\u00eb ve\u00e7ant\u00eb me nj\u00eb k\u00ebrkes\u00eb prej vet\u00ebm 9 cop\u00eb p\u00ebr m2 . P\u00ebr shkak t\u00eb pesh\u00ebs s\u00eb vog\u00ebl, shtrimi me k\u00ebt\u00eb tjegull \u00ebsht\u00eb ve\u00e7an\u00ebrisht i leht\u00eb. Rubin 9V gjithashtu ka t\u00eb gjitha cil\u00ebsit\u00eb e mir\u00ebnjohura t\u00eb modelit Rubin: pamja harmonike dhe ekspresiviteti.<\/p>","protected":false},"excerpt":{"rendered":"<p>Rubin 9V \u00ebsht\u00eb nj\u00eb tjegull qeramike e formatit t\u00eb madh q\u00eb ofron mbrojtje t\u00eb ve\u00e7ant\u00eb kund\u00ebr reshjeve p\u00ebr objekte t\u00eb m\u00ebdha me nj\u00eb pjerr\u00ebsi m\u00eb t\u00eb vog\u00ebl \u00e7atie. N\u00eb t\u00eb nj\u00ebjt\u00ebn koh\u00eb, ajo thekson ekonomin\u00eb e saj t\u00eb ve\u00e7ant\u00eb me nj\u00eb k\u00ebrkes\u00eb prej vet\u00ebm 9 cop\u00eb p\u00ebr m2 . P\u00ebr shkak t\u00eb pesh\u00ebs s\u00eb vog\u00ebl, [&hellip;]<\/p>\n","protected":false},"featured_media":10725,"template":"","meta":{"_yoast_wpseo_focuskw":"Rubin 9V tjegull","_yoast_wpseo_title":"","_yoast_wpseo_metadesc":""},"product_brand":[47,140],"product_cat":[63,64,45,70],"product_tag":[],"class_list":{"0":"post-10493","1":"product","2":"type-product","3":"status-publish","4":"has-post-thumbnail","6":"product_brand-yb1","7":"product_brand-ybbb6","8":"product_cat-cati","9":"product_cat-cati-e-pjerret","10":"product_cat-te-gjitha","11":"product_cat-tjegulla-qeramike","13":"first","14":"instock","15":"shipping-taxable","16":"purchasable","17":"product-type-variable"},"yoast_head":"<!-- This site is optimized with the Yoast SEO plugin v27.6 - https:\/\/yoast.com\/product\/yoast-seo-wordpress\/ -->\n<title>Rubin 9V tjegull e plot\u00eb | Ymalko Albania<\/title>\n<meta name=\"description\" content=\"BliniRubin 9V tjegull e plot\u00eb n\u00eb Ymalko Albania. Produkte cil\u00ebsore p\u00ebr nd\u00ebrtim, \u00e7ati, izolim, fasada dhe renovim.\" \/>\n<meta name=\"robots\" content=\"index, follow, max-snippet:-1, max-image-preview:large, max-video-preview:-1\" \/>\n<link rel=\"canonical\" href=\"https:\/\/ymalko.al\/en\/product\/rubin-9v-tjegull-e-plote\/\" \/>\n<meta property=\"og:locale\" content=\"en_US\" \/>\n<meta property=\"og:type\" content=\"article\" \/>\n<meta property=\"og:title\" content=\"Rubin 9V tjegull e plot\u00eb | Ymalko Albania\" \/>\n<meta property=\"og:description\" content=\"BliniRubin 9V tjegull e plot\u00eb n\u00eb Ymalko Albania. Produkte cil\u00ebsore p\u00ebr nd\u00ebrtim, \u00e7ati, izolim, fasada dhe renovim.\" \/>\n<meta property=\"og:url\" content=\"https:\/\/ymalko.al\/en\/product\/rubin-9v-tjegull-e-plote\/\" \/>\n<meta property=\"og:site_name\" content=\"Ymalko Albania\" \/>\n<meta property=\"article:modified_time\" content=\"2026-04-30T12:15:35+00:00\" \/>\n<meta property=\"og:image\" content=\"https:\/\/ymalko.al\/wp-content\/uploads\/2025\/10\/BB61.png\" \/>\n\t<meta property=\"og:image:width\" content=\"902\" \/>\n\t<meta property=\"og:image:height\" content=\"902\" \/>\n\t<meta property=\"og:image:type\" content=\"image\/png\" \/>\n<meta name=\"twitter:card\" content=\"summary_large_image\" \/>\n<meta name=\"twitter:label1\" content=\"Est. reading time\" \/>\n\t<meta name=\"twitter:data1\" content=\"1 minute\" \/>\n<script type=\"application\/ld+json\" class=\"yoast-schema-graph\">{\"@context\":\"https:\\\/\\\/schema.org\",\"@graph\":[{\"@type\":\"WebPage\",\"@id\":\"https:\\\/\\\/ymalko.al\\\/product\\\/rubin-9v-tjegull-e-plote\\\/\",\"url\":\"https:\\\/\\\/ymalko.al\\\/product\\\/rubin-9v-tjegull-e-plote\\\/\",\"name\":\"Rubin 9V tjegull e plot\u00eb | Ymalko Albania\",\"isPartOf\":{\"@id\":\"https:\\\/\\\/ymalko.al\\\/#website\"},\"primaryImageOfPage\":{\"@id\":\"https:\\\/\\\/ymalko.al\\\/product\\\/rubin-9v-tjegull-e-plote\\\/#primaryimage\"},\"image\":{\"@id\":\"https:\\\/\\\/ymalko.al\\\/product\\\/rubin-9v-tjegull-e-plote\\\/#primaryimage\"},\"thumbnailUrl\":\"https:\\\/\\\/ymalko.al\\\/wp-content\\\/uploads\\\/2025\\\/10\\\/BB61.png\",\"datePublished\":\"2025-11-01T05:00:00+00:00\",\"dateModified\":\"2026-04-30T12:15:35+00:00\",\"description\":\"BliniRubin 9V tjegull e plot\u00eb n\u00eb Ymalko Albania. Produkte cil\u00ebsore p\u00ebr nd\u00ebrtim, \u00e7ati, izolim, fasada dhe renovim.\",\"breadcrumb\":{\"@id\":\"https:\\\/\\\/ymalko.al\\\/product\\\/rubin-9v-tjegull-e-plote\\\/#breadcrumb\"},\"inLanguage\":\"en-US\",\"potentialAction\":[{\"@type\":\"ReadAction\",\"target\":[\"https:\\\/\\\/ymalko.al\\\/product\\\/rubin-9v-tjegull-e-plote\\\/\"]}]},{\"@type\":\"ImageObject\",\"inLanguage\":\"en-US\",\"@id\":\"https:\\\/\\\/ymalko.al\\\/product\\\/rubin-9v-tjegull-e-plote\\\/#primaryimage\",\"url\":\"https:\\\/\\\/ymalko.al\\\/wp-content\\\/uploads\\\/2025\\\/10\\\/BB61.png\",\"contentUrl\":\"https:\\\/\\\/ymalko.al\\\/wp-content\\\/uploads\\\/2025\\\/10\\\/BB61.png\",\"width\":902,\"height\":902},{\"@type\":\"BreadcrumbList\",\"@id\":\"https:\\\/\\\/ymalko.al\\\/product\\\/rubin-9v-tjegull-e-plote\\\/#breadcrumb\",\"itemListElement\":[{\"@type\":\"ListItem\",\"position\":1,\"name\":\"Home\",\"item\":\"https:\\\/\\\/ymalko.al\\\/\"},{\"@type\":\"ListItem\",\"position\":2,\"name\":\"Produktet\",\"item\":\"https:\\\/\\\/ymalko.al\\\/produktet\\\/\"},{\"@type\":\"ListItem\",\"position\":3,\"name\":\"Rubin 9V tjegull e plot\u00eb\"}]},{\"@type\":\"WebSite\",\"@id\":\"https:\\\/\\\/ymalko.al\\\/#website\",\"url\":\"https:\\\/\\\/ymalko.al\\\/\",\"name\":\"Ymalko\",\"description\":\"\",\"publisher\":{\"@id\":\"https:\\\/\\\/ymalko.al\\\/#organization\"},\"potentialAction\":[{\"@type\":\"SearchAction\",\"target\":{\"@type\":\"EntryPoint\",\"urlTemplate\":\"https:\\\/\\\/ymalko.al\\\/?s={search_term_string}\"},\"query-input\":{\"@type\":\"PropertyValueSpecification\",\"valueRequired\":true,\"valueName\":\"search_term_string\"}}],\"inLanguage\":\"en-US\"},{\"@type\":\"Organization\",\"@id\":\"https:\\\/\\\/ymalko.al\\\/#organization\",\"name\":\"Ymalko\",\"url\":\"https:\\\/\\\/ymalko.al\\\/\",\"logo\":{\"@type\":\"ImageObject\",\"inLanguage\":\"en-US\",\"@id\":\"https:\\\/\\\/ymalko.al\\\/#\\\/schema\\\/logo\\\/image\\\/\",\"url\":\"https:\\\/\\\/ymalko.al\\\/wp-content\\\/uploads\\\/2025\\\/10\\\/cropped-cropped-ymalko_mobil_logo-1.jpg\",\"contentUrl\":\"https:\\\/\\\/ymalko.al\\\/wp-content\\\/uploads\\\/2025\\\/10\\\/cropped-cropped-ymalko_mobil_logo-1.jpg\",\"width\":577,\"height\":145,\"caption\":\"Ymalko\"},\"image\":{\"@id\":\"https:\\\/\\\/ymalko.al\\\/#\\\/schema\\\/logo\\\/image\\\/\"}}]}<\/script>\n<!-- \/ Yoast SEO plugin. -->","yoast_head_json":{"title":"Rubin 9V tjegull e plot\u00eb | Ymalko Albania","description":"BliniRubin 9V tjegull e plot\u00eb n\u00eb Ymalko Albania. Produkte cil\u00ebsore p\u00ebr nd\u00ebrtim, \u00e7ati, izolim, fasada dhe renovim.","robots":{"index":"index","follow":"follow","max-snippet":"max-snippet:-1","max-image-preview":"max-image-preview:large","max-video-preview":"max-video-preview:-1"},"canonical":"https:\/\/ymalko.al\/en\/product\/rubin-9v-tjegull-e-plote\/","og_locale":"en_US","og_type":"article","og_title":"Rubin 9V tjegull e plot\u00eb | Ymalko Albania","og_description":"BliniRubin 9V tjegull e plot\u00eb n\u00eb Ymalko Albania. Produkte cil\u00ebsore p\u00ebr nd\u00ebrtim, \u00e7ati, izolim, fasada dhe renovim.","og_url":"https:\/\/ymalko.al\/en\/product\/rubin-9v-tjegull-e-plote\/","og_site_name":"Ymalko Albania","article_modified_time":"2026-04-30T12:15:35+00:00","og_image":[{"width":902,"height":902,"url":"https:\/\/ymalko.al\/wp-content\/uploads\/2025\/10\/BB61.png","type":"image\/png"}],"twitter_card":"summary_large_image","twitter_misc":{"Est. reading time":"1 minute"},"schema":{"@context":"https:\/\/schema.org","@graph":[{"@type":"WebPage","@id":"https:\/\/ymalko.al\/product\/rubin-9v-tjegull-e-plote\/","url":"https:\/\/ymalko.al\/product\/rubin-9v-tjegull-e-plote\/","name":"Rubin 9V tjegull e plot\u00eb | Ymalko Albania","isPartOf":{"@id":"https:\/\/ymalko.al\/#website"},"primaryImageOfPage":{"@id":"https:\/\/ymalko.al\/product\/rubin-9v-tjegull-e-plote\/#primaryimage"},"image":{"@id":"https:\/\/ymalko.al\/product\/rubin-9v-tjegull-e-plote\/#primaryimage"},"thumbnailUrl":"https:\/\/ymalko.al\/wp-content\/uploads\/2025\/10\/BB61.png","datePublished":"2025-11-01T05:00:00+00:00","dateModified":"2026-04-30T12:15:35+00:00","description":"BliniRubin 9V tjegull e plot\u00eb n\u00eb Ymalko Albania. Produkte cil\u00ebsore p\u00ebr nd\u00ebrtim, \u00e7ati, izolim, fasada dhe renovim.","breadcrumb":{"@id":"https:\/\/ymalko.al\/product\/rubin-9v-tjegull-e-plote\/#breadcrumb"},"inLanguage":"en-US","potentialAction":[{"@type":"ReadAction","target":["https:\/\/ymalko.al\/product\/rubin-9v-tjegull-e-plote\/"]}]},{"@type":"ImageObject","inLanguage":"en-US","@id":"https:\/\/ymalko.al\/product\/rubin-9v-tjegull-e-plote\/#primaryimage","url":"https:\/\/ymalko.al\/wp-content\/uploads\/2025\/10\/BB61.png","contentUrl":"https:\/\/ymalko.al\/wp-content\/uploads\/2025\/10\/BB61.png","width":902,"height":902},{"@type":"BreadcrumbList","@id":"https:\/\/ymalko.al\/product\/rubin-9v-tjegull-e-plote\/#breadcrumb","itemListElement":[{"@type":"ListItem","position":1,"name":"Home","item":"https:\/\/ymalko.al\/"},{"@type":"ListItem","position":2,"name":"Produktet","item":"https:\/\/ymalko.al\/produktet\/"},{"@type":"ListItem","position":3,"name":"Rubin 9V tjegull e plot\u00eb"}]},{"@type":"WebSite","@id":"https:\/\/ymalko.al\/#website","url":"https:\/\/ymalko.al\/","name":"Ymalko","description":"","publisher":{"@id":"https:\/\/ymalko.al\/#organization"},"potentialAction":[{"@type":"SearchAction","target":{"@type":"EntryPoint","urlTemplate":"https:\/\/ymalko.al\/?s={search_term_string}"},"query-input":{"@type":"PropertyValueSpecification","valueRequired":true,"valueName":"search_term_string"}}],"inLanguage":"en-US"},{"@type":"Organization","@id":"https:\/\/ymalko.al\/#organization","name":"Ymalko","url":"https:\/\/ymalko.al\/","logo":{"@type":"ImageObject","inLanguage":"en-US","@id":"https:\/\/ymalko.al\/#\/schema\/logo\/image\/","url":"https:\/\/ymalko.al\/wp-content\/uploads\/2025\/10\/cropped-cropped-ymalko_mobil_logo-1.jpg","contentUrl":"https:\/\/ymalko.al\/wp-content\/uploads\/2025\/10\/cropped-cropped-ymalko_mobil_logo-1.jpg","width":577,"height":145,"caption":"Ymalko"},"image":{"@id":"https:\/\/ymalko.al\/#\/schema\/logo\/image\/"}}]}},"jetpack_sharing_enabled":true,"_links":{"self":[{"href":"https:\/\/ymalko.al\/en\/wp-json\/wp\/v2\/product\/10493","targetHints":{"allow":["GET"]}}],"collection":[{"href":"https:\/\/ymalko.al\/en\/wp-json\/wp\/v2\/product"}],"about":[{"href":"https:\/\/ymalko.al\/en\/wp-json\/wp\/v2\/types\/product"}],"version-history":[{"count":1,"href":"https:\/\/ymalko.al\/en\/wp-json\/wp\/v2\/product\/10493\/revisions"}],"predecessor-version":[{"id":15108,"href":"https:\/\/ymalko.al\/en\/wp-json\/wp\/v2\/product\/10493\/revisions\/15108"}],"wp:featuredmedia":[{"embeddable":true,"href":"https:\/\/ymalko.al\/en\/wp-json\/wp\/v2\/media\/10725"}],"wp:attachment":[{"href":"https:\/\/ymalko.al\/en\/wp-json\/wp\/v2\/media?parent=10493"}],"wp:term":[{"taxonomy":"product_brand","embeddable":true,"href":"https:\/\/ymalko.al\/en\/wp-json\/wp\/v2\/product_brand?post=10493"},{"taxonomy":"product_cat","embeddable":true,"href":"https:\/\/ymalko.al\/en\/wp-json\/wp\/v2\/product_cat?post=10493"},{"taxonomy":"product_tag","embeddable":true,"href":"https:\/\/ymalko.al\/en\/wp-json\/wp\/v2\/product_tag?post=10493"}],"curies":[{"name":"wp","href":"https:\/\/api.w.org\/{rel}","templated":true}]}}