{"id":10486,"date":"2025-10-31T23:00:00","date_gmt":"2025-10-31T23:00:00","guid":{"rendered":"https:\/\/ymalko.com\/?post_type=product&#038;p=10486"},"modified":"2026-01-28T09:31:02","modified_gmt":"2026-01-28T09:31:02","slug":"tjegulla-klasik-protector","status":"publish","type":"product","link":"https:\/\/ymalko.al\/en\/product\/tjegulla-klasik-protector\/","title":{"rendered":"Classic Protector"},"content":{"rendered":"<p>The best-selling Bramac model in our market now also has a new Protector\u00ae surface. The new Protector\u00ae surface offers more protection from extreme weather conditions, from algae and moss on your roof, from the impact of sea salt, from pollution and has a very long color life.<\/p>","protected":false},"excerpt":{"rendered":"<p>The best-selling Bramac model in our market now also has a new Protector\u00ae surface. The new Protector\u00ae surface offers more protection from extreme weather conditions, from algae and moss on your roof, from the impact of sea salt, from pollution and has a very long color life.<\/p>","protected":false},"featured_media":10718,"template":"","meta":{"_yoast_wpseo_focuskw":"Tjegulla klasik protector","_yoast_wpseo_title":"Tjegulla %%title%% %%page%% %%sep%% %%sitename%%","_yoast_wpseo_metadesc":"Klasik Protector \u2013 tjegull e fort\u00eb p\u00ebr \u00e7ati me mbrojtje t\u00eb lart\u00eb dhe jet\u00ebgjat\u00ebsi. Gjeje te Ymalko Albania: specifika, \u00e7mime dhe disponueshm\u00ebri."},"product_brand":[47,56],"product_cat":[63,64,45,68],"product_tag":[],"class_list":{"0":"post-10486","1":"product","2":"type-product","3":"status-publish","4":"has-post-thumbnail","6":"product_brand-yb1","7":"product_brand-ybb1","8":"product_cat-cati","9":"product_cat-cati-e-pjerret","10":"product_cat-te-gjitha","11":"product_cat-tjegulla-betoni","13":"first","14":"instock","15":"shipping-taxable","16":"purchasable","17":"product-type-variable"},"yoast_head":"<!-- This site is optimized with the Yoast SEO plugin v27.5 - https:\/\/yoast.com\/product\/yoast-seo-wordpress\/ -->\n<title>Tjegulla Klasik Protector - Ymalko Albania<\/title>\n<meta name=\"description\" content=\"Klasik Protector \u2013 tjegull e fort\u00eb p\u00ebr \u00e7ati me mbrojtje t\u00eb lart\u00eb dhe jet\u00ebgjat\u00ebsi. Gjeje te Ymalko Albania: specifika, \u00e7mime dhe disponueshm\u00ebri.\" \/>\n<meta name=\"robots\" content=\"index, follow, max-snippet:-1, max-image-preview:large, max-video-preview:-1\" \/>\n<link rel=\"canonical\" href=\"https:\/\/ymalko.al\/en\/product\/tjegulla-klasik-protector\/\" \/>\n<meta property=\"og:locale\" content=\"en_US\" \/>\n<meta property=\"og:type\" content=\"article\" \/>\n<meta property=\"og:title\" content=\"Tjegulla Klasik Protector - Ymalko Albania\" \/>\n<meta property=\"og:description\" content=\"Klasik Protector \u2013 tjegull e fort\u00eb p\u00ebr \u00e7ati me mbrojtje t\u00eb lart\u00eb dhe jet\u00ebgjat\u00ebsi. Gjeje te Ymalko Albania: specifika, \u00e7mime dhe disponueshm\u00ebri.\" \/>\n<meta property=\"og:url\" content=\"https:\/\/ymalko.al\/en\/product\/tjegulla-klasik-protector\/\" \/>\n<meta property=\"og:site_name\" content=\"Ymalko Albania\" \/>\n<meta property=\"article:modified_time\" content=\"2026-01-28T09:31:02+00:00\" \/>\n<meta property=\"og:image\" content=\"https:\/\/ymalko.al\/wp-content\/uploads\/2025\/10\/BB31.png\" \/>\n\t<meta property=\"og:image:width\" content=\"902\" \/>\n\t<meta property=\"og:image:height\" content=\"902\" \/>\n\t<meta property=\"og:image:type\" content=\"image\/png\" \/>\n<meta name=\"twitter:card\" content=\"summary_large_image\" \/>\n<meta name=\"twitter:label1\" content=\"Est. reading time\" \/>\n\t<meta name=\"twitter:data1\" content=\"1 minute\" \/>\n<script type=\"application\/ld+json\" class=\"yoast-schema-graph\">{\"@context\":\"https:\\\/\\\/schema.org\",\"@graph\":[{\"@type\":\"WebPage\",\"@id\":\"https:\\\/\\\/ymalko.al\\\/product\\\/tjegulla-klasik-protector\\\/\",\"url\":\"https:\\\/\\\/ymalko.al\\\/product\\\/tjegulla-klasik-protector\\\/\",\"name\":\"Tjegulla Klasik Protector - Ymalko Albania\",\"isPartOf\":{\"@id\":\"https:\\\/\\\/ymalko.al\\\/#website\"},\"primaryImageOfPage\":{\"@id\":\"https:\\\/\\\/ymalko.al\\\/product\\\/tjegulla-klasik-protector\\\/#primaryimage\"},\"image\":{\"@id\":\"https:\\\/\\\/ymalko.al\\\/product\\\/tjegulla-klasik-protector\\\/#primaryimage\"},\"thumbnailUrl\":\"https:\\\/\\\/ymalko.al\\\/wp-content\\\/uploads\\\/2025\\\/10\\\/BB31.png\",\"datePublished\":\"2025-10-31T23:00:00+00:00\",\"dateModified\":\"2026-01-28T09:31:02+00:00\",\"description\":\"Klasik Protector \u2013 tjegull e fort\u00eb p\u00ebr \u00e7ati me mbrojtje t\u00eb lart\u00eb dhe jet\u00ebgjat\u00ebsi. Gjeje te Ymalko Albania: specifika, \u00e7mime dhe disponueshm\u00ebri.\",\"breadcrumb\":{\"@id\":\"https:\\\/\\\/ymalko.al\\\/product\\\/tjegulla-klasik-protector\\\/#breadcrumb\"},\"inLanguage\":\"en-US\",\"potentialAction\":[{\"@type\":\"ReadAction\",\"target\":[\"https:\\\/\\\/ymalko.al\\\/product\\\/tjegulla-klasik-protector\\\/\"]}]},{\"@type\":\"ImageObject\",\"inLanguage\":\"en-US\",\"@id\":\"https:\\\/\\\/ymalko.al\\\/product\\\/tjegulla-klasik-protector\\\/#primaryimage\",\"url\":\"https:\\\/\\\/ymalko.al\\\/wp-content\\\/uploads\\\/2025\\\/10\\\/BB31.png\",\"contentUrl\":\"https:\\\/\\\/ymalko.al\\\/wp-content\\\/uploads\\\/2025\\\/10\\\/BB31.png\",\"width\":902,\"height\":902},{\"@type\":\"BreadcrumbList\",\"@id\":\"https:\\\/\\\/ymalko.al\\\/product\\\/tjegulla-klasik-protector\\\/#breadcrumb\",\"itemListElement\":[{\"@type\":\"ListItem\",\"position\":1,\"name\":\"Home\",\"item\":\"https:\\\/\\\/ymalko.al\\\/\"},{\"@type\":\"ListItem\",\"position\":2,\"name\":\"Produktet\",\"item\":\"https:\\\/\\\/ymalko.al\\\/produktet\\\/\"},{\"@type\":\"ListItem\",\"position\":3,\"name\":\"Klasik Protector\"}]},{\"@type\":\"WebSite\",\"@id\":\"https:\\\/\\\/ymalko.al\\\/#website\",\"url\":\"https:\\\/\\\/ymalko.al\\\/\",\"name\":\"Ymalko\",\"description\":\"\",\"publisher\":{\"@id\":\"https:\\\/\\\/ymalko.al\\\/#organization\"},\"potentialAction\":[{\"@type\":\"SearchAction\",\"target\":{\"@type\":\"EntryPoint\",\"urlTemplate\":\"https:\\\/\\\/ymalko.al\\\/?s={search_term_string}\"},\"query-input\":{\"@type\":\"PropertyValueSpecification\",\"valueRequired\":true,\"valueName\":\"search_term_string\"}}],\"inLanguage\":\"en-US\"},{\"@type\":\"Organization\",\"@id\":\"https:\\\/\\\/ymalko.al\\\/#organization\",\"name\":\"Ymalko\",\"url\":\"https:\\\/\\\/ymalko.al\\\/\",\"logo\":{\"@type\":\"ImageObject\",\"inLanguage\":\"en-US\",\"@id\":\"https:\\\/\\\/ymalko.al\\\/#\\\/schema\\\/logo\\\/image\\\/\",\"url\":\"https:\\\/\\\/ymalko.al\\\/wp-content\\\/uploads\\\/2025\\\/10\\\/cropped-cropped-ymalko_mobil_logo-1.jpg\",\"contentUrl\":\"https:\\\/\\\/ymalko.al\\\/wp-content\\\/uploads\\\/2025\\\/10\\\/cropped-cropped-ymalko_mobil_logo-1.jpg\",\"width\":577,\"height\":145,\"caption\":\"Ymalko\"},\"image\":{\"@id\":\"https:\\\/\\\/ymalko.al\\\/#\\\/schema\\\/logo\\\/image\\\/\"}}]}<\/script>\n<!-- \/ Yoast SEO plugin. -->","yoast_head_json":{"title":"Tjegulla Klasik Protector - Ymalko Albania","description":"Klasik Protector \u2013 tjegull e fort\u00eb p\u00ebr \u00e7ati me mbrojtje t\u00eb lart\u00eb dhe jet\u00ebgjat\u00ebsi. Gjeje te Ymalko Albania: specifika, \u00e7mime dhe disponueshm\u00ebri.","robots":{"index":"index","follow":"follow","max-snippet":"max-snippet:-1","max-image-preview":"max-image-preview:large","max-video-preview":"max-video-preview:-1"},"canonical":"https:\/\/ymalko.al\/en\/product\/tjegulla-klasik-protector\/","og_locale":"en_US","og_type":"article","og_title":"Tjegulla Klasik Protector - Ymalko Albania","og_description":"Klasik Protector \u2013 tjegull e fort\u00eb p\u00ebr \u00e7ati me mbrojtje t\u00eb lart\u00eb dhe jet\u00ebgjat\u00ebsi. Gjeje te Ymalko Albania: specifika, \u00e7mime dhe disponueshm\u00ebri.","og_url":"https:\/\/ymalko.al\/en\/product\/tjegulla-klasik-protector\/","og_site_name":"Ymalko Albania","article_modified_time":"2026-01-28T09:31:02+00:00","og_image":[{"width":902,"height":902,"url":"https:\/\/ymalko.al\/wp-content\/uploads\/2025\/10\/BB31.png","type":"image\/png"}],"twitter_card":"summary_large_image","twitter_misc":{"Est. reading time":"1 minute"},"schema":{"@context":"https:\/\/schema.org","@graph":[{"@type":"WebPage","@id":"https:\/\/ymalko.al\/product\/tjegulla-klasik-protector\/","url":"https:\/\/ymalko.al\/product\/tjegulla-klasik-protector\/","name":"Tjegulla Klasik Protector - Ymalko Albania","isPartOf":{"@id":"https:\/\/ymalko.al\/#website"},"primaryImageOfPage":{"@id":"https:\/\/ymalko.al\/product\/tjegulla-klasik-protector\/#primaryimage"},"image":{"@id":"https:\/\/ymalko.al\/product\/tjegulla-klasik-protector\/#primaryimage"},"thumbnailUrl":"https:\/\/ymalko.al\/wp-content\/uploads\/2025\/10\/BB31.png","datePublished":"2025-10-31T23:00:00+00:00","dateModified":"2026-01-28T09:31:02+00:00","description":"Klasik Protector \u2013 tjegull e fort\u00eb p\u00ebr \u00e7ati me mbrojtje t\u00eb lart\u00eb dhe jet\u00ebgjat\u00ebsi. Gjeje te Ymalko Albania: specifika, \u00e7mime dhe disponueshm\u00ebri.","breadcrumb":{"@id":"https:\/\/ymalko.al\/product\/tjegulla-klasik-protector\/#breadcrumb"},"inLanguage":"en-US","potentialAction":[{"@type":"ReadAction","target":["https:\/\/ymalko.al\/product\/tjegulla-klasik-protector\/"]}]},{"@type":"ImageObject","inLanguage":"en-US","@id":"https:\/\/ymalko.al\/product\/tjegulla-klasik-protector\/#primaryimage","url":"https:\/\/ymalko.al\/wp-content\/uploads\/2025\/10\/BB31.png","contentUrl":"https:\/\/ymalko.al\/wp-content\/uploads\/2025\/10\/BB31.png","width":902,"height":902},{"@type":"BreadcrumbList","@id":"https:\/\/ymalko.al\/product\/tjegulla-klasik-protector\/#breadcrumb","itemListElement":[{"@type":"ListItem","position":1,"name":"Home","item":"https:\/\/ymalko.al\/"},{"@type":"ListItem","position":2,"name":"Produktet","item":"https:\/\/ymalko.al\/produktet\/"},{"@type":"ListItem","position":3,"name":"Klasik Protector"}]},{"@type":"WebSite","@id":"https:\/\/ymalko.al\/#website","url":"https:\/\/ymalko.al\/","name":"Ymalko","description":"","publisher":{"@id":"https:\/\/ymalko.al\/#organization"},"potentialAction":[{"@type":"SearchAction","target":{"@type":"EntryPoint","urlTemplate":"https:\/\/ymalko.al\/?s={search_term_string}"},"query-input":{"@type":"PropertyValueSpecification","valueRequired":true,"valueName":"search_term_string"}}],"inLanguage":"en-US"},{"@type":"Organization","@id":"https:\/\/ymalko.al\/#organization","name":"Ymalko","url":"https:\/\/ymalko.al\/","logo":{"@type":"ImageObject","inLanguage":"en-US","@id":"https:\/\/ymalko.al\/#\/schema\/logo\/image\/","url":"https:\/\/ymalko.al\/wp-content\/uploads\/2025\/10\/cropped-cropped-ymalko_mobil_logo-1.jpg","contentUrl":"https:\/\/ymalko.al\/wp-content\/uploads\/2025\/10\/cropped-cropped-ymalko_mobil_logo-1.jpg","width":577,"height":145,"caption":"Ymalko"},"image":{"@id":"https:\/\/ymalko.al\/#\/schema\/logo\/image\/"}}]}},"jetpack_sharing_enabled":true,"_links":{"self":[{"href":"https:\/\/ymalko.al\/en\/wp-json\/wp\/v2\/product\/10486","targetHints":{"allow":["GET"]}}],"collection":[{"href":"https:\/\/ymalko.al\/en\/wp-json\/wp\/v2\/product"}],"about":[{"href":"https:\/\/ymalko.al\/en\/wp-json\/wp\/v2\/types\/product"}],"version-history":[{"count":1,"href":"https:\/\/ymalko.al\/en\/wp-json\/wp\/v2\/product\/10486\/revisions"}],"predecessor-version":[{"id":14710,"href":"https:\/\/ymalko.al\/en\/wp-json\/wp\/v2\/product\/10486\/revisions\/14710"}],"wp:featuredmedia":[{"embeddable":true,"href":"https:\/\/ymalko.al\/en\/wp-json\/wp\/v2\/media\/10718"}],"wp:attachment":[{"href":"https:\/\/ymalko.al\/en\/wp-json\/wp\/v2\/media?parent=10486"}],"wp:term":[{"taxonomy":"product_brand","embeddable":true,"href":"https:\/\/ymalko.al\/en\/wp-json\/wp\/v2\/product_brand?post=10486"},{"taxonomy":"product_cat","embeddable":true,"href":"https:\/\/ymalko.al\/en\/wp-json\/wp\/v2\/product_cat?post=10486"},{"taxonomy":"product_tag","embeddable":true,"href":"https:\/\/ymalko.al\/en\/wp-json\/wp\/v2\/product_tag?post=10486"}],"curies":[{"name":"wp","href":"https:\/\/api.w.org\/{rel}","templated":true}]}}