{"id":10485,"date":"2025-11-01T00:00:00","date_gmt":"2025-11-01T00:00:00","guid":{"rendered":"https:\/\/ymalko.com\/?post_type=product&#038;p=10485"},"modified":"2026-01-28T09:36:07","modified_gmt":"2026-01-28T09:36:07","slug":"tjegulla-klasik-protector-plus","status":"publish","type":"product","link":"https:\/\/ymalko.al\/en\/product\/tjegulla-klasik-protector-plus\/","title":{"rendered":"Classic Protector Plus"},"content":{"rendered":"<p>Smooth surface, beauty and aesthetics for generations to come \u2013 this is now possible with the newest and most innovative surface from Bramac Protector Plus.<\/p>","protected":false},"excerpt":{"rendered":"<p>Smooth surface, beauty and aesthetics for generations to come \u2013 this is now possible with the newest and most innovative surface from Bramac Protector Plus.<\/p>","protected":false},"featured_media":10716,"template":"","meta":{"_yoast_wpseo_focuskw":"Tjegulla Klasik Protector Plus","_yoast_wpseo_title":"Tjegulla %%title%% %%page%% %%sep%% %%sitename%%","_yoast_wpseo_metadesc":"Klasik Protector Plus \u2013 tjegull e q\u00ebndrueshme p\u00ebr \u00e7ati me mbrojtje t\u00eb lart\u00eb dhe rezistenc\u00eb ndaj motit. Info te Ymalko Albania."},"product_brand":[47,56],"product_cat":[63,64,45,68],"product_tag":[],"class_list":{"0":"post-10485","1":"product","2":"type-product","3":"status-publish","4":"has-post-thumbnail","6":"product_brand-yb1","7":"product_brand-ybb1","8":"product_cat-cati","9":"product_cat-cati-e-pjerret","10":"product_cat-te-gjitha","11":"product_cat-tjegulla-betoni","13":"first","14":"instock","15":"shipping-taxable","16":"purchasable","17":"product-type-variable"},"yoast_head":"<!-- This site is optimized with the Yoast SEO plugin v27.6 - https:\/\/yoast.com\/product\/yoast-seo-wordpress\/ -->\n<title>Tjegulla Klasik Protector Plus - Ymalko Albania<\/title>\n<meta name=\"description\" content=\"Klasik Protector Plus \u2013 tjegull e q\u00ebndrueshme p\u00ebr \u00e7ati me mbrojtje t\u00eb lart\u00eb dhe rezistenc\u00eb ndaj motit. Info te Ymalko Albania.\" \/>\n<meta name=\"robots\" content=\"index, follow, max-snippet:-1, max-image-preview:large, max-video-preview:-1\" \/>\n<link rel=\"canonical\" href=\"https:\/\/ymalko.al\/en\/product\/tjegulla-klasik-protector-plus\/\" \/>\n<meta property=\"og:locale\" content=\"en_US\" \/>\n<meta property=\"og:type\" content=\"article\" \/>\n<meta property=\"og:title\" content=\"Tjegulla Klasik Protector Plus - Ymalko Albania\" \/>\n<meta property=\"og:description\" content=\"Klasik Protector Plus \u2013 tjegull e q\u00ebndrueshme p\u00ebr \u00e7ati me mbrojtje t\u00eb lart\u00eb dhe rezistenc\u00eb ndaj motit. Info te Ymalko Albania.\" \/>\n<meta property=\"og:url\" content=\"https:\/\/ymalko.al\/en\/product\/tjegulla-klasik-protector-plus\/\" \/>\n<meta property=\"og:site_name\" content=\"Ymalko Albania\" \/>\n<meta property=\"article:modified_time\" content=\"2026-01-28T09:36:07+00:00\" \/>\n<meta property=\"og:image\" content=\"https:\/\/ymalko.al\/wp-content\/uploads\/2025\/10\/BB21.png\" \/>\n\t<meta property=\"og:image:width\" content=\"902\" \/>\n\t<meta property=\"og:image:height\" content=\"902\" \/>\n\t<meta property=\"og:image:type\" content=\"image\/png\" \/>\n<meta name=\"twitter:card\" content=\"summary_large_image\" \/>\n<meta name=\"twitter:label1\" content=\"Est. reading time\" \/>\n\t<meta name=\"twitter:data1\" content=\"1 minute\" \/>\n<script type=\"application\/ld+json\" class=\"yoast-schema-graph\">{\"@context\":\"https:\\\/\\\/schema.org\",\"@graph\":[{\"@type\":\"WebPage\",\"@id\":\"https:\\\/\\\/ymalko.al\\\/product\\\/tjegulla-klasik-protector-plus\\\/\",\"url\":\"https:\\\/\\\/ymalko.al\\\/product\\\/tjegulla-klasik-protector-plus\\\/\",\"name\":\"Tjegulla Klasik Protector Plus - Ymalko Albania\",\"isPartOf\":{\"@id\":\"https:\\\/\\\/ymalko.al\\\/#website\"},\"primaryImageOfPage\":{\"@id\":\"https:\\\/\\\/ymalko.al\\\/product\\\/tjegulla-klasik-protector-plus\\\/#primaryimage\"},\"image\":{\"@id\":\"https:\\\/\\\/ymalko.al\\\/product\\\/tjegulla-klasik-protector-plus\\\/#primaryimage\"},\"thumbnailUrl\":\"https:\\\/\\\/ymalko.al\\\/wp-content\\\/uploads\\\/2025\\\/10\\\/BB21.png\",\"datePublished\":\"2025-11-01T00:00:00+00:00\",\"dateModified\":\"2026-01-28T09:36:07+00:00\",\"description\":\"Klasik Protector Plus \u2013 tjegull e q\u00ebndrueshme p\u00ebr \u00e7ati me mbrojtje t\u00eb lart\u00eb dhe rezistenc\u00eb ndaj motit. Info te Ymalko Albania.\",\"breadcrumb\":{\"@id\":\"https:\\\/\\\/ymalko.al\\\/product\\\/tjegulla-klasik-protector-plus\\\/#breadcrumb\"},\"inLanguage\":\"en-US\",\"potentialAction\":[{\"@type\":\"ReadAction\",\"target\":[\"https:\\\/\\\/ymalko.al\\\/product\\\/tjegulla-klasik-protector-plus\\\/\"]}]},{\"@type\":\"ImageObject\",\"inLanguage\":\"en-US\",\"@id\":\"https:\\\/\\\/ymalko.al\\\/product\\\/tjegulla-klasik-protector-plus\\\/#primaryimage\",\"url\":\"https:\\\/\\\/ymalko.al\\\/wp-content\\\/uploads\\\/2025\\\/10\\\/BB21.png\",\"contentUrl\":\"https:\\\/\\\/ymalko.al\\\/wp-content\\\/uploads\\\/2025\\\/10\\\/BB21.png\",\"width\":902,\"height\":902},{\"@type\":\"BreadcrumbList\",\"@id\":\"https:\\\/\\\/ymalko.al\\\/product\\\/tjegulla-klasik-protector-plus\\\/#breadcrumb\",\"itemListElement\":[{\"@type\":\"ListItem\",\"position\":1,\"name\":\"Home\",\"item\":\"https:\\\/\\\/ymalko.al\\\/\"},{\"@type\":\"ListItem\",\"position\":2,\"name\":\"Produktet\",\"item\":\"https:\\\/\\\/ymalko.al\\\/produktet\\\/\"},{\"@type\":\"ListItem\",\"position\":3,\"name\":\"Klasik Protector Plus\"}]},{\"@type\":\"WebSite\",\"@id\":\"https:\\\/\\\/ymalko.al\\\/#website\",\"url\":\"https:\\\/\\\/ymalko.al\\\/\",\"name\":\"Ymalko\",\"description\":\"\",\"publisher\":{\"@id\":\"https:\\\/\\\/ymalko.al\\\/#organization\"},\"potentialAction\":[{\"@type\":\"SearchAction\",\"target\":{\"@type\":\"EntryPoint\",\"urlTemplate\":\"https:\\\/\\\/ymalko.al\\\/?s={search_term_string}\"},\"query-input\":{\"@type\":\"PropertyValueSpecification\",\"valueRequired\":true,\"valueName\":\"search_term_string\"}}],\"inLanguage\":\"en-US\"},{\"@type\":\"Organization\",\"@id\":\"https:\\\/\\\/ymalko.al\\\/#organization\",\"name\":\"Ymalko\",\"url\":\"https:\\\/\\\/ymalko.al\\\/\",\"logo\":{\"@type\":\"ImageObject\",\"inLanguage\":\"en-US\",\"@id\":\"https:\\\/\\\/ymalko.al\\\/#\\\/schema\\\/logo\\\/image\\\/\",\"url\":\"https:\\\/\\\/ymalko.al\\\/wp-content\\\/uploads\\\/2025\\\/10\\\/cropped-cropped-ymalko_mobil_logo-1.jpg\",\"contentUrl\":\"https:\\\/\\\/ymalko.al\\\/wp-content\\\/uploads\\\/2025\\\/10\\\/cropped-cropped-ymalko_mobil_logo-1.jpg\",\"width\":577,\"height\":145,\"caption\":\"Ymalko\"},\"image\":{\"@id\":\"https:\\\/\\\/ymalko.al\\\/#\\\/schema\\\/logo\\\/image\\\/\"}}]}<\/script>\n<!-- \/ Yoast SEO plugin. -->","yoast_head_json":{"title":"Tjegulla Klasik Protector Plus - Ymalko Albania","description":"Klasik Protector Plus \u2013 tjegull e q\u00ebndrueshme p\u00ebr \u00e7ati me mbrojtje t\u00eb lart\u00eb dhe rezistenc\u00eb ndaj motit. Info te Ymalko Albania.","robots":{"index":"index","follow":"follow","max-snippet":"max-snippet:-1","max-image-preview":"max-image-preview:large","max-video-preview":"max-video-preview:-1"},"canonical":"https:\/\/ymalko.al\/en\/product\/tjegulla-klasik-protector-plus\/","og_locale":"en_US","og_type":"article","og_title":"Tjegulla Klasik Protector Plus - Ymalko Albania","og_description":"Klasik Protector Plus \u2013 tjegull e q\u00ebndrueshme p\u00ebr \u00e7ati me mbrojtje t\u00eb lart\u00eb dhe rezistenc\u00eb ndaj motit. Info te Ymalko Albania.","og_url":"https:\/\/ymalko.al\/en\/product\/tjegulla-klasik-protector-plus\/","og_site_name":"Ymalko Albania","article_modified_time":"2026-01-28T09:36:07+00:00","og_image":[{"width":902,"height":902,"url":"https:\/\/ymalko.al\/wp-content\/uploads\/2025\/10\/BB21.png","type":"image\/png"}],"twitter_card":"summary_large_image","twitter_misc":{"Est. reading time":"1 minute"},"schema":{"@context":"https:\/\/schema.org","@graph":[{"@type":"WebPage","@id":"https:\/\/ymalko.al\/product\/tjegulla-klasik-protector-plus\/","url":"https:\/\/ymalko.al\/product\/tjegulla-klasik-protector-plus\/","name":"Tjegulla Klasik Protector Plus - Ymalko Albania","isPartOf":{"@id":"https:\/\/ymalko.al\/#website"},"primaryImageOfPage":{"@id":"https:\/\/ymalko.al\/product\/tjegulla-klasik-protector-plus\/#primaryimage"},"image":{"@id":"https:\/\/ymalko.al\/product\/tjegulla-klasik-protector-plus\/#primaryimage"},"thumbnailUrl":"https:\/\/ymalko.al\/wp-content\/uploads\/2025\/10\/BB21.png","datePublished":"2025-11-01T00:00:00+00:00","dateModified":"2026-01-28T09:36:07+00:00","description":"Klasik Protector Plus \u2013 tjegull e q\u00ebndrueshme p\u00ebr \u00e7ati me mbrojtje t\u00eb lart\u00eb dhe rezistenc\u00eb ndaj motit. Info te Ymalko Albania.","breadcrumb":{"@id":"https:\/\/ymalko.al\/product\/tjegulla-klasik-protector-plus\/#breadcrumb"},"inLanguage":"en-US","potentialAction":[{"@type":"ReadAction","target":["https:\/\/ymalko.al\/product\/tjegulla-klasik-protector-plus\/"]}]},{"@type":"ImageObject","inLanguage":"en-US","@id":"https:\/\/ymalko.al\/product\/tjegulla-klasik-protector-plus\/#primaryimage","url":"https:\/\/ymalko.al\/wp-content\/uploads\/2025\/10\/BB21.png","contentUrl":"https:\/\/ymalko.al\/wp-content\/uploads\/2025\/10\/BB21.png","width":902,"height":902},{"@type":"BreadcrumbList","@id":"https:\/\/ymalko.al\/product\/tjegulla-klasik-protector-plus\/#breadcrumb","itemListElement":[{"@type":"ListItem","position":1,"name":"Home","item":"https:\/\/ymalko.al\/"},{"@type":"ListItem","position":2,"name":"Produktet","item":"https:\/\/ymalko.al\/produktet\/"},{"@type":"ListItem","position":3,"name":"Klasik Protector Plus"}]},{"@type":"WebSite","@id":"https:\/\/ymalko.al\/#website","url":"https:\/\/ymalko.al\/","name":"Ymalko","description":"","publisher":{"@id":"https:\/\/ymalko.al\/#organization"},"potentialAction":[{"@type":"SearchAction","target":{"@type":"EntryPoint","urlTemplate":"https:\/\/ymalko.al\/?s={search_term_string}"},"query-input":{"@type":"PropertyValueSpecification","valueRequired":true,"valueName":"search_term_string"}}],"inLanguage":"en-US"},{"@type":"Organization","@id":"https:\/\/ymalko.al\/#organization","name":"Ymalko","url":"https:\/\/ymalko.al\/","logo":{"@type":"ImageObject","inLanguage":"en-US","@id":"https:\/\/ymalko.al\/#\/schema\/logo\/image\/","url":"https:\/\/ymalko.al\/wp-content\/uploads\/2025\/10\/cropped-cropped-ymalko_mobil_logo-1.jpg","contentUrl":"https:\/\/ymalko.al\/wp-content\/uploads\/2025\/10\/cropped-cropped-ymalko_mobil_logo-1.jpg","width":577,"height":145,"caption":"Ymalko"},"image":{"@id":"https:\/\/ymalko.al\/#\/schema\/logo\/image\/"}}]}},"jetpack_sharing_enabled":true,"_links":{"self":[{"href":"https:\/\/ymalko.al\/en\/wp-json\/wp\/v2\/product\/10485","targetHints":{"allow":["GET"]}}],"collection":[{"href":"https:\/\/ymalko.al\/en\/wp-json\/wp\/v2\/product"}],"about":[{"href":"https:\/\/ymalko.al\/en\/wp-json\/wp\/v2\/types\/product"}],"version-history":[{"count":1,"href":"https:\/\/ymalko.al\/en\/wp-json\/wp\/v2\/product\/10485\/revisions"}],"predecessor-version":[{"id":14711,"href":"https:\/\/ymalko.al\/en\/wp-json\/wp\/v2\/product\/10485\/revisions\/14711"}],"wp:featuredmedia":[{"embeddable":true,"href":"https:\/\/ymalko.al\/en\/wp-json\/wp\/v2\/media\/10716"}],"wp:attachment":[{"href":"https:\/\/ymalko.al\/en\/wp-json\/wp\/v2\/media?parent=10485"}],"wp:term":[{"taxonomy":"product_brand","embeddable":true,"href":"https:\/\/ymalko.al\/en\/wp-json\/wp\/v2\/product_brand?post=10485"},{"taxonomy":"product_cat","embeddable":true,"href":"https:\/\/ymalko.al\/en\/wp-json\/wp\/v2\/product_cat?post=10485"},{"taxonomy":"product_tag","embeddable":true,"href":"https:\/\/ymalko.al\/en\/wp-json\/wp\/v2\/product_tag?post=10485"}],"curies":[{"name":"wp","href":"https:\/\/api.w.org\/{rel}","templated":true}]}}