{"id":10482,"date":"2025-11-04T16:00:00","date_gmt":"2025-11-04T16:00:00","guid":{"rendered":"https:\/\/ymalko.com\/?post_type=product&#038;p=10482"},"modified":"2026-04-30T11:14:50","modified_gmt":"2026-04-30T11:14:50","slug":"pergatites-akrilik-per-impregnimin-e-mureve-te-jashtem-dhe-te-brendshem","status":"publish","type":"product","link":"https:\/\/ymalko.al\/en\/product\/pergatites-akrilik-per-impregnimin-e-mureve-te-jashtem-dhe-te-brendshem\/","title":{"rendered":"Acrylic primer for impregnation of exterior and interior walls"},"content":{"rendered":"<p>Improves the adhesion of plaster or paint to the surface. Easy to apply. Acrylic primer is used for impregnation of exterior and interior wall surfaces. This primer penetrates the surface, makes it even and strengthens it, increases water resistance and improves the adhesion of paint and decorative plasters applied as a finishing material. With 1 kg of acrylic primer, an area of 30-50 m\u00b2 can be impregnated. The products used in combination give excellent results. The flat and smooth surface of the wall is something that Ytong wall is known for.<\/p>","protected":false},"excerpt":{"rendered":"<p>P\u00ebrmir\u00ebson ngjitjen e lla\u00e7it ose boj\u00ebs n\u00eb sip\u00ebrfaqe. Leht\u00eb p\u00ebr t&#8217;u aplikuar. P\u00ebrgatit\u00ebsi akrilik p\u00ebrdoret p\u00ebr impregnimin e sip\u00ebrfaqeve t\u00eb mureve t\u00eb jasht\u00ebm dhe t\u00eb brendsh\u00ebm. Ky p\u00ebrgatit\u00ebs dep\u00ebrton n\u00eb sip\u00ebrfaqe, e b\u00ebn at\u00eb t\u00eb barabart\u00eb dhe e forcon, rrit rezistenc\u00ebn ndaj ujit dhe p\u00ebrmir\u00ebson ngjitjen e boj\u00ebs dhe lla\u00e7eve dekorativ\u00eb q\u00eb aplikohet si material [&hellip;]<\/p>\n","protected":false},"featured_media":10758,"template":"","meta":{"_yoast_wpseo_focuskw":"p\u00ebrgatit\u00ebs akrilik p\u00ebr mure","_yoast_wpseo_title":"","_yoast_wpseo_metadesc":""},"product_brand":[46],"product_cat":[88,84,45],"product_tag":[],"class_list":{"0":"post-10482","1":"product","2":"type-product","3":"status-publish","4":"has-post-thumbnail","6":"product_brand-yy1","7":"product_cat-ymll1","8":"product_cat-ym1","9":"product_cat-te-gjitha","11":"first","12":"instock","13":"shipping-taxable","14":"product-type-simple"},"yoast_head":"<!-- This site is optimized with the Yoast SEO plugin v27.5 - https:\/\/yoast.com\/product\/yoast-seo-wordpress\/ -->\n<title>P\u00ebrgatit\u00ebs akrilik p\u00ebr impregnimin e mureve t\u00eb jasht\u00ebm dhe t\u00eb brendsh\u00ebm | Ymalko Albania<\/title>\n<meta name=\"description\" content=\"BliniP\u00ebrgatit\u00ebs akrilik p\u00ebr impregnimin e mureve t\u00eb jasht\u00ebm dhe t\u00eb brendsh\u00ebm n\u00eb Ymalko Albania. Produkte cil\u00ebsore p\u00ebr nd\u00ebrtim, \u00e7ati, izolim, fasada dhe renovim.\" \/>\n<meta name=\"robots\" content=\"index, follow, max-snippet:-1, max-image-preview:large, max-video-preview:-1\" \/>\n<link rel=\"canonical\" href=\"https:\/\/ymalko.al\/en\/product\/pergatites-akrilik-per-impregnimin-e-mureve-te-jashtem-dhe-te-brendshem\/\" \/>\n<meta property=\"og:locale\" content=\"en_US\" \/>\n<meta property=\"og:type\" content=\"article\" \/>\n<meta property=\"og:title\" content=\"P\u00ebrgatit\u00ebs akrilik p\u00ebr impregnimin e mureve t\u00eb jasht\u00ebm dhe t\u00eb brendsh\u00ebm | Ymalko Albania\" \/>\n<meta property=\"og:description\" content=\"BliniP\u00ebrgatit\u00ebs akrilik p\u00ebr impregnimin e mureve t\u00eb jasht\u00ebm dhe t\u00eb brendsh\u00ebm n\u00eb Ymalko Albania. Produkte cil\u00ebsore p\u00ebr nd\u00ebrtim, \u00e7ati, izolim, fasada dhe renovim.\" \/>\n<meta property=\"og:url\" content=\"https:\/\/ymalko.al\/en\/product\/pergatites-akrilik-per-impregnimin-e-mureve-te-jashtem-dhe-te-brendshem\/\" \/>\n<meta property=\"og:site_name\" content=\"Ymalko Albania\" \/>\n<meta property=\"article:modified_time\" content=\"2026-04-30T11:14:50+00:00\" \/>\n<meta property=\"og:image\" content=\"https:\/\/ymalko.al\/wp-content\/uploads\/2025\/10\/YA11.png\" \/>\n\t<meta property=\"og:image:width\" content=\"902\" \/>\n\t<meta property=\"og:image:height\" content=\"902\" \/>\n\t<meta property=\"og:image:type\" content=\"image\/png\" \/>\n<meta name=\"twitter:card\" content=\"summary_large_image\" \/>\n<meta name=\"twitter:label1\" content=\"Est. reading time\" \/>\n\t<meta name=\"twitter:data1\" content=\"1 minute\" \/>\n<script type=\"application\/ld+json\" class=\"yoast-schema-graph\">{\"@context\":\"https:\\\/\\\/schema.org\",\"@graph\":[{\"@type\":\"WebPage\",\"@id\":\"https:\\\/\\\/ymalko.al\\\/product\\\/pergatites-akrilik-per-impregnimin-e-mureve-te-jashtem-dhe-te-brendshem\\\/\",\"url\":\"https:\\\/\\\/ymalko.al\\\/product\\\/pergatites-akrilik-per-impregnimin-e-mureve-te-jashtem-dhe-te-brendshem\\\/\",\"name\":\"P\u00ebrgatit\u00ebs akrilik p\u00ebr impregnimin e mureve t\u00eb jasht\u00ebm dhe t\u00eb brendsh\u00ebm | Ymalko Albania\",\"isPartOf\":{\"@id\":\"https:\\\/\\\/ymalko.al\\\/#website\"},\"primaryImageOfPage\":{\"@id\":\"https:\\\/\\\/ymalko.al\\\/product\\\/pergatites-akrilik-per-impregnimin-e-mureve-te-jashtem-dhe-te-brendshem\\\/#primaryimage\"},\"image\":{\"@id\":\"https:\\\/\\\/ymalko.al\\\/product\\\/pergatites-akrilik-per-impregnimin-e-mureve-te-jashtem-dhe-te-brendshem\\\/#primaryimage\"},\"thumbnailUrl\":\"https:\\\/\\\/ymalko.al\\\/wp-content\\\/uploads\\\/2025\\\/10\\\/YA11.png\",\"datePublished\":\"2025-11-04T16:00:00+00:00\",\"dateModified\":\"2026-04-30T11:14:50+00:00\",\"description\":\"BliniP\u00ebrgatit\u00ebs akrilik p\u00ebr impregnimin e mureve t\u00eb jasht\u00ebm dhe t\u00eb brendsh\u00ebm n\u00eb Ymalko Albania. Produkte cil\u00ebsore p\u00ebr nd\u00ebrtim, \u00e7ati, izolim, fasada dhe renovim.\",\"breadcrumb\":{\"@id\":\"https:\\\/\\\/ymalko.al\\\/product\\\/pergatites-akrilik-per-impregnimin-e-mureve-te-jashtem-dhe-te-brendshem\\\/#breadcrumb\"},\"inLanguage\":\"en-US\",\"potentialAction\":[{\"@type\":\"ReadAction\",\"target\":[\"https:\\\/\\\/ymalko.al\\\/product\\\/pergatites-akrilik-per-impregnimin-e-mureve-te-jashtem-dhe-te-brendshem\\\/\"]}]},{\"@type\":\"ImageObject\",\"inLanguage\":\"en-US\",\"@id\":\"https:\\\/\\\/ymalko.al\\\/product\\\/pergatites-akrilik-per-impregnimin-e-mureve-te-jashtem-dhe-te-brendshem\\\/#primaryimage\",\"url\":\"https:\\\/\\\/ymalko.al\\\/wp-content\\\/uploads\\\/2025\\\/10\\\/YA11.png\",\"contentUrl\":\"https:\\\/\\\/ymalko.al\\\/wp-content\\\/uploads\\\/2025\\\/10\\\/YA11.png\",\"width\":902,\"height\":902},{\"@type\":\"BreadcrumbList\",\"@id\":\"https:\\\/\\\/ymalko.al\\\/product\\\/pergatites-akrilik-per-impregnimin-e-mureve-te-jashtem-dhe-te-brendshem\\\/#breadcrumb\",\"itemListElement\":[{\"@type\":\"ListItem\",\"position\":1,\"name\":\"Home\",\"item\":\"https:\\\/\\\/ymalko.al\\\/\"},{\"@type\":\"ListItem\",\"position\":2,\"name\":\"Produktet\",\"item\":\"https:\\\/\\\/ymalko.al\\\/produktet\\\/\"},{\"@type\":\"ListItem\",\"position\":3,\"name\":\"P\u00ebrgatit\u00ebs akrilik p\u00ebr impregnimin e mureve t\u00eb jasht\u00ebm dhe t\u00eb brendsh\u00ebm\"}]},{\"@type\":\"WebSite\",\"@id\":\"https:\\\/\\\/ymalko.al\\\/#website\",\"url\":\"https:\\\/\\\/ymalko.al\\\/\",\"name\":\"Ymalko\",\"description\":\"\",\"publisher\":{\"@id\":\"https:\\\/\\\/ymalko.al\\\/#organization\"},\"potentialAction\":[{\"@type\":\"SearchAction\",\"target\":{\"@type\":\"EntryPoint\",\"urlTemplate\":\"https:\\\/\\\/ymalko.al\\\/?s={search_term_string}\"},\"query-input\":{\"@type\":\"PropertyValueSpecification\",\"valueRequired\":true,\"valueName\":\"search_term_string\"}}],\"inLanguage\":\"en-US\"},{\"@type\":\"Organization\",\"@id\":\"https:\\\/\\\/ymalko.al\\\/#organization\",\"name\":\"Ymalko\",\"url\":\"https:\\\/\\\/ymalko.al\\\/\",\"logo\":{\"@type\":\"ImageObject\",\"inLanguage\":\"en-US\",\"@id\":\"https:\\\/\\\/ymalko.al\\\/#\\\/schema\\\/logo\\\/image\\\/\",\"url\":\"https:\\\/\\\/ymalko.al\\\/wp-content\\\/uploads\\\/2025\\\/10\\\/cropped-cropped-ymalko_mobil_logo-1.jpg\",\"contentUrl\":\"https:\\\/\\\/ymalko.al\\\/wp-content\\\/uploads\\\/2025\\\/10\\\/cropped-cropped-ymalko_mobil_logo-1.jpg\",\"width\":577,\"height\":145,\"caption\":\"Ymalko\"},\"image\":{\"@id\":\"https:\\\/\\\/ymalko.al\\\/#\\\/schema\\\/logo\\\/image\\\/\"}}]}<\/script>\n<!-- \/ Yoast SEO plugin. -->","yoast_head_json":{"title":"P\u00ebrgatit\u00ebs akrilik p\u00ebr impregnimin e mureve t\u00eb jasht\u00ebm dhe t\u00eb brendsh\u00ebm | Ymalko Albania","description":"BliniP\u00ebrgatit\u00ebs akrilik p\u00ebr impregnimin e mureve t\u00eb jasht\u00ebm dhe t\u00eb brendsh\u00ebm n\u00eb Ymalko Albania. Produkte cil\u00ebsore p\u00ebr nd\u00ebrtim, \u00e7ati, izolim, fasada dhe renovim.","robots":{"index":"index","follow":"follow","max-snippet":"max-snippet:-1","max-image-preview":"max-image-preview:large","max-video-preview":"max-video-preview:-1"},"canonical":"https:\/\/ymalko.al\/en\/product\/pergatites-akrilik-per-impregnimin-e-mureve-te-jashtem-dhe-te-brendshem\/","og_locale":"en_US","og_type":"article","og_title":"P\u00ebrgatit\u00ebs akrilik p\u00ebr impregnimin e mureve t\u00eb jasht\u00ebm dhe t\u00eb brendsh\u00ebm | Ymalko Albania","og_description":"BliniP\u00ebrgatit\u00ebs akrilik p\u00ebr impregnimin e mureve t\u00eb jasht\u00ebm dhe t\u00eb brendsh\u00ebm n\u00eb Ymalko Albania. Produkte cil\u00ebsore p\u00ebr nd\u00ebrtim, \u00e7ati, izolim, fasada dhe renovim.","og_url":"https:\/\/ymalko.al\/en\/product\/pergatites-akrilik-per-impregnimin-e-mureve-te-jashtem-dhe-te-brendshem\/","og_site_name":"Ymalko Albania","article_modified_time":"2026-04-30T11:14:50+00:00","og_image":[{"width":902,"height":902,"url":"https:\/\/ymalko.al\/wp-content\/uploads\/2025\/10\/YA11.png","type":"image\/png"}],"twitter_card":"summary_large_image","twitter_misc":{"Est. reading time":"1 minute"},"schema":{"@context":"https:\/\/schema.org","@graph":[{"@type":"WebPage","@id":"https:\/\/ymalko.al\/product\/pergatites-akrilik-per-impregnimin-e-mureve-te-jashtem-dhe-te-brendshem\/","url":"https:\/\/ymalko.al\/product\/pergatites-akrilik-per-impregnimin-e-mureve-te-jashtem-dhe-te-brendshem\/","name":"P\u00ebrgatit\u00ebs akrilik p\u00ebr impregnimin e mureve t\u00eb jasht\u00ebm dhe t\u00eb brendsh\u00ebm | Ymalko Albania","isPartOf":{"@id":"https:\/\/ymalko.al\/#website"},"primaryImageOfPage":{"@id":"https:\/\/ymalko.al\/product\/pergatites-akrilik-per-impregnimin-e-mureve-te-jashtem-dhe-te-brendshem\/#primaryimage"},"image":{"@id":"https:\/\/ymalko.al\/product\/pergatites-akrilik-per-impregnimin-e-mureve-te-jashtem-dhe-te-brendshem\/#primaryimage"},"thumbnailUrl":"https:\/\/ymalko.al\/wp-content\/uploads\/2025\/10\/YA11.png","datePublished":"2025-11-04T16:00:00+00:00","dateModified":"2026-04-30T11:14:50+00:00","description":"BliniP\u00ebrgatit\u00ebs akrilik p\u00ebr impregnimin e mureve t\u00eb jasht\u00ebm dhe t\u00eb brendsh\u00ebm n\u00eb Ymalko Albania. Produkte cil\u00ebsore p\u00ebr nd\u00ebrtim, \u00e7ati, izolim, fasada dhe renovim.","breadcrumb":{"@id":"https:\/\/ymalko.al\/product\/pergatites-akrilik-per-impregnimin-e-mureve-te-jashtem-dhe-te-brendshem\/#breadcrumb"},"inLanguage":"en-US","potentialAction":[{"@type":"ReadAction","target":["https:\/\/ymalko.al\/product\/pergatites-akrilik-per-impregnimin-e-mureve-te-jashtem-dhe-te-brendshem\/"]}]},{"@type":"ImageObject","inLanguage":"en-US","@id":"https:\/\/ymalko.al\/product\/pergatites-akrilik-per-impregnimin-e-mureve-te-jashtem-dhe-te-brendshem\/#primaryimage","url":"https:\/\/ymalko.al\/wp-content\/uploads\/2025\/10\/YA11.png","contentUrl":"https:\/\/ymalko.al\/wp-content\/uploads\/2025\/10\/YA11.png","width":902,"height":902},{"@type":"BreadcrumbList","@id":"https:\/\/ymalko.al\/product\/pergatites-akrilik-per-impregnimin-e-mureve-te-jashtem-dhe-te-brendshem\/#breadcrumb","itemListElement":[{"@type":"ListItem","position":1,"name":"Home","item":"https:\/\/ymalko.al\/"},{"@type":"ListItem","position":2,"name":"Produktet","item":"https:\/\/ymalko.al\/produktet\/"},{"@type":"ListItem","position":3,"name":"P\u00ebrgatit\u00ebs akrilik p\u00ebr impregnimin e mureve t\u00eb jasht\u00ebm dhe t\u00eb brendsh\u00ebm"}]},{"@type":"WebSite","@id":"https:\/\/ymalko.al\/#website","url":"https:\/\/ymalko.al\/","name":"Ymalko","description":"","publisher":{"@id":"https:\/\/ymalko.al\/#organization"},"potentialAction":[{"@type":"SearchAction","target":{"@type":"EntryPoint","urlTemplate":"https:\/\/ymalko.al\/?s={search_term_string}"},"query-input":{"@type":"PropertyValueSpecification","valueRequired":true,"valueName":"search_term_string"}}],"inLanguage":"en-US"},{"@type":"Organization","@id":"https:\/\/ymalko.al\/#organization","name":"Ymalko","url":"https:\/\/ymalko.al\/","logo":{"@type":"ImageObject","inLanguage":"en-US","@id":"https:\/\/ymalko.al\/#\/schema\/logo\/image\/","url":"https:\/\/ymalko.al\/wp-content\/uploads\/2025\/10\/cropped-cropped-ymalko_mobil_logo-1.jpg","contentUrl":"https:\/\/ymalko.al\/wp-content\/uploads\/2025\/10\/cropped-cropped-ymalko_mobil_logo-1.jpg","width":577,"height":145,"caption":"Ymalko"},"image":{"@id":"https:\/\/ymalko.al\/#\/schema\/logo\/image\/"}}]}},"jetpack_sharing_enabled":true,"_links":{"self":[{"href":"https:\/\/ymalko.al\/en\/wp-json\/wp\/v2\/product\/10482","targetHints":{"allow":["GET"]}}],"collection":[{"href":"https:\/\/ymalko.al\/en\/wp-json\/wp\/v2\/product"}],"about":[{"href":"https:\/\/ymalko.al\/en\/wp-json\/wp\/v2\/types\/product"}],"version-history":[{"count":1,"href":"https:\/\/ymalko.al\/en\/wp-json\/wp\/v2\/product\/10482\/revisions"}],"predecessor-version":[{"id":15026,"href":"https:\/\/ymalko.al\/en\/wp-json\/wp\/v2\/product\/10482\/revisions\/15026"}],"wp:featuredmedia":[{"embeddable":true,"href":"https:\/\/ymalko.al\/en\/wp-json\/wp\/v2\/media\/10758"}],"wp:attachment":[{"href":"https:\/\/ymalko.al\/en\/wp-json\/wp\/v2\/media?parent=10482"}],"wp:term":[{"taxonomy":"product_brand","embeddable":true,"href":"https:\/\/ymalko.al\/en\/wp-json\/wp\/v2\/product_brand?post=10482"},{"taxonomy":"product_cat","embeddable":true,"href":"https:\/\/ymalko.al\/en\/wp-json\/wp\/v2\/product_cat?post=10482"},{"taxonomy":"product_tag","embeddable":true,"href":"https:\/\/ymalko.al\/en\/wp-json\/wp\/v2\/product_tag?post=10482"}],"curies":[{"name":"wp","href":"https:\/\/api.w.org\/{rel}","templated":true}]}}