{"id":10478,"date":"2025-11-04T10:00:00","date_gmt":"2025-11-04T10:00:00","guid":{"rendered":"https:\/\/ymalko.com\/?post_type=product&#038;p=10478"},"modified":"2026-04-30T11:18:58","modified_gmt":"2026-04-30T11:18:58","slug":"ytong-shirit-mbeshtetes","status":"publish","type":"product","link":"https:\/\/ymalko.al\/en\/product\/ytong-shirit-mbeshtetes\/","title":{"rendered":"Ytong shirit mb\u00ebshtet\u00ebs"},"content":{"rendered":"<p>Ytong shirita mb\u00ebshtet\u00ebs &#8211; elemente t\u00eb gatshme p\u00ebr p\u00ebrdorim t\u00eb menj\u00ebher\u00ebsh\u00ebm. Mund\u00ebsojn\u00eb nj\u00eb zgjidhje t\u00eb shpejt\u00eb dhe t\u00eb thjesht\u00eb p\u00ebr pozicionimin e shirita mb\u00ebshtet\u00ebs n\u00eb muret e brendshme, ndar\u00ebse dhe t\u00eb pambajt\u00ebse, pa nevoj\u00ebn p\u00ebr mbulesa, armatur\u00eb shtes\u00eb ose hedhje betoni. Jan\u00eb idealisht t\u00eb p\u00ebrshtatshme me sistemin e nd\u00ebrtimit Xella dhe i p\u00ebrkasin materialeve t\u00eb klas\u00ebs A1 t\u00eb pap\u00ebrshkueshm\u00ebris\u00eb nga zjarri.<\/p>","protected":false},"excerpt":{"rendered":"<p>Ytong shirita mb\u00ebshtet\u00ebs &#8211; elemente t\u00eb gatshme p\u00ebr p\u00ebrdorim t\u00eb menj\u00ebher\u00ebsh\u00ebm. Mund\u00ebsojn\u00eb nj\u00eb zgjidhje t\u00eb shpejt\u00eb dhe t\u00eb thjesht\u00eb p\u00ebr pozicionimin e shirita mb\u00ebshtet\u00ebs n\u00eb muret e brendshme, ndar\u00ebse dhe t\u00eb pambajt\u00ebse, pa nevoj\u00ebn p\u00ebr mbulesa, armatur\u00eb shtes\u00eb ose hedhje betoni. Jan\u00eb idealisht t\u00eb p\u00ebrshtatshme me sistemin e nd\u00ebrtimit Xella dhe i p\u00ebrkasin materialeve t\u00eb [&hellip;]<\/p>\n","protected":false},"featured_media":0,"template":"","meta":{"_yoast_wpseo_focuskw":"Ytong shirit mb\u00ebshtet\u00ebs","_yoast_wpseo_title":"","_yoast_wpseo_metadesc":""},"product_brand":[],"product_cat":[45],"product_tag":[],"class_list":{"0":"post-10478","1":"product","2":"type-product","3":"status-publish","5":"product_cat-te-gjitha","7":"first","8":"instock","9":"shipping-taxable","10":"product-type-simple"},"yoast_head":"<!-- This site is optimized with the Yoast SEO plugin v27.5 - https:\/\/yoast.com\/product\/yoast-seo-wordpress\/ -->\n<title>Ytong shirit mb\u00ebshtet\u00ebs | Ymalko Albania<\/title>\n<meta name=\"description\" content=\"BliniYtong shirit mb\u00ebshtet\u00ebs n\u00eb Ymalko Albania. Produkte cil\u00ebsore p\u00ebr nd\u00ebrtim, \u00e7ati, izolim, fasada dhe renovim.\" \/>\n<meta name=\"robots\" content=\"index, follow, max-snippet:-1, max-image-preview:large, max-video-preview:-1\" \/>\n<link rel=\"canonical\" href=\"https:\/\/ymalko.al\/en\/product\/ytong-shirit-mbeshtetes\/\" \/>\n<meta property=\"og:locale\" content=\"en_US\" \/>\n<meta property=\"og:type\" content=\"article\" \/>\n<meta property=\"og:title\" content=\"Ytong shirit mb\u00ebshtet\u00ebs | Ymalko Albania\" \/>\n<meta property=\"og:description\" content=\"BliniYtong shirit mb\u00ebshtet\u00ebs n\u00eb Ymalko Albania. Produkte cil\u00ebsore p\u00ebr nd\u00ebrtim, \u00e7ati, izolim, fasada dhe renovim.\" \/>\n<meta property=\"og:url\" content=\"https:\/\/ymalko.al\/en\/product\/ytong-shirit-mbeshtetes\/\" \/>\n<meta property=\"og:site_name\" content=\"Ymalko Albania\" \/>\n<meta property=\"article:modified_time\" content=\"2026-04-30T11:18:58+00:00\" \/>\n<meta name=\"twitter:card\" content=\"summary_large_image\" \/>\n<meta name=\"twitter:label1\" content=\"Est. reading time\" \/>\n\t<meta name=\"twitter:data1\" content=\"1 minute\" \/>\n<script type=\"application\/ld+json\" class=\"yoast-schema-graph\">{\"@context\":\"https:\\\/\\\/schema.org\",\"@graph\":[{\"@type\":\"WebPage\",\"@id\":\"https:\\\/\\\/ymalko.al\\\/product\\\/ytong-shirit-mbeshtetes\\\/\",\"url\":\"https:\\\/\\\/ymalko.al\\\/product\\\/ytong-shirit-mbeshtetes\\\/\",\"name\":\"Ytong shirit mb\u00ebshtet\u00ebs | Ymalko Albania\",\"isPartOf\":{\"@id\":\"https:\\\/\\\/ymalko.al\\\/#website\"},\"datePublished\":\"2025-11-04T10:00:00+00:00\",\"dateModified\":\"2026-04-30T11:18:58+00:00\",\"description\":\"BliniYtong shirit mb\u00ebshtet\u00ebs n\u00eb Ymalko Albania. Produkte cil\u00ebsore p\u00ebr nd\u00ebrtim, \u00e7ati, izolim, fasada dhe renovim.\",\"breadcrumb\":{\"@id\":\"https:\\\/\\\/ymalko.al\\\/product\\\/ytong-shirit-mbeshtetes\\\/#breadcrumb\"},\"inLanguage\":\"en-US\",\"potentialAction\":[{\"@type\":\"ReadAction\",\"target\":[\"https:\\\/\\\/ymalko.al\\\/product\\\/ytong-shirit-mbeshtetes\\\/\"]}]},{\"@type\":\"BreadcrumbList\",\"@id\":\"https:\\\/\\\/ymalko.al\\\/product\\\/ytong-shirit-mbeshtetes\\\/#breadcrumb\",\"itemListElement\":[{\"@type\":\"ListItem\",\"position\":1,\"name\":\"Home\",\"item\":\"https:\\\/\\\/ymalko.al\\\/\"},{\"@type\":\"ListItem\",\"position\":2,\"name\":\"Produktet\",\"item\":\"https:\\\/\\\/ymalko.al\\\/produktet\\\/\"},{\"@type\":\"ListItem\",\"position\":3,\"name\":\"Ytong shirit mb\u00ebshtet\u00ebs\"}]},{\"@type\":\"WebSite\",\"@id\":\"https:\\\/\\\/ymalko.al\\\/#website\",\"url\":\"https:\\\/\\\/ymalko.al\\\/\",\"name\":\"Ymalko\",\"description\":\"\",\"publisher\":{\"@id\":\"https:\\\/\\\/ymalko.al\\\/#organization\"},\"potentialAction\":[{\"@type\":\"SearchAction\",\"target\":{\"@type\":\"EntryPoint\",\"urlTemplate\":\"https:\\\/\\\/ymalko.al\\\/?s={search_term_string}\"},\"query-input\":{\"@type\":\"PropertyValueSpecification\",\"valueRequired\":true,\"valueName\":\"search_term_string\"}}],\"inLanguage\":\"en-US\"},{\"@type\":\"Organization\",\"@id\":\"https:\\\/\\\/ymalko.al\\\/#organization\",\"name\":\"Ymalko\",\"url\":\"https:\\\/\\\/ymalko.al\\\/\",\"logo\":{\"@type\":\"ImageObject\",\"inLanguage\":\"en-US\",\"@id\":\"https:\\\/\\\/ymalko.al\\\/#\\\/schema\\\/logo\\\/image\\\/\",\"url\":\"https:\\\/\\\/ymalko.al\\\/wp-content\\\/uploads\\\/2025\\\/10\\\/cropped-cropped-ymalko_mobil_logo-1.jpg\",\"contentUrl\":\"https:\\\/\\\/ymalko.al\\\/wp-content\\\/uploads\\\/2025\\\/10\\\/cropped-cropped-ymalko_mobil_logo-1.jpg\",\"width\":577,\"height\":145,\"caption\":\"Ymalko\"},\"image\":{\"@id\":\"https:\\\/\\\/ymalko.al\\\/#\\\/schema\\\/logo\\\/image\\\/\"}}]}<\/script>\n<!-- \/ Yoast SEO plugin. -->","yoast_head_json":{"title":"Ytong shirit mb\u00ebshtet\u00ebs | Ymalko Albania","description":"BliniYtong shirit mb\u00ebshtet\u00ebs n\u00eb Ymalko Albania. Produkte cil\u00ebsore p\u00ebr nd\u00ebrtim, \u00e7ati, izolim, fasada dhe renovim.","robots":{"index":"index","follow":"follow","max-snippet":"max-snippet:-1","max-image-preview":"max-image-preview:large","max-video-preview":"max-video-preview:-1"},"canonical":"https:\/\/ymalko.al\/en\/product\/ytong-shirit-mbeshtetes\/","og_locale":"en_US","og_type":"article","og_title":"Ytong shirit mb\u00ebshtet\u00ebs | Ymalko Albania","og_description":"BliniYtong shirit mb\u00ebshtet\u00ebs n\u00eb Ymalko Albania. Produkte cil\u00ebsore p\u00ebr nd\u00ebrtim, \u00e7ati, izolim, fasada dhe renovim.","og_url":"https:\/\/ymalko.al\/en\/product\/ytong-shirit-mbeshtetes\/","og_site_name":"Ymalko Albania","article_modified_time":"2026-04-30T11:18:58+00:00","twitter_card":"summary_large_image","twitter_misc":{"Est. reading time":"1 minute"},"schema":{"@context":"https:\/\/schema.org","@graph":[{"@type":"WebPage","@id":"https:\/\/ymalko.al\/product\/ytong-shirit-mbeshtetes\/","url":"https:\/\/ymalko.al\/product\/ytong-shirit-mbeshtetes\/","name":"Ytong shirit mb\u00ebshtet\u00ebs | Ymalko Albania","isPartOf":{"@id":"https:\/\/ymalko.al\/#website"},"datePublished":"2025-11-04T10:00:00+00:00","dateModified":"2026-04-30T11:18:58+00:00","description":"BliniYtong shirit mb\u00ebshtet\u00ebs n\u00eb Ymalko Albania. Produkte cil\u00ebsore p\u00ebr nd\u00ebrtim, \u00e7ati, izolim, fasada dhe renovim.","breadcrumb":{"@id":"https:\/\/ymalko.al\/product\/ytong-shirit-mbeshtetes\/#breadcrumb"},"inLanguage":"en-US","potentialAction":[{"@type":"ReadAction","target":["https:\/\/ymalko.al\/product\/ytong-shirit-mbeshtetes\/"]}]},{"@type":"BreadcrumbList","@id":"https:\/\/ymalko.al\/product\/ytong-shirit-mbeshtetes\/#breadcrumb","itemListElement":[{"@type":"ListItem","position":1,"name":"Home","item":"https:\/\/ymalko.al\/"},{"@type":"ListItem","position":2,"name":"Produktet","item":"https:\/\/ymalko.al\/produktet\/"},{"@type":"ListItem","position":3,"name":"Ytong shirit mb\u00ebshtet\u00ebs"}]},{"@type":"WebSite","@id":"https:\/\/ymalko.al\/#website","url":"https:\/\/ymalko.al\/","name":"Ymalko","description":"","publisher":{"@id":"https:\/\/ymalko.al\/#organization"},"potentialAction":[{"@type":"SearchAction","target":{"@type":"EntryPoint","urlTemplate":"https:\/\/ymalko.al\/?s={search_term_string}"},"query-input":{"@type":"PropertyValueSpecification","valueRequired":true,"valueName":"search_term_string"}}],"inLanguage":"en-US"},{"@type":"Organization","@id":"https:\/\/ymalko.al\/#organization","name":"Ymalko","url":"https:\/\/ymalko.al\/","logo":{"@type":"ImageObject","inLanguage":"en-US","@id":"https:\/\/ymalko.al\/#\/schema\/logo\/image\/","url":"https:\/\/ymalko.al\/wp-content\/uploads\/2025\/10\/cropped-cropped-ymalko_mobil_logo-1.jpg","contentUrl":"https:\/\/ymalko.al\/wp-content\/uploads\/2025\/10\/cropped-cropped-ymalko_mobil_logo-1.jpg","width":577,"height":145,"caption":"Ymalko"},"image":{"@id":"https:\/\/ymalko.al\/#\/schema\/logo\/image\/"}}]}},"jetpack_sharing_enabled":true,"_links":{"self":[{"href":"https:\/\/ymalko.al\/en\/wp-json\/wp\/v2\/product\/10478","targetHints":{"allow":["GET"]}}],"collection":[{"href":"https:\/\/ymalko.al\/en\/wp-json\/wp\/v2\/product"}],"about":[{"href":"https:\/\/ymalko.al\/en\/wp-json\/wp\/v2\/types\/product"}],"version-history":[{"count":1,"href":"https:\/\/ymalko.al\/en\/wp-json\/wp\/v2\/product\/10478\/revisions"}],"predecessor-version":[{"id":15032,"href":"https:\/\/ymalko.al\/en\/wp-json\/wp\/v2\/product\/10478\/revisions\/15032"}],"wp:attachment":[{"href":"https:\/\/ymalko.al\/en\/wp-json\/wp\/v2\/media?parent=10478"}],"wp:term":[{"taxonomy":"product_brand","embeddable":true,"href":"https:\/\/ymalko.al\/en\/wp-json\/wp\/v2\/product_brand?post=10478"},{"taxonomy":"product_cat","embeddable":true,"href":"https:\/\/ymalko.al\/en\/wp-json\/wp\/v2\/product_cat?post=10478"},{"taxonomy":"product_tag","embeddable":true,"href":"https:\/\/ymalko.al\/en\/wp-json\/wp\/v2\/product_tag?post=10478"}],"curies":[{"name":"wp","href":"https:\/\/api.w.org\/{rel}","templated":true}]}}