{"id":10469,"date":"2025-11-04T05:00:00","date_gmt":"2025-11-04T05:00:00","guid":{"rendered":"https:\/\/ymalko.com\/?post_type=product&#038;p=10469"},"modified":"2026-04-30T11:47:19","modified_gmt":"2026-04-30T11:47:19","slug":"ytong-bllok-kendor-pb-37-5","status":"publish","type":"product","link":"https:\/\/ymalko.al\/en\/product\/ytong-bllok-kendor-pb-37-5\/","title":{"rendered":"Ytong Corner block PB 37.5"},"content":{"rendered":"<p>Ytong corner blocks are used for the construction of vertical earthquake-resistant reinforced concrete reinforcement belts at the corners of external walls, at the joints between external and internal load-bearing or connecting walls, as well as in long walls (l &gt; 5.0 m) that do not have transverse load-bearing walls. These elements enable the creation of these reinforcement belts without the need for external formwork. Ytong corner blocks are an indispensable part of the Ytong construction system. With optimal use of reinforcement and concrete, they provide a strong and safe structure, and are quick and easy to install.<\/p>","protected":false},"excerpt":{"rendered":"<p>Blloqet k\u00ebndore Ytong p\u00ebrdoren p\u00ebr nd\u00ebrtimin e rripave p\u00ebrforcues vertikal\u00eb kund\u00ebr t\u00ebrmeteve prej betoni t\u00eb armuar n\u00eb qoshet e mureve t\u00eb jashtme, n\u00eb nyjet midis mureve t\u00eb jashtme dhe atyre t\u00eb brendshme mbajt\u00ebse apo lidh\u00ebse, si dhe n\u00eb muret me gjat\u00ebsi t\u00eb madhe (l &gt; 5,0 m) q\u00eb nuk kan\u00eb mure mbajt\u00ebse t\u00ebrthore. K\u00ebto elemente [&hellip;]<\/p>\n","protected":false},"featured_media":10763,"template":"","meta":{"_yoast_wpseo_focuskw":"Ytong PB 37.5","_yoast_wpseo_title":"","_yoast_wpseo_metadesc":""},"product_brand":[46],"product_cat":[85,84,45],"product_tag":[],"class_list":{"0":"post-10469","1":"product","2":"type-product","3":"status-publish","4":"has-post-thumbnail","6":"product_brand-yy1","7":"product_cat-ymb","8":"product_cat-ym1","9":"product_cat-te-gjitha","11":"first","12":"instock","13":"shipping-taxable","14":"product-type-simple"},"yoast_head":"<!-- This site is optimized with the Yoast SEO plugin v27.5 - https:\/\/yoast.com\/product\/yoast-seo-wordpress\/ -->\n<title>Ytong Bllok k\u00ebndor PB 37.5 | Ymalko Albania<\/title>\n<meta name=\"description\" content=\"BliniYtong Bllok k\u00ebndor PB 37.5 n\u00eb Ymalko Albania. Produkte cil\u00ebsore p\u00ebr nd\u00ebrtim, \u00e7ati, izolim, fasada dhe renovim.\" \/>\n<meta name=\"robots\" content=\"index, follow, max-snippet:-1, max-image-preview:large, max-video-preview:-1\" \/>\n<link rel=\"canonical\" href=\"https:\/\/ymalko.al\/en\/product\/ytong-bllok-kendor-pb-37-5\/\" \/>\n<meta property=\"og:locale\" content=\"en_US\" \/>\n<meta property=\"og:type\" content=\"article\" \/>\n<meta property=\"og:title\" content=\"Ytong Bllok k\u00ebndor PB 37.5 | Ymalko Albania\" \/>\n<meta property=\"og:description\" content=\"BliniYtong Bllok k\u00ebndor PB 37.5 n\u00eb Ymalko Albania. Produkte cil\u00ebsore p\u00ebr nd\u00ebrtim, \u00e7ati, izolim, fasada dhe renovim.\" \/>\n<meta property=\"og:url\" content=\"https:\/\/ymalko.al\/en\/product\/ytong-bllok-kendor-pb-37-5\/\" \/>\n<meta property=\"og:site_name\" content=\"Ymalko Albania\" \/>\n<meta property=\"article:modified_time\" content=\"2026-04-30T11:47:19+00:00\" \/>\n<meta property=\"og:image\" content=\"https:\/\/ymalko.al\/wp-content\/uploads\/2025\/10\/YC13.png\" \/>\n\t<meta property=\"og:image:width\" content=\"903\" \/>\n\t<meta property=\"og:image:height\" content=\"903\" \/>\n\t<meta property=\"og:image:type\" content=\"image\/png\" \/>\n<meta name=\"twitter:card\" content=\"summary_large_image\" \/>\n<meta name=\"twitter:label1\" content=\"Est. reading time\" \/>\n\t<meta name=\"twitter:data1\" content=\"1 minute\" \/>\n<script type=\"application\/ld+json\" class=\"yoast-schema-graph\">{\"@context\":\"https:\\\/\\\/schema.org\",\"@graph\":[{\"@type\":\"WebPage\",\"@id\":\"https:\\\/\\\/ymalko.al\\\/product\\\/ytong-bllok-kendor-pb-37-5\\\/\",\"url\":\"https:\\\/\\\/ymalko.al\\\/product\\\/ytong-bllok-kendor-pb-37-5\\\/\",\"name\":\"Ytong Bllok k\u00ebndor PB 37.5 | Ymalko Albania\",\"isPartOf\":{\"@id\":\"https:\\\/\\\/ymalko.al\\\/#website\"},\"primaryImageOfPage\":{\"@id\":\"https:\\\/\\\/ymalko.al\\\/product\\\/ytong-bllok-kendor-pb-37-5\\\/#primaryimage\"},\"image\":{\"@id\":\"https:\\\/\\\/ymalko.al\\\/product\\\/ytong-bllok-kendor-pb-37-5\\\/#primaryimage\"},\"thumbnailUrl\":\"https:\\\/\\\/ymalko.al\\\/wp-content\\\/uploads\\\/2025\\\/10\\\/YC13.png\",\"datePublished\":\"2025-11-04T05:00:00+00:00\",\"dateModified\":\"2026-04-30T11:47:19+00:00\",\"description\":\"BliniYtong Bllok k\u00ebndor PB 37.5 n\u00eb Ymalko Albania. Produkte cil\u00ebsore p\u00ebr nd\u00ebrtim, \u00e7ati, izolim, fasada dhe renovim.\",\"breadcrumb\":{\"@id\":\"https:\\\/\\\/ymalko.al\\\/product\\\/ytong-bllok-kendor-pb-37-5\\\/#breadcrumb\"},\"inLanguage\":\"en-US\",\"potentialAction\":[{\"@type\":\"ReadAction\",\"target\":[\"https:\\\/\\\/ymalko.al\\\/product\\\/ytong-bllok-kendor-pb-37-5\\\/\"]}]},{\"@type\":\"ImageObject\",\"inLanguage\":\"en-US\",\"@id\":\"https:\\\/\\\/ymalko.al\\\/product\\\/ytong-bllok-kendor-pb-37-5\\\/#primaryimage\",\"url\":\"https:\\\/\\\/ymalko.al\\\/wp-content\\\/uploads\\\/2025\\\/10\\\/YC13.png\",\"contentUrl\":\"https:\\\/\\\/ymalko.al\\\/wp-content\\\/uploads\\\/2025\\\/10\\\/YC13.png\",\"width\":903,\"height\":903},{\"@type\":\"BreadcrumbList\",\"@id\":\"https:\\\/\\\/ymalko.al\\\/product\\\/ytong-bllok-kendor-pb-37-5\\\/#breadcrumb\",\"itemListElement\":[{\"@type\":\"ListItem\",\"position\":1,\"name\":\"Home\",\"item\":\"https:\\\/\\\/ymalko.al\\\/\"},{\"@type\":\"ListItem\",\"position\":2,\"name\":\"Produktet\",\"item\":\"https:\\\/\\\/ymalko.al\\\/produktet\\\/\"},{\"@type\":\"ListItem\",\"position\":3,\"name\":\"Ytong Bllok k\u00ebndor PB 37.5\"}]},{\"@type\":\"WebSite\",\"@id\":\"https:\\\/\\\/ymalko.al\\\/#website\",\"url\":\"https:\\\/\\\/ymalko.al\\\/\",\"name\":\"Ymalko\",\"description\":\"\",\"publisher\":{\"@id\":\"https:\\\/\\\/ymalko.al\\\/#organization\"},\"potentialAction\":[{\"@type\":\"SearchAction\",\"target\":{\"@type\":\"EntryPoint\",\"urlTemplate\":\"https:\\\/\\\/ymalko.al\\\/?s={search_term_string}\"},\"query-input\":{\"@type\":\"PropertyValueSpecification\",\"valueRequired\":true,\"valueName\":\"search_term_string\"}}],\"inLanguage\":\"en-US\"},{\"@type\":\"Organization\",\"@id\":\"https:\\\/\\\/ymalko.al\\\/#organization\",\"name\":\"Ymalko\",\"url\":\"https:\\\/\\\/ymalko.al\\\/\",\"logo\":{\"@type\":\"ImageObject\",\"inLanguage\":\"en-US\",\"@id\":\"https:\\\/\\\/ymalko.al\\\/#\\\/schema\\\/logo\\\/image\\\/\",\"url\":\"https:\\\/\\\/ymalko.al\\\/wp-content\\\/uploads\\\/2025\\\/10\\\/cropped-cropped-ymalko_mobil_logo-1.jpg\",\"contentUrl\":\"https:\\\/\\\/ymalko.al\\\/wp-content\\\/uploads\\\/2025\\\/10\\\/cropped-cropped-ymalko_mobil_logo-1.jpg\",\"width\":577,\"height\":145,\"caption\":\"Ymalko\"},\"image\":{\"@id\":\"https:\\\/\\\/ymalko.al\\\/#\\\/schema\\\/logo\\\/image\\\/\"}}]}<\/script>\n<!-- \/ Yoast SEO plugin. -->","yoast_head_json":{"title":"Ytong Bllok k\u00ebndor PB 37.5 | Ymalko Albania","description":"BliniYtong Bllok k\u00ebndor PB 37.5 n\u00eb Ymalko Albania. Produkte cil\u00ebsore p\u00ebr nd\u00ebrtim, \u00e7ati, izolim, fasada dhe renovim.","robots":{"index":"index","follow":"follow","max-snippet":"max-snippet:-1","max-image-preview":"max-image-preview:large","max-video-preview":"max-video-preview:-1"},"canonical":"https:\/\/ymalko.al\/en\/product\/ytong-bllok-kendor-pb-37-5\/","og_locale":"en_US","og_type":"article","og_title":"Ytong Bllok k\u00ebndor PB 37.5 | Ymalko Albania","og_description":"BliniYtong Bllok k\u00ebndor PB 37.5 n\u00eb Ymalko Albania. Produkte cil\u00ebsore p\u00ebr nd\u00ebrtim, \u00e7ati, izolim, fasada dhe renovim.","og_url":"https:\/\/ymalko.al\/en\/product\/ytong-bllok-kendor-pb-37-5\/","og_site_name":"Ymalko Albania","article_modified_time":"2026-04-30T11:47:19+00:00","og_image":[{"width":903,"height":903,"url":"https:\/\/ymalko.al\/wp-content\/uploads\/2025\/10\/YC13.png","type":"image\/png"}],"twitter_card":"summary_large_image","twitter_misc":{"Est. reading time":"1 minute"},"schema":{"@context":"https:\/\/schema.org","@graph":[{"@type":"WebPage","@id":"https:\/\/ymalko.al\/product\/ytong-bllok-kendor-pb-37-5\/","url":"https:\/\/ymalko.al\/product\/ytong-bllok-kendor-pb-37-5\/","name":"Ytong Bllok k\u00ebndor PB 37.5 | Ymalko Albania","isPartOf":{"@id":"https:\/\/ymalko.al\/#website"},"primaryImageOfPage":{"@id":"https:\/\/ymalko.al\/product\/ytong-bllok-kendor-pb-37-5\/#primaryimage"},"image":{"@id":"https:\/\/ymalko.al\/product\/ytong-bllok-kendor-pb-37-5\/#primaryimage"},"thumbnailUrl":"https:\/\/ymalko.al\/wp-content\/uploads\/2025\/10\/YC13.png","datePublished":"2025-11-04T05:00:00+00:00","dateModified":"2026-04-30T11:47:19+00:00","description":"BliniYtong Bllok k\u00ebndor PB 37.5 n\u00eb Ymalko Albania. Produkte cil\u00ebsore p\u00ebr nd\u00ebrtim, \u00e7ati, izolim, fasada dhe renovim.","breadcrumb":{"@id":"https:\/\/ymalko.al\/product\/ytong-bllok-kendor-pb-37-5\/#breadcrumb"},"inLanguage":"en-US","potentialAction":[{"@type":"ReadAction","target":["https:\/\/ymalko.al\/product\/ytong-bllok-kendor-pb-37-5\/"]}]},{"@type":"ImageObject","inLanguage":"en-US","@id":"https:\/\/ymalko.al\/product\/ytong-bllok-kendor-pb-37-5\/#primaryimage","url":"https:\/\/ymalko.al\/wp-content\/uploads\/2025\/10\/YC13.png","contentUrl":"https:\/\/ymalko.al\/wp-content\/uploads\/2025\/10\/YC13.png","width":903,"height":903},{"@type":"BreadcrumbList","@id":"https:\/\/ymalko.al\/product\/ytong-bllok-kendor-pb-37-5\/#breadcrumb","itemListElement":[{"@type":"ListItem","position":1,"name":"Home","item":"https:\/\/ymalko.al\/"},{"@type":"ListItem","position":2,"name":"Produktet","item":"https:\/\/ymalko.al\/produktet\/"},{"@type":"ListItem","position":3,"name":"Ytong Bllok k\u00ebndor PB 37.5"}]},{"@type":"WebSite","@id":"https:\/\/ymalko.al\/#website","url":"https:\/\/ymalko.al\/","name":"Ymalko","description":"","publisher":{"@id":"https:\/\/ymalko.al\/#organization"},"potentialAction":[{"@type":"SearchAction","target":{"@type":"EntryPoint","urlTemplate":"https:\/\/ymalko.al\/?s={search_term_string}"},"query-input":{"@type":"PropertyValueSpecification","valueRequired":true,"valueName":"search_term_string"}}],"inLanguage":"en-US"},{"@type":"Organization","@id":"https:\/\/ymalko.al\/#organization","name":"Ymalko","url":"https:\/\/ymalko.al\/","logo":{"@type":"ImageObject","inLanguage":"en-US","@id":"https:\/\/ymalko.al\/#\/schema\/logo\/image\/","url":"https:\/\/ymalko.al\/wp-content\/uploads\/2025\/10\/cropped-cropped-ymalko_mobil_logo-1.jpg","contentUrl":"https:\/\/ymalko.al\/wp-content\/uploads\/2025\/10\/cropped-cropped-ymalko_mobil_logo-1.jpg","width":577,"height":145,"caption":"Ymalko"},"image":{"@id":"https:\/\/ymalko.al\/#\/schema\/logo\/image\/"}}]}},"jetpack_sharing_enabled":true,"_links":{"self":[{"href":"https:\/\/ymalko.al\/en\/wp-json\/wp\/v2\/product\/10469","targetHints":{"allow":["GET"]}}],"collection":[{"href":"https:\/\/ymalko.al\/en\/wp-json\/wp\/v2\/product"}],"about":[{"href":"https:\/\/ymalko.al\/en\/wp-json\/wp\/v2\/types\/product"}],"version-history":[{"count":1,"href":"https:\/\/ymalko.al\/en\/wp-json\/wp\/v2\/product\/10469\/revisions"}],"predecessor-version":[{"id":15047,"href":"https:\/\/ymalko.al\/en\/wp-json\/wp\/v2\/product\/10469\/revisions\/15047"}],"wp:featuredmedia":[{"embeddable":true,"href":"https:\/\/ymalko.al\/en\/wp-json\/wp\/v2\/media\/10763"}],"wp:attachment":[{"href":"https:\/\/ymalko.al\/en\/wp-json\/wp\/v2\/media?parent=10469"}],"wp:term":[{"taxonomy":"product_brand","embeddable":true,"href":"https:\/\/ymalko.al\/en\/wp-json\/wp\/v2\/product_brand?post=10469"},{"taxonomy":"product_cat","embeddable":true,"href":"https:\/\/ymalko.al\/en\/wp-json\/wp\/v2\/product_cat?post=10469"},{"taxonomy":"product_tag","embeddable":true,"href":"https:\/\/ymalko.al\/en\/wp-json\/wp\/v2\/product_tag?post=10469"}],"curies":[{"name":"wp","href":"https:\/\/api.w.org\/{rel}","templated":true}]}}