{"id":10456,"date":"2025-10-31T21:00:00","date_gmt":"2025-10-31T21:00:00","guid":{"rendered":"https:\/\/ymalko.com\/?post_type=product&#038;p=10456"},"modified":"2026-04-30T12:16:24","modified_gmt":"2026-04-30T12:16:24","slug":"ytong-thermo-37-5","status":"publish","type":"product","link":"https:\/\/ymalko.al\/en\/product\/ytong-thermo-37-5\/","title":{"rendered":"ytong thermo 37.5"},"content":{"rendered":"<p>Ytong thermo is characterized by excellent thermal insulation properties. It is intended for the construction of external walls, in one layer, without the need for additional thermal insulation. Due to the low coefficient of thermal conductivity (\u03bb10dry=0.084 W\/mK), an exceptional energy efficiency of the building is achieved. Construction with Ytong thermo blocks in the Ytong construction system enables construction that meets the strictest standards in terms of energy efficiency. The Ytong thermo block is made from completely natural materials and is environmentally friendly. Fire reaction class A1.<\/p>","protected":false},"excerpt":{"rendered":"<p>Ytong termo karakterizohet nga vetit\u00eb e shk\u00eblqyera t\u00eb izolimit termik. \u00cbsht\u00eb i destinuar p\u00ebr nd\u00ebrtimin e mureve t\u00eb jashtme, n\u00eb nj\u00eb shtres\u00eb, pa nevoj\u00eb p\u00ebr izolim shtes\u00eb termik. P\u00ebr shkak t\u00eb koeficientit t\u00eb ul\u00ebt t\u00eb p\u00ebr\u00e7ueshm\u00ebris\u00eb termike (\u03bb10dry=0,084 W\/mK), arrihet nj\u00eb efikasitet i jasht\u00ebzakonsh\u00ebm energjetik i objektit. Nd\u00ebrtimi me blloqet Ytong termo n\u00eb sistemin e [&hellip;]<\/p>\n","protected":false},"featured_media":10787,"template":"","meta":{"_yoast_wpseo_focuskw":"Ytong termo 37.5","_yoast_wpseo_title":"","_yoast_wpseo_metadesc":""},"product_brand":[46],"product_cat":[85,84,45],"product_tag":[],"class_list":{"0":"post-10456","1":"product","2":"type-product","3":"status-publish","4":"has-post-thumbnail","6":"product_brand-yy1","7":"product_cat-ymb","8":"product_cat-ym1","9":"product_cat-te-gjitha","11":"first","12":"instock","13":"shipping-taxable","14":"product-type-simple"},"yoast_head":"<!-- This site is optimized with the Yoast SEO plugin v27.5 - https:\/\/yoast.com\/product\/yoast-seo-wordpress\/ -->\n<title>ytong termo 37.5 | Ymalko Albania<\/title>\n<meta name=\"description\" content=\"Bliniytong termo 37.5 n\u00eb Ymalko Albania. Produkte cil\u00ebsore p\u00ebr nd\u00ebrtim, \u00e7ati, izolim, fasada dhe renovim.\" \/>\n<meta name=\"robots\" content=\"index, follow, max-snippet:-1, max-image-preview:large, max-video-preview:-1\" \/>\n<link rel=\"canonical\" href=\"https:\/\/ymalko.al\/en\/product\/ytong-thermo-37-5\/\" \/>\n<meta property=\"og:locale\" content=\"en_US\" \/>\n<meta property=\"og:type\" content=\"article\" \/>\n<meta property=\"og:title\" content=\"ytong termo 37.5 | Ymalko Albania\" \/>\n<meta property=\"og:description\" content=\"Bliniytong termo 37.5 n\u00eb Ymalko Albania. Produkte cil\u00ebsore p\u00ebr nd\u00ebrtim, \u00e7ati, izolim, fasada dhe renovim.\" \/>\n<meta property=\"og:url\" content=\"https:\/\/ymalko.al\/en\/product\/ytong-thermo-37-5\/\" \/>\n<meta property=\"og:site_name\" content=\"Ymalko Albania\" \/>\n<meta property=\"article:modified_time\" content=\"2026-04-30T12:16:24+00:00\" \/>\n<meta property=\"og:image\" content=\"https:\/\/ymalko.al\/wp-content\/uploads\/2025\/10\/YT11.png\" \/>\n\t<meta property=\"og:image:width\" content=\"902\" \/>\n\t<meta property=\"og:image:height\" content=\"902\" \/>\n\t<meta property=\"og:image:type\" content=\"image\/png\" \/>\n<meta name=\"twitter:card\" content=\"summary_large_image\" \/>\n<meta name=\"twitter:label1\" content=\"Est. reading time\" \/>\n\t<meta name=\"twitter:data1\" content=\"1 minute\" \/>\n<script type=\"application\/ld+json\" class=\"yoast-schema-graph\">{\"@context\":\"https:\\\/\\\/schema.org\",\"@graph\":[{\"@type\":\"WebPage\",\"@id\":\"https:\\\/\\\/ymalko.al\\\/product\\\/ytong-thermo-37-5\\\/\",\"url\":\"https:\\\/\\\/ymalko.al\\\/product\\\/ytong-thermo-37-5\\\/\",\"name\":\"ytong termo 37.5 | Ymalko Albania\",\"isPartOf\":{\"@id\":\"https:\\\/\\\/ymalko.al\\\/#website\"},\"primaryImageOfPage\":{\"@id\":\"https:\\\/\\\/ymalko.al\\\/product\\\/ytong-thermo-37-5\\\/#primaryimage\"},\"image\":{\"@id\":\"https:\\\/\\\/ymalko.al\\\/product\\\/ytong-thermo-37-5\\\/#primaryimage\"},\"thumbnailUrl\":\"https:\\\/\\\/ymalko.al\\\/wp-content\\\/uploads\\\/2025\\\/10\\\/YT11.png\",\"datePublished\":\"2025-10-31T21:00:00+00:00\",\"dateModified\":\"2026-04-30T12:16:24+00:00\",\"description\":\"Bliniytong termo 37.5 n\u00eb Ymalko Albania. Produkte cil\u00ebsore p\u00ebr nd\u00ebrtim, \u00e7ati, izolim, fasada dhe renovim.\",\"breadcrumb\":{\"@id\":\"https:\\\/\\\/ymalko.al\\\/product\\\/ytong-thermo-37-5\\\/#breadcrumb\"},\"inLanguage\":\"en-US\",\"potentialAction\":[{\"@type\":\"ReadAction\",\"target\":[\"https:\\\/\\\/ymalko.al\\\/product\\\/ytong-thermo-37-5\\\/\"]}]},{\"@type\":\"ImageObject\",\"inLanguage\":\"en-US\",\"@id\":\"https:\\\/\\\/ymalko.al\\\/product\\\/ytong-thermo-37-5\\\/#primaryimage\",\"url\":\"https:\\\/\\\/ymalko.al\\\/wp-content\\\/uploads\\\/2025\\\/10\\\/YT11.png\",\"contentUrl\":\"https:\\\/\\\/ymalko.al\\\/wp-content\\\/uploads\\\/2025\\\/10\\\/YT11.png\",\"width\":902,\"height\":902},{\"@type\":\"BreadcrumbList\",\"@id\":\"https:\\\/\\\/ymalko.al\\\/product\\\/ytong-thermo-37-5\\\/#breadcrumb\",\"itemListElement\":[{\"@type\":\"ListItem\",\"position\":1,\"name\":\"Home\",\"item\":\"https:\\\/\\\/ymalko.al\\\/\"},{\"@type\":\"ListItem\",\"position\":2,\"name\":\"Produktet\",\"item\":\"https:\\\/\\\/ymalko.al\\\/produktet\\\/\"},{\"@type\":\"ListItem\",\"position\":3,\"name\":\"ytong termo 37.5\"}]},{\"@type\":\"WebSite\",\"@id\":\"https:\\\/\\\/ymalko.al\\\/#website\",\"url\":\"https:\\\/\\\/ymalko.al\\\/\",\"name\":\"Ymalko\",\"description\":\"\",\"publisher\":{\"@id\":\"https:\\\/\\\/ymalko.al\\\/#organization\"},\"potentialAction\":[{\"@type\":\"SearchAction\",\"target\":{\"@type\":\"EntryPoint\",\"urlTemplate\":\"https:\\\/\\\/ymalko.al\\\/?s={search_term_string}\"},\"query-input\":{\"@type\":\"PropertyValueSpecification\",\"valueRequired\":true,\"valueName\":\"search_term_string\"}}],\"inLanguage\":\"en-US\"},{\"@type\":\"Organization\",\"@id\":\"https:\\\/\\\/ymalko.al\\\/#organization\",\"name\":\"Ymalko\",\"url\":\"https:\\\/\\\/ymalko.al\\\/\",\"logo\":{\"@type\":\"ImageObject\",\"inLanguage\":\"en-US\",\"@id\":\"https:\\\/\\\/ymalko.al\\\/#\\\/schema\\\/logo\\\/image\\\/\",\"url\":\"https:\\\/\\\/ymalko.al\\\/wp-content\\\/uploads\\\/2025\\\/10\\\/cropped-cropped-ymalko_mobil_logo-1.jpg\",\"contentUrl\":\"https:\\\/\\\/ymalko.al\\\/wp-content\\\/uploads\\\/2025\\\/10\\\/cropped-cropped-ymalko_mobil_logo-1.jpg\",\"width\":577,\"height\":145,\"caption\":\"Ymalko\"},\"image\":{\"@id\":\"https:\\\/\\\/ymalko.al\\\/#\\\/schema\\\/logo\\\/image\\\/\"}}]}<\/script>\n<!-- \/ Yoast SEO plugin. -->","yoast_head_json":{"title":"ytong termo 37.5 | Ymalko Albania","description":"Bliniytong termo 37.5 n\u00eb Ymalko Albania. Produkte cil\u00ebsore p\u00ebr nd\u00ebrtim, \u00e7ati, izolim, fasada dhe renovim.","robots":{"index":"index","follow":"follow","max-snippet":"max-snippet:-1","max-image-preview":"max-image-preview:large","max-video-preview":"max-video-preview:-1"},"canonical":"https:\/\/ymalko.al\/en\/product\/ytong-thermo-37-5\/","og_locale":"en_US","og_type":"article","og_title":"ytong termo 37.5 | Ymalko Albania","og_description":"Bliniytong termo 37.5 n\u00eb Ymalko Albania. Produkte cil\u00ebsore p\u00ebr nd\u00ebrtim, \u00e7ati, izolim, fasada dhe renovim.","og_url":"https:\/\/ymalko.al\/en\/product\/ytong-thermo-37-5\/","og_site_name":"Ymalko Albania","article_modified_time":"2026-04-30T12:16:24+00:00","og_image":[{"width":902,"height":902,"url":"https:\/\/ymalko.al\/wp-content\/uploads\/2025\/10\/YT11.png","type":"image\/png"}],"twitter_card":"summary_large_image","twitter_misc":{"Est. reading time":"1 minute"},"schema":{"@context":"https:\/\/schema.org","@graph":[{"@type":"WebPage","@id":"https:\/\/ymalko.al\/product\/ytong-thermo-37-5\/","url":"https:\/\/ymalko.al\/product\/ytong-thermo-37-5\/","name":"ytong termo 37.5 | Ymalko Albania","isPartOf":{"@id":"https:\/\/ymalko.al\/#website"},"primaryImageOfPage":{"@id":"https:\/\/ymalko.al\/product\/ytong-thermo-37-5\/#primaryimage"},"image":{"@id":"https:\/\/ymalko.al\/product\/ytong-thermo-37-5\/#primaryimage"},"thumbnailUrl":"https:\/\/ymalko.al\/wp-content\/uploads\/2025\/10\/YT11.png","datePublished":"2025-10-31T21:00:00+00:00","dateModified":"2026-04-30T12:16:24+00:00","description":"Bliniytong termo 37.5 n\u00eb Ymalko Albania. Produkte cil\u00ebsore p\u00ebr nd\u00ebrtim, \u00e7ati, izolim, fasada dhe renovim.","breadcrumb":{"@id":"https:\/\/ymalko.al\/product\/ytong-thermo-37-5\/#breadcrumb"},"inLanguage":"en-US","potentialAction":[{"@type":"ReadAction","target":["https:\/\/ymalko.al\/product\/ytong-thermo-37-5\/"]}]},{"@type":"ImageObject","inLanguage":"en-US","@id":"https:\/\/ymalko.al\/product\/ytong-thermo-37-5\/#primaryimage","url":"https:\/\/ymalko.al\/wp-content\/uploads\/2025\/10\/YT11.png","contentUrl":"https:\/\/ymalko.al\/wp-content\/uploads\/2025\/10\/YT11.png","width":902,"height":902},{"@type":"BreadcrumbList","@id":"https:\/\/ymalko.al\/product\/ytong-thermo-37-5\/#breadcrumb","itemListElement":[{"@type":"ListItem","position":1,"name":"Home","item":"https:\/\/ymalko.al\/"},{"@type":"ListItem","position":2,"name":"Produktet","item":"https:\/\/ymalko.al\/produktet\/"},{"@type":"ListItem","position":3,"name":"ytong termo 37.5"}]},{"@type":"WebSite","@id":"https:\/\/ymalko.al\/#website","url":"https:\/\/ymalko.al\/","name":"Ymalko","description":"","publisher":{"@id":"https:\/\/ymalko.al\/#organization"},"potentialAction":[{"@type":"SearchAction","target":{"@type":"EntryPoint","urlTemplate":"https:\/\/ymalko.al\/?s={search_term_string}"},"query-input":{"@type":"PropertyValueSpecification","valueRequired":true,"valueName":"search_term_string"}}],"inLanguage":"en-US"},{"@type":"Organization","@id":"https:\/\/ymalko.al\/#organization","name":"Ymalko","url":"https:\/\/ymalko.al\/","logo":{"@type":"ImageObject","inLanguage":"en-US","@id":"https:\/\/ymalko.al\/#\/schema\/logo\/image\/","url":"https:\/\/ymalko.al\/wp-content\/uploads\/2025\/10\/cropped-cropped-ymalko_mobil_logo-1.jpg","contentUrl":"https:\/\/ymalko.al\/wp-content\/uploads\/2025\/10\/cropped-cropped-ymalko_mobil_logo-1.jpg","width":577,"height":145,"caption":"Ymalko"},"image":{"@id":"https:\/\/ymalko.al\/#\/schema\/logo\/image\/"}}]}},"jetpack_sharing_enabled":true,"_links":{"self":[{"href":"https:\/\/ymalko.al\/en\/wp-json\/wp\/v2\/product\/10456","targetHints":{"allow":["GET"]}}],"collection":[{"href":"https:\/\/ymalko.al\/en\/wp-json\/wp\/v2\/product"}],"about":[{"href":"https:\/\/ymalko.al\/en\/wp-json\/wp\/v2\/types\/product"}],"version-history":[{"count":1,"href":"https:\/\/ymalko.al\/en\/wp-json\/wp\/v2\/product\/10456\/revisions"}],"predecessor-version":[{"id":15113,"href":"https:\/\/ymalko.al\/en\/wp-json\/wp\/v2\/product\/10456\/revisions\/15113"}],"wp:featuredmedia":[{"embeddable":true,"href":"https:\/\/ymalko.al\/en\/wp-json\/wp\/v2\/media\/10787"}],"wp:attachment":[{"href":"https:\/\/ymalko.al\/en\/wp-json\/wp\/v2\/media?parent=10456"}],"wp:term":[{"taxonomy":"product_brand","embeddable":true,"href":"https:\/\/ymalko.al\/en\/wp-json\/wp\/v2\/product_brand?post=10456"},{"taxonomy":"product_cat","embeddable":true,"href":"https:\/\/ymalko.al\/en\/wp-json\/wp\/v2\/product_cat?post=10456"},{"taxonomy":"product_tag","embeddable":true,"href":"https:\/\/ymalko.al\/en\/wp-json\/wp\/v2\/product_tag?post=10456"}],"curies":[{"name":"wp","href":"https:\/\/api.w.org\/{rel}","templated":true}]}}