{"id":61,"date":"2025-03-28T03:28:31","date_gmt":"2025-03-28T03:28:31","guid":{"rendered":"https:\/\/demo2wpopal.b-cdn.net\/spaciaz\/?page_id=61"},"modified":"2026-05-04T08:11:32","modified_gmt":"2026-05-04T08:11:32","slug":"kontakt-al","status":"publish","type":"page","link":"https:\/\/ymalko.al\/en\/kontakt-al\/","title":{"rendered":"Na Kontakto"},"content":{"rendered":"<div data-elementor-type=\"wp-page\" data-elementor-id=\"61\" class=\"elementor elementor-61\" data-elementor-post-type=\"page\">\n\t\t\t\t<div class=\"elementor-element elementor-element-e645870 e-flex e-con-boxed e-con e-parent\" data-id=\"e645870\" data-element_type=\"container\" data-e-type=\"container\">\n\t\t\t\t\t<div class=\"e-con-inner\">\n\t\t<div class=\"elementor-element elementor-element-57c1499 e-grid e-con-full e-con e-child\" data-id=\"57c1499\" data-element_type=\"container\" data-e-type=\"container\">\n\t\t<div class=\"elementor-element elementor-element-67ea3e2 e-con-full animated-fast e-flex elementor-invisible e-con e-child\" data-id=\"67ea3e2\" data-element_type=\"container\" data-e-type=\"container\" data-settings=\"{&quot;animation&quot;:&quot;opal-move-up&quot;,&quot;animation_delay&quot;:100,&quot;background_background&quot;:&quot;classic&quot;}\">\n\t\t\t\t<div class=\"elementor-element elementor-element-833a981 elementor-widget elementor-widget-icon-box\" data-id=\"833a981\" data-element_type=\"widget\" data-e-type=\"widget\" data-widget_type=\"icon-box.default\">\n\t\t\t\t\t\t\t<div class=\"elementor-icon-box-wrapper\">\n\n\t\t\t\n\t\t\t\t\t\t<div class=\"elementor-icon-box-content\">\n\n\t\t\t\t\t\t\t\t\t<h5 class=\"elementor-icon-box-title\">\n\t\t\t\t\t\t<span  >\n\t\t\t\t\t\t\tAlbania\t\t\t\t\t\t<\/span>\n\t\t\t\t\t<\/h5>\n\t\t\t\t\n\t\t\t\t\t\t\t\t\t<p class=\"elementor-icon-box-description\">\n\t\t\t\t\t\t<a href=\"mailto:info@ymalko.com\" style=\"color:inherit;text-decoration:none;align-items:center;gap:8px\">\n  <i class=\"fas fa-envelope\"><\/i> info@ymalko.com\n<\/a><br>\n\n<a href=\"tel:+35542247777\" style=\"color:inherit;text-decoration:none;align-items:center;gap:8px\">\n  <i class=\"fas fa-phone\"><\/i> +355 4224 7777\n<\/a><br>\n\n<a href=\"https:\/\/www.google.com\/maps\/place\/Ymalko+Albania\/@41.3218674,19.8215759,17z\/data=!3m1!4b1!4m6!3m5!1s0x135031fc8f379651:0x7563bc7f53792a0e!8m2!3d41.3218634!4d19.8241508!16s%2Fg%2F11ynjtsz2m?entry=ttu&amp;g_ep=EgoyMDI1MTEwNC4xIKXMDSoASAFQAw%3D%3D;\">\n  <i class=\"fas fa-map-marker-alt\"><\/i> Ismail Qemali Street, New 12-storey Building, 3rd Floor, Office 6, Tirana, Albania\n<\/a>\n\t\t\t\t\t<\/p>\n\t\t\t\t\n\t\t\t<\/div>\n\t\t\t\n\t\t<\/div>\n\t\t\t\t\t\t<\/div>\n\t\t\t\t<\/div>\n\t\t<div class=\"elementor-element elementor-element-2783a18 e-con-full animated-fast e-flex elementor-invisible e-con e-child\" data-id=\"2783a18\" data-element_type=\"container\" data-e-type=\"container\" data-settings=\"{&quot;animation&quot;:&quot;opal-move-up&quot;,&quot;background_background&quot;:&quot;classic&quot;}\">\n\t\t\t\t<div class=\"elementor-element elementor-element-fbcd262 elementor-widget elementor-widget-icon-box\" data-id=\"fbcd262\" data-element_type=\"widget\" data-e-type=\"widget\" data-widget_type=\"icon-box.default\">\n\t\t\t\t\t\t\t<div class=\"elementor-icon-box-wrapper\">\n\n\t\t\t\n\t\t\t\t\t\t<div class=\"elementor-icon-box-content\">\n\n\t\t\t\t\t\t\t\t\t<h5 class=\"elementor-icon-box-title\">\n\t\t\t\t\t\t<span  >\n\t\t\t\t\t\t\tKosovo\t\t\t\t\t\t<\/span>\n\t\t\t\t\t<\/h5>\n\t\t\t\t\n\t\t\t\t\t\t\t\t\t<p class=\"elementor-icon-box-description\">\n\t\t\t\t\t\t<a href=\"mailto:info@ymalko.com\" style=\"color:inherit;text-decoration:none;align-items:center;gap:8px\">\n  <i class=\"fas fa-envelope\"><\/i> info@ymalko.com\n<\/a><br>\n\n<a href=\"tel:+38338600702\" style=\"color:inherit;text-decoration:none;align-items:center;gap:8px\">\n  <i class=\"fas fa-phone\"><\/i> +383 38 600 702\n<\/a><br>\n\n<a href=\"https:\/\/maps.app.goo.gl\/RKwpmZDSG9kkSpe99\" target=\"_blank\" style=\"color:inherit;text-decoration:none;align-items:center;gap:8px\">\n  <i class=\"fas fa-map-marker-alt\"><\/i> Pristina - Ferizaj Highway, Gracanica 10500\n<\/a>\n\t\t\t\t\t<\/p>\n\t\t\t\t\n\t\t\t<\/div>\n\t\t\t\n\t\t<\/div>\n\t\t\t\t\t\t<\/div>\n\t\t\t\t<div class=\"elementor-element elementor-element-e5ddcf6 elementor-button-default elementor-align-center enable-style-icon-yes icon-spaciaz-right elementor-widget elementor-widget-spaciaz-button\" data-id=\"e5ddcf6\" data-element_type=\"widget\" data-e-type=\"widget\" data-widget_type=\"spaciaz-button.default\">\n\t\t\t\t<div class=\"elementor-widget-container\">\n\t\t\t\t\t        <div class=\"elementor-button-wrapper\">\n            <a href=\"http:\/\/www.ymalko.com\" target=\"_blank\" class=\"elementor-button-link elementor-button elementor-size-sm\" role=\"button\">\n                        <span class=\"elementor-button-content-wrapper\">\n                          <span class=\"elementor-button-icon\">\n                    <span class=\"btn-icon-wrap\">\n                        <span class=\"btn-icon\">\n                            <i aria-hidden=\"true\" class=\"spaciaz-icon- spaciaz-icon-arrow-long-right\"><\/i>                        <\/span>\n                        <span class=\"btn-icon-hover\">\n                            <i aria-hidden=\"true\" class=\"spaciaz-icon- spaciaz-icon-arrow-long-right\"><\/i>                        <\/span>\n                    <\/span>\n\t\t\t   <\/span>\n            \t\t\t<span class=\"elementor-button-text\" data-name=\"Vizito faqen\">\n                <span>Visit the site<\/span>\n            <\/span>\n\t\t<\/span>\n                    <\/a>\n        <\/div>\n        \t\t\t\t<\/div>\n\t\t\t\t<\/div>\n\t\t\t\t<\/div>\n\t\t<div class=\"elementor-element elementor-element-8f52242 e-con-full e-flex elementor-invisible e-con e-child\" data-id=\"8f52242\" data-element_type=\"container\" data-e-type=\"container\" data-settings=\"{&quot;animation&quot;:&quot;opal-move-up&quot;,&quot;animation_delay&quot;:200}\">\n\t\t\t\t<div class=\"elementor-element elementor-element-6869bc9 elementor-widget elementor-widget-icon-box\" data-id=\"6869bc9\" data-element_type=\"widget\" data-e-type=\"widget\" data-widget_type=\"icon-box.default\">\n\t\t\t\t\t\t\t<div class=\"elementor-icon-box-wrapper\">\n\n\t\t\t\n\t\t\t\t\t\t<div class=\"elementor-icon-box-content\">\n\n\t\t\t\t\t\t\t\t\t<h5 class=\"elementor-icon-box-title\">\n\t\t\t\t\t\t<span  >\n\t\t\t\t\t\t\tNorth Macedonia\t\t\t\t\t\t<\/span>\n\t\t\t\t\t<\/h5>\n\t\t\t\t\n\t\t\t\t\t\t\t\t\t<p class=\"elementor-icon-box-description\">\n\t\t\t\t\t\t<a href=\"mailto:info@ymalko.com\" style=\"color:inherit;text-decoration:none;align-items:center;gap:8px\">\n  <i class=\"fas fa-envelope\"><\/i> info@ymalko.com\n<\/a><br>\n\n<a href=\"tel:+38923080178\" style=\"color:inherit;text-decoration:none;align-items:center;gap:8px\">\n  <i class=\"fas fa-phone\"><\/i> +389 2 3080178\n<\/a><br>\n\n<a href=\"https:\/\/maps.app.goo.gl\/j4sBErzTtXeKmbDY8\" target=\"_blank\" style=\"color:inherit;text-decoration:none;align-items:center;gap:8px\">\n  <i class=\"fas fa-map-marker-alt\"><\/i> Bulevar Ilinden br. 57\/6, 1000 Skopje, Makedonija\n<\/a>\n\t\t\t\t\t<\/p>\n\t\t\t\t\n\t\t\t<\/div>\n\t\t\t\n\t\t<\/div>\n\t\t\t\t\t\t<\/div>\n\t\t\t\t<div class=\"elementor-element elementor-element-f95d2ee elementor-button-default elementor-align-center enable-style-icon-yes icon-spaciaz-right elementor-widget elementor-widget-spaciaz-button\" data-id=\"f95d2ee\" data-element_type=\"widget\" data-e-type=\"widget\" data-widget_type=\"spaciaz-button.default\">\n\t\t\t\t<div class=\"elementor-widget-container\">\n\t\t\t\t\t        <div class=\"elementor-button-wrapper\">\n            <a href=\"http:\/\/www.ymalko.mk\" target=\"_blank\" class=\"elementor-button-link elementor-button elementor-size-sm\" role=\"button\">\n                        <span class=\"elementor-button-content-wrapper\">\n                          <span class=\"elementor-button-icon\">\n                    <span class=\"btn-icon-wrap\">\n                        <span class=\"btn-icon\">\n                            <i aria-hidden=\"true\" class=\"spaciaz-icon- spaciaz-icon-arrow-long-right\"><\/i>                        <\/span>\n                        <span class=\"btn-icon-hover\">\n                            <i aria-hidden=\"true\" class=\"spaciaz-icon- spaciaz-icon-arrow-long-right\"><\/i>                        <\/span>\n                    <\/span>\n\t\t\t   <\/span>\n            \t\t\t<span class=\"elementor-button-text\" data-name=\"Vizito faqen\">\n                <span>Visit the site<\/span>\n            <\/span>\n\t\t<\/span>\n                    <\/a>\n        <\/div>\n        \t\t\t\t<\/div>\n\t\t\t\t<\/div>\n\t\t\t\t<\/div>\n\t\t\t\t<\/div>\n\t\t<div class=\"elementor-element elementor-element-b6aa9a7 e-con-full e-flex e-con e-child\" data-id=\"b6aa9a7\" data-element_type=\"container\" data-e-type=\"container\">\n\t\t<div class=\"elementor-element elementor-element-b969834 e-con-full e-flex e-con e-child\" data-id=\"b969834\" data-element_type=\"container\" data-e-type=\"container\">\n\t\t\t\t<div class=\"elementor-element elementor-element-efdd0df elementor-widget elementor-widget-heading\" data-id=\"efdd0df\" data-element_type=\"widget\" data-e-type=\"widget\" data-widget_type=\"heading.default\">\n\t\t\t\t\t<h3 class=\"elementor-heading-title elementor-size-default\">Send message<\/h3>\t\t\t\t<\/div>\n\t\t\t\t<div class=\"elementor-element elementor-element-8a5bc95 elementor-widget elementor-widget-spaciaz-contactform\" data-id=\"8a5bc95\" data-element_type=\"widget\" data-e-type=\"widget\" data-widget_type=\"spaciaz-contactform.default\">\n\t\t\t\t<div class=\"elementor-widget-container\">\n\t\t\t\t\t\n<div class=\"wpcf7 no-js\" id=\"wpcf7-f892-o1\" lang=\"en-US\" dir=\"ltr\" data-wpcf7-id=\"892\">\n<div class=\"screen-reader-response\"><p role=\"status\" aria-live=\"polite\" aria-atomic=\"true\"><\/p> <ul><\/ul><\/div>\n<form action=\"\/en\/wp-json\/wp\/v2\/pages\/61#wpcf7-f892-o1\" method=\"post\" class=\"wpcf7-form init\" aria-label=\"Contact form\" novalidate=\"novalidate\" data-status=\"init\" data-trp-original-action=\"\/en\/wp-json\/wp\/v2\/pages\/61#wpcf7-f892-o1\">\n<fieldset class=\"hidden-fields-container\"><input type=\"hidden\" name=\"_wpcf7\" value=\"892\" \/><input type=\"hidden\" name=\"_wpcf7_version\" value=\"6.1.5\" \/><input type=\"hidden\" name=\"_wpcf7_locale\" value=\"en_US\" \/><input type=\"hidden\" name=\"_wpcf7_unit_tag\" value=\"wpcf7-f892-o1\" \/><input type=\"hidden\" name=\"_wpcf7_container_post\" value=\"0\" \/><input type=\"hidden\" name=\"_wpcf7_posted_data_hash\" value=\"\" \/>\n<\/fieldset>\n<div class=\"row\">\n\t<div class=\"column-50\">\n\t\t<p><span class=\"wpcf7-form-control-wrap\" data-name=\"first-name\"><input size=\"40\" maxlength=\"400\" class=\"wpcf7-form-control wpcf7-text wpcf7-validates-as-required\" aria-required=\"true\" aria-invalid=\"false\" placeholder=\"Name*\" value=\"\" type=\"text\" name=\"first-name\" \/><\/span>\n\t\t<\/p>\n\t<\/div>\n\t<div class=\"column-50\">\n\t\t<p><span class=\"wpcf7-form-control-wrap\" data-name=\"last-name\"><input size=\"40\" maxlength=\"400\" class=\"wpcf7-form-control wpcf7-text wpcf7-validates-as-required\" aria-required=\"true\" aria-invalid=\"false\" placeholder=\"Last name*\" value=\"\" type=\"text\" name=\"last-name\" \/><\/span>\n\t\t<\/p>\n\t<\/div>\n\t<div class=\"column-100\">\n\t\t<p><span class=\"wpcf7-form-control-wrap\" data-name=\"your-email\"><input size=\"40\" maxlength=\"400\" class=\"wpcf7-form-control wpcf7-email wpcf7-validates-as-required wpcf7-text wpcf7-validates-as-email\" aria-required=\"true\" aria-invalid=\"false\" placeholder=\"Email*\" value=\"\" type=\"email\" name=\"your-email\" \/><\/span>\n\t\t<\/p>\n\t<\/div>\n\t<div class=\"column-100\">\n\t\t<p><span class=\"wpcf7-form-control-wrap\" data-name=\"textarea-366\"><textarea cols=\"40\" rows=\"6\" maxlength=\"2000\" class=\"wpcf7-form-control wpcf7-textarea\" aria-invalid=\"false\" placeholder=\"The message...\" name=\"textarea-366\"><\/textarea><\/span>\n\t\t<\/p>\n\t<\/div>\n\t<div class=\"column-100 wpcf7-button elementor-button-outline\">\n\t\t<div class=\"submit-btn enable-style-icon-yes\">\n\t\t\t<p><button type=\"submit\" value=\"submit\" class=\"elementor-button\"><span class=\"elementor-button-content-wrapper\"><span class=\"elementor-button-text\">Send<\/span><span class=\"elementor-button-icon\"><span class=\"btn-icon-wrap\"><span class=\"btn-icon\"><i class=\"spaciaz-icon- spaciaz-icon-arrow-long-right\"><\/i><\/span><span class=\"btn-icon-hover\"><i class=\"spaciaz-icon- spaciaz-icon-arrow-long-right\"><\/i><\/span><\/span><\/span><\/span><\/button>\n\t\t\t<\/p>\n\t\t<\/div>\n\t<\/div>\n<\/div><div class=\"wpcf7-response-output\" aria-hidden=\"true\"><\/div>\n<input type=\"hidden\" name=\"trp-form-language\" value=\"en\"\/><\/form>\n<\/div>\n\t\t\t\t<\/div>\n\t\t\t\t<\/div>\n\t\t\t\t<\/div>\n\t\t\t\t<\/div>\n\t\t<div class=\"elementor-element elementor-element-e070db1 e-con-full e-flex e-con e-child\" data-id=\"e070db1\" data-element_type=\"container\" data-e-type=\"container\">\n\t\t\t\t<div class=\"elementor-element elementor-element-a74c446 elementor-widget elementor-widget-google_maps\" data-id=\"a74c446\" data-element_type=\"widget\" data-e-type=\"widget\" data-widget_type=\"google_maps.default\">\n\t\t\t\t\t\t\t<div class=\"elementor-custom-embed\">\n\t\t\t<iframe loading=\"lazy\"\n\t\t\t\t\tsrc=\"https:\/\/maps.google.com\/maps?q=ymalko%20Albania&#038;t=m&#038;z=15&#038;output=embed&#038;iwloc=near\"\n\t\t\t\t\ttitle=\"ymalko Albania\"\n\t\t\t\t\taria-label=\"ymalko Albania\"\n\t\t\t><\/iframe>\n\t\t<\/div>\n\t\t\t\t\t\t<\/div>\n\t\t\t\t<\/div>\n\t\t\t\t\t<\/div>\n\t\t\t\t<\/div>\n\t\t\t\t<\/div>","protected":false},"excerpt":{"rendered":"<p>Shqip\u00ebri info@ymalko.com +355 4224 7777 Rruga Ismail Qemali, Pallati i ri 12 kat\u00ebsh, Kati 3, Zyra 6, Tirana, Albania Kosov\u00eb info@ymalko.com +383 38 600 702 Magjistralja Prishtine &#8211; Ferizaj, Gra\u00e7anic\u00eb 10500 Vizito faqen Maqedoni e veriut info@ymalko.com +389 2 3080178 Bulevar Ilinden br.57\/6, 1000 Skopje, Makedonija Vizito faqen D\u00ebrgo mesazh D\u00ebrgo<\/p>","protected":false},"author":1,"featured_media":0,"parent":0,"menu_order":8,"comment_status":"closed","ping_status":"closed","template":"template-homepage.php","meta":{"_yoast_wpseo_focuskw":"kontakt Ymalko Albania","_yoast_wpseo_title":"%%title%% Ymalko Albania","_yoast_wpseo_metadesc":"Kontakto Ymalko Albania p\u00ebr porosi, oferta dhe mb\u00ebshtetje. Na gjeni me telefon, email ose formular kontakti.","footnotes":""},"class_list":["post-61","page","type-page","status-publish","hentry"],"yoast_head":"<!-- This site is optimized with the Yoast SEO plugin v27.5 - https:\/\/yoast.com\/product\/yoast-seo-wordpress\/ -->\n<title>Na Kontakto Ymalko Albania<\/title>\n<meta name=\"description\" content=\"Kontakto Ymalko Albania p\u00ebr porosi, oferta dhe mb\u00ebshtetje. Na gjeni me telefon, email ose formular kontakti.\" \/>\n<meta name=\"robots\" content=\"index, follow, max-snippet:-1, max-image-preview:large, max-video-preview:-1\" \/>\n<link rel=\"canonical\" href=\"https:\/\/ymalko.al\/en\/kontakt-al\/\" \/>\n<meta property=\"og:locale\" content=\"en_US\" \/>\n<meta property=\"og:type\" content=\"article\" \/>\n<meta property=\"og:title\" content=\"Na Kontakto Ymalko Albania\" \/>\n<meta property=\"og:description\" content=\"Kontakto Ymalko Albania p\u00ebr porosi, oferta dhe mb\u00ebshtetje. Na gjeni me telefon, email ose formular kontakti.\" \/>\n<meta property=\"og:url\" content=\"https:\/\/ymalko.al\/en\/kontakt-al\/\" \/>\n<meta property=\"og:site_name\" content=\"Ymalko Albania\" \/>\n<meta property=\"article:modified_time\" content=\"2026-05-04T08:11:32+00:00\" \/>\n<meta name=\"twitter:card\" content=\"summary_large_image\" \/>\n<meta name=\"twitter:label1\" content=\"Est. reading time\" \/>\n\t<meta name=\"twitter:data1\" content=\"1 minute\" \/>\n<script type=\"application\/ld+json\" class=\"yoast-schema-graph\">{\"@context\":\"https:\\\/\\\/schema.org\",\"@graph\":[{\"@type\":\"WebPage\",\"@id\":\"https:\\\/\\\/ymalko.al\\\/kontakt-al\\\/\",\"url\":\"https:\\\/\\\/ymalko.al\\\/kontakt-al\\\/\",\"name\":\"Na Kontakto Ymalko Albania\",\"isPartOf\":{\"@id\":\"https:\\\/\\\/ymalko.al\\\/#website\"},\"datePublished\":\"2025-03-28T03:28:31+00:00\",\"dateModified\":\"2026-05-04T08:11:32+00:00\",\"description\":\"Kontakto Ymalko Albania p\u00ebr porosi, oferta dhe mb\u00ebshtetje. Na gjeni me telefon, email ose formular kontakti.\",\"breadcrumb\":{\"@id\":\"https:\\\/\\\/ymalko.al\\\/kontakt-al\\\/#breadcrumb\"},\"inLanguage\":\"en-US\",\"potentialAction\":[{\"@type\":\"ReadAction\",\"target\":[\"https:\\\/\\\/ymalko.al\\\/kontakt-al\\\/\"]}]},{\"@type\":\"BreadcrumbList\",\"@id\":\"https:\\\/\\\/ymalko.al\\\/kontakt-al\\\/#breadcrumb\",\"itemListElement\":[{\"@type\":\"ListItem\",\"position\":1,\"name\":\"Home\",\"item\":\"https:\\\/\\\/ymalko.al\\\/\"},{\"@type\":\"ListItem\",\"position\":2,\"name\":\"Na Kontakto\"}]},{\"@type\":\"WebSite\",\"@id\":\"https:\\\/\\\/ymalko.al\\\/#website\",\"url\":\"https:\\\/\\\/ymalko.al\\\/\",\"name\":\"Ymalko\",\"description\":\"\",\"publisher\":{\"@id\":\"https:\\\/\\\/ymalko.al\\\/#organization\"},\"potentialAction\":[{\"@type\":\"SearchAction\",\"target\":{\"@type\":\"EntryPoint\",\"urlTemplate\":\"https:\\\/\\\/ymalko.al\\\/?s={search_term_string}\"},\"query-input\":{\"@type\":\"PropertyValueSpecification\",\"valueRequired\":true,\"valueName\":\"search_term_string\"}}],\"inLanguage\":\"en-US\"},{\"@type\":\"Organization\",\"@id\":\"https:\\\/\\\/ymalko.al\\\/#organization\",\"name\":\"Ymalko\",\"url\":\"https:\\\/\\\/ymalko.al\\\/\",\"logo\":{\"@type\":\"ImageObject\",\"inLanguage\":\"en-US\",\"@id\":\"https:\\\/\\\/ymalko.al\\\/#\\\/schema\\\/logo\\\/image\\\/\",\"url\":\"https:\\\/\\\/ymalko.al\\\/wp-content\\\/uploads\\\/2025\\\/10\\\/cropped-cropped-ymalko_mobil_logo-1.jpg\",\"contentUrl\":\"https:\\\/\\\/ymalko.al\\\/wp-content\\\/uploads\\\/2025\\\/10\\\/cropped-cropped-ymalko_mobil_logo-1.jpg\",\"width\":577,\"height\":145,\"caption\":\"Ymalko\"},\"image\":{\"@id\":\"https:\\\/\\\/ymalko.al\\\/#\\\/schema\\\/logo\\\/image\\\/\"}}]}<\/script>\n<!-- \/ Yoast SEO plugin. -->","yoast_head_json":{"title":"Na Kontakto Ymalko Albania","description":"Kontakto Ymalko Albania p\u00ebr porosi, oferta dhe mb\u00ebshtetje. Na gjeni me telefon, email ose formular kontakti.","robots":{"index":"index","follow":"follow","max-snippet":"max-snippet:-1","max-image-preview":"max-image-preview:large","max-video-preview":"max-video-preview:-1"},"canonical":"https:\/\/ymalko.al\/en\/kontakt-al\/","og_locale":"en_US","og_type":"article","og_title":"Na Kontakto Ymalko Albania","og_description":"Kontakto Ymalko Albania p\u00ebr porosi, oferta dhe mb\u00ebshtetje. Na gjeni me telefon, email ose formular kontakti.","og_url":"https:\/\/ymalko.al\/en\/kontakt-al\/","og_site_name":"Ymalko Albania","article_modified_time":"2026-05-04T08:11:32+00:00","twitter_card":"summary_large_image","twitter_misc":{"Est. reading time":"1 minute"},"schema":{"@context":"https:\/\/schema.org","@graph":[{"@type":"WebPage","@id":"https:\/\/ymalko.al\/kontakt-al\/","url":"https:\/\/ymalko.al\/kontakt-al\/","name":"Na Kontakto Ymalko Albania","isPartOf":{"@id":"https:\/\/ymalko.al\/#website"},"datePublished":"2025-03-28T03:28:31+00:00","dateModified":"2026-05-04T08:11:32+00:00","description":"Kontakto Ymalko Albania p\u00ebr porosi, oferta dhe mb\u00ebshtetje. Na gjeni me telefon, email ose formular kontakti.","breadcrumb":{"@id":"https:\/\/ymalko.al\/kontakt-al\/#breadcrumb"},"inLanguage":"en-US","potentialAction":[{"@type":"ReadAction","target":["https:\/\/ymalko.al\/kontakt-al\/"]}]},{"@type":"BreadcrumbList","@id":"https:\/\/ymalko.al\/kontakt-al\/#breadcrumb","itemListElement":[{"@type":"ListItem","position":1,"name":"Home","item":"https:\/\/ymalko.al\/"},{"@type":"ListItem","position":2,"name":"Na Kontakto"}]},{"@type":"WebSite","@id":"https:\/\/ymalko.al\/#website","url":"https:\/\/ymalko.al\/","name":"Ymalko","description":"","publisher":{"@id":"https:\/\/ymalko.al\/#organization"},"potentialAction":[{"@type":"SearchAction","target":{"@type":"EntryPoint","urlTemplate":"https:\/\/ymalko.al\/?s={search_term_string}"},"query-input":{"@type":"PropertyValueSpecification","valueRequired":true,"valueName":"search_term_string"}}],"inLanguage":"en-US"},{"@type":"Organization","@id":"https:\/\/ymalko.al\/#organization","name":"Ymalko","url":"https:\/\/ymalko.al\/","logo":{"@type":"ImageObject","inLanguage":"en-US","@id":"https:\/\/ymalko.al\/#\/schema\/logo\/image\/","url":"https:\/\/ymalko.al\/wp-content\/uploads\/2025\/10\/cropped-cropped-ymalko_mobil_logo-1.jpg","contentUrl":"https:\/\/ymalko.al\/wp-content\/uploads\/2025\/10\/cropped-cropped-ymalko_mobil_logo-1.jpg","width":577,"height":145,"caption":"Ymalko"},"image":{"@id":"https:\/\/ymalko.al\/#\/schema\/logo\/image\/"}}]}},"_hostinger_reach_plugin_has_subscription_block":false,"_hostinger_reach_plugin_is_elementor":false,"jetpack_sharing_enabled":true,"_links":{"self":[{"href":"https:\/\/ymalko.al\/en\/wp-json\/wp\/v2\/pages\/61","targetHints":{"allow":["GET"]}}],"collection":[{"href":"https:\/\/ymalko.al\/en\/wp-json\/wp\/v2\/pages"}],"about":[{"href":"https:\/\/ymalko.al\/en\/wp-json\/wp\/v2\/types\/page"}],"author":[{"embeddable":true,"href":"https:\/\/ymalko.al\/en\/wp-json\/wp\/v2\/users\/1"}],"replies":[{"embeddable":true,"href":"https:\/\/ymalko.al\/en\/wp-json\/wp\/v2\/comments?post=61"}],"version-history":[{"count":6,"href":"https:\/\/ymalko.al\/en\/wp-json\/wp\/v2\/pages\/61\/revisions"}],"predecessor-version":[{"id":14878,"href":"https:\/\/ymalko.al\/en\/wp-json\/wp\/v2\/pages\/61\/revisions\/14878"}],"wp:attachment":[{"href":"https:\/\/ymalko.al\/en\/wp-json\/wp\/v2\/media?parent=61"}],"curies":[{"name":"wp","href":"https:\/\/api.w.org\/{rel}","templated":true}]}}